{"id":1447,"date":"2020-11-06T18:55:53","date_gmt":"2020-11-06T21:55:53","guid":{"rendered":"https:\/\/www.ufsm.br\/reitoria\/avaliacao\/?page_id=1447"},"modified":"2024-11-10T17:57:40","modified_gmt":"2024-11-10T20:57:40","slug":"enade","status":"publish","type":"page","link":"https:\/\/www.ufsm.br\/reitoria\/avaliacao\/enade","title":{"rendered":"Enade"},"content":{"rendered":"\t\t<div data-elementor-type=\"wp-page\" data-elementor-id=\"1447\" class=\"elementor elementor-1447\">\n\t\t\t\t\t\t<section class=\"elementor-section elementor-top-section elementor-element elementor-element-a39be1b elementor-section-boxed elementor-section-height-default elementor-section-height-default\" data-id=\"a39be1b\" data-element_type=\"section\">\n\t\t\t\t\t\t<div class=\"elementor-container elementor-column-gap-default\">\n\t\t\t\t\t<div class=\"elementor-column elementor-col-100 elementor-top-column elementor-element elementor-element-a675e54\" data-id=\"a675e54\" data-element_type=\"column\">\n\t\t\t<div class=\"elementor-widget-wrap elementor-element-populated\">\n\t\t\t\t\t\t<div class=\"elementor-element elementor-element-c79e308 elementor-widget elementor-widget-text-editor\" data-id=\"c79e308\" data-element_type=\"widget\" data-widget_type=\"text-editor.default\">\n\t\t\t\t<div class=\"elementor-widget-container\">\n\t\t\t\t\t\t\t<p>Acesse as informa\u00e7\u00f5es atualizadas na p\u00e1gina do <a href=\"https:\/\/www.ufsm.br\/pro-reitorias\/prograd\/nucleo-de-avaliacao-externa-e-regulacao\/enade-na-ufsm\" target=\"_blank\" rel=\"noopener\"><strong>N\u00facleo de Avalia\u00e7\u00e3o Externa e Regula\u00e7\u00e3o<\/strong><\/a> (NAER).<\/p><p><em>*O NAER, vinculado \u00e0 Pr\u00f3-Reitoria de Gradua\u00e7\u00e3o (PROGRAD), coordena e operacionaliza os processos de regula\u00e7\u00e3o, supervis\u00e3o e avalia\u00e7\u00e3o externa do ensino superior no \u00e2mbito do SINAES. <\/em><\/p>\t\t\t\t\t\t<\/div>\n\t\t\t\t<\/div>\n\t\t\t\t\t<\/div>\n\t\t<\/div>\n\t\t\t\t\t<\/div>\n\t\t<\/section>\n\t\t\t\t<\/div>\n\t\t","protected":false},"excerpt":{"rendered":"<p>Acesse as informa\u00e7\u00f5es atualizadas na p\u00e1gina do N\u00facleo de Avalia\u00e7\u00e3o Externa e Regula\u00e7\u00e3o (NAER). *O NAER, vinculado \u00e0 Pr\u00f3-Reitoria de Gradua\u00e7\u00e3o (PROGRAD), coordena e operacionaliza os processos de regula\u00e7\u00e3o, supervis\u00e3o e avalia\u00e7\u00e3o externa do ensino superior no \u00e2mbito do SINAES.<\/p>\n","protected":false},"author":497,"featured_media":0,"parent":0,"menu_order":0,"comment_status":"closed","ping_status":"closed","template":"","meta":{"footnotes":""},"categories":[],"tags":[],"class_list":["post-1447","page","type-page","status-publish","hentry"],"acf":[],"_links":{"self":[{"href":"https:\/\/www.ufsm.br\/reitoria\/avaliacao\/wp-json\/wp\/v2\/pages\/1447","targetHints":{"allow":["GET"]}}],"collection":[{"href":"https:\/\/www.ufsm.br\/reitoria\/avaliacao\/wp-json\/wp\/v2\/pages"}],"about":[{"href":"https:\/\/www.ufsm.br\/reitoria\/avaliacao\/wp-json\/wp\/v2\/types\/page"}],"author":[{"embeddable":true,"href":"https:\/\/www.ufsm.br\/reitoria\/avaliacao\/wp-json\/wp\/v2\/users\/497"}],"replies":[{"embeddable":true,"href":"https:\/\/www.ufsm.br\/reitoria\/avaliacao\/wp-json\/wp\/v2\/comments?post=1447"}],"version-history":[{"count":0,"href":"https:\/\/www.ufsm.br\/reitoria\/avaliacao\/wp-json\/wp\/v2\/pages\/1447\/revisions"}],"wp:attachment":[{"href":"https:\/\/www.ufsm.br\/reitoria\/avaliacao\/wp-json\/wp\/v2\/media?parent=1447"}],"wp:term":[{"taxonomy":"category","embeddable":true,"href":"https:\/\/www.ufsm.br\/reitoria\/avaliacao\/wp-json\/wp\/v2\/categories?post=1447"},{"taxonomy":"post_tag","embeddable":true,"href":"https:\/\/www.ufsm.br\/reitoria\/avaliacao\/wp-json\/wp\/v2\/tags?post=1447"}],"curies":[{"name":"wp","href":"https:\/\/api.w.org\/{rel}","templated":true}]}}