{"id":1685,"date":"2024-02-05T09:40:09","date_gmt":"2024-02-05T12:40:09","guid":{"rendered":"https:\/\/www.ufsm.br\/reitoria\/avaliacao\/?page_id=1685"},"modified":"2024-11-09T18:41:23","modified_gmt":"2024-11-09T21:41:23","slug":"outras-avaliacoes","status":"publish","type":"page","link":"https:\/\/www.ufsm.br\/reitoria\/avaliacao\/outras-avaliacoes","title":{"rendered":"Outras avalia\u00e7\u00f5es internas"},"content":{"rendered":"\t\t<div data-elementor-type=\"wp-page\" data-elementor-id=\"1685\" class=\"elementor elementor-1685\">\n\t\t\t\t\t\t<section class=\"elementor-section elementor-top-section elementor-element elementor-element-0b10330 elementor-section-boxed elementor-section-height-default elementor-section-height-default\" data-id=\"0b10330\" data-element_type=\"section\">\n\t\t\t\t\t\t<div class=\"elementor-container elementor-column-gap-default\">\n\t\t\t\t\t<div class=\"elementor-column elementor-col-50 elementor-top-column elementor-element elementor-element-98493a6\" data-id=\"98493a6\" data-element_type=\"column\">\n\t\t\t<div class=\"elementor-widget-wrap elementor-element-populated\">\n\t\t\t\t\t\t<div class=\"elementor-element elementor-element-602211d elementor-widget elementor-widget-heading\" data-id=\"602211d\" data-element_type=\"widget\" data-widget_type=\"heading.default\">\n\t\t\t\t<div class=\"elementor-widget-container\">\n\t\t\t<h5 class=\"elementor-heading-title elementor-size-default\">Comiss\u00e3o Pr\u00f3pria de Avalia\u00e7\u00e3o<\/h5>\t\t<\/div>\n\t\t\t\t<\/div>\n\t\t\t\t<div class=\"elementor-element elementor-element-82c15d4 elementor-widget__width-initial elementor-widget elementor-widget-text-editor\" data-id=\"82c15d4\" data-element_type=\"widget\" data-widget_type=\"text-editor.default\">\n\t\t\t\t<div class=\"elementor-widget-container\">\n\t\t\t\t\t\t\t<p style=\"margin-top: 0pt;margin-bottom: 10pt;border: none\"><strong><a href=\"https:\/\/www.ufsm.br\/reitoria\/avaliacao\/avaliacao-do-rede\">Regime de Exerc\u00edcios Domiciliares (REDE)<\/a><\/strong><\/p><p style=\"margin-top: 0pt;margin-bottom: 10pt;border: none\">Durante o per\u00edodo da pandemia de COVID-19, os processos avaliativos usuais foram substitu\u00eddos por instrumentos extraordin\u00e1rios voltados aos docentes e discentes. No total, foram aplicadas 4 edi\u00e7\u00f5es da avalia\u00e7\u00e3o do REDE, entre 2020\/01 e 2021\/02.<\/p><p style=\"margin-top: 0pt;margin-bottom: 10pt;border: none\">\u00a0<\/p>\t\t\t\t\t\t<\/div>\n\t\t\t\t<\/div>\n\t\t\t\t\t<\/div>\n\t\t<\/div>\n\t\t\t\t<div class=\"elementor-column elementor-col-50 elementor-top-column elementor-element elementor-element-c1ed26e\" data-id=\"c1ed26e\" data-element_type=\"column\">\n\t\t\t<div class=\"elementor-widget-wrap elementor-element-populated\">\n\t\t\t\t\t\t<div class=\"elementor-element elementor-element-3e6a614 elementor-widget elementor-widget-heading\" data-id=\"3e6a614\" data-element_type=\"widget\" data-widget_type=\"heading.default\">\n\t\t\t\t<div class=\"elementor-widget-container\">\n\t\t\t<h5 class=\"elementor-heading-title elementor-size-default\">Pr\u00f3-Reitoria de Planejamento (PROPLAN)<\/h5>\t\t<\/div>\n\t\t\t\t<\/div>\n\t\t\t\t<div class=\"elementor-element elementor-element-6f60791 elementor-widget__width-initial elementor-widget elementor-widget-text-editor\" data-id=\"6f60791\" data-element_type=\"widget\" data-widget_type=\"text-editor.default\">\n\t\t\t\t<div class=\"elementor-widget-container\">\n\t\t\t\t\t\t\t<p><span style=\"font-size: 10pt\"><span style=\"font-family: Arial;color: #000000\"><span style=\"font-family: arial, helvetica, sans-serif\"><a href=\"https:\/\/www.ufsm.br\/pro-reitorias\/proplan\/pdi\/acompanhamento-do-plano-de-metas\"><strong>Acompanhamento do Plano de Metas<\/strong><\/a> (permanente)<\/span><\/span><\/span><\/p><p style=\"margin-top: 0pt;margin-bottom: 10pt;border: none\"><span style=\"font-size: 10pt\"><span style=\"font-family: Arial;color: #000000\"><span style=\"font-family: arial, helvetica, sans-serif\"><a href=\"https:\/\/www.ufsm.br\/reitoria\/avaliacao\/autoavaliacao-da-pos-graduacao\"><strong>Autoavalia\u00e7\u00e3o da P\u00f3s-Gradua\u00e7\u00e3o<\/strong><\/a> (2019) <\/span><\/span><\/span><\/p>\t\t\t\t\t\t<\/div>\n\t\t\t\t<\/div>\n\t\t\t\t\t<\/div>\n\t\t<\/div>\n\t\t\t\t\t<\/div>\n\t\t<\/section>\n\t\t\t\t<\/div>\n\t\t","protected":false},"excerpt":{"rendered":"<p>Comiss\u00e3o Pr\u00f3pria de Avalia\u00e7\u00e3o Regime de Exerc\u00edcios Domiciliares (REDE) Durante o per\u00edodo da pandemia de COVID-19, os processos avaliativos usuais foram substitu\u00eddos por instrumentos extraordin\u00e1rios voltados aos docentes e discentes. No total, foram aplicadas 4 edi\u00e7\u00f5es da avalia\u00e7\u00e3o do REDE, entre 2020\/01 e 2021\/02. \u00a0 Pr\u00f3-Reitoria de Planejamento (PROPLAN) Acompanhamento do Plano de Metas (permanente) [&hellip;]<\/p>\n","protected":false},"author":7671,"featured_media":0,"parent":0,"menu_order":0,"comment_status":"closed","ping_status":"closed","template":"","meta":{"footnotes":""},"categories":[],"tags":[],"class_list":["post-1685","page","type-page","status-publish","hentry"],"acf":[],"_links":{"self":[{"href":"https:\/\/www.ufsm.br\/reitoria\/avaliacao\/wp-json\/wp\/v2\/pages\/1685","targetHints":{"allow":["GET"]}}],"collection":[{"href":"https:\/\/www.ufsm.br\/reitoria\/avaliacao\/wp-json\/wp\/v2\/pages"}],"about":[{"href":"https:\/\/www.ufsm.br\/reitoria\/avaliacao\/wp-json\/wp\/v2\/types\/page"}],"author":[{"embeddable":true,"href":"https:\/\/www.ufsm.br\/reitoria\/avaliacao\/wp-json\/wp\/v2\/users\/7671"}],"replies":[{"embeddable":true,"href":"https:\/\/www.ufsm.br\/reitoria\/avaliacao\/wp-json\/wp\/v2\/comments?post=1685"}],"version-history":[{"count":0,"href":"https:\/\/www.ufsm.br\/reitoria\/avaliacao\/wp-json\/wp\/v2\/pages\/1685\/revisions"}],"wp:attachment":[{"href":"https:\/\/www.ufsm.br\/reitoria\/avaliacao\/wp-json\/wp\/v2\/media?parent=1685"}],"wp:term":[{"taxonomy":"category","embeddable":true,"href":"https:\/\/www.ufsm.br\/reitoria\/avaliacao\/wp-json\/wp\/v2\/categories?post=1685"},{"taxonomy":"post_tag","embeddable":true,"href":"https:\/\/www.ufsm.br\/reitoria\/avaliacao\/wp-json\/wp\/v2\/tags?post=1685"}],"curies":[{"name":"wp","href":"https:\/\/api.w.org\/{rel}","templated":true}]}}