{"id":1709,"date":"2024-10-29T10:47:18","date_gmt":"2024-10-29T13:47:18","guid":{"rendered":"https:\/\/www.ufsm.br\/reitoria\/avaliacao\/?page_id=1709"},"modified":"2025-02-14T11:02:54","modified_gmt":"2025-02-14T14:02:54","slug":"pesquisa-de-imagem-e-reputacao-da-ufsm","status":"publish","type":"page","link":"https:\/\/www.ufsm.br\/reitoria\/avaliacao\/pesquisa-de-imagem-e-reputacao-da-ufsm","title":{"rendered":"Pesquisa de Imagem e Reputa\u00e7\u00e3o da UFSM"},"content":{"rendered":"\t\t<div data-elementor-type=\"wp-page\" data-elementor-id=\"1709\" class=\"elementor elementor-1709\">\n\t\t\t\t\t\t<section class=\"elementor-section elementor-top-section elementor-element elementor-element-2abc36f elementor-section-boxed elementor-section-height-default elementor-section-height-default\" data-id=\"2abc36f\" data-element_type=\"section\">\n\t\t\t\t\t\t<div class=\"elementor-container elementor-column-gap-default\">\n\t\t\t\t\t<div class=\"elementor-column elementor-col-100 elementor-top-column elementor-element elementor-element-4e8329ea\" data-id=\"4e8329ea\" data-element_type=\"column\">\n\t\t\t<div class=\"elementor-widget-wrap elementor-element-populated\">\n\t\t\t\t\t\t<div class=\"elementor-element elementor-element-6502110 elementor-widget elementor-widget-text-editor\" data-id=\"6502110\" data-element_type=\"widget\" data-widget_type=\"text-editor.default\">\n\t\t\t\t<div class=\"elementor-widget-container\">\n\t\t\t\t\t\t\t<p><span style=\"font-size: 10pt;color: #000000\">Para uma melhor experi\u00eancia, recomendamos o acesso em computador. Algumas funcionalidades dos pain\u00e9is n\u00e3o est\u00e3o dispon\u00edveis em dispositivos m\u00f3veis.<\/span><\/p>\t\t\t\t\t\t<\/div>\n\t\t\t\t<\/div>\n\t\t\t\t<div class=\"elementor-element elementor-element-7f3a9191 elementor-widget elementor-widget-text-editor\" data-id=\"7f3a9191\" data-element_type=\"widget\" data-widget_type=\"text-editor.default\">\n\t\t\t\t<div class=\"elementor-widget-container\">\n\t\t\t\t\t\t\t<iframe src=\"https:\/\/app.powerbi.com\/view?r=eyJrIjoiMGFjZmU3OWQtNjBkNC00MmRkLTk4YWUtNDg1NTEyOTBkOGE4IiwidCI6Ijk3OTAyMGQ1LTQ5NTAtNGY0My1hOTk0LTg4ZDY4M2VhYjQ3MyJ9&amp;pageName=ReportSectionff505c156942b313e99b\" width=\"1280\" height=\"720\" frameborder=\"0\" allowfullscreen=\"allowfullscreen\"><\/iframe>\t\t\t\t\t\t<\/div>\n\t\t\t\t<\/div>\n\t\t\t\t\t<\/div>\n\t\t<\/div>\n\t\t\t\t\t<\/div>\n\t\t<\/section>\n\t\t\t\t<\/div>\n\t\t","protected":false},"excerpt":{"rendered":"<p>Para uma melhor experi\u00eancia, recomendamos o acesso em computador. Algumas funcionalidades dos pain\u00e9is n\u00e3o est\u00e3o dispon\u00edveis em dispositivos m\u00f3veis.<\/p>\n","protected":false},"author":7289,"featured_media":0,"parent":0,"menu_order":0,"comment_status":"closed","ping_status":"closed","template":"","meta":{"footnotes":""},"categories":[],"tags":[],"class_list":["post-1709","page","type-page","status-publish","hentry"],"acf":[],"_links":{"self":[{"href":"https:\/\/www.ufsm.br\/reitoria\/avaliacao\/wp-json\/wp\/v2\/pages\/1709","targetHints":{"allow":["GET"]}}],"collection":[{"href":"https:\/\/www.ufsm.br\/reitoria\/avaliacao\/wp-json\/wp\/v2\/pages"}],"about":[{"href":"https:\/\/www.ufsm.br\/reitoria\/avaliacao\/wp-json\/wp\/v2\/types\/page"}],"author":[{"embeddable":true,"href":"https:\/\/www.ufsm.br\/reitoria\/avaliacao\/wp-json\/wp\/v2\/users\/7289"}],"replies":[{"embeddable":true,"href":"https:\/\/www.ufsm.br\/reitoria\/avaliacao\/wp-json\/wp\/v2\/comments?post=1709"}],"version-history":[{"count":0,"href":"https:\/\/www.ufsm.br\/reitoria\/avaliacao\/wp-json\/wp\/v2\/pages\/1709\/revisions"}],"wp:attachment":[{"href":"https:\/\/www.ufsm.br\/reitoria\/avaliacao\/wp-json\/wp\/v2\/media?parent=1709"}],"wp:term":[{"taxonomy":"category","embeddable":true,"href":"https:\/\/www.ufsm.br\/reitoria\/avaliacao\/wp-json\/wp\/v2\/categories?post=1709"},{"taxonomy":"post_tag","embeddable":true,"href":"https:\/\/www.ufsm.br\/reitoria\/avaliacao\/wp-json\/wp\/v2\/tags?post=1709"}],"curies":[{"name":"wp","href":"https:\/\/api.w.org\/{rel}","templated":true}]}}