{"id":1719,"date":"2024-11-08T15:15:00","date_gmt":"2024-11-08T18:15:00","guid":{"rendered":"https:\/\/www.ufsm.br\/reitoria\/avaliacao\/?page_id=1719"},"modified":"2025-05-29T16:03:02","modified_gmt":"2025-05-29T19:03:02","slug":"cpa","status":"publish","type":"page","link":"https:\/\/www.ufsm.br\/reitoria\/avaliacao\/cpa","title":{"rendered":"Comiss\u00e3o Pr\u00f3pria de Avalia\u00e7\u00e3o"},"content":{"rendered":"\t\t<div data-elementor-type=\"wp-page\" data-elementor-id=\"1719\" class=\"elementor elementor-1719\">\n\t\t\t\t\t\t<section class=\"elementor-section elementor-top-section elementor-element elementor-element-d8f6b7c elementor-section-boxed elementor-section-height-default elementor-section-height-default\" data-id=\"d8f6b7c\" data-element_type=\"section\">\n\t\t\t\t\t\t<div class=\"elementor-container elementor-column-gap-default\">\n\t\t\t\t\t<div class=\"elementor-column elementor-col-25 elementor-top-column elementor-element elementor-element-f3c31d9\" data-id=\"f3c31d9\" data-element_type=\"column\">\n\t\t\t<div class=\"elementor-widget-wrap elementor-element-populated\">\n\t\t\t\t\t\t<div class=\"elementor-element elementor-element-47c23b3 elementor-align-justify elementor-button-info elementor-widget elementor-widget-button\" data-id=\"47c23b3\" data-element_type=\"widget\" data-widget_type=\"button.default\">\n\t\t\t\t<div class=\"elementor-widget-container\">\n\t\t\t\t\t\t\t<div class=\"elementor-button-wrapper\">\n\t\t\t\t\t<a class=\"elementor-button elementor-button-link elementor-size-sm\" href=\"#Atribui\u00e7\u00f5es\">\n\t\t\t\t\t\t<span class=\"elementor-button-content-wrapper\">\n\t\t\t\t\t\t\t\t\t<span class=\"elementor-button-text\">Atribui\u00e7\u00f5es<\/span>\n\t\t\t\t\t<\/span>\n\t\t\t\t\t<\/a>\n\t\t\t\t<\/div>\n\t\t\t\t\t\t<\/div>\n\t\t\t\t<\/div>\n\t\t\t\t\t<\/div>\n\t\t<\/div>\n\t\t\t\t<div class=\"elementor-column elementor-col-25 elementor-top-column elementor-element elementor-element-e8fce7c\" data-id=\"e8fce7c\" data-element_type=\"column\">\n\t\t\t<div class=\"elementor-widget-wrap elementor-element-populated\">\n\t\t\t\t\t\t<div class=\"elementor-element elementor-element-e6b3d04 elementor-align-justify elementor-widget elementor-widget-button\" data-id=\"e6b3d04\" data-element_type=\"widget\" data-widget_type=\"button.default\">\n\t\t\t\t<div class=\"elementor-widget-container\">\n\t\t\t\t\t\t\t<div class=\"elementor-button-wrapper\">\n\t\t\t\t\t<a class=\"elementor-button elementor-button-link elementor-size-sm\" href=\"#Estrutura\">\n\t\t\t\t\t\t<span class=\"elementor-button-content-wrapper\">\n\t\t\t\t\t\t\t\t\t<span class=\"elementor-button-text\">Estrutura<\/span>\n\t\t\t\t\t<\/span>\n\t\t\t\t\t<\/a>\n\t\t\t\t<\/div>\n\t\t\t\t\t\t<\/div>\n\t\t\t\t<\/div>\n\t\t\t\t\t<\/div>\n\t\t<\/div>\n\t\t\t\t<div class=\"elementor-column elementor-col-25 elementor-top-column elementor-element elementor-element-29e97d3\" data-id=\"29e97d3\" data-element_type=\"column\">\n\t\t\t<div class=\"elementor-widget-wrap elementor-element-populated\">\n\t\t\t\t\t\t<div class=\"elementor-element elementor-element-bcc6aef elementor-align-justify elementor-widget elementor-widget-button\" data-id=\"bcc6aef\" data-element_type=\"widget\" data-widget_type=\"button.default\">\n\t\t\t\t<div class=\"elementor-widget-container\">\n\t\t\t\t\t\t\t<div class=\"elementor-button-wrapper\">\n\t\t\t\t\t<a class=\"elementor-button elementor-button-link elementor-size-sm\" href=\"https:\/\/www.ufsm.br\/reitoria\/avaliacao\/portarias\" target=\"_blank\">\n\t\t\t\t\t\t<span class=\"elementor-button-content-wrapper\">\n\t\t\t\t\t\t\t\t\t<span class=\"elementor-button-text\">Portaria<\/span>\n\t\t\t\t\t<\/span>\n\t\t\t\t\t<\/a>\n\t\t\t\t<\/div>\n\t\t\t\t\t\t<\/div>\n\t\t\t\t<\/div>\n\t\t\t\t\t<\/div>\n\t\t<\/div>\n\t\t\t\t<div class=\"elementor-column elementor-col-25 elementor-top-column elementor-element elementor-element-e1aa750\" data-id=\"e1aa750\" data-element_type=\"column\">\n\t\t\t<div class=\"elementor-widget-wrap\">\n\t\t\t\t\t\t\t<\/div>\n\t\t<\/div>\n\t\t\t\t\t<\/div>\n\t\t<\/section>\n\t\t\t\t<section class=\"elementor-section elementor-top-section elementor-element elementor-element-c5d8fb5 elementor-section-boxed elementor-section-height-default elementor-section-height-default\" data-id=\"c5d8fb5\" data-element_type=\"section\">\n\t\t\t\t\t\t<div class=\"elementor-container elementor-column-gap-default\">\n\t\t\t\t\t<div class=\"elementor-column elementor-col-100 elementor-top-column elementor-element elementor-element-e20425d\" data-id=\"e20425d\" data-element_type=\"column\" id=\"Atribui\u00e7\u00f5es\">\n\t\t\t<div class=\"elementor-widget-wrap elementor-element-populated\">\n\t\t\t\t\t\t<div class=\"elementor-element elementor-element-4182c62 elementor-widget elementor-widget-heading\" data-id=\"4182c62\" data-element_type=\"widget\" data-widget_type=\"heading.default\">\n\t\t\t\t<div class=\"elementor-widget-container\">\n\t\t\t<h5 class=\"elementor-heading-title elementor-size-default\">Atribui\u00e7\u00f5es<\/h5>\t\t<\/div>\n\t\t\t\t<\/div>\n\t\t\t\t<div class=\"elementor-element elementor-element-24e2850 elementor-widget elementor-widget-text-editor\" data-id=\"24e2850\" data-element_type=\"widget\" data-widget_type=\"text-editor.default\">\n\t\t\t\t<div class=\"elementor-widget-container\">\n\t\t\t\t\t\t\t<p>De acordo com o art. 2\u00ba da <a href=\"https:\/\/www.ufsm.br\/pro-reitorias\/proplan\/resolucao-ufsm-n-067-2021\" target=\"_blank\" rel=\"noopener\">Resolu\u00e7\u00e3o N.067\/2021<\/a>, compete \u00e0 CPA:<\/p><ol style=\"list-style-type: upper-roman\"><li><em>Elaborar e implementar o projeto de autoavalia\u00e7\u00e3o institucional;<\/em><\/li><li><em>Propor a metodologia e coordenar o processo de autoavalia\u00e7\u00e3o institucional;<\/em><\/li><li><em>Definir as diretrizes e implementar as a\u00e7\u00f5es de sua \u00e1rea de compet\u00eancia no que concerne \u00e0 autoavalia\u00e7\u00e3o institucional;<\/em><\/li><li><em>Propor normas e instrumentos que objetivem o constante aprimoramento das atividades desenvolvidas pela CPA;<\/em><\/li><li><em>Definir as diretrizes para a atua\u00e7\u00e3o das Comiss\u00f5es Setoriais de Avalia\u00e7\u00e3o (CSA);<\/em><\/li><li><em>Articular as diferentes Comiss\u00f5es Setoriais de Avalia\u00e7\u00e3o com as demais unidades da Universidade na sua \u00e1rea de compet\u00eancia;<\/em><\/li><li><em>Divulgar amplamente na comunidade universit\u00e1ria as atividades da CPA;<\/em><\/li><li><em>Disseminar, permanentemente informa\u00e7\u00f5es sobre a autoavalia\u00e7\u00e3o;<\/em><\/li><li><em>Encaminhar a sua regulamenta\u00e7\u00e3o interna e altera\u00e7\u00f5es, e outros documentos pertinentes ao processo de autoavalia\u00e7\u00e3o, ao(s) \u00f3rg\u00e3o(s) competente(s);<\/em><\/li><li><em>Elaborar relat\u00f3rios relativos \u00e0 autoavalia\u00e7\u00e3o institucional;<\/em><\/li><li><em>Formular propostas de melhorias e desenvolvimento para a Institui\u00e7\u00e3o, fundamentadas nas an\u00e1lises do processo de autoavalia\u00e7\u00e3o, e, sempre que poss\u00edvel, em parceria com as unidades competentes;<\/em><\/li><li><em>Realizar balan\u00e7o cr\u00edtico do processo avaliativo;<\/em><\/li><li><em>Implementar a\u00e7\u00f5es visando \u00e0 sensibiliza\u00e7\u00e3o da comunidade acad\u00eamica quanto \u00e0 import\u00e2ncia do processo de autoavalia\u00e7\u00e3o institucional;<\/em><\/li><li><em>Acompanhar os processos de avalia\u00e7\u00e3o externa promovidos pelo governo federal;<\/em><\/li><li><em>Acompanhar o Plano de Desenvolvimento Institucional (PDI) e o Projeto Pedag\u00f3gico Institucional (PPI) e apresentar sugest\u00f5es;<\/em><\/li><li><em>Fornecer relat\u00f3rios\/subs\u00eddios para colaborar com a forma\u00e7\u00e3o continuada, no \u00e2mbito do magist\u00e9rio, na Universidade Federal de Santa Maria; e,<\/em><\/li><li><em>Articular-se com Comiss\u00f5es Pr\u00f3prias de Avalia\u00e7\u00e3o de outras Institui\u00e7\u00f5es de Ensino Superior e com a Comiss\u00e3o Nacional de Avalia\u00e7\u00e3o da Educa\u00e7\u00e3o Superior.<\/em><\/li><\/ol>\t\t\t\t\t\t<\/div>\n\t\t\t\t<\/div>\n\t\t\t\t\t<\/div>\n\t\t<\/div>\n\t\t\t\t\t<\/div>\n\t\t<\/section>\n\t\t\t\t<section class=\"elementor-section elementor-top-section elementor-element elementor-element-b99ecc7 elementor-section-boxed elementor-section-height-default elementor-section-height-default\" data-id=\"b99ecc7\" data-element_type=\"section\">\n\t\t\t\t\t\t<div class=\"elementor-container elementor-column-gap-default\">\n\t\t\t\t\t<div class=\"elementor-column elementor-col-100 elementor-top-column elementor-element elementor-element-8a9e699\" data-id=\"8a9e699\" data-element_type=\"column\" id=\"Estrutura\">\n\t\t\t<div class=\"elementor-widget-wrap elementor-element-populated\">\n\t\t\t\t\t\t<div class=\"elementor-element elementor-element-811571d elementor-widget elementor-widget-heading\" data-id=\"811571d\" data-element_type=\"widget\" data-widget_type=\"heading.default\">\n\t\t\t\t<div class=\"elementor-widget-container\">\n\t\t\t<h5 class=\"elementor-heading-title elementor-size-default\">Estrutura<\/h5>\t\t<\/div>\n\t\t\t\t<\/div>\n\t\t\t\t<div class=\"elementor-element elementor-element-4005d99 elementor-widget elementor-widget-text-editor\" data-id=\"4005d99\" data-element_type=\"widget\" data-widget_type=\"text-editor.default\">\n\t\t\t\t<div class=\"elementor-widget-container\">\n\t\t\t\t\t\t\t<p>A <a href=\"https:\/\/www.ufsm.br\/pro-reitorias\/proplan\/resolucao-ufsm-n-067-2021\" target=\"_blank\" rel=\"noopener\">Resolu\u00e7\u00e3o N.067\/2021<\/a> prev\u00ea, em seu art. 6\u00ba, que a <strong>Comiss\u00e3o Pr\u00f3pria de Avalia\u00e7\u00e3o<\/strong> (CPA) da UFSM ser\u00e1 ser\u00e1 constitu\u00edda da seguinte maneira:<\/p><p><em>I. 1 (um) representante de cada Comiss\u00e3o Setorial de Avalia\u00e7\u00e3o (CSA), escolhido pelos pares, podendo ser dos segmentos docente ou t\u00e9cnico-administrativo em educa\u00e7\u00e3o;<\/em><br \/><em>II. 4 (quatro) representantes do corpo discente, indicados pelo Diret\u00f3rio Central dos Estudantes da UFSM (DCE\/UFSM) e pela Associa\u00e7\u00e3o de P\u00f3s-graduandos<\/em><br \/><em>da UFSM (APG\/UFSM), sendo, no m\u00ednimo, 1 (um) discente do Ensino \u00e0 Dist\u00e2ncia;<\/em><br \/><em>III. 1 (um) egresso da gradua\u00e7\u00e3o que n\u00e3o mantenha v\u00ednculo com a UFSM;<\/em><br \/><em>IV. 1 (um) egresso da p\u00f3s-gradua\u00e7\u00e3o que n\u00e3o mantenha v\u00ednculo com a UFSM;<\/em><br \/><em>V. 1 (um) representante dos servidores docentes aposentados;<\/em><br \/><em>VI. 1 (um) representante dos servidores t\u00e9cnico-administrativos em educa\u00e7\u00e3o aposentados;<\/em><br \/><em>VII. 1 (um) representante da sociedade civil organizada com amplitude regional;<\/em><br \/><em>VIII. 5 (cinco) representantes da reitoria com vistas a fomentar uma vis\u00e3o institucional das \u00e1reas de ensino, pesquisa, extens\u00e3o, gest\u00e3o e Educa\u00e7\u00e3o<\/em><br \/><em>b\u00e1sica, t\u00e9cnica e tecnol\u00f3gica;<\/em><br \/><em>IX. Procurador Educacional Institucional (PEI); e,<\/em><br \/><em>X. Coordenador(a) de Planejamento e Avalia\u00e7\u00e3o Institucional, ou equivalente, vinculado \u00e0 Pr\u00f3-Reitoria de Planejamento.<\/em><\/p><p>Al\u00e9m de garantir uma composi\u00e7\u00e3o plural e representativa das unidades acad\u00eamicas, o regulamento tamb\u00e9m veda a composi\u00e7\u00e3o que privilegie a maioria absoluta de quaisquer dos segmentos da comunidade universit\u00e1ria e da sociedade civil organizada, nos termos do inciso I do Art. 11 da <a href=\"https:\/\/www.planalto.gov.br\/ccivil_03\/_ato2004-2006\/2004\/lei\/l10.861.htm\" target=\"_blank\" rel=\"noopener\">Lei N. 10.861, de 14 de abril de 2014<\/a>.<\/p>\t\t\t\t\t\t<\/div>\n\t\t\t\t<\/div>\n\t\t\t\t\t<\/div>\n\t\t<\/div>\n\t\t\t\t\t<\/div>\n\t\t<\/section>\n\t\t\t\t<section class=\"elementor-section elementor-top-section elementor-element elementor-element-c1c5207 elementor-section-boxed elementor-section-height-default elementor-section-height-default\" data-id=\"c1c5207\" data-element_type=\"section\">\n\t\t\t\t\t\t<div class=\"elementor-container elementor-column-gap-default\">\n\t\t\t\t\t<div class=\"elementor-column elementor-col-100 elementor-top-column elementor-element elementor-element-ce1b702\" data-id=\"ce1b702\" data-element_type=\"column\">\n\t\t\t<div class=\"elementor-widget-wrap elementor-element-populated\">\n\t\t\t\t\t\t<div class=\"elementor-element elementor-element-965ff61 elementor-widget elementor-widget-image\" data-id=\"965ff61\" data-element_type=\"widget\" data-widget_type=\"image.default\">\n\t\t\t\t<div class=\"elementor-widget-container\">\n\t\t\t\t\t\t\t\t\t\t\t\t\t\t<a href=\"https:\/\/www.ufsm.br\/app\/uploads\/sites\/504\/2024\/11\/Imagem-CPA.jpeg\" data-elementor-open-lightbox=\"yes\" data-elementor-lightbox-title=\"Imagem CPA\" data-e-action-hash=\"#elementor-action%3Aaction%3Dlightbox%26settings%3DeyJpZCI6IjE3NjUiLCJ1cmwiOiJodHRwczpcL1wvd3d3LnVmc20uYnJcL2FwcFwvdXBsb2Fkc1wvc2l0ZXNcLzUwNFwvMjAyNFwvMTFcL0ltYWdlbS1DUEEuanBlZyJ9\">\n\t\t\t\t\t\t\t<img fetchpriority=\"high\" decoding=\"async\" width=\"1024\" height=\"724\" src=\"https:\/\/www.ufsm.br\/app\/uploads\/sites\/504\/2024\/11\/Imagem-CPA-1024x724.jpeg\" class=\"attachment-large size-large wp-image-1765\" alt=\"\" srcset=\"https:\/\/www.ufsm.br\/app\/uploads\/sites\/504\/2024\/11\/Imagem-CPA-1024x724.jpeg 1024w, https:\/\/www.ufsm.br\/app\/uploads\/sites\/504\/2024\/11\/Imagem-CPA-300x212.jpeg 300w, https:\/\/www.ufsm.br\/app\/uploads\/sites\/504\/2024\/11\/Imagem-CPA-768x543.jpeg 768w, https:\/\/www.ufsm.br\/app\/uploads\/sites\/504\/2024\/11\/Imagem-CPA-1536x1086.jpeg 1536w, https:\/\/www.ufsm.br\/app\/uploads\/sites\/504\/2024\/11\/Imagem-CPA.jpeg 1600w\" sizes=\"(max-width: 1024px) 100vw, 1024px\" \/>\t\t\t\t\t\t\t\t<\/a>\n\t\t\t\t\t\t\t\t\t\t\t\t\t<\/div>\n\t\t\t\t<\/div>\n\t\t\t\t\t<\/div>\n\t\t<\/div>\n\t\t\t\t\t<\/div>\n\t\t<\/section>\n\t\t\t\t<\/div>\n\t\t","protected":false},"excerpt":{"rendered":"<p>Atribui\u00e7\u00f5es Estrutura Portaria Atribui\u00e7\u00f5es De acordo com o art. 2\u00ba da Resolu\u00e7\u00e3o N.067\/2021, compete \u00e0 CPA: Elaborar e implementar o projeto de autoavalia\u00e7\u00e3o institucional; Propor a metodologia e coordenar o processo de autoavalia\u00e7\u00e3o institucional; Definir as diretrizes e implementar as a\u00e7\u00f5es de sua \u00e1rea de compet\u00eancia no que concerne \u00e0 autoavalia\u00e7\u00e3o institucional; Propor normas e [&hellip;]<\/p>\n","protected":false},"author":7289,"featured_media":0,"parent":0,"menu_order":0,"comment_status":"closed","ping_status":"closed","template":"","meta":{"footnotes":""},"categories":[],"tags":[],"class_list":["post-1719","page","type-page","status-publish","hentry"],"acf":[],"_links":{"self":[{"href":"https:\/\/www.ufsm.br\/reitoria\/avaliacao\/wp-json\/wp\/v2\/pages\/1719","targetHints":{"allow":["GET"]}}],"collection":[{"href":"https:\/\/www.ufsm.br\/reitoria\/avaliacao\/wp-json\/wp\/v2\/pages"}],"about":[{"href":"https:\/\/www.ufsm.br\/reitoria\/avaliacao\/wp-json\/wp\/v2\/types\/page"}],"author":[{"embeddable":true,"href":"https:\/\/www.ufsm.br\/reitoria\/avaliacao\/wp-json\/wp\/v2\/users\/7289"}],"replies":[{"embeddable":true,"href":"https:\/\/www.ufsm.br\/reitoria\/avaliacao\/wp-json\/wp\/v2\/comments?post=1719"}],"version-history":[{"count":0,"href":"https:\/\/www.ufsm.br\/reitoria\/avaliacao\/wp-json\/wp\/v2\/pages\/1719\/revisions"}],"wp:attachment":[{"href":"https:\/\/www.ufsm.br\/reitoria\/avaliacao\/wp-json\/wp\/v2\/media?parent=1719"}],"wp:term":[{"taxonomy":"category","embeddable":true,"href":"https:\/\/www.ufsm.br\/reitoria\/avaliacao\/wp-json\/wp\/v2\/categories?post=1719"},{"taxonomy":"post_tag","embeddable":true,"href":"https:\/\/www.ufsm.br\/reitoria\/avaliacao\/wp-json\/wp\/v2\/tags?post=1719"}],"curies":[{"name":"wp","href":"https:\/\/api.w.org\/{rel}","templated":true}]}}