{"id":1733,"date":"2024-11-10T19:15:40","date_gmt":"2024-11-10T22:15:40","guid":{"rendered":"https:\/\/www.ufsm.br\/reitoria\/avaliacao\/?page_id=1733"},"modified":"2024-11-12T09:03:29","modified_gmt":"2024-11-12T12:03:29","slug":"capes","status":"publish","type":"page","link":"https:\/\/www.ufsm.br\/reitoria\/avaliacao\/capes","title":{"rendered":"Avalia\u00e7\u00e3o dos Programas de P\u00f3s-Gradua\u00e7\u00e3o"},"content":{"rendered":"\t\t<div data-elementor-type=\"wp-page\" data-elementor-id=\"1733\" class=\"elementor elementor-1733\">\n\t\t\t\t\t\t<section class=\"elementor-section elementor-top-section elementor-element elementor-element-b60ac7c elementor-section-boxed elementor-section-height-default elementor-section-height-default\" data-id=\"b60ac7c\" data-element_type=\"section\">\n\t\t\t\t\t\t<div class=\"elementor-container elementor-column-gap-default\">\n\t\t\t\t\t<div class=\"elementor-column elementor-col-100 elementor-top-column elementor-element elementor-element-1403c9a\" data-id=\"1403c9a\" data-element_type=\"column\">\n\t\t\t<div class=\"elementor-widget-wrap elementor-element-populated\">\n\t\t\t\t\t\t<div class=\"elementor-element elementor-element-a43d15a elementor-widget elementor-widget-text-editor\" data-id=\"a43d15a\" data-element_type=\"widget\" data-widget_type=\"text-editor.default\">\n\t\t\t\t<div class=\"elementor-widget-container\">\n\t\t\t\t\t\t\t<p><span style=\"color: #000000;font-family: Arial;font-size: 10pt;font-weight: var( --e-global-typography-text-font-weight );text-align: var(--bs-body-text-align)\">A avalia\u00e7\u00e3o dos programas de p\u00f3s-gradua\u00e7\u00e3o <em>stricto sensu<\/em> realizada pela <\/span><strong><span style=\"color: #000000;font-family: Arial;font-size: 10pt;text-align: var(--bs-body-text-align)\">Funda\u00e7\u00e3o Coordena\u00e7\u00e3o de Aperfei\u00e7oamento de Pessoal de N\u00edvel Superior<\/span><\/strong><span style=\"color: #000000;font-family: Arial;font-size: 10pt;font-weight: var( --e-global-typography-text-font-weight );text-align: var(--bs-body-text-align)\"><strong> (CAPES)<\/strong> e\u00a0<\/span>faz parte parte do processo de <strong>avalia\u00e7\u00e3o externa<\/strong> da UFSM.<\/p><p><em>A Avalia\u00e7\u00e3o do Sistema Nacional de P\u00f3s-Gradua\u00e7\u00e3o, na forma como foi estabelecida a partir de 1998 , \u00e9 orientada pela Diretoria de Avalia\u00e7\u00e3o\/CAPES e realizada com a participa\u00e7\u00e3o da comunidade acad\u00eamico-cient\u00edfica por meio de consultores ad hoc. A avalia\u00e7\u00e3o \u00e9 atividade essencial para assegurar e manter a qualidade dos cursos de Mestrado e Doutorado no pa\u00eds.<\/em><\/p><p><em>Objetivos da Avalia\u00e7\u00e3o:<\/em><\/p><ul><li><em>Certifica\u00e7\u00e3o da qualidade da p\u00f3s-gradua\u00e7\u00e3o Brasileira (refer\u00eancia para a distribui\u00e7\u00e3o de bolsas e recursos para o fomento \u00e0 pesquisa);<\/em><\/li><li><em>Identifica\u00e7\u00e3o de assimetrias regionais e de \u00e1reas estrat\u00e9gicas do conhecimento no SNPG para orientar a\u00e7\u00f5es de indu\u00e7\u00e3o na cria\u00e7\u00e3o e expans\u00e3o de programas de p\u00f3s-gradua\u00e7\u00e3o no territ\u00f3rio nacional.<\/em><\/li><\/ul><p style=\"text-align: left\"><em>Fonte: <a href=\"https:\/\/www.gov.br\/capes\/pt-br\/acesso-a-informacao\/acoes-e-programas\/avaliacao\/sobre-a-avaliacao\/avaliacao-o-que-e\/sobre-a-avaliacao-conceitos-processos-e-normas\/conceito-avaliacao\" target=\"_blank\" rel=\"noopener\">CAPES<\/a><\/em><\/p><p>Acesse os resultados da UFSM em:<\/p><p><strong><a href=\"https:\/\/sucupira.capes.gov.br\/observatorio\/programas-de-pos-graduacao?ano-base=2023&amp;id-ies=4359&amp;search=&amp;size=100&amp;page=0\" target=\"_blank\" rel=\"noopener\">Plataforma Sucupira<\/a><\/strong><\/p><p>\u00a0<\/p>\t\t\t\t\t\t<\/div>\n\t\t\t\t<\/div>\n\t\t\t\t\t<\/div>\n\t\t<\/div>\n\t\t\t\t\t<\/div>\n\t\t<\/section>\n\t\t\t\t<\/div>\n\t\t","protected":false},"excerpt":{"rendered":"<p>A avalia\u00e7\u00e3o dos programas de p\u00f3s-gradua\u00e7\u00e3o stricto sensu realizada pela Funda\u00e7\u00e3o Coordena\u00e7\u00e3o de Aperfei\u00e7oamento de Pessoal de N\u00edvel Superior (CAPES) e\u00a0faz parte parte do processo de avalia\u00e7\u00e3o externa da UFSM. A Avalia\u00e7\u00e3o do Sistema Nacional de P\u00f3s-Gradua\u00e7\u00e3o, na forma como foi estabelecida a partir de 1998 , \u00e9 orientada pela Diretoria de Avalia\u00e7\u00e3o\/CAPES e realizada [&hellip;]<\/p>\n","protected":false},"author":7289,"featured_media":0,"parent":0,"menu_order":0,"comment_status":"closed","ping_status":"closed","template":"","meta":{"footnotes":""},"categories":[],"tags":[],"class_list":["post-1733","page","type-page","status-publish","hentry"],"acf":[],"_links":{"self":[{"href":"https:\/\/www.ufsm.br\/reitoria\/avaliacao\/wp-json\/wp\/v2\/pages\/1733","targetHints":{"allow":["GET"]}}],"collection":[{"href":"https:\/\/www.ufsm.br\/reitoria\/avaliacao\/wp-json\/wp\/v2\/pages"}],"about":[{"href":"https:\/\/www.ufsm.br\/reitoria\/avaliacao\/wp-json\/wp\/v2\/types\/page"}],"author":[{"embeddable":true,"href":"https:\/\/www.ufsm.br\/reitoria\/avaliacao\/wp-json\/wp\/v2\/users\/7289"}],"replies":[{"embeddable":true,"href":"https:\/\/www.ufsm.br\/reitoria\/avaliacao\/wp-json\/wp\/v2\/comments?post=1733"}],"version-history":[{"count":0,"href":"https:\/\/www.ufsm.br\/reitoria\/avaliacao\/wp-json\/wp\/v2\/pages\/1733\/revisions"}],"wp:attachment":[{"href":"https:\/\/www.ufsm.br\/reitoria\/avaliacao\/wp-json\/wp\/v2\/media?parent=1733"}],"wp:term":[{"taxonomy":"category","embeddable":true,"href":"https:\/\/www.ufsm.br\/reitoria\/avaliacao\/wp-json\/wp\/v2\/categories?post=1733"},{"taxonomy":"post_tag","embeddable":true,"href":"https:\/\/www.ufsm.br\/reitoria\/avaliacao\/wp-json\/wp\/v2\/tags?post=1733"}],"curies":[{"name":"wp","href":"https:\/\/api.w.org\/{rel}","templated":true}]}}