{"id":182,"date":"2019-01-17T11:09:36","date_gmt":"2019-01-17T13:09:36","guid":{"rendered":"https:\/\/www.ufsm.br\/reitoria\/avaliacao\/?page_id=182"},"modified":"2023-06-16T11:15:39","modified_gmt":"2023-06-16T14:15:39","slug":"legislacao","status":"publish","type":"page","link":"https:\/\/www.ufsm.br\/reitoria\/avaliacao\/legislacao","title":{"rendered":"Legisla\u00e7\u00e3o"},"content":{"rendered":"\t\t<div data-elementor-type=\"wp-post\" data-elementor-id=\"182\" class=\"elementor elementor-182\">\n\t\t\t\t\t\t<section class=\"elementor-section elementor-top-section elementor-element elementor-element-8cc4757 elementor-section-boxed elementor-section-height-default elementor-section-height-default\" data-id=\"8cc4757\" data-element_type=\"section\">\n\t\t\t\t\t\t<div class=\"elementor-container elementor-column-gap-default\">\n\t\t\t\t\t<div class=\"elementor-column elementor-col-100 elementor-top-column elementor-element elementor-element-e475aaf\" data-id=\"e475aaf\" data-element_type=\"column\">\n\t\t\t<div class=\"elementor-widget-wrap elementor-element-populated\">\n\t\t\t\t\t\t<div class=\"elementor-element elementor-element-4f4b544 elementor-widget elementor-widget-heading\" data-id=\"4f4b544\" data-element_type=\"widget\" data-widget_type=\"heading.default\">\n\t\t\t\t<div class=\"elementor-widget-container\">\n\t\t\t<h5 class=\"elementor-heading-title elementor-size-default\">Interna<\/h5>\t\t<\/div>\n\t\t\t\t<\/div>\n\t\t\t\t\t<\/div>\n\t\t<\/div>\n\t\t\t\t\t<\/div>\n\t\t<\/section>\n\t\t\t\t<section class=\"elementor-section elementor-top-section elementor-element elementor-element-c43510f elementor-section-boxed elementor-section-height-default elementor-section-height-default\" data-id=\"c43510f\" data-element_type=\"section\">\n\t\t\t\t\t\t<div class=\"elementor-container elementor-column-gap-default\">\n\t\t\t\t\t<div class=\"elementor-column elementor-col-100 elementor-top-column elementor-element elementor-element-c86aafd\" data-id=\"c86aafd\" data-element_type=\"column\">\n\t\t\t<div class=\"elementor-widget-wrap elementor-element-populated\">\n\t\t\t\t\t\t<div class=\"elementor-element elementor-element-599d06a elementor-widget elementor-widget-text-editor\" data-id=\"599d06a\" data-element_type=\"widget\" data-widget_type=\"text-editor.default\">\n\t\t\t\t<div class=\"elementor-widget-container\">\n\t\t\t\t\t\t\t<div><a href=\"https:\/\/www.ufsm.br\/reitoria\/avaliacao\/wp-content\/uploads\/sites\/504\/2019\/01\/d526dcf3-df9c-4d04-ae38-022695bef98c.pdf\" target=\"_blank\" rel=\"noopener\">Estatuto UFSM<\/a><\/div><div><a href=\"https:\/\/www.ufsm.br\/reitoria\/avaliacao\/wp-content\/uploads\/sites\/504\/2019\/01\/7a09d209-53a6-49a7-90c7-b99c7d82c16b.pdf\" target=\"_blank\" rel=\"noopener\">Regimento Geral UFSM<\/a><br \/><a href=\"https:\/\/www.ufsm.br\/app\/uploads\/sites\/500\/2021\/04\/VFinal-DocumentoPDI-TextoBaseCONSU_TextoComPlanoDeMetas2022.pdf\" target=\"_blank\" rel=\"noopener\">PDI UFSM &#8211; Plano de Desenvolvimento Institucional 2016 a 2026<\/a><\/div><div><a href=\"https:\/\/www.ufsm.br\/reitoria\/avaliacao\/wp-content\/uploads\/sites\/504\/2019\/01\/be1eb2e0-4629-442e-b1af-79c251e3ac83.pdf\" target=\"_blank\" rel=\"noopener\">PDI UFSM &#8211; Plano de Desenvolvimento Institucional 2011 a 2015<\/a><\/div><div><a href=\"http:\/\/w3.ufsm.br\/prograd\/ppp_ufsm_2000.pdf\" target=\"_blank\" rel=\"noopener\">Projeto Pol\u00edtico Pedag\u00f3gico da UFSM<\/a><\/div><div><a href=\"https:\/\/www.ufsm.br\/reitoria\/avaliacao\/wp-content\/uploads\/sites\/504\/2019\/01\/REVOGADA.pdf\" target=\"_blank\" rel=\"noopener\">Resolu\u00e7\u00e3o n\u00ba 008 de 23\/09\/2004 (REVOGADA)\u00a0<\/a><\/div><div><div><a style=\"font-size: 16px\" href=\"https:\/\/www.ufsm.br\/app\/uploads\/sites\/504\/2023\/05\/RES_GR_2021_067.pdf\" target=\"_blank\" rel=\"noopener\">Resolu\u00e7\u00e3o n\u00ba 067 de 29\/11\/2021<\/a><span style=\"font-size: 16px\">\u00a0(<\/span><span style=\"font-size: 16px;font-weight: var( --e-global-typography-text-font-weight );text-align: var(--bs-body-text-align)\">Resolu\u00e7\u00e3o e Regimento da CPA)<\/span><\/div><div>\u00a0<\/div><\/div>\t\t\t\t\t\t<\/div>\n\t\t\t\t<\/div>\n\t\t\t\t\t<\/div>\n\t\t<\/div>\n\t\t\t\t\t<\/div>\n\t\t<\/section>\n\t\t\t\t<section class=\"elementor-section elementor-top-section elementor-element elementor-element-4d14aec elementor-section-boxed elementor-section-height-default elementor-section-height-default\" data-id=\"4d14aec\" data-element_type=\"section\">\n\t\t\t\t\t\t<div class=\"elementor-container elementor-column-gap-default\">\n\t\t\t\t\t<div class=\"elementor-column elementor-col-100 elementor-top-column elementor-element elementor-element-c34a011\" data-id=\"c34a011\" data-element_type=\"column\">\n\t\t\t<div class=\"elementor-widget-wrap elementor-element-populated\">\n\t\t\t\t\t\t<div class=\"elementor-element elementor-element-d60b00b elementor-widget elementor-widget-heading\" data-id=\"d60b00b\" data-element_type=\"widget\" data-widget_type=\"heading.default\">\n\t\t\t\t<div class=\"elementor-widget-container\">\n\t\t\t<h5 class=\"elementor-heading-title elementor-size-default\">Externa <\/h5>\t\t<\/div>\n\t\t\t\t<\/div>\n\t\t\t\t\t<\/div>\n\t\t<\/div>\n\t\t\t\t\t<\/div>\n\t\t<\/section>\n\t\t\t\t<section class=\"elementor-section elementor-top-section elementor-element elementor-element-25543e2 elementor-section-boxed elementor-section-height-default elementor-section-height-default\" data-id=\"25543e2\" data-element_type=\"section\">\n\t\t\t\t\t\t<div class=\"elementor-container elementor-column-gap-default\">\n\t\t\t\t\t<div class=\"elementor-column elementor-col-100 elementor-top-column elementor-element elementor-element-ecea57d\" data-id=\"ecea57d\" data-element_type=\"column\">\n\t\t\t<div class=\"elementor-widget-wrap elementor-element-populated\">\n\t\t\t\t\t\t<div class=\"elementor-element elementor-element-6de2594 elementor-widget elementor-widget-text-editor\" data-id=\"6de2594\" data-element_type=\"widget\" data-widget_type=\"text-editor.default\">\n\t\t\t\t<div class=\"elementor-widget-container\">\n\t\t\t\t\t\t\t<div class=\"item-page\"><div><p><strong>Legisla\u00e7\u00e3o Geral da Educa\u00e7\u00e3o<\/strong><\/p><div><a href=\"http:\/\/www.ufrgs.br\/sai\/legislacao\/arquivos-legislacao\/Lei%20Federal%209.394-1996%20-%20LDB.pdf\" target=\"_blank\" rel=\"noopener\">Lei de Diretrizes e Bases da Educa\u00e7\u00e3o (1996)<\/a><br \/><a href=\"http:\/\/www.ufrgs.br\/sai\/legislacao\/arquivos-legislacao\/pne%202001-2010.pdf\" target=\"_blank\" rel=\"noopener\">Plano Nacional de Educa\u00e7\u00e3o (2001-2010)<\/a><br \/><a href=\"http:\/\/www.ufrgs.br\/sai\/legislacao\/arquivos-legislacao\/Plano%20Nacional%20de%20Educacao_2011_2020_Projeto%20de%20Lei.pdf\" target=\"_blank\" rel=\"noopener\">Plano Nacional de Educa\u00e7\u00e3o (2011-2020)\u00a0Projeto de Lei<\/a><br \/><a href=\"http:\/\/www.ufrgs.br\/sai\/legislacao\/arquivos-legislacao\/Decreto%20no%205.622-%20de%2019%20de%20dezembro%20de%202005.pdf\" target=\"_blank\" rel=\"noopener\">Decreto n\u00ba 5.622, de 19 de dezembro de 2005<\/a><br \/><a href=\"http:\/\/portal.mec.gov.br\/index.php?option=com_content&amp;view=article&amp;id=12991&amp;Itemid=866\" target=\"_blank\" rel=\"noopener\">Diretrizes Curriculares Nacionais dos Cursos de Gradua\u00e7\u00e3o<\/a>\u00a0<\/div><div>\u00a0<\/div><p><strong>Legisla\u00e7\u00e3o inerente \u00e0 Avalia\u00e7\u00e3o e Regula\u00e7\u00e3o a partir do SINAES<\/strong><\/p><p><a href=\"http:\/\/www.ufrgs.br\/sai\/legislacao\/arquivos-legislacao\/portaria_divulgacao_indicadores_qualidade_ies.pdf\" target=\"_blank\" rel=\"noopener\">Portaria N\u00ba 386, de 17 de outubro de 2012<\/a>\u00a0Divulga\u00e7\u00e3o Indicadores de Qualidade do ENADE 2011<br \/><a href=\"http:\/\/www.ufrgs.br\/sai\/legislacao\/arquivos-legislacao\/Lei%20no%2010.861-%20de%2014%20de%20abril%20de%202004.doc\" target=\"_blank\" rel=\"noopener\">Lei N\u00ba 10861, de 14 de abril de 2004\u00a0Lei do SINAES<\/a><br \/><a href=\"http:\/\/www.ufrgs.br\/sai\/legislacao\/arquivos-legislacao\/Portaria%20no%202.051-%20de%209%20de%20julho%20de%202004.doc\" target=\"_blank\" rel=\"noopener\">Portaria n\u00ba 2.051, de 9 de julho de 2004<\/a><br \/><a href=\"http:\/\/www.ufrgs.br\/sai\/legislacao\/arquivos-legislacao\/Decreto%20Presidencial%20no%205773_2006%20Regulacao-%20Avaliacao%20e%20Supervisao%20Institucional%20e%20de%20Cursos%20de%20Graduacao.pdf\" target=\"_blank\" rel=\"noopener\">Decreto Presidencial n\u00ba 5773-2006\u00a0<\/a>Regula\u00e7\u00e3o, Avalia\u00e7\u00e3o e Supervis\u00e3o Institucional e de Cursos de Gradua\u00e7\u00e3o<br \/><a href=\"http:\/\/www.ufrgs.br\/sai\/legislacao\/arquivos-legislacao\/Portaria%20Normativa%20no%2001-2007%20Ciclo%20Avaliativo%20do%20SINAES.doc\" target=\"_blank\" rel=\"noopener\">Portaria Normativa n\u00ba 01-2007<\/a>\u00a0Ciclo Avaliativo do SINAES<br \/><a href=\"http:\/\/www.ufrgs.br\/sai\/legislacao\/arquivos-legislacao\/Portaria%20Normativa%20MEC%20no%2040-2007%20Reeditada%20e%20Portaria%20Normativa%20MEC%20no%2023_2010%20Procedimentos%20inerentes%20ao%20E-Mec.pdf\" target=\"_blank\" rel=\"noopener\">Portaria Normativa MEC n\u00ba 40-2007<\/a>\u00a0Procedimentos inerentes ao E-Mec<br \/><a href=\"http:\/\/www.ufrgs.br\/sai\/legislacao\/arquivos-legislacao\/Portaria%20Normativa%20MEC%20no%2040-2007%20Reeditada%20e%20Portaria%20Normativa%20MEC%20no%2023_2010%20Procedimentos%20inerentes%20ao%20E-Mec.pdf\" target=\"_blank\" rel=\"noopener\">Portaria Normativa MEC n\u00ba 40-2007<\/a>\u00a0Reeditada e Portaria Normativa MEC n\u00ba 23-2010: Procedimentos inerentes ao E-Mec<br \/><a href=\"http:\/\/www.ufrgs.br\/sai\/legislacao\/arquivos-legislacao\/Portaria%20Normativa%20no%20821-2009%20Procedimentos%20de%20Avaliacao%20Institucional%20e%20de%20Cursos%20para%20o%201o%20Ciclo%20Avaliativo%20SINAES.pdf\" target=\"_blank\" rel=\"noopener\">Portaria Normativa n\u00ba 821-2009<\/a>\u00a0Procedimentos de Avalia\u00e7\u00e3o Institucional e de Cursos para o 1\u00ba Ciclo Avaliativo SINAES<br \/><a href=\"http:\/\/www.ufrgs.br\/sai\/legislacao\/arquivos-legislacao\/MEC_INEP%20-%20Compendio%20da%20Legislacao%20Regulatoria%20e%20Avaliativa%20associada%20ao%20SINAES%20-%205a%20Edicao.pdf\" target=\"_blank\" rel=\"noopener\">MEC\/INEP<\/a>\u00a0Comp\u00eandio da Legisla\u00e7\u00e3o Regulat\u00f3ria e Avaliativa associada ao SINAES &#8211; 5\u00aa Edi\u00e7\u00e3o<br \/><a href=\"http:\/\/www.ufrgs.br\/sai\/legislacao\/arquivos-legislacao\/Resolucao%20MEC_CNE%20no%2003-2010%20-%20Credenciamento%20e%20Recredenciamento%20de%20Universidades.pdf\" target=\"_blank\" rel=\"noopener\">Resolu\u00e7\u00e3o MEC\/CNE n\u00ba 03-2010<\/a>\u00a0Credenciamento e Recredenciamento de Universidades<\/p><p><strong>Resolu\u00e7\u00f5es e pareceres inerentes \u00e0 Avalia\u00e7\u00e3o e Regula\u00e7\u00e3o dos Cursos de Gradua\u00e7\u00e3o a partir do SINAES<\/strong><\/p><div>\u00a0<\/div><div><a href=\"http:\/\/www.cpa.ufscar.br\/documentos\/arquivos\/pdf\/regulamentacao-e-legislacao\/nota-tecnica-inep-daes-conaes-065.2014.pdf\" target=\"_blank\" rel=\"noopener\">Nota T\u00e9cnica INEP\/DAES\/CONAES n\u00ba 65\/2014\u00a0<\/a>Roteiro para Relat\u00f3rio de Autoavalia\u00e7\u00e3o Institucional<br \/><a href=\"http:\/\/www.ufrgs.br\/sai\/legislacao\/arquivos-legislacao\/Cursos%20a%20receber%20visita%20de%20avaliacao%20devido%20ao%20resultado%20do%20CPC.pdf\" target=\"_blank\" rel=\"noopener\">Cursos a receber visita de avalia\u00e7\u00e3o devido ao resultado do CPC<\/a><br \/><a href=\"http:\/\/www.ufrgs.br\/sai\/legislacao\/arquivos-legislacao\/BASis_Base%20de%20Avaliadores%20e%20Termo%20de%20Conduta.pdf\" target=\"_blank\" rel=\"noopener\">BASis<\/a>\u00a0Base de Avaliadores e Termo de Conduta<br \/><a href=\"http:\/\/portal.mec.gov.br\/index.php?option=com_content&amp;view=article&amp;id=12991&amp;Itemid=866\" target=\"_blank\" rel=\"noopener\">MEC &#8211; CNE<\/a>\u00a0Diretrizes Curriculares Nacionais dos Cursos de Gradua\u00e7\u00e3o (DCN)<br \/><a href=\"http:\/\/portal.mec.gov.br\/cne\/arquivos\/pdf\/CP032002.pdf\" target=\"_blank\" rel=\"noopener\">Res. CNE\/CP 03\/2002<\/a>\u00a0Diretrizes Curriculares Nacionais para o N\u00edvel Tecnol\u00f3gico<br \/><a href=\"http:\/\/www.ufrgs.br\/sai\/legislacao\/arquivos-legislacao\/Res.%20CNE_CP%2001_2004%20-%20Educacao%20das%20Relacoes%20Etnico-Raciais%20e%20Ensino%20de%20Historia%20e%20Cultura%20Afro-Brasileira%20e%20Africana.pdf\" target=\"_blank\" rel=\"noopener\">Res. CNE\/CP 01\/2004<\/a>\u00a0Educa\u00e7\u00e3o das Rela\u00e7\u00f5es \u00c9tnico-Raciais e Ensino de Hist\u00f3ria e Cultura Afro-Brasileira e Africana<br \/><a href=\"http:\/\/portal.mec.gov.br\/index.php?option=com_docman&amp;task=doc_download&amp;gid=10889&amp;Itemid=\" target=\"_blank\" rel=\"noopener\">Resolu\u00e7\u00e3o CNE\/CP n\u00ba 1, de 30 de maio de 2012<\/a>\u00a0Diretrizes Nacionais para a Educa\u00e7\u00e3o em Direitos Humanos.<br \/><a href=\"http:\/\/portal.mec.gov.br\/index.php?option=com_docman&amp;task=doc_download&amp;gid=10988&amp;Itemid=\" target=\"_blank\" rel=\"noopener\">Resolu\u00e7\u00e3o CNE\/CP n\u00ba 2, de 15 de junho de 2012<\/a>\u00a0Diretrizes Curriculares Nacionais para a Educa\u00e7\u00e3o Ambiental.<br \/><a href=\"http:\/\/www.ufrgs.br\/sai\/legislacao\/arquivos-legislacao\/Res.%20MEC_CONAES%2001_2010%202013%20Nucleo%20Docente%20Estruturante%20-NDE.pdf\" target=\"_blank\" rel=\"noopener\">Res. MEC\/CONAES 01\/2010\u00a0N\u00facleo Docente Estruturante (NDE)<\/a><br \/><a href=\"http:\/\/www.ufrgs.br\/sai\/legislacao\/arquivos-legislacao\/Resolucoes%20e%20Pareceres%20sobre%20Cargas%20Horarias%20de%20Cursos%20de%20Graduacao.zip\" target=\"_blank\" rel=\"noopener\">Resolu\u00e7\u00f5es e Pareceres sobre Cargas Hor\u00e1rias de Cursos de Gradua\u00e7\u00e3o<\/a><br \/><a href=\"http:\/\/www.ufrgs.br\/sai\/legislacao\/arquivos-legislacao\/Res.%20CNE_CES%2002_2007-%20Carga%20Horaria%20e%20Duracao%20dos%20cursos%20de%20Bacharelado%20e%20Licenciatura.pdf\" target=\"_blank\" rel=\"noopener\">Res. CNE\/CES 02\/2007<\/a>\u00a0Carga Hor\u00e1ria e Dura\u00e7\u00e3o dos cursos de Bacharelado<\/div><div><a href=\"http:\/\/www.ufrgs.br\/sai\/legislacao\/arquivos-legislacao\/Res.%20CNE_CES%2004_2009%20_Carga%20Horaria%20e%20Duracao%20dos%20cursos%20da%20Saude.pdf\" target=\"_blank\" rel=\"noopener\">Res. CNE\/CES 04\/2009<\/a>\u00a0Carga Hor\u00e1ria e Dura\u00e7\u00e3o dos cursos da Sa\u00fade<\/div><div><a href=\"http:\/\/www.ufrgs.br\/sai\/legislacao\/arquivos-legislacao\/Res.%20CNE_CP%2002_2002%20-%20Carga%20Horaria%20e%20Duracao%20dos%20cursos%20de%20Licenciatura%20Plena.pdf\" target=\"_blank\" rel=\"noopener\">Res. CNE\/CP 02\/2002<\/a>\u00a0Carga Hor\u00e1ria e Dura\u00e7\u00e3o dos cursos de Licenciatura Plena<br \/><a href=\"http:\/\/www.ufrgs.br\/sai\/legislacao\/arquivos-legislacao\/DF%20No%205.296_2004%202013%20Acessibilidade.pdf\" target=\"_blank\" rel=\"noopener\">DF N\u00ba 5.296\/2004<\/a>\u00a0Acessibilidade<br \/><a href=\"http:\/\/www.ufrgs.br\/sai\/legislacao\/arquivos-legislacao\/DF%205.626_2005%202013%20LIBRAS.pdf\" target=\"_blank\" rel=\"noopener\">DF 5.626\/2005\u00a0<\/a>LIBRAS<br \/><a href=\"http:\/\/www.ufrgs.br\/sai\/legislacao\/arquivos-legislacao\/DF%20No%204.281_2002%202013%20Politica%20Nacional%20de%20Educacao%20Ambiental.pdf\" target=\"_blank\" rel=\"noopener\">DF N\u00ba 4.281\/2002<\/a>\u00a0Pol\u00edtica Nacional de Educa\u00e7\u00e3o Ambiental<br \/><a href=\"http:\/\/www.ufrgs.br\/sai\/legislacao\/arquivos-legislacao\/LF%209.795_1999%202013%20Politica%20Nacional%20de%20Educacao%20Ambiental.pdf\" target=\"_blank\" rel=\"noopener\">LF 9.795\/1999<\/a>\u00a0Pol\u00edtica Nacional de Educa\u00e7\u00e3o Ambiental<br \/><a href=\"http:\/\/www.ufrgs.br\/sai\/legislacao\/arquivos-legislacao\/PN%20MEC%2012_2006%202013%20Denominacao%20dos%20Cursos%20Superiores%20de%20Tecnologia%20-CST.pdf\" target=\"_blank\" rel=\"noopener\">PN MEC 12\/2006<\/a>\u00a0Denomina\u00e7\u00e3o dos Cursos Superiores de Tecnologia (CST)<br \/><a href=\"http:\/\/www.ufrgs.br\/sai\/legislacao\/arquivos-legislacao\/PN%20MEC%201.024_2006%20-%20Cursos%20Superiores%20de%20Tecnologia%20-CST.pdf\" target=\"_blank\" rel=\"noopener\">PN MEC 1.024\/2006<\/a>\u00a0Cursos Superiores de Tecnologia (CST)<br \/><a href=\"http:\/\/www.ufrgs.br\/sai\/legislacao\/arquivos-legislacao\/PN%20MEC%2010_2006%202013%20Catalogo%20dos%20Cursos%20Superiores%20de%20Tecnologia%20-CST.pdf\" target=\"_blank\" rel=\"noopener\">PN MEC 10\/2006<\/a>\u00a0Cat\u00e1logo dos Cursos Superiores de Tecnologia (CST)<\/div><div id=\"fb-root\" class=\" fb_reset\"><div><div>\u00a0<\/div><div>\u00a0<\/div><\/div><\/div><\/div><\/div>\t\t\t\t\t\t<\/div>\n\t\t\t\t<\/div>\n\t\t\t\t\t<\/div>\n\t\t<\/div>\n\t\t\t\t\t<\/div>\n\t\t<\/section>\n\t\t\t\t<\/div>\n\t\t","protected":false},"excerpt":{"rendered":"<p>Interna Estatuto UFSMRegimento Geral UFSMPDI UFSM &#8211; Plano de Desenvolvimento Institucional 2016 a 2026PDI UFSM &#8211; Plano de Desenvolvimento Institucional 2011 a 2015Projeto Pol\u00edtico Pedag\u00f3gico da UFSMResolu\u00e7\u00e3o n\u00ba 008 de 23\/09\/2004 (REVOGADA)\u00a0Resolu\u00e7\u00e3o n\u00ba 067 de 29\/11\/2021\u00a0(Resolu\u00e7\u00e3o e Regimento da CPA)\u00a0 Externa Legisla\u00e7\u00e3o Geral da Educa\u00e7\u00e3o Lei de Diretrizes e Bases da Educa\u00e7\u00e3o (1996)Plano Nacional de [&hellip;]<\/p>\n","protected":false},"author":118,"featured_media":0,"parent":0,"menu_order":0,"comment_status":"closed","ping_status":"closed","template":"","meta":{"footnotes":""},"categories":[],"tags":[],"class_list":["post-182","page","type-page","status-publish","hentry"],"acf":[],"_links":{"self":[{"href":"https:\/\/www.ufsm.br\/reitoria\/avaliacao\/wp-json\/wp\/v2\/pages\/182","targetHints":{"allow":["GET"]}}],"collection":[{"href":"https:\/\/www.ufsm.br\/reitoria\/avaliacao\/wp-json\/wp\/v2\/pages"}],"about":[{"href":"https:\/\/www.ufsm.br\/reitoria\/avaliacao\/wp-json\/wp\/v2\/types\/page"}],"author":[{"embeddable":true,"href":"https:\/\/www.ufsm.br\/reitoria\/avaliacao\/wp-json\/wp\/v2\/users\/118"}],"replies":[{"embeddable":true,"href":"https:\/\/www.ufsm.br\/reitoria\/avaliacao\/wp-json\/wp\/v2\/comments?post=182"}],"version-history":[{"count":0,"href":"https:\/\/www.ufsm.br\/reitoria\/avaliacao\/wp-json\/wp\/v2\/pages\/182\/revisions"}],"wp:attachment":[{"href":"https:\/\/www.ufsm.br\/reitoria\/avaliacao\/wp-json\/wp\/v2\/media?parent=182"}],"wp:term":[{"taxonomy":"category","embeddable":true,"href":"https:\/\/www.ufsm.br\/reitoria\/avaliacao\/wp-json\/wp\/v2\/categories?post=182"},{"taxonomy":"post_tag","embeddable":true,"href":"https:\/\/www.ufsm.br\/reitoria\/avaliacao\/wp-json\/wp\/v2\/tags?post=182"}],"curies":[{"name":"wp","href":"https:\/\/api.w.org\/{rel}","templated":true}]}}