{"id":633,"date":"2019-01-28T11:43:40","date_gmt":"2019-01-28T13:43:40","guid":{"rendered":"https:\/\/www.ufsm.br\/reitoria\/avaliacao\/?page_id=633"},"modified":"2023-06-16T11:41:34","modified_gmt":"2023-06-16T14:41:34","slug":"areas-avaliadas-pelo-enade-2018","status":"publish","type":"page","link":"https:\/\/www.ufsm.br\/reitoria\/avaliacao\/areas-avaliadas-pelo-enade-2018","title":{"rendered":"\u00c1reas Avaliadas pelo Enade"},"content":{"rendered":"\t\t<div data-elementor-type=\"wp-post\" data-elementor-id=\"633\" class=\"elementor elementor-633\">\n\t\t\t\t\t\t<section class=\"elementor-section elementor-top-section elementor-element elementor-element-203386c0 elementor-section-boxed elementor-section-height-default elementor-section-height-default\" data-id=\"203386c0\" data-element_type=\"section\">\n\t\t\t\t\t\t<div class=\"elementor-container elementor-column-gap-default\">\n\t\t\t\t\t<div class=\"elementor-column elementor-col-100 elementor-top-column elementor-element elementor-element-6cf94b9f\" data-id=\"6cf94b9f\" data-element_type=\"column\">\n\t\t\t<div class=\"elementor-widget-wrap elementor-element-populated\">\n\t\t\t\t\t\t<div class=\"elementor-element elementor-element-1c91ab86 elementor-widget elementor-widget-text-editor\" data-id=\"1c91ab86\" data-element_type=\"widget\" data-widget_type=\"text-editor.default\">\n\t\t\t\t<div class=\"elementor-widget-container\">\n\t\t\t\t\t\t\t<p><!-- wp:tadv\/classic-paragraph --><\/p>\n<div>\n<ul style=\"color: #000000;font-size: 16px\" type=\"disc\">\n<li style=\"color: black;line-height: normal;background-image: initial;background-position: initial;background-size: initial;background-attachment: initial\"><span style=\"font-weight: bold;font-family: arial, helvetica, sans-serif;font-size: 12pt\">ENADE 2021<\/span><\/li>\n<\/ul>\n<div>\n<div style=\"color: #000000;font-size: 16px\">\n<p><span style=\"font-family: arial, helvetica, sans-serif;font-size: 12pt\">Conforme a <a href=\"https:\/\/www.in.gov.br\/en\/web\/dou\/-\/portaria-n-494-de-8-de-julho-de-2021-330988556?fbclid=IwAR1ZaMEGCFQYbliePcohkYqTeT2GPevIKdCvHqb7eIXIssYHNCsU_P5xSgs\" target=\"_blank\" rel=\"noopener\">Portaria MEC n\u00ba 494 de 2021<\/a>, ser\u00e3o avaliados pelo Enade em 2021 os cursos vinculados as seguintes \u00e1reas:<\/span><\/p>\n<p><span style=\"font-size: 12pt;font-family: arial, helvetica, sans-serif\"><span style=\"color: #000000;font-weight: bold\">I &#8211; \u00e1reas relativas ao grau de licenciatura em:\u00a0<\/span><span style=\"color: red;text-align: justify\">Artes Visuais;\u00a0<\/span><span style=\"color: black;text-align: justify\">Ci\u00eancia\u00a0<\/span><span style=\"color: black;text-align: justify\">da\u00a0<\/span><span style=\"color: black;text-align: justify\">Computa\u00e7\u00e3o;\u00a0<\/span><span style=\"color: red;text-align: justify\">Ci\u00eancias Biol\u00f3gicas;\u00a0<\/span><span style=\"color: red;text-align: justify\">Ci\u00eancias\u00a0<\/span><span style=\"color: red;text-align: justify\">Sociais;\u00a0<\/span><span style=\"color: red;text-align: justify\">Educa\u00e7\u00e3o\u00a0<\/span><span style=\"color: red;text-align: justify\">F\u00edsica; Filosofia; F\u00edsica; Geografia; Hist\u00f3ria;\u00a0<\/span><span style=\"color: red;text-align: justify\">Letras &#8211;\u00a0<\/span><span style=\"color: red;text-align: justify\">Ingl\u00eas; Letras\u00a0<\/span><span style=\"color: red;text-align: justify\">&#8211;\u00a0<\/span><span style=\"color: red;text-align: justify\">Portugu\u00eas;\u00a0<\/span><span style=\"color: black;text-align: justify\">Letras\u00a0<\/span><span style=\"color: black;text-align: justify\">&#8211; Portugu\u00eas e\u00a0<\/span><span style=\"color: black;text-align: justify\">Espanhol; Letras\u00a0<\/span><span style=\"color: black;text-align: justify\">&#8211; Portugu\u00eas e\u00a0<\/span><span style=\"color: black;text-align: justify\">Ingl\u00eas<\/span><span style=\"color: red;text-align: justify\">; Matem\u00e1tica; M\u00fasica; Pedagogia<\/span>\u00a0<span style=\"color: red;text-align: justify\">e Qu\u00edmica.<\/span><\/span><\/p>\n<p><span style=\"font-size: 12pt;font-family: arial, helvetica, sans-serif\"><span style=\"font-weight: bolder\">II &#8211; \u00e1reas relativas ao grau de bacharel em:<\/span>\u00a0<span style=\"color: red;text-align: justify\">Ci\u00eancia da\u00a0<\/span><span style=\"color: red;text-align: justify\">Computa\u00e7\u00e3o;\u00a0<\/span><span style=\"color: red;text-align: justify\">Ci\u00eancias\u00a0<\/span><span style=\"color: red;text-align: justify\">Biol\u00f3gicas;\u00a0<\/span><span style=\"color: red;text-align: justify\">Ci\u00eancias\u00a0<\/span><span style=\"color: red;text-align: justify\">Sociais; Design; Educa\u00e7\u00e3o F\u00edsica; Filosofia; Geografia; Hist\u00f3ria; Qu\u00edmica e\u00a0<\/span><span style=\"color: red;text-align: justify\">Sistemas de Informa\u00e7\u00e3o.<\/span><\/span><\/p>\n<p><span style=\"font-size: 12pt;font-family: arial, helvetica, sans-serif\"><span style=\"font-weight: bolder;color: black\">III- \u00e1reas relativas ao grau de tecn\u00f3logo em:<\/span><span style=\"color: black\">\u00a0<\/span><span style=\"color: black;text-align: justify\">Tecnologia\u00a0<\/span><span style=\"color: black;text-align: justify\">em An\u00e1lise e Desenvolvimento de\u00a0<\/span><span style=\"color: black;text-align: justify\">Sistemas;\u00a0<\/span><span style=\"color: black;text-align: justify\">Tecnologia em Gest\u00e3o da Tecnologia da\u00a0<\/span><span style=\"color: black;text-align: justify\">Informa\u00e7\u00e3o\u00a0<\/span><span style=\"color: red;text-align: justify\">e\u00a0<\/span><span style=\"color: red;text-align: justify\">Tecnologia em Redes de Computadores.<\/span><\/span><\/p>\n<\/div>\n<div style=\"color: #000000;font-size: 16px\">\n<p><span style=\"font-weight: bold;color: black;font-size: 12pt;font-family: arial, helvetica, sans-serif\">O Enade de 2021 ir\u00e1 avaliar os cursos vinculados ao Ano II do ciclo avaliativo do SINAES, determinado pela Portaria Normativa MEC n\u00ba 840 de 2018. Os referidos cursos deveriam ter sido avaliados no ano de 2020, entretanto, devido a pandemia da Covid-19, a referida avalia\u00e7\u00e3o foi adiada para o ano de 2021.<\/span><\/p>\n<p><span style=\"font-family: arial, helvetica, sans-serif;font-size: 12pt\"><span style=\"font-weight: bold;color: black\">\u00a0<\/span><span style=\"color: black;font-weight: var( --e-global-typography-text-font-weight );text-align: var(--bs-body-text-align)\">\u00a0<\/span><\/span><\/p>\n<ul type=\"disc\">\n<li style=\"color: black;line-height: normal;background-image: initial;background-position: initial;background-size: initial;background-attachment: initial\"><span style=\"font-family: arial, helvetica, sans-serif;font-size: 12pt\"><b>ENADE 2022<\/b><\/span><\/li>\n<\/ul>\n<p style=\"text-align: justify;line-height: normal;background-image: initial;background-position: initial;background-size: initial;background-attachment: initial\"><span style=\"font-family: arial, helvetica, sans-serif;font-size: 12pt\"><span style=\"color: black;background-image: initial;background-position: initial;background-size: initial;background-attachment: initial\">Conforme a <a href=\"https:\/\/www.in.gov.br\/en\/web\/dou\/-\/portaria-n-41-de-20-de-janeiro-de-2022-375491313\" target=\"_blank\" rel=\"noopener\">Portaria MEC n\u00ba 41 de 2022<\/a>, ser\u00e3o avaliados pelo Enade em 2022 os cursos vinculados as seguintes \u00e1reas:<\/span><b><\/b><\/span><\/p>\n<p style=\"text-align: justify;line-height: normal;background-image: initial;background-position: initial;background-size: initial;background-attachment: initial\"><span style=\"font-family: arial, helvetica, sans-serif;color: black;font-size: 12pt\">Bacharelado nas \u00c1reas de Conhecimento Ci\u00eancias Sociais Aplicadas e \u00e1reas afins;<\/span><\/p>\n<p style=\"text-align: justify;line-height: normal;background-image: initial;background-position: initial;background-size: initial;background-attachment: initial\"><span style=\"font-family: arial, helvetica, sans-serif;color: black;font-size: 12pt\">Bacharelado nas \u00c1reas de Conhecimento Ci\u00eancias Humanas e \u00e1reas afins que n\u00e3o tenham cursos tamb\u00e9m avaliados no \u00e2mbito das licenciaturas;<\/span><\/p>\n<p style=\"text-align: justify;line-height: normal;background-image: initial;background-position: initial;background-size: initial;background-attachment: initial\"><span style=\"font-family: arial, helvetica, sans-serif;color: black;font-size: 12pt\">Cursos Superiores de Tecnologia nas \u00e1reas de Gest\u00e3o e Neg\u00f3cios, Apoio Escolar, Hospitalidade e Lazer, Produ\u00e7\u00e3o Cultural e Design.<\/span><\/p>\n<p style=\"text-align: justify;line-height: normal;background-image: initial;background-position: initial;background-size: initial;background-attachment: initial\"><span style=\"color: #1c1c1c;font-family: arial, helvetica, sans-serif;font-size: 12pt;font-weight: bold;text-align: var(--bs-body-text-align)\">\u00a0<\/span><\/p>\n<p style=\"text-align: justify;line-height: normal;background-image: initial;background-position: initial;background-size: initial;background-attachment: initial\"><span style=\"font-family: arial, helvetica, sans-serif;font-size: 18pt\"><span style=\"color: #1c1c1c;font-weight: bold;text-align: var(--bs-body-text-align)\">Programe-se!<\/span><span style=\"color: black\">\u00a0<\/span><\/span><\/p>\n<p>\u00a0<\/p>\n<ul type=\"disc\">\n<li style=\"color: black;text-align: justify;line-height: normal;background-image: initial;background-position: initial;background-size: initial;background-attachment: initial\"><span style=\"font-family: arial, helvetica, sans-serif;font-size: 12pt\"><b>ENADE 2023<\/b><\/span><\/li>\n<\/ul>\n<p style=\"text-align: justify;line-height: normal;background-image: initial;background-position: initial;background-size: initial;background-attachment: initial\"><span style=\"font-family: arial, helvetica, sans-serif;color: black;background-image: initial;background-position: initial;background-size: initial;background-attachment: initial;font-size: 12pt\">Conforme a <a href=\"https:\/\/www.in.gov.br\/en\/web\/dou\/-\/portaria-n-124-de-31-de-janeiro-de-2023-461476106\" target=\"_blank\" rel=\"noopener\">Portaria MEC n\u00ba 124 de 2023<\/a>, ser\u00e3o avaliados pelo Enade em 2023 os cursos vinculados as seguintes \u00e1reas<\/span><\/p>\n<p style=\"text-align: justify;line-height: normal;background-image: initial;background-position: initial;background-size: initial;background-attachment: initial\"><span style=\"font-size: 12pt;font-family: arial, helvetica, sans-serif;color: black\">Cursos de bacharelado nas \u00e1reas de conhecimento de Ci\u00eancias Agr\u00e1rias, Ci\u00eancias da Sa\u00fade e \u00e1reas afins;<\/span><\/p>\n<p style=\"text-align: justify;line-height: normal;background-image: initial;background-position: initial;background-size: initial;background-attachment: initial\"><span style=\"font-size: 12pt;font-family: arial, helvetica, sans-serif;color: black\">Cursos de bacharelado nas \u00e1reas de conhecimento de Engenharias e Arquitetura e Urbanismo;<\/span><\/p>\n<p style=\"text-align: justify;line-height: normal;background-image: initial;background-position: initial;background-size: initial;background-attachment: initial\"><span style=\"font-size: 12pt;font-family: arial, helvetica, sans-serif;color: black\">Cursos Superiores de Tecnologia nas \u00e1reas de Ambiente e Sa\u00fade, Produ\u00e7\u00e3o Aliment\u00edcia, Recursos Naturais, Militar e Seguran\u00e7a.<\/span><\/p>\n<p style=\"text-align: justify;line-height: normal;background-image: initial;background-position: initial;background-size: initial;background-attachment: initial\"><span style=\"font-size: 12pt;font-family: arial, helvetica, sans-serif;color: black\">\u00a0<\/span><\/p>\n<ul type=\"disc\">\n<li style=\"color: black;text-align: justify;line-height: normal;background-image: initial;background-position: initial;background-size: initial;background-attachment: initial\"><span style=\"font-family: arial, helvetica, sans-serif;font-size: 12pt\"><b>ENADE 2024*<\/b><\/span><\/li>\n<\/ul>\n<p style=\"text-align: justify;line-height: normal;background-image: initial;background-position: initial;background-size: initial;background-attachment: initial\"><span style=\"font-size: 12pt;font-family: arial, helvetica, sans-serif;color: black\">Cursos de bacharelado nas \u00e1reas de conhecimento de Ci\u00eancias Biol\u00f3gicas; Ci\u00eancias Exatas e da Terra; Lingu\u00edstica, Letras e Artes e \u00e1reas afins;<\/span><\/p>\n<p style=\"text-align: justify;line-height: normal;background-image: initial;background-position: initial;background-size: initial;background-attachment: initial\"><span style=\"font-size: 12pt;font-family: arial, helvetica, sans-serif;color: black\">Cursos de licenciatura nas \u00e1reas de conhecimento de Ci\u00eancias da Sa\u00fade; Ci\u00eancias Humanas; Ci\u00eancias Biol\u00f3gicas; Ci\u00eancias Exatas e da Terra; Lingu\u00edstica, Letras e Artes;<\/span><\/p>\n<p style=\"text-align: justify;line-height: normal;background-image: initial;background-position: initial;background-size: initial;background-attachment: initial\"><span style=\"font-size: 12pt;font-family: arial, helvetica, sans-serif;color: black\">Cursos de bacharelado nas \u00e1reas de conhecimento de Ci\u00eancias Humanas e Ci\u00eancias da Sa\u00fade, com cursos avaliados no \u00e2mbito das licenciaturas;<\/span><\/p>\n<p><span style=\"font-size: 12pt;line-height: 107%;font-family: arial, helvetica, sans-serif;color: black\">Cursos Superiores de Tecnologia nas \u00e1reas de Controle e Processos Industriais, Informa\u00e7\u00e3o e Comunica\u00e7\u00e3o, Infraestrutura e Produ\u00e7\u00e3o Industrial.<\/span><\/p>\n<p><span style=\"font-family: arial, helvetica, sans-serif\">*Previs\u00e3o<\/span><\/p>\n<\/div>\n<\/div>\n<\/div>\n<p><!-- \/wp:tadv\/classic-paragraph --><\/p>\t\t\t\t\t\t<\/div>\n\t\t\t\t<\/div>\n\t\t\t\t\t<\/div>\n\t\t<\/div>\n\t\t\t\t\t<\/div>\n\t\t<\/section>\n\t\t\t\t<\/div>\n\t\t","protected":false},"excerpt":{"rendered":"<p>ENADE 2021 Conforme a Portaria MEC n\u00ba 494 de 2021, ser\u00e3o avaliados pelo Enade em 2021 os cursos vinculados as seguintes \u00e1reas: I &#8211; \u00e1reas relativas ao grau de licenciatura em:\u00a0Artes Visuais;\u00a0Ci\u00eancia\u00a0da\u00a0Computa\u00e7\u00e3o;\u00a0Ci\u00eancias Biol\u00f3gicas;\u00a0Ci\u00eancias\u00a0Sociais;\u00a0Educa\u00e7\u00e3o\u00a0F\u00edsica; Filosofia; F\u00edsica; Geografia; Hist\u00f3ria;\u00a0Letras &#8211;\u00a0Ingl\u00eas; Letras\u00a0&#8211;\u00a0Portugu\u00eas;\u00a0Letras\u00a0&#8211; Portugu\u00eas e\u00a0Espanhol; Letras\u00a0&#8211; Portugu\u00eas e\u00a0Ingl\u00eas; Matem\u00e1tica; M\u00fasica; Pedagogia\u00a0e Qu\u00edmica. II &#8211; \u00e1reas relativas ao grau de [&hellip;]<\/p>\n","protected":false},"author":118,"featured_media":0,"parent":0,"menu_order":0,"comment_status":"closed","ping_status":"closed","template":"","meta":{"footnotes":""},"categories":[],"tags":[],"class_list":["post-633","page","type-page","status-publish","hentry"],"acf":[],"_links":{"self":[{"href":"https:\/\/www.ufsm.br\/reitoria\/avaliacao\/wp-json\/wp\/v2\/pages\/633","targetHints":{"allow":["GET"]}}],"collection":[{"href":"https:\/\/www.ufsm.br\/reitoria\/avaliacao\/wp-json\/wp\/v2\/pages"}],"about":[{"href":"https:\/\/www.ufsm.br\/reitoria\/avaliacao\/wp-json\/wp\/v2\/types\/page"}],"author":[{"embeddable":true,"href":"https:\/\/www.ufsm.br\/reitoria\/avaliacao\/wp-json\/wp\/v2\/users\/118"}],"replies":[{"embeddable":true,"href":"https:\/\/www.ufsm.br\/reitoria\/avaliacao\/wp-json\/wp\/v2\/comments?post=633"}],"version-history":[{"count":0,"href":"https:\/\/www.ufsm.br\/reitoria\/avaliacao\/wp-json\/wp\/v2\/pages\/633\/revisions"}],"wp:attachment":[{"href":"https:\/\/www.ufsm.br\/reitoria\/avaliacao\/wp-json\/wp\/v2\/media?parent=633"}],"wp:term":[{"taxonomy":"category","embeddable":true,"href":"https:\/\/www.ufsm.br\/reitoria\/avaliacao\/wp-json\/wp\/v2\/categories?post=633"},{"taxonomy":"post_tag","embeddable":true,"href":"https:\/\/www.ufsm.br\/reitoria\/avaliacao\/wp-json\/wp\/v2\/tags?post=633"}],"curies":[{"name":"wp","href":"https:\/\/api.w.org\/{rel}","templated":true}]}}