{"id":18,"date":"2025-05-30T10:45:31","date_gmt":"2025-05-30T13:45:31","guid":{"rendered":"https:\/\/www.ufsm.br\/reitoria\/cis\/?page_id=18"},"modified":"2025-08-22T16:05:20","modified_gmt":"2025-08-22T19:05:20","slug":"integrantes-cis","status":"publish","type":"page","link":"https:\/\/www.ufsm.br\/reitoria\/cis\/pagina-inicial\/integrantes-cis","title":{"rendered":"Integrantes da CIS"},"content":{"rendered":"\t\t<div data-elementor-type=\"wp-page\" data-elementor-id=\"18\" class=\"elementor elementor-18\">\n\t\t\t\t\t\t<section class=\"elementor-section elementor-top-section elementor-element elementor-element-da85595 elementor-section-boxed elementor-section-height-default elementor-section-height-default\" data-id=\"da85595\" data-element_type=\"section\">\n\t\t\t\t\t\t<div class=\"elementor-container elementor-column-gap-default\">\n\t\t\t\t\t<div class=\"elementor-column elementor-col-100 elementor-top-column elementor-element elementor-element-a5fa2b5\" data-id=\"a5fa2b5\" data-element_type=\"column\">\n\t\t\t<div class=\"elementor-widget-wrap elementor-element-populated\">\n\t\t\t\t\t\t<div class=\"elementor-element elementor-element-da0f00a elementor-widget elementor-widget-text-editor\" data-id=\"da0f00a\" data-element_type=\"widget\" data-widget_type=\"text-editor.default\">\n\t\t\t\t<div class=\"elementor-widget-container\">\n\t\t\t\t\t\t\t<p>A CIS-UFSM \u00e9 composta por cinco membros titulares, representantes dos t\u00e9cnicos-administrativos associados do PCCTAE. As elei\u00e7\u00f5es ocorrem com periodicidade trienal, e participam do pleito servidores ativos, aposentados e pensionistas.\u00a0<\/p><p>A comiss\u00e3o vigente foi designada conforme a Portaria de Pessoal da UFSM N. 2.883, de 27 de novembro de 2023.<\/p>\t\t\t\t\t\t<\/div>\n\t\t\t\t<\/div>\n\t\t\t\t\t<\/div>\n\t\t<\/div>\n\t\t\t\t\t<\/div>\n\t\t<\/section>\n\t\t\t\t<section class=\"elementor-section elementor-top-section elementor-element elementor-element-179ce93 elementor-section-boxed elementor-section-height-default elementor-section-height-default\" data-id=\"179ce93\" data-element_type=\"section\">\n\t\t\t\t\t\t<div class=\"elementor-container elementor-column-gap-default\">\n\t\t\t\t\t<div class=\"elementor-column elementor-col-100 elementor-top-column elementor-element elementor-element-30cbccc\" data-id=\"30cbccc\" data-element_type=\"column\">\n\t\t\t<div class=\"elementor-widget-wrap elementor-element-populated\">\n\t\t\t\t\t\t<div class=\"elementor-element elementor-element-e1b4c35 elementor-widget elementor-widget-text-editor\" data-id=\"e1b4c35\" data-element_type=\"widget\" data-widget_type=\"text-editor.default\">\n\t\t\t\t<div class=\"elementor-widget-container\">\n\t\t\t\t\t\t\t<p><strong>Titulares:<\/strong><\/p><p><span style=\"font-weight: 400\">Coordenadora: Sandra Elizabeth Ribas da Rocha, Siape 382327;<\/span><\/p><p><span style=\"font-weight: 400\">Ad\u00e3o Ant\u00f4nio Pillar Damasceno, Siape 53433;<\/span><\/p><p><span style=\"font-weight: 400\">Andr\u00e9 Alvarez Grohe Comim, Siape 1094985;<\/span><\/p><p><span style=\"font-weight: 400\">Eleuterio Jost, Siape 1094955;<\/span><\/p><p><span style=\"font-weight: 400\">Sonia Marisa Anhaia Molinari, Siape 381721.<\/span><\/p>\t\t\t\t\t\t<\/div>\n\t\t\t\t<\/div>\n\t\t\t\t\t<\/div>\n\t\t<\/div>\n\t\t\t\t\t<\/div>\n\t\t<\/section>\n\t\t\t\t<section class=\"elementor-section elementor-top-section elementor-element elementor-element-1e8de90 elementor-section-boxed elementor-section-height-default elementor-section-height-default\" data-id=\"1e8de90\" data-element_type=\"section\">\n\t\t\t\t\t\t<div class=\"elementor-container elementor-column-gap-default\">\n\t\t\t\t\t<div class=\"elementor-column elementor-col-100 elementor-top-column elementor-element elementor-element-d0c9d45\" data-id=\"d0c9d45\" data-element_type=\"column\">\n\t\t\t<div class=\"elementor-widget-wrap elementor-element-populated\">\n\t\t\t\t\t\t<div class=\"elementor-element elementor-element-0fdd4c9 elementor-widget elementor-widget-text-editor\" data-id=\"0fdd4c9\" data-element_type=\"widget\" data-widget_type=\"text-editor.default\">\n\t\t\t\t<div class=\"elementor-widget-container\">\n\t\t\t\t\t\t\t<p><strong>Suplentes:<\/strong><\/p><p><span style=\"font-weight: 400\">Angelita do Amaral Bezerra, Siape 1095604;<\/span><\/p><p><span style=\"font-weight: 400\">Cleonice de Fatima Siqueira da Silva, Siape 1363308;<\/span><\/p><p><span style=\"font-weight: 400\">Reni Fernandes da Silva, Siape 379927;<\/span><\/p><p><span style=\"font-weight: 400\">Solange Fatima de Oliveira Pahim, Siape 1584437.<\/span><\/p>\t\t\t\t\t\t<\/div>\n\t\t\t\t<\/div>\n\t\t\t\t\t<\/div>\n\t\t<\/div>\n\t\t\t\t\t<\/div>\n\t\t<\/section>\n\t\t\t\t<\/div>\n\t\t","protected":false},"excerpt":{"rendered":"<p>A CIS-UFSM \u00e9 composta por cinco membros titulares, representantes dos t\u00e9cnicos-administrativos associados do PCCTAE. As elei\u00e7\u00f5es ocorrem com periodicidade trienal, e participam do pleito servidores ativos, aposentados e pensionistas.\u00a0 A comiss\u00e3o vigente foi designada conforme a Portaria de Pessoal da UFSM N. 2.883, de 27 de novembro de 2023. Titulares: Coordenadora: Sandra Elizabeth Ribas da [&hellip;]<\/p>\n","protected":false},"author":8877,"featured_media":0,"parent":9,"menu_order":0,"comment_status":"closed","ping_status":"closed","template":"","meta":{"footnotes":""},"categories":[],"tags":[7,9,6],"class_list":["post-18","page","type-page","status-publish","hentry","tag-cis","tag-equipe","tag-taes"],"acf":[],"_links":{"self":[{"href":"https:\/\/www.ufsm.br\/reitoria\/cis\/wp-json\/wp\/v2\/pages\/18","targetHints":{"allow":["GET"]}}],"collection":[{"href":"https:\/\/www.ufsm.br\/reitoria\/cis\/wp-json\/wp\/v2\/pages"}],"about":[{"href":"https:\/\/www.ufsm.br\/reitoria\/cis\/wp-json\/wp\/v2\/types\/page"}],"author":[{"embeddable":true,"href":"https:\/\/www.ufsm.br\/reitoria\/cis\/wp-json\/wp\/v2\/users\/8877"}],"replies":[{"embeddable":true,"href":"https:\/\/www.ufsm.br\/reitoria\/cis\/wp-json\/wp\/v2\/comments?post=18"}],"version-history":[{"count":0,"href":"https:\/\/www.ufsm.br\/reitoria\/cis\/wp-json\/wp\/v2\/pages\/18\/revisions"}],"up":[{"embeddable":true,"href":"https:\/\/www.ufsm.br\/reitoria\/cis\/wp-json\/wp\/v2\/pages\/9"}],"wp:attachment":[{"href":"https:\/\/www.ufsm.br\/reitoria\/cis\/wp-json\/wp\/v2\/media?parent=18"}],"wp:term":[{"taxonomy":"category","embeddable":true,"href":"https:\/\/www.ufsm.br\/reitoria\/cis\/wp-json\/wp\/v2\/categories?post=18"},{"taxonomy":"post_tag","embeddable":true,"href":"https:\/\/www.ufsm.br\/reitoria\/cis\/wp-json\/wp\/v2\/tags?post=18"}],"curies":[{"name":"wp","href":"https:\/\/api.w.org\/{rel}","templated":true}]}}