{"id":22,"date":"2025-06-30T14:36:54","date_gmt":"2025-06-30T17:36:54","guid":{"rendered":"https:\/\/www.ufsm.br\/reitoria\/cis\/?page_id=22"},"modified":"2025-08-13T12:02:44","modified_gmt":"2025-08-13T15:02:44","slug":"legislacao-cis","status":"publish","type":"page","link":"https:\/\/www.ufsm.br\/reitoria\/cis\/pagina-inicial\/legislacao-cis","title":{"rendered":"Legisla\u00e7\u00e3o"},"content":{"rendered":"\t\t<div data-elementor-type=\"wp-page\" data-elementor-id=\"22\" class=\"elementor elementor-22\">\n\t\t\t\t\t\t<section class=\"elementor-section elementor-top-section elementor-element elementor-element-28448c3 elementor-section-boxed elementor-section-height-default elementor-section-height-default\" data-id=\"28448c3\" data-element_type=\"section\">\n\t\t\t\t\t\t<div class=\"elementor-container elementor-column-gap-default\">\n\t\t\t\t\t<div class=\"elementor-column elementor-col-100 elementor-top-column elementor-element elementor-element-e86c8dd\" data-id=\"e86c8dd\" data-element_type=\"column\">\n\t\t\t<div class=\"elementor-widget-wrap elementor-element-populated\">\n\t\t\t\t\t\t<div class=\"elementor-element elementor-element-1464495 elementor-widget elementor-widget-text-editor\" data-id=\"1464495\" data-element_type=\"widget\" data-widget_type=\"text-editor.default\">\n\t\t\t\t<div class=\"elementor-widget-container\">\n\t\t\t\t\t\t\t<p>Neste espa\u00e7o, disponibilizamos a legisla\u00e7\u00e3o vigente referente \u00e0 carreira dos t\u00e9cnico-administrativos em educa\u00e7\u00e3o, bem como manuais, normas e acordos complementares sobre o tema.<\/p>\t\t\t\t\t\t<\/div>\n\t\t\t\t<\/div>\n\t\t\t\t\t<\/div>\n\t\t<\/div>\n\t\t\t\t\t<\/div>\n\t\t<\/section>\n\t\t\t\t<section class=\"elementor-section elementor-top-section elementor-element elementor-element-582426e elementor-section-boxed elementor-section-height-default elementor-section-height-default\" data-id=\"582426e\" data-element_type=\"section\">\n\t\t\t\t\t\t<div class=\"elementor-container elementor-column-gap-default\">\n\t\t\t\t\t<div class=\"elementor-column elementor-col-100 elementor-top-column elementor-element elementor-element-b73197e\" data-id=\"b73197e\" data-element_type=\"column\">\n\t\t\t<div class=\"elementor-widget-wrap elementor-element-populated\">\n\t\t\t\t\t\t<div class=\"elementor-element elementor-element-aace6c7 elementor-widget elementor-widget-toggle\" data-id=\"aace6c7\" data-element_type=\"widget\" data-widget_type=\"toggle.default\">\n\t\t\t\t<div class=\"elementor-widget-container\">\n\t\t\t\t\t<div class=\"elementor-toggle\">\n\t\t\t\t\t\t\t<div class=\"elementor-toggle-item\">\n\t\t\t\t\t<div id=\"elementor-tab-title-1791\" class=\"elementor-tab-title\" data-tab=\"1\" role=\"button\" aria-controls=\"elementor-tab-content-1791\" aria-expanded=\"false\">\n\t\t\t\t\t\t\t\t\t\t\t\t<span class=\"elementor-toggle-icon elementor-toggle-icon-left\" aria-hidden=\"true\">\n\t\t\t\t\t\t\t\t\t\t\t\t\t\t\t<span class=\"elementor-toggle-icon-closed\"><i class=\"fas fa-caret-right\"><\/i><\/span>\n\t\t\t\t\t\t\t\t<span class=\"elementor-toggle-icon-opened\"><i class=\"elementor-toggle-icon-opened fas fa-caret-up\"><\/i><\/span>\n\t\t\t\t\t\t\t\t\t\t\t\t\t<\/span>\n\t\t\t\t\t\t\t\t\t\t\t\t<a class=\"elementor-toggle-title\" tabindex=\"0\">Leis<\/a>\n\t\t\t\t\t<\/div>\n\n\t\t\t\t\t<div id=\"elementor-tab-content-1791\" class=\"elementor-tab-content elementor-clearfix\" data-tab=\"1\" role=\"region\" aria-labelledby=\"elementor-tab-title-1791\"><p><a href=\"https:\/\/legislacao.presidencia.gov.br\/atos\/?tipo=LEI&amp;numero=11091&amp;ano=2005&amp;ato=125kXVE5EMRpWT081\" target=\"_blank\" rel=\"noopener\">LEI N\u00ba 11.091 DE 12 DE JANEIRO DE 2005<\/a>. &#8211; Estrutura\u00e7\u00e3o do PCCTAE em Institui\u00e7\u00f5es Federais de Ensino.<\/p><p><span style=\"font-weight: 400\"><a href=\"https:\/\/legislacao.presidencia.gov.br\/atos\/?tipo=LEI&amp;numero=12772&amp;ano=2012&amp;ato=a87c3Zq1kMVpWTcae\" target=\"_blank\" rel=\"noopener\">LEI N\u00ba 12.772 DE 28 DE DEZEMBRO DE 2012<\/a>. &#8211; Estrutura\u00e7\u00e3o do Plano de Carreiras e Cargos de Magist\u00e9rio Federal.<\/span><\/p><p><a href=\"https:\/\/legislacao.presidencia.gov.br\/atos\/?tipo=MPV&amp;numero=1286&amp;ano=2024&amp;ato=0d1ETQU1UNZpWT732\" target=\"_blank\" rel=\"noopener\">LEI N\u00ba 1.286 de 31 DE DEZEMBRO DE 2024.<\/a> &#8211; Medida Provis\u00f3ria.<\/p><p><a href=\"https:\/\/www.planalto.gov.br\/ccivil_03\/_ato2023-2026\/2025\/lei\/l15141.htm#:~:text=Cria%20a%20Carreira%20de%20Desenvolvimento,cargos%20em%20comiss%C3%A3o%2C%20de%20fun%C3%A7%C3%B5es\" target=\"_blank\" rel=\"noopener\">LEI N\u00ba 15.141, DE 2 DE JUNHO DE 2025<\/a>. &#8211; Convers\u00e3o da Medida Provis\u00f3ria em Lei.<\/p><\/div>\n\t\t\t\t<\/div>\n\t\t\t\t\t\t\t<div class=\"elementor-toggle-item\">\n\t\t\t\t\t<div id=\"elementor-tab-title-1792\" class=\"elementor-tab-title\" data-tab=\"2\" role=\"button\" aria-controls=\"elementor-tab-content-1792\" aria-expanded=\"false\">\n\t\t\t\t\t\t\t\t\t\t\t\t<span class=\"elementor-toggle-icon elementor-toggle-icon-left\" aria-hidden=\"true\">\n\t\t\t\t\t\t\t\t\t\t\t\t\t\t\t<span class=\"elementor-toggle-icon-closed\"><i class=\"fas fa-caret-right\"><\/i><\/span>\n\t\t\t\t\t\t\t\t<span class=\"elementor-toggle-icon-opened\"><i class=\"elementor-toggle-icon-opened fas fa-caret-up\"><\/i><\/span>\n\t\t\t\t\t\t\t\t\t\t\t\t\t<\/span>\n\t\t\t\t\t\t\t\t\t\t\t\t<a class=\"elementor-toggle-title\" tabindex=\"0\">Decretos<\/a>\n\t\t\t\t\t<\/div>\n\n\t\t\t\t\t<div id=\"elementor-tab-content-1792\" class=\"elementor-tab-content elementor-clearfix\" data-tab=\"2\" role=\"region\" aria-labelledby=\"elementor-tab-title-1792\"><p><a href=\"https:\/\/legislacao.presidencia.gov.br\/atos\/?tipo=DEC&amp;numero=5825&amp;ano=2006&amp;ato=3ack3aU50MRpWTfd2\" target=\"_blank\" rel=\"noopener\">DECRETO N\u00ba 5.825 DE 29 DE JUNHO DE 2006<\/a> &#8211; Estabelece as diretrizes para elabora\u00e7\u00e3o do Plano de Desenvolvimento dos Integrantes do Plano de Carreira dos Cargos T\u00e9cnico-Administrativos em Educa\u00e7\u00e3o, institu\u00eddo pela Lei N\u00ba 11.091, de 12 de janeiro de 2005.<\/p><\/div>\n\t\t\t\t<\/div>\n\t\t\t\t\t\t\t<div class=\"elementor-toggle-item\">\n\t\t\t\t\t<div id=\"elementor-tab-title-1793\" class=\"elementor-tab-title\" data-tab=\"3\" role=\"button\" aria-controls=\"elementor-tab-content-1793\" aria-expanded=\"false\">\n\t\t\t\t\t\t\t\t\t\t\t\t<span class=\"elementor-toggle-icon elementor-toggle-icon-left\" aria-hidden=\"true\">\n\t\t\t\t\t\t\t\t\t\t\t\t\t\t\t<span class=\"elementor-toggle-icon-closed\"><i class=\"fas fa-caret-right\"><\/i><\/span>\n\t\t\t\t\t\t\t\t<span class=\"elementor-toggle-icon-opened\"><i class=\"elementor-toggle-icon-opened fas fa-caret-up\"><\/i><\/span>\n\t\t\t\t\t\t\t\t\t\t\t\t\t<\/span>\n\t\t\t\t\t\t\t\t\t\t\t\t<a class=\"elementor-toggle-title\" tabindex=\"0\">Portarias<\/a>\n\t\t\t\t\t<\/div>\n\n\t\t\t\t\t<div id=\"elementor-tab-content-1793\" class=\"elementor-tab-content elementor-clearfix\" data-tab=\"3\" role=\"region\" aria-labelledby=\"elementor-tab-title-1793\"><p><a href=\"https:\/\/portal.mec.gov.br\/arquivos\/pdf\/canalcggp\/portarias\/pt15705.pdf\" target=\"_blank\" rel=\"noopener\">PORTARIA N\u00b0 157, 17\/01\/2005<\/a> &#8211; Define a cria\u00e7\u00e3o das comiss\u00f5es de enquadramento do Plano de Carreira das IFES.<\/p><p><a href=\"http:\/\/portal.mec.gov.br\/arquivos\/pdf\/canalcggp\/portarias\/pt251905.pdf\" target=\"_blank\" rel=\"noopener\">PORTARIA N\u00b0 2.519, DE 15 DE JULHO DE 2005<\/a> &#8211; Institui a Comiss\u00e3o Nacional de Supervis\u00e3o do Plano de Carreira dos Cargos T\u00e9cnico-administrativos em Educa\u00e7\u00e3o.<\/p><p><a href=\"https:\/\/portal.mec.gov.br\/arquivos\/pdf\/canalcggp\/portarias\/pt2562_2005.pdf\" target=\"_blank\" rel=\"noopener\">PORTARIA N\u00b0 2.562, DE 21 DE JULHO DE 2005<\/a> &#8211; Nova reda\u00e7\u00e3o \u00e0 Portaria N\u00b0 2.519.<\/p><p><a href=\"https:\/\/bibliotecadigital.economia.gov.br\/bitstream\/123456789\/532194\/1\/Portaria%20MGI%20N%C2%BA%205.127%2C%20DE%2013%20DE%20AGOSTO%20DE%202024%20-%20Portaria%20MGI%20N%C2%BA%205.127%2C%20DE%2013%20DE%20AGOSTO%20DE%202024%20-%20DOU%20-%20Imprensa%20Nacional.pdf\" target=\"_blank\" rel=\"noopener\">PORTARIA MGI N\u00b0 5.127, DE 13 DE AGOSTO DE 2024<\/a> &#8211; Estabelece diretrizes e crit\u00e9rios a serem observados pelos \u00f3rg\u00e3os e entidades integrantes do Sistema de Pessoal Civil da Administra\u00e7\u00e3o Federal &#8211; SIPEC.<\/p><p><a href=\"https:\/\/drive.google.com\/file\/d\/16odMRZdRJXLrGCzrAZSprlPFzhexpqFq\/view?usp=drive_link\" target=\"_blank\" rel=\"noopener\">PORTARIA DE PESSOAL UFSM N\u00b0 2.883, DE 27 DE NOVEMBRO DE 2023<\/a> &#8211; Designa servidores para comporem a Comiss\u00e3o Interna de Supervis\u00e3o do Plano de Carreira TAE.<\/p><\/div>\n\t\t\t\t<\/div>\n\t\t\t\t\t\t\t<div class=\"elementor-toggle-item\">\n\t\t\t\t\t<div id=\"elementor-tab-title-1794\" class=\"elementor-tab-title\" data-tab=\"4\" role=\"button\" aria-controls=\"elementor-tab-content-1794\" aria-expanded=\"false\">\n\t\t\t\t\t\t\t\t\t\t\t\t<span class=\"elementor-toggle-icon elementor-toggle-icon-left\" aria-hidden=\"true\">\n\t\t\t\t\t\t\t\t\t\t\t\t\t\t\t<span class=\"elementor-toggle-icon-closed\"><i class=\"fas fa-caret-right\"><\/i><\/span>\n\t\t\t\t\t\t\t\t<span class=\"elementor-toggle-icon-opened\"><i class=\"elementor-toggle-icon-opened fas fa-caret-up\"><\/i><\/span>\n\t\t\t\t\t\t\t\t\t\t\t\t\t<\/span>\n\t\t\t\t\t\t\t\t\t\t\t\t<a class=\"elementor-toggle-title\" tabindex=\"0\">Notas T\u00e9cnicas<\/a>\n\t\t\t\t\t<\/div>\n\n\t\t\t\t\t<div id=\"elementor-tab-content-1794\" class=\"elementor-tab-content elementor-clearfix\" data-tab=\"4\" role=\"region\" aria-labelledby=\"elementor-tab-title-1794\"><p><a href=\"https:\/\/drive.google.com\/file\/d\/1hwHZZHPOwzMin7E78NzEdTFBIDbRp0Gy\/view?usp=sharing\" target=\"_blank\" rel=\"noopener\">Nota T\u00e9cnica WAA\/SMA N\u00b0. 06\/2024<\/a><\/p><p><a href=\"https:\/\/drive.google.com\/file\/d\/1YuTimfjPuJ2J5N__V9R8Q85aW9weLvsK\/view?usp=sharing\" target=\"_blank\" rel=\"noopener\">Nota T\u00e9cnica SEI N\u00b0 35774\/2024\/MGI<\/a><\/p><\/div>\n\t\t\t\t<\/div>\n\t\t\t\t\t\t\t\t<\/div>\n\t\t\t\t<\/div>\n\t\t\t\t<\/div>\n\t\t\t\t\t<\/div>\n\t\t<\/div>\n\t\t\t\t\t<\/div>\n\t\t<\/section>\n\t\t\t\t<\/div>\n\t\t","protected":false},"excerpt":{"rendered":"<p>Neste espa\u00e7o, disponibilizamos a legisla\u00e7\u00e3o vigente referente \u00e0 carreira dos t\u00e9cnico-administrativos em educa\u00e7\u00e3o, bem como manuais, normas e acordos complementares sobre o tema. Leis LEI N\u00ba 11.091 DE 12 DE JANEIRO DE 2005. &#8211; Estrutura\u00e7\u00e3o do PCCTAE em Institui\u00e7\u00f5es Federais de Ensino. LEI N\u00ba 12.772 DE 28 DE DEZEMBRO DE 2012. &#8211; Estrutura\u00e7\u00e3o do Plano [&hellip;]<\/p>\n","protected":false},"author":8877,"featured_media":0,"parent":9,"menu_order":0,"comment_status":"closed","ping_status":"closed","template":"","meta":{"footnotes":""},"categories":[],"tags":[7,12,6],"class_list":["post-22","page","type-page","status-publish","hentry","tag-cis","tag-legislacao","tag-taes"],"acf":[],"_links":{"self":[{"href":"https:\/\/www.ufsm.br\/reitoria\/cis\/wp-json\/wp\/v2\/pages\/22","targetHints":{"allow":["GET"]}}],"collection":[{"href":"https:\/\/www.ufsm.br\/reitoria\/cis\/wp-json\/wp\/v2\/pages"}],"about":[{"href":"https:\/\/www.ufsm.br\/reitoria\/cis\/wp-json\/wp\/v2\/types\/page"}],"author":[{"embeddable":true,"href":"https:\/\/www.ufsm.br\/reitoria\/cis\/wp-json\/wp\/v2\/users\/8877"}],"replies":[{"embeddable":true,"href":"https:\/\/www.ufsm.br\/reitoria\/cis\/wp-json\/wp\/v2\/comments?post=22"}],"version-history":[{"count":0,"href":"https:\/\/www.ufsm.br\/reitoria\/cis\/wp-json\/wp\/v2\/pages\/22\/revisions"}],"up":[{"embeddable":true,"href":"https:\/\/www.ufsm.br\/reitoria\/cis\/wp-json\/wp\/v2\/pages\/9"}],"wp:attachment":[{"href":"https:\/\/www.ufsm.br\/reitoria\/cis\/wp-json\/wp\/v2\/media?parent=22"}],"wp:term":[{"taxonomy":"category","embeddable":true,"href":"https:\/\/www.ufsm.br\/reitoria\/cis\/wp-json\/wp\/v2\/categories?post=22"},{"taxonomy":"post_tag","embeddable":true,"href":"https:\/\/www.ufsm.br\/reitoria\/cis\/wp-json\/wp\/v2\/tags?post=22"}],"curies":[{"name":"wp","href":"https:\/\/api.w.org\/{rel}","templated":true}]}}