{"id":1284,"date":"2019-08-09T12:29:37","date_gmt":"2019-08-09T15:29:37","guid":{"rendered":"https:\/\/www.ufsm.br\/reitoria\/conselhos-superiores\/?page_id=1284"},"modified":"2026-04-01T10:41:01","modified_gmt":"2026-04-01T13:41:01","slug":"comissao-consu","status":"publish","type":"page","link":"https:\/\/www.ufsm.br\/reitoria\/conselhos-superiores\/comissao-consu","title":{"rendered":"Comiss\u00f5es CONSU"},"content":{"rendered":"\t\t<div data-elementor-type=\"wp-post\" data-elementor-id=\"1284\" class=\"elementor elementor-1284\">\n\t\t\t\t\t\t<section class=\"elementor-section elementor-top-section elementor-element elementor-element-dca3ed1 elementor-section-boxed elementor-section-height-default elementor-section-height-default\" data-id=\"dca3ed1\" data-element_type=\"section\">\n\t\t\t\t\t\t<div class=\"elementor-container elementor-column-gap-default\">\n\t\t\t\t\t<div class=\"elementor-column elementor-col-100 elementor-top-column elementor-element elementor-element-733149d\" data-id=\"733149d\" data-element_type=\"column\">\n\t\t\t<div class=\"elementor-widget-wrap elementor-element-populated\">\n\t\t\t\t\t\t<div class=\"elementor-element elementor-element-fe2236a elementor-widget elementor-widget-toggle\" data-id=\"fe2236a\" data-element_type=\"widget\" data-widget_type=\"toggle.default\">\n\t\t\t\t<div class=\"elementor-widget-container\">\n\t\t\t\t\t<div class=\"elementor-toggle\">\n\t\t\t\t\t\t\t<div class=\"elementor-toggle-item\">\n\t\t\t\t\t<div id=\"elementor-tab-title-2661\" class=\"elementor-tab-title\" data-tab=\"1\" role=\"button\" aria-controls=\"elementor-tab-content-2661\" aria-expanded=\"false\">\n\t\t\t\t\t\t\t\t\t\t\t\t<span class=\"elementor-toggle-icon elementor-toggle-icon-left\" aria-hidden=\"true\">\n\t\t\t\t\t\t\t\t\t\t\t\t\t\t\t<span class=\"elementor-toggle-icon-closed\"><i class=\"fas fa-caret-right\"><\/i><\/span>\n\t\t\t\t\t\t\t\t<span class=\"elementor-toggle-icon-opened\"><i class=\"elementor-toggle-icon-opened fas fa-caret-up\"><\/i><\/span>\n\t\t\t\t\t\t\t\t\t\t\t\t\t<\/span>\n\t\t\t\t\t\t\t\t\t\t\t\t<a class=\"elementor-toggle-title\" tabindex=\"0\">Comiss\u00e3o CLR<\/a>\n\t\t\t\t\t<\/div>\n\n\t\t\t\t\t<div id=\"elementor-tab-content-2661\" class=\"elementor-tab-content elementor-clearfix\" data-tab=\"1\" role=\"region\" aria-labelledby=\"elementor-tab-title-2661\"><table dir=\"ltr\" border=\"1\" cellspacing=\"0\" cellpadding=\"0\">\n<colgroup>\n<col width=\"279\">\n<col width=\"284\">\n<col width=\"117\"><\/colgroup>\n<tbody>\n<tr>\n<td colspan=\"1\" rowspan=\"2\" data-sheets-value=\"{&quot;1&quot;:2,&quot;2&quot;:&quot;NOME&quot;}\">\n<div>NOME<\/div>\n<\/td>\n<td colspan=\"1\" rowspan=\"2\" data-sheets-value=\"{&quot;1&quot;:2,&quot;2&quot;:&quot;REPRESENTANTE&quot;}\">\n<div>REPRESENTANTE<\/div>\n<\/td>\n<td colspan=\"1\" rowspan=\"2\" data-sheets-value=\"{&quot;1&quot;:2,&quot;2&quot;:&quot;PRESIDENTE&quot;}\">\n<div>PRESIDENTE<\/div>\n<\/td>\n<\/tr>\n<\/tbody>\n<\/table>\n<table dir=\"ltr\" border=\"1\" cellspacing=\"0\" cellpadding=\"0\">\n<colgroup>\n<col width=\"279\">\n<col width=\"284\">\n<col width=\"117\"><\/colgroup>\n<tbody>\n<tr>\n<td data-sheets-value=\"{&quot;1&quot;:2,&quot;2&quot;:&quot;ELISETE KRONBAUER&quot;}\" data-sheets-formula=\"=MANDATOS!R[21]C[-2]\">NAT\u00c1LIA SAN MARTIN DOS SANTOS<\/td>\n<td data-sheets-value=\"{&quot;1&quot;:2,&quot;2&quot;:&quot;T\u00e9cnico-Administrativos em Educa\u00e7\u00e3o&quot;}\" data-sheets-formula=\"=MANDATOS!R[21]C[-2]\">T\u00e9cnico-Administrativo em Educa\u00e7\u00e3o<\/td>\n<td>&nbsp;<\/td>\n<\/tr>\n<tr>\n<td data-sheets-value=\"{&quot;1&quot;:2,&quot;2&quot;:&quot;EDSON SIDNEY FIGUEIREDO&quot;}\" data-sheets-formula=\"=MANDATOS!R[54]C[-2]\">GIL ROBERTO COSTA NEGREIROS<\/td>\n<td data-sheets-value=\"{&quot;1&quot;:2,&quot;2&quot;:&quot;Docente&quot;}\">Docente<\/td>\n<td>&nbsp;<\/td>\n<\/tr>\n<tr>\n<td data-sheets-value=\"{&quot;1&quot;:2,&quot;2&quot;:&quot;RAFAEL LAZZARI&quot;}\" data-sheets-formula=\"=MANDATOS!R[87]C[-2]\">RICARDO HELI RONDINEL CORNEJO<\/td>\n<td data-sheets-value=\"{&quot;1&quot;:2,&quot;2&quot;:&quot;Docente&quot;}\">Docente<\/td>\n<td>&nbsp;<\/td>\n<\/tr>\n<tr>\n<td data-sheets-value=\"{&quot;1&quot;:2,&quot;2&quot;:&quot;TIAGO BANDEIRA MARCHESAN&quot;}\" data-sheets-formula=\"=MANDATOS!R[74]C[-2]\"><span style=\"font-size: 16px\">FREDERICO DINIZ LIMA<\/span><\/td>\n<td data-sheets-value=\"{&quot;1&quot;:2,&quot;2&quot;:&quot;Docente&quot;}\">Docente<\/td>\n<td><br><\/td>\n<\/tr>\n<tr>\n<td data-sheets-value=\"{&quot;1&quot;:2,&quot;2&quot;:&quot;GET\u00daLIO SILVA LEMOS&quot;}\" data-sheets-formula=\"=MANDATOS!R[99]C[-2]\">BIANCA BIGOLIN LISZBINSKI<\/td>\n<td data-sheets-value=\"{&quot;1&quot;:2,&quot;2&quot;:&quot;Docente&quot;}\">Docente<\/td>\n<td>&nbsp;<\/td>\n<\/tr>\n<tr>\n<td data-sheets-value=\"{&quot;1&quot;:2,&quot;2&quot;:&quot;REGIS FABIANO SANTOS DOS SANTOS&quot;}\" data-sheets-formula=\"=MANDATOS!R[20]C[-2]\"><span style=\"font-size: 16px\">GUILHERME ELWANGER<\/span><br><\/td>\n<td data-sheets-value=\"{&quot;1&quot;:2,&quot;2&quot;:&quot;T\u00e9cnico-Administrativos em Educa\u00e7\u00e3o&quot;}\" data-sheets-formula=\"=MANDATOS!R[26]C[-2]\">T\u00e9cnico-Administrativo em Educa\u00e7\u00e3o<\/td>\n<td>&nbsp;<\/td>\n<\/tr>\n<tr>\n<td data-sheets-value=\"{&quot;1&quot;:2,&quot;2&quot;:&quot;WANDERLEY DA COSTA VASCONCELLOS&quot;}\" data-sheets-formula=\"=MANDATOS!R[23]C[-2]\">VANESSA GIACOMELLI BRESSAN<\/td>\n<td data-sheets-value=\"{&quot;1&quot;:2,&quot;2&quot;:&quot;T\u00e9cnico-Administrativos em Educa\u00e7\u00e3o&quot;}\" data-sheets-formula=\"=MANDATOS!R[23]C[-2]\">T\u00e9cnico-Administrativo em Educa\u00e7\u00e3o<\/td>\n<td>&nbsp;<\/td>\n<\/tr>\n<tr>\n<td data-sheets-value=\"{&quot;1&quot;:2,&quot;2&quot;:&quot;ARCI DIRCEU WASTOWSKI&quot;}\" data-sheets-formula=\"=MANDATOS!R[76]C[-2]\">MARIA DENISE SCHIMITH<\/td>\n<td data-sheets-value=\"{&quot;1&quot;:2,&quot;2&quot;:&quot;Docente&quot;}\">Docente<\/td>\n<td><span style=\"font-size: 16px\">Presidente<\/span><\/td>\n<\/tr>\n<tr>\n<td data-sheets-value=\"{&quot;1&quot;:2,&quot;2&quot;:&quot;RODRIGO POLETTO&quot;}\" data-sheets-formula=\"=MANDATOS!R[101]C[-2]\">&#8211;<\/td>\n<td data-sheets-value=\"{&quot;1&quot;:2,&quot;2&quot;:&quot;Discente&quot;}\">Discente<\/td>\n<td>&nbsp;<\/td>\n<\/tr>\n<tr>\n<td data-sheets-value=\"{&quot;1&quot;:2,&quot;2&quot;:&quot;MARCELO FREITAS DA SILVA&quot;}\" data-sheets-formula=\"=MANDATOS!R[2]C[-2]\">EDSON SIDNEY FIGUEIREDO<\/td>\n<td data-sheets-value=\"{&quot;1&quot;:2,&quot;2&quot;:&quot;Docente&quot;}\">Docente<\/td>\n<td data-sheets-value=\"{&quot;1&quot;:2,&quot;2&quot;:&quot;PRESIDENTE\\nINTERINO&quot;}\"><br><\/td>\n<\/tr>\n<tr>\n<td data-sheets-value=\"{&quot;1&quot;:2,&quot;2&quot;:&quot;C\u00c9SAR GABRIEL DOS SANTOS&quot;}\" data-sheets-formula=\"=MANDATOS!R[89]C[-2]\"><span style=\"font-size: 16px\">MARTA VON ENDE<\/span><\/td>\n<td data-sheets-value=\"{&quot;1&quot;:2,&quot;2&quot;:&quot;Docente&quot;}\">Docente<\/td>\n<td><span style=\"font-size: 16px\">Presidente Interina<\/span><\/td>\n<\/tr>\n<tr>\n<td data-sheets-value=\"{&quot;1&quot;:2,&quot;2&quot;:&quot;ROG\u00c9RIO BRITTES DA SILVA&quot;}\" data-sheets-formula=\"=MANDATOS!R[84]C[-2]\">ANDERSON DAL MOLIN<\/td>\n<td data-sheets-value=\"{&quot;1&quot;:2,&quot;2&quot;:&quot;Docente&quot;}\">Docente<\/td>\n<td>&nbsp;<\/td>\n<\/tr>\n<tr>\n<td data-sheets-value=\"{&quot;1&quot;:2,&quot;2&quot;:&quot;-&quot;}\" data-sheets-formula=\"=MANDATOS!R[-5]C[-2]\">ALESSANDRO DAL&#8217;COL LUCIO<\/td>\n<td data-sheets-value=\"{&quot;1&quot;:2,&quot;2&quot;:&quot;Docente&quot;}\">Docente<\/td>\n<td>&nbsp;<\/td>\n<\/tr>\n<tr>\n<td data-sheets-value=\"{&quot;1&quot;:2,&quot;2&quot;:&quot;VALMIR AITA&quot;}\" data-sheets-formula=\"=MANDATOS!R[0]C[-2]\">FREDERICO DINIZ LIMA<\/td>\n<td data-sheets-value=\"{&quot;1&quot;:2,&quot;2&quot;:&quot;Docente&quot;}\">Docente<\/td>\n<td data-sheets-value=\"{&quot;1&quot;:2,&quot;2&quot;:&quot;PRESIDENTE&quot;}\"><br><\/td>\n<\/tr>\n<\/tbody>\n<\/table><\/div>\n\t\t\t\t<\/div>\n\t\t\t\t\t\t\t<div class=\"elementor-toggle-item\">\n\t\t\t\t\t<div id=\"elementor-tab-title-2662\" class=\"elementor-tab-title\" data-tab=\"2\" role=\"button\" aria-controls=\"elementor-tab-content-2662\" aria-expanded=\"false\">\n\t\t\t\t\t\t\t\t\t\t\t\t<span class=\"elementor-toggle-icon elementor-toggle-icon-left\" aria-hidden=\"true\">\n\t\t\t\t\t\t\t\t\t\t\t\t\t\t\t<span class=\"elementor-toggle-icon-closed\"><i class=\"fas fa-caret-right\"><\/i><\/span>\n\t\t\t\t\t\t\t\t<span class=\"elementor-toggle-icon-opened\"><i class=\"elementor-toggle-icon-opened fas fa-caret-up\"><\/i><\/span>\n\t\t\t\t\t\t\t\t\t\t\t\t\t<\/span>\n\t\t\t\t\t\t\t\t\t\t\t\t<a class=\"elementor-toggle-title\" tabindex=\"0\">Comiss\u00e3o CORP<\/a>\n\t\t\t\t\t<\/div>\n\n\t\t\t\t\t<div id=\"elementor-tab-content-2662\" class=\"elementor-tab-content elementor-clearfix\" data-tab=\"2\" role=\"region\" aria-labelledby=\"elementor-tab-title-2662\"><table dir=\"ltr\" border=\"1\" cellspacing=\"0\" cellpadding=\"0\">\n<colgroup>\n<col width=\"257\">\n<col width=\"250\">\n<col width=\"109\"><\/colgroup>\n<tbody>\n<tr>\n<td colspan=\"1\" rowspan=\"2\" data-sheets-value=\"{&quot;1&quot;:2,&quot;2&quot;:&quot;NOME&quot;}\">\n<div>NOME<\/div>\n<\/td>\n<td colspan=\"1\" rowspan=\"2\" data-sheets-value=\"{&quot;1&quot;:2,&quot;2&quot;:&quot;REPRESENTANTE&quot;}\">\n<div>REPRESENTANTE<\/div>\n<\/td>\n<td colspan=\"1\" rowspan=\"2\" data-sheets-value=\"{&quot;1&quot;:2,&quot;2&quot;:&quot;PRESID\u00caNCIA&quot;}\">\n<div>PRESID\u00caNCIA<\/div>\n<\/td>\n<\/tr>\n<\/tbody>\n<\/table>\n<table dir=\"ltr\" style=\"width: 100%\" border=\"1\" cellspacing=\"0\" cellpadding=\"0\">\n<colgroup>\n<col width=\"257\">\n<col width=\"250\">\n<col width=\"109\"><\/colgroup>\n<tbody>\n<tr>\n<td style=\"width: 39.0244%\" data-sheets-value=\"{&quot;1&quot;:2,&quot;2&quot;:&quot;S\u00d4NIA TEREZINHA ZANINI CECHIN&quot;}\" data-sheets-formula=\"=MANDATOS!R[53]C[-2]\">RICARDO HELI RONDINEL CORNEJO<\/td>\n<td style=\"width: 41.2892%\" data-sheets-value=\"{&quot;1&quot;:2,&quot;2&quot;:&quot;Docente&quot;}\">Docente<\/td>\n<td style=\"width: 19.338%\"><span style=\"font-size: 16px\">Presidente Interino<\/span><\/td>\n<\/tr>\n<tr>\n<td style=\"width: 39.0244%\" data-sheets-value=\"{&quot;1&quot;:2,&quot;2&quot;:&quot;BRUNO TRAESEL SCHREINER&quot;}\" data-sheets-formula=\"=MANDATOS!R[122]C[-2]\">&#8211;<\/td>\n<td style=\"width: 41.2892%\" data-sheets-value=\"{&quot;1&quot;:2,&quot;2&quot;:&quot;Discente&quot;}\">Discente<\/td>\n<td style=\"width: 19.338%\">&nbsp;<\/td>\n<\/tr>\n<tr>\n<td style=\"width: 39.0244%\" data-sheets-value=\"{&quot;1&quot;:2,&quot;2&quot;:&quot;MAURI LEODIR L\u00d6BLER&quot;}\" data-sheets-formula=\"=MANDATOS!R[69]C[-2]\">JEFERSON DE SOUZA FLORES<\/td>\n<td style=\"width: 41.2892%\" data-sheets-value=\"{&quot;1&quot;:2,&quot;2&quot;:&quot;Docente&quot;}\">Docente<\/td>\n<td style=\"width: 19.338%\" data-sheets-value=\"{&quot;1&quot;:2,&quot;2&quot;:&quot;Presidente&quot;}\"><br><\/td>\n<\/tr>\n<tr>\n<td style=\"width: 39.0244%\" data-sheets-value=\"{&quot;1&quot;:2,&quot;2&quot;:&quot;ROSAURA MARIA ALBUQUERQUE LE\u00c3O&quot;}\" data-sheets-formula=\"=MANDATOS!R[34]C[-2]\">FREDERICO DINIZ LIMA<\/td>\n<td style=\"width: 41.2892%\" data-sheets-value=\"{&quot;1&quot;:2,&quot;2&quot;:&quot;Docente&quot;}\">Docente<\/td>\n<td style=\"width: 19.338%\">&nbsp;<\/td>\n<\/tr>\n<tr>\n<td style=\"width: 39.0244%\" data-sheets-value=\"{&quot;1&quot;:2,&quot;2&quot;:&quot;DIANA DIAS SAMPAIO&quot;}\" data-sheets-formula=\"=MANDATOS!R[19]C[-2]\">ROSIMAR R\u00dcBENICH<\/td>\n<td style=\"width: 41.2892%\" data-sheets-value=\"{&quot;1&quot;:2,&quot;2&quot;:&quot;T\u00e9cnico Administrativo&quot;}\"><span style=\"font-size: 16px\">T\u00e9cnico-Administrativo em Educa\u00e7\u00e3o<\/span><br><\/td>\n<td style=\"width: 19.338%\">&nbsp;<\/td>\n<\/tr>\n<tr>\n<td style=\"width: 39.0244%\" data-sheets-value=\"{&quot;1&quot;:2,&quot;2&quot;:&quot;ANE CARINE MEURER&quot;}\" data-sheets-formula=\"=MANDATOS!R[36]C[-2]\">ROSALVO LUIZ SAWITSKI<\/td>\n<td style=\"width: 41.2892%\" data-sheets-value=\"{&quot;1&quot;:2,&quot;2&quot;:&quot;Docente&quot;}\">Docente<\/td>\n<td style=\"width: 19.338%\"><br><\/td>\n<\/tr>\n<tr>\n<td style=\"width: 39.0244%\" data-sheets-value=\"{&quot;1&quot;:2,&quot;2&quot;:&quot;JOS\u00c9 EDSON PAZ DA SILVA&quot;}\" data-sheets-formula=\"=MANDATOS!R[59]C[-2]\">SHEILA KOCOUREK<\/td>\n<td style=\"width: 41.2892%\" data-sheets-value=\"{&quot;1&quot;:2,&quot;2&quot;:&quot;Docente&quot;}\">Docente<\/td>\n<td style=\"width: 19.338%\"><br><\/td>\n<\/tr>\n<\/tbody>\n<\/table><\/div>\n\t\t\t\t<\/div>\n\t\t\t\t\t\t\t\t<\/div>\n\t\t\t\t<\/div>\n\t\t\t\t<\/div>\n\t\t\t\t\t<\/div>\n\t\t<\/div>\n\t\t\t\t\t<\/div>\n\t\t<\/section>\n\t\t\t\t<\/div>\n\t\t","protected":false},"excerpt":{"rendered":"<p>Comiss\u00e3o CLR NOME REPRESENTANTE PRESIDENTE NAT\u00c1LIA SAN MARTIN DOS SANTOS T\u00e9cnico-Administrativo em Educa\u00e7\u00e3o &nbsp; GIL ROBERTO COSTA NEGREIROS Docente &nbsp; RICARDO HELI RONDINEL CORNEJO Docente &nbsp; FREDERICO DINIZ LIMA Docente BIANCA BIGOLIN LISZBINSKI Docente &nbsp; GUILHERME ELWANGER T\u00e9cnico-Administrativo em Educa\u00e7\u00e3o &nbsp; VANESSA GIACOMELLI BRESSAN T\u00e9cnico-Administrativo em Educa\u00e7\u00e3o &nbsp; MARIA DENISE SCHIMITH Docente Presidente &#8211; Discente [&hellip;]<\/p>\n","protected":false},"author":46,"featured_media":0,"parent":0,"menu_order":0,"comment_status":"closed","ping_status":"closed","template":"","meta":{"footnotes":""},"categories":[],"tags":[],"class_list":["post-1284","page","type-page","status-publish","hentry"],"acf":[],"_links":{"self":[{"href":"https:\/\/www.ufsm.br\/reitoria\/conselhos-superiores\/wp-json\/wp\/v2\/pages\/1284","targetHints":{"allow":["GET"]}}],"collection":[{"href":"https:\/\/www.ufsm.br\/reitoria\/conselhos-superiores\/wp-json\/wp\/v2\/pages"}],"about":[{"href":"https:\/\/www.ufsm.br\/reitoria\/conselhos-superiores\/wp-json\/wp\/v2\/types\/page"}],"author":[{"embeddable":true,"href":"https:\/\/www.ufsm.br\/reitoria\/conselhos-superiores\/wp-json\/wp\/v2\/users\/46"}],"replies":[{"embeddable":true,"href":"https:\/\/www.ufsm.br\/reitoria\/conselhos-superiores\/wp-json\/wp\/v2\/comments?post=1284"}],"version-history":[{"count":0,"href":"https:\/\/www.ufsm.br\/reitoria\/conselhos-superiores\/wp-json\/wp\/v2\/pages\/1284\/revisions"}],"wp:attachment":[{"href":"https:\/\/www.ufsm.br\/reitoria\/conselhos-superiores\/wp-json\/wp\/v2\/media?parent=1284"}],"wp:term":[{"taxonomy":"category","embeddable":true,"href":"https:\/\/www.ufsm.br\/reitoria\/conselhos-superiores\/wp-json\/wp\/v2\/categories?post=1284"},{"taxonomy":"post_tag","embeddable":true,"href":"https:\/\/www.ufsm.br\/reitoria\/conselhos-superiores\/wp-json\/wp\/v2\/tags?post=1284"}],"curies":[{"name":"wp","href":"https:\/\/api.w.org\/{rel}","templated":true}]}}