{"id":1286,"date":"2019-08-09T12:30:47","date_gmt":"2019-08-09T15:30:47","guid":{"rendered":"https:\/\/www.ufsm.br\/reitoria\/conselhos-superiores\/?page_id=1286"},"modified":"2026-04-01T10:38:18","modified_gmt":"2026-04-01T13:38:18","slug":"comissao-cepe","status":"publish","type":"page","link":"https:\/\/www.ufsm.br\/reitoria\/conselhos-superiores\/comissao-cepe","title":{"rendered":"Comiss\u00f5es CEPE"},"content":{"rendered":"\t\t<div data-elementor-type=\"wp-post\" data-elementor-id=\"1286\" class=\"elementor elementor-1286\">\n\t\t\t\t\t\t<section class=\"elementor-section elementor-top-section elementor-element elementor-element-696ba581 elementor-section-boxed elementor-section-height-default elementor-section-height-default\" data-id=\"696ba581\" data-element_type=\"section\">\n\t\t\t\t\t\t<div class=\"elementor-container elementor-column-gap-default\">\n\t\t\t\t\t<div class=\"elementor-column elementor-col-100 elementor-top-column elementor-element elementor-element-13c1e1eb\" data-id=\"13c1e1eb\" data-element_type=\"column\">\n\t\t\t<div class=\"elementor-widget-wrap elementor-element-populated\">\n\t\t\t\t\t\t<div class=\"elementor-element elementor-element-7588929e elementor-widget elementor-widget-text-editor\" data-id=\"7588929e\" data-element_type=\"widget\" data-widget_type=\"text-editor.default\">\n\t\t\t\t<div class=\"elementor-widget-container\">\n\t\t\t\t\t\t\t<!-- wp:tadv\/classic-paragraph \/-->\t\t\t\t\t\t<\/div>\n\t\t\t\t<\/div>\n\t\t\t\t<div class=\"elementor-element elementor-element-3ca6832 elementor-widget elementor-widget-toggle\" data-id=\"3ca6832\" data-element_type=\"widget\" data-widget_type=\"toggle.default\">\n\t\t\t\t<div class=\"elementor-widget-container\">\n\t\t\t\t\t<div class=\"elementor-toggle\">\n\t\t\t\t\t\t\t<div class=\"elementor-toggle-item\">\n\t\t\t\t\t<div id=\"elementor-tab-title-6351\" class=\"elementor-tab-title\" data-tab=\"1\" role=\"button\" aria-controls=\"elementor-tab-content-6351\" aria-expanded=\"false\">\n\t\t\t\t\t\t\t\t\t\t\t\t<span class=\"elementor-toggle-icon elementor-toggle-icon-left\" aria-hidden=\"true\">\n\t\t\t\t\t\t\t\t\t\t\t\t\t\t\t<span class=\"elementor-toggle-icon-closed\"><i class=\"fas fa-caret-right\"><\/i><\/span>\n\t\t\t\t\t\t\t\t<span class=\"elementor-toggle-icon-opened\"><i class=\"elementor-toggle-icon-opened fas fa-caret-up\"><\/i><\/span>\n\t\t\t\t\t\t\t\t\t\t\t\t\t<\/span>\n\t\t\t\t\t\t\t\t\t\t\t\t<a class=\"elementor-toggle-title\" tabindex=\"0\">COMEPE<\/a>\n\t\t\t\t\t<\/div>\n\n\t\t\t\t\t<div id=\"elementor-tab-content-6351\" class=\"elementor-tab-content elementor-clearfix\" data-tab=\"1\" role=\"region\" aria-labelledby=\"elementor-tab-title-6351\"><table dir=\"ltr\" border=\"1\" cellspacing=\"0\" cellpadding=\"0\">\n<colgroup>\n<col width=\"247\">\n<col width=\"284\">\n<col width=\"117\"><\/colgroup>\n<tbody>\n<tr>\n<td colspan=\"1\" rowspan=\"2\" data-sheets-value=\"{&quot;1&quot;:2,&quot;2&quot;:&quot;NOME&quot;}\">\n<div>NOME<\/div>\n<\/td>\n<td colspan=\"1\" rowspan=\"2\" data-sheets-value=\"{&quot;1&quot;:2,&quot;2&quot;:&quot;REPRESENTANTE&quot;}\">\n<div>REPRESENTANTE<\/div>\n<\/td>\n<td colspan=\"1\" rowspan=\"2\" data-sheets-value=\"{&quot;1&quot;:2,&quot;2&quot;:&quot;PRESIDENTE&quot;}\">\n<div>PRESIDENTE<\/div>\n<\/td>\n<\/tr>\n<\/tbody>\n<\/table>\n<table dir=\"ltr\" border=\"1\" cellspacing=\"0\" cellpadding=\"0\">\n<colgroup>\n<col width=\"247\">\n<col width=\"284\">\n<col width=\"117\"><\/colgroup>\n<tbody>\n<tr>\n<td data-sheets-value=\"{&quot;1&quot;:2,&quot;2&quot;:&quot;ANT\u00d4NIO MARCOS VARGAS DA SILVA&quot;}\" data-sheets-formula=\"=MANDATOS!R[67]C[-2]\">DENISE TERESINHA ANTONELLI DA VEIGA<\/td>\n<td data-sheets-value=\"{&quot;1&quot;:2,&quot;2&quot;:&quot;Centro de Ci\u00eancias da Sa\u00fade&quot;}\" data-sheets-formula=\"=MANDATOS!R[67]C[-2]\">Centro de Ci\u00eancias da Sa\u00fade<\/td>\n<td data-sheets-value=\"{&quot;1&quot;:2,&quot;2&quot;:&quot;Presidente&quot;}\">&nbsp;<\/td>\n<\/tr>\n<tr>\n<td data-sheets-value=\"{&quot;1&quot;:2,&quot;2&quot;:&quot;GABRIEL IVAN PRANKE&quot;}\" data-sheets-formula=\"=MANDATOS!R[46]C[-2]\">F\u00c1BIO JUNER LANFERDINI<\/td>\n<td data-sheets-value=\"{&quot;1&quot;:2,&quot;2&quot;:&quot;Centro de Educa\u00e7\u00e3o F\u00edsica e Desportos&quot;}\" data-sheets-formula=\"=MANDATOS!R[46]C[-2]\">Centro de Educa\u00e7\u00e3o F\u00edsica e Desportos<\/td>\n<td>&nbsp;<\/td>\n<\/tr>\n<tr>\n<td data-sheets-value=\"{&quot;1&quot;:2,&quot;2&quot;:&quot;ANDREIA MACHADO OLIVEIRA&quot;}\" data-sheets-formula=\"=MANDATOS!R[33]C[-2]\">&#8211;<\/td>\n<td data-sheets-value=\"{&quot;1&quot;:2,&quot;2&quot;:&quot;Centro de Artes e Letras&quot;}\" data-sheets-formula=\"=MANDATOS!R[33]C[-2]\">Centro de Artes e Letras<\/td>\n<td>&nbsp;<\/td>\n<\/tr>\n<tr>\n<td data-sheets-value=\"{&quot;1&quot;:2,&quot;2&quot;:&quot;ROM\u00c1RIO TRENTIN&quot;}\" data-sheets-formula=\"=MANDATOS!R[50]C[-2]\">CARMEN VIEIRA MATHIAS<\/td>\n<td data-sheets-value=\"{&quot;1&quot;:2,&quot;2&quot;:&quot;Centro de Ci\u00eancias Naturais e Exatas&quot;}\" data-sheets-formula=\"=MANDATOS!R[50]C[-2]\">Centro de Ci\u00eancias Naturais e Exatas<\/td>\n<td><br><\/td>\n<\/tr>\n<tr>\n<td data-sheets-value=\"{&quot;1&quot;:2,&quot;2&quot;:&quot;DANIEL PINHEIRO BERNARDON&quot;}\" data-sheets-formula=\"=MANDATOS!R[75]C[-2]\">&#8211;<\/td>\n<td data-sheets-value=\"{&quot;1&quot;:2,&quot;2&quot;:&quot;Centro de Tecnologia&quot;}\" data-sheets-formula=\"=MANDATOS!R[75]C[-2]\">Centro de Tecnologia<\/td>\n<td>&nbsp;<\/td>\n<\/tr>\n<tr>\n<td data-sheets-value=\"{&quot;1&quot;:2,&quot;2&quot;:&quot;ANA GABRIELA DE FREITAS SACCOL&quot;}\" data-sheets-formula=\"=MANDATOS!R[54]C[-2]\">M\u00c1RCIA ALVES DE MEDEIROS GORODICHT<\/td>\n<td data-sheets-value=\"{&quot;1&quot;:2,&quot;2&quot;:&quot;Centro de Ci\u00eancias Rurais&quot;}\" data-sheets-formula=\"=MANDATOS!R[54]C[-2]\">Centro de Ci\u00eancias Rurais<\/td>\n<td>&nbsp;<\/td>\n<\/tr>\n<tr>\n<td data-sheets-value=\"{&quot;1&quot;:2,&quot;2&quot;:&quot;ROSANE CARNEIRO SARTURI&quot;}\" data-sheets-formula=\"=MANDATOS!R[35]C[-2]\">FABIANE ROMANO DE SOUZA BRIDI<\/td>\n<td data-sheets-value=\"{&quot;1&quot;:2,&quot;2&quot;:&quot;Centro de Educa\u00e7\u00e3o&quot;}\" data-sheets-formula=\"=MANDATOS!R[35]C[-2]\">Centro de Educa\u00e7\u00e3o<\/td>\n<td>&nbsp;<\/td>\n<\/tr>\n<tr>\n<td data-sheets-value=\"{&quot;1&quot;:2,&quot;2&quot;:&quot;NEY IZAGUIRRY DE FREITAS JUNIOR&quot;}\" data-sheets-formula=\"=MANDATOS!R[66]C[-2]\">IVO ELESB\u00c3O<\/td>\n<td data-sheets-value=\"{&quot;1&quot;:2,&quot;2&quot;:&quot;Centro de Ci\u00eancias Sociais e Humanas&quot;}\" data-sheets-formula=\"=MANDATOS!R[66]C[-2]\">Centro de Ci\u00eancias Sociais e Humanas<\/td>\n<td data-sheets-value=\"{&quot;1&quot;:2,&quot;2&quot;:&quot;Presidente Interino&quot;}\">&nbsp;<\/td>\n<\/tr>\n<tr>\n<td data-sheets-value=\"{&quot;1&quot;:2,&quot;2&quot;:&quot;CARLOS HEITOR CUNHA MOREIRA&quot;}\">CLAYTON HILLIG<\/td>\n<td data-sheets-value=\"{&quot;1&quot;:2,&quot;2&quot;:&quot;Representante de Classe Docente&quot;}\">Representante de Classe Docente<\/td>\n<td><span style=\"font-size: 16px\">Presidente Interino<\/span><\/td>\n<\/tr>\n<tr>\n<td data-sheets-value=\"{&quot;1&quot;:2,&quot;2&quot;:&quot;-&quot;}\">&#8211;<\/td>\n<td data-sheets-value=\"{&quot;1&quot;:2,&quot;2&quot;:&quot;-&quot;}\">DCE<\/td>\n<td>&nbsp;<\/td>\n<\/tr>\n<tr>\n<td data-sheets-value=\"{&quot;1&quot;:2,&quot;2&quot;:&quot;-&quot;}\">CLAUDIO RENATO SCHLESSNER KELLING<\/td>\n<td data-sheets-value=\"{&quot;1&quot;:2,&quot;2&quot;:&quot;-&quot;}\">Ensino B\u00e1sico, T\u00e9cnico e Tecnol\u00f3gico<\/td>\n<td>&nbsp;<\/td>\n<\/tr>\n<tr>\n<td data-sheets-value=\"{&quot;1&quot;:2,&quot;2&quot;:&quot;ELIANE PEREIRA DOS SANTOS&quot;}\" data-sheets-formula=\"=MANDATOS!R[70]C[-2]\">WILLIAN FERNANDO DE BORBA<\/td>\n<td data-sheets-value=\"{&quot;1&quot;:2,&quot;2&quot;:&quot;Campus da UFSM em Frederico Westphalen&quot;}\" data-sheets-formula=\"=MANDATOS!R[70]C[-2]\">Campus da UFSM em Frederico Westphalen<\/td>\n<td>&nbsp;<\/td>\n<\/tr>\n<tr>\n<td data-sheets-value=\"{&quot;1&quot;:2,&quot;2&quot;:&quot;NILSON LUIZ COSTA&quot;}\" data-sheets-formula=\"=MANDATOS!R[75]C[-2]\">LUIZ EDUARDO AVELAR PUCCI<\/td>\n<td data-sheets-value=\"{&quot;1&quot;:2,&quot;2&quot;:&quot;Campus da UFSM em Palmeira das Miss\u00f5es&quot;}\" data-sheets-formula=\"=MANDATOS!R[75]C[-2]\">Campus da UFSM em Palmeira das Miss\u00f5es<\/td>\n<td>&nbsp;Presidente<\/td>\n<\/tr>\n<tr>\n<td data-sheets-value=\"{&quot;1&quot;:2,&quot;2&quot;:&quot;RENATA VENTURINI ZAMPIERI&quot;}\" data-sheets-formula=\"=MANDATOS!R[82]C[-2]\"><span style=\"font-size: 16px\">D\u00c9BORA GREGOLETTO<\/span><\/td>\n<td data-sheets-value=\"{&quot;1&quot;:2,&quot;2&quot;:&quot;Campus da UFSM em Cachoeira do Sul&quot;}\" data-sheets-formula=\"=MANDATOS!R[82]C[-2]\">Campus da UFSM em Cachoeira do Sul<\/td>\n<td>&nbsp;<\/td>\n<\/tr>\n<tr>\n<td data-sheets-value=\"{&quot;1&quot;:2,&quot;2&quot;:&quot;GL\u00c9CE KURZAWA C\u00d3SER&quot;}\" data-sheets-formula=\"=MANDATOS!R[3]C[-2]\">&#8211;<\/td>\n<td data-sheets-value=\"{&quot;1&quot;:2,&quot;2&quot;:&quot;T\u00e9cnico-Administrativos em Educa\u00e7\u00e3o&quot;}\" data-sheets-formula=\"=MANDATOS!R[3]C[-2]\">T\u00e9cnico-Administrativos em Educa\u00e7\u00e3o<\/td>\n<td>&nbsp;<\/td>\n<\/tr>\n<\/tbody>\n<\/table><\/div>\n\t\t\t\t<\/div>\n\t\t\t\t\t\t\t<div class=\"elementor-toggle-item\">\n\t\t\t\t\t<div id=\"elementor-tab-title-6352\" class=\"elementor-tab-title\" data-tab=\"2\" role=\"button\" aria-controls=\"elementor-tab-content-6352\" aria-expanded=\"false\">\n\t\t\t\t\t\t\t\t\t\t\t\t<span class=\"elementor-toggle-icon elementor-toggle-icon-left\" aria-hidden=\"true\">\n\t\t\t\t\t\t\t\t\t\t\t\t\t\t\t<span class=\"elementor-toggle-icon-closed\"><i class=\"fas fa-caret-right\"><\/i><\/span>\n\t\t\t\t\t\t\t\t<span class=\"elementor-toggle-icon-opened\"><i class=\"elementor-toggle-icon-opened fas fa-caret-up\"><\/i><\/span>\n\t\t\t\t\t\t\t\t\t\t\t\t\t<\/span>\n\t\t\t\t\t\t\t\t\t\t\t\t<a class=\"elementor-toggle-title\" tabindex=\"0\">CLN<\/a>\n\t\t\t\t\t<\/div>\n\n\t\t\t\t\t<div id=\"elementor-tab-content-6352\" class=\"elementor-tab-content elementor-clearfix\" data-tab=\"2\" role=\"region\" aria-labelledby=\"elementor-tab-title-6352\"><table dir=\"ltr\" border=\"1\" cellspacing=\"0\" cellpadding=\"0\">\n<colgroup>\n<col width=\"238\">\n<col width=\"156\">\n<col width=\"117\"><\/colgroup>\n<tbody>\n<tr>\n<td colspan=\"1\" rowspan=\"2\" data-sheets-value=\"{\">\n<div>NOME<\/div>\n<\/td>\n<td colspan=\"1\" rowspan=\"2\" data-sheets-value=\"{\">\n<div>REPRESENTANTE<\/div>\n<\/td>\n<td colspan=\"1\" rowspan=\"2\" data-sheets-value=\"{\">\n<div>PRESIDENTE<\/div>\n<\/td>\n<\/tr>\n<\/tbody>\n<\/table>\n<table dir=\"ltr\" border=\"1\" cellspacing=\"0\" cellpadding=\"0\">\n<colgroup>\n<col width=\"238\">\n<col width=\"156\">\n<col width=\"117\"><\/colgroup>\n<tbody>\n<tr>\n<td data-sheets-value=\"{\">LA\u00cdS MARA CAETANO DA SILVA<\/td>\n<td data-sheets-value=\"{\" data-sheets-formula=\"=MANDATOS!R[65]C[-2]\">Centro de Ci\u00eancias da Sa\u00fade<\/td>\n<td>&nbsp;<\/td>\n<\/tr>\n<tr>\n<td data-sheets-value=\"{\" data-sheets-formula=\"=MANDATOS!R[74]C[-2]\"><span style=\"font-size: 16px\">JO\u00c3O FRANCISCO CARLEXO HORN<\/span><\/td>\n<td data-sheets-value=\"{\" data-sheets-formula=\"=MANDATOS!R[74]C[-2]\">Centro de Tecnologia<\/td>\n<td><br><\/td>\n<\/tr>\n<tr>\n<td data-sheets-value=\"{\" data-sheets-formula=\"=MANDATOS!R[41]C[-2]\">&#8211;<\/td>\n<td data-sheets-value=\"{\" data-sheets-formula=\"=MANDATOS!R[41]C[-2]\">Centro de Educa\u00e7\u00e3o<\/td>\n<td>&nbsp;<\/td>\n<\/tr>\n<tr>\n<td data-sheets-value=\"{\" data-sheets-formula=\"=MANDATOS!R[66]C[-2]\">ANDRE ZANKI CORDENONSI<\/td>\n<td data-sheets-value=\"{\" data-sheets-formula=\"=MANDATOS!R[66]C[-2]\">Centro de Ci\u00eancias Sociais e Humanas<\/td>\n<td data-sheets-value=\"{\">&nbsp;<\/td>\n<\/tr>\n<tr>\n<td data-sheets-value=\"{\">LUCAS VEIGA AVILA<\/td>\n<td data-sheets-value=\"{\">Representante de Classe<\/td>\n<td>&nbsp;<\/td>\n<\/tr>\n<tr>\n<td data-sheets-value=\"{\" data-sheets-formula=\"=MANDATOS!R[28]C[-2]\">&#8211;<\/td>\n<td data-sheets-value=\"{\" data-sheets-formula=\"=MANDATOS!R[28]C[-2]\">Centro de Artes e Letras<\/td>\n<td>&nbsp;<\/td>\n<\/tr>\n<tr>\n<td data-sheets-value=\"{\" data-sheets-formula=\"=MANDATOS!R[45]C[-2]\">F\u00c1TIMA SQUIZANI<\/td>\n<td data-sheets-value=\"{\" data-sheets-formula=\"=MANDATOS!R[45]C[-2]\">Centro de Ci\u00eancias Naturais e Exatas<\/td>\n<td>&nbsp;<\/td>\n<\/tr>\n<tr>\n<td data-sheets-value=\"{\" data-sheets-formula=\"=MANDATOS!R[54]C[-2]\"><span style=\"font-size: 16px\">OT\u00c1VIO LUIZ FID\u00c9LIS J\u00daNIOR<\/span><\/td>\n<td data-sheets-value=\"{\" data-sheets-formula=\"=MANDATOS!R[54]C[-2]\">Centro de Ci\u00eancias Rurais<\/td>\n<td data-sheets-value=\"{\">&nbsp;<\/td>\n<\/tr>\n<tr>\n<td data-sheets-value=\"{\" data-sheets-formula=\"=MANDATOS!R[41]C[-2]\">RICARDO DREWS<\/td>\n<td data-sheets-value=\"{\" data-sheets-formula=\"=MANDATOS!R[37]C[-2]\">Centro de Educa\u00e7\u00e3o F\u00edsica e Desportos<\/td>\n<td>&nbsp;<\/td>\n<\/tr>\n<tr>\n<td data-sheets-value=\"{\">RONE MARIA RACHELE<\/td>\n<td data-sheets-value=\"{\" data-sheets-formula=\"=MANDATOS!R[12]C[-2]\">T\u00e9cnico-Administrativos em Educa\u00e7\u00e3o<\/td>\n<td>&nbsp;<\/td>\n<\/tr>\n<tr>\n<td data-sheets-value=\"{\" data-sheets-formula=\"=MANDATOS!R[1]C[-2]\">MARCELO FREITAS DA SILVA<\/td>\n<td data-sheets-value=\"{\" data-sheets-formula=\"=MANDATOS!R[3]C[-2]\">Ensino B\u00e1sico, T\u00e9cnico e Tecnol\u00f3gico<\/td>\n<td>Presidente<\/td>\n<\/tr>\n<tr>\n<td data-sheets-value=\"{\" data-sheets-formula=\"=MANDATOS!R[74]C[-2]\"><span style=\"font-size: 16px\">GILVAN MOIS\u00c9S BERTOLLO<\/span><\/td>\n<td data-sheets-value=\"{\" data-sheets-formula=\"=MANDATOS!R[74]C[-2]\">Campus da UFSM em Frederico Westphalen<\/td>\n<td>&nbsp;<\/td>\n<\/tr>\n<tr>\n<td data-sheets-value=\"{\" data-sheets-formula=\"=MANDATOS!R[77]C[-2]\"><span style=\"font-size: 16px\">LUCIANA FAGUNDES CHRISTOFARI<\/span><\/td>\n<td data-sheets-value=\"{\" data-sheets-formula=\"=MANDATOS!R[77]C[-2]\">Campus da UFSM em Palmeira das Miss\u00f5es<\/td>\n<td>&nbsp;<\/td>\n<\/tr>\n<tr>\n<td data-sheets-value=\"{\" data-sheets-formula=\"=MANDATOS!R[80]C[-2]\">EDERVAL DE SOUZA LISBOA<\/td>\n<td data-sheets-value=\"{\" data-sheets-formula=\"=MANDATOS!R[80]C[-2]\">Campus da UFSM em Cachoeira do Sul<\/td>\n<td>&nbsp;<\/td>\n<\/tr>\n<tr>\n<td data-sheets-value=\"{\"><span style=\"font-size: 16px\">&#8211;<\/span><\/td>\n<td data-sheets-value=\"{\" data-sheets-formula=\"=MANDATOS!R[85]C[-2]\">DCE<\/td>\n<td>&nbsp;<\/td>\n<\/tr>\n<\/tbody>\n<\/table><\/div>\n\t\t\t\t<\/div>\n\t\t\t\t\t\t\t\t<\/div>\n\t\t\t\t<\/div>\n\t\t\t\t<\/div>\n\t\t\t\t\t<\/div>\n\t\t<\/div>\n\t\t\t\t\t<\/div>\n\t\t<\/section>\n\t\t\t\t<\/div>\n\t\t","protected":false},"excerpt":{"rendered":"<p>COMEPE NOME REPRESENTANTE PRESIDENTE DENISE TERESINHA ANTONELLI DA VEIGA Centro de Ci\u00eancias da Sa\u00fade &nbsp; F\u00c1BIO JUNER LANFERDINI Centro de Educa\u00e7\u00e3o F\u00edsica e Desportos &nbsp; &#8211; Centro de Artes e Letras &nbsp; CARMEN VIEIRA MATHIAS Centro de Ci\u00eancias Naturais e Exatas &#8211; Centro de Tecnologia &nbsp; M\u00c1RCIA ALVES DE MEDEIROS GORODICHT Centro de Ci\u00eancias Rurais [&hellip;]<\/p>\n","protected":false},"author":46,"featured_media":0,"parent":0,"menu_order":0,"comment_status":"closed","ping_status":"closed","template":"","meta":{"footnotes":""},"categories":[],"tags":[],"class_list":["post-1286","page","type-page","status-publish","hentry"],"acf":[],"_links":{"self":[{"href":"https:\/\/www.ufsm.br\/reitoria\/conselhos-superiores\/wp-json\/wp\/v2\/pages\/1286","targetHints":{"allow":["GET"]}}],"collection":[{"href":"https:\/\/www.ufsm.br\/reitoria\/conselhos-superiores\/wp-json\/wp\/v2\/pages"}],"about":[{"href":"https:\/\/www.ufsm.br\/reitoria\/conselhos-superiores\/wp-json\/wp\/v2\/types\/page"}],"author":[{"embeddable":true,"href":"https:\/\/www.ufsm.br\/reitoria\/conselhos-superiores\/wp-json\/wp\/v2\/users\/46"}],"replies":[{"embeddable":true,"href":"https:\/\/www.ufsm.br\/reitoria\/conselhos-superiores\/wp-json\/wp\/v2\/comments?post=1286"}],"version-history":[{"count":0,"href":"https:\/\/www.ufsm.br\/reitoria\/conselhos-superiores\/wp-json\/wp\/v2\/pages\/1286\/revisions"}],"wp:attachment":[{"href":"https:\/\/www.ufsm.br\/reitoria\/conselhos-superiores\/wp-json\/wp\/v2\/media?parent=1286"}],"wp:term":[{"taxonomy":"category","embeddable":true,"href":"https:\/\/www.ufsm.br\/reitoria\/conselhos-superiores\/wp-json\/wp\/v2\/categories?post=1286"},{"taxonomy":"post_tag","embeddable":true,"href":"https:\/\/www.ufsm.br\/reitoria\/conselhos-superiores\/wp-json\/wp\/v2\/tags?post=1286"}],"curies":[{"name":"wp","href":"https:\/\/api.w.org\/{rel}","templated":true}]}}