{"id":1311,"date":"2019-08-26T11:03:06","date_gmt":"2019-08-26T14:03:06","guid":{"rendered":"https:\/\/www.ufsm.br\/reitoria\/conselhos-superiores\/?page_id=1311"},"modified":"2019-10-03T11:32:32","modified_gmt":"2019-10-03T14:32:32","slug":"apresentacao-cepe","status":"publish","type":"page","link":"https:\/\/www.ufsm.br\/reitoria\/conselhos-superiores\/apresentacao-cepe","title":{"rendered":"Apresenta\u00e7\u00e3o(CEPE)"},"content":{"rendered":"\n<p dir=\"ltr\">O Conselho de Ensino, Pesquisa e Extens\u00e3o (CEPE) \u00e9 um \u00f3rg\u00e3o deliberativo e consultiva da UFSM que trata sobre assuntos referentes ao ensino, a pesquisa e a extens\u00e3o, como Calend\u00e1rio Acad\u00eamico, cria\u00e7\u00e3o e expans\u00e3o de cursos, abertura e homologa\u00e7\u00e3o de resultados de concurso p\u00fablico, revalida\u00e7\u00e3o e reconhecimento de diplomas, entre outros.<\/p>\n<p dir=\"ltr\">O Conselho de Ensino, Pesquisa e Extens\u00e3o reunir-se-\u00e1 quinzenalmente, em sess\u00e3o ordin\u00e1ria, e, extraordinariamente, quando convocado pelo Reitor ou a requerimento de, no m\u00ednimo, dois ter\u00e7os dos seus membros, indicando os assuntos a serem tratados<\/p>\n<p dir=\"ltr\">O CEPE \u00e9 composto por 59 Conselheiros, com mandatos de dois anos, permitida uma \u00fanica recondu\u00e7\u00e3o, com exce\u00e7\u00e3o dos discentes que s\u00e3o indicados anualmente. O Conselho tem como Presidente o Reitor.\u00a0<\/p>\n<p dir=\"ltr\">Para melhor funcionamento, o CEPE possui duas comiss\u00f5es: A Comiss\u00e3o de Ensino, Pesquisa e Extens\u00e3o (COMEPE) e a Comiss\u00e3o de Legisla\u00e7\u00e3o e Normas, as quais s\u00e3o compostas por um representante titular, sendo um docente de cada Unidade de Ensino e de cada classe, um T\u00e9cnico-Administrativo em Educa\u00e7\u00e3o, um representante docente do EBTT e um discente. A indica\u00e7\u00e3o se dar\u00e1 pela Unidade de Ensino e, em alguns casos, por cada categoria representada, por meio de elei\u00e7\u00e3o.\u00a0<\/p>\n<p dir=\"ltr\">\u00c0 COMEPE compete pronunciar-se sobre curr\u00edculos e programas anuais de trabalho dos Departamentos, planos de novos cursos de gradua\u00e7\u00e3o, de p\u00f3s-gradua\u00e7\u00e3o, de especializa\u00e7\u00e3o e aperfei\u00e7oamento e planos de cursos ou servi\u00e7os de extens\u00e3o; processos de solicita\u00e7\u00e3o de matr\u00edcula, transfer\u00eancia em grau de recurso e prorroga\u00e7\u00e3o em grau de recurso;\u00a0quaisquer outros assuntos de ordem did\u00e1tica que forem submetidos ao Conselho<br \/>de Ensino, Pesquisa e Extens\u00e3o, pelos Departamentos Did\u00e1ticos ou coordena\u00e7\u00f5es de cursos; e\u00a0o pronunciamento sobre assuntos relacionados \u00e0 pesquisa.<\/p>\n<p dir=\"ltr\"><br \/>Compete \u00e0 CLN pronunciar-se sobre mat\u00e9ria de interpreta\u00e7\u00e3o e complementa\u00e7\u00e3o da lei e sobre a institui\u00e7\u00e3o de normas oriundas de outras Comiss\u00f5es.<\/p>\n<p>\u00a0<\/p>\n<p dir=\"ltr\">\u00a0<\/p>\n","protected":false},"excerpt":{"rendered":"<p>O Conselho de Ensino, Pesquisa e Extens\u00e3o (CEPE) \u00e9 um \u00f3rg\u00e3o deliberativo e consultiva da UFSM que trata sobre assuntos referentes ao ensino, a pesquisa e a extens\u00e3o, como Calend\u00e1rio Acad\u00eamico, cria\u00e7\u00e3o e expans\u00e3o de cursos, abertura e homologa\u00e7\u00e3o de resultados de concurso p\u00fablico, revalida\u00e7\u00e3o e reconhecimento de diplomas, entre outros. O Conselho de Ensino, [&hellip;]<\/p>\n","protected":false},"author":46,"featured_media":0,"parent":0,"menu_order":0,"comment_status":"closed","ping_status":"closed","template":"","meta":{"footnotes":""},"categories":[],"tags":[],"class_list":["post-1311","page","type-page","status-publish","hentry"],"acf":[],"_links":{"self":[{"href":"https:\/\/www.ufsm.br\/reitoria\/conselhos-superiores\/wp-json\/wp\/v2\/pages\/1311","targetHints":{"allow":["GET"]}}],"collection":[{"href":"https:\/\/www.ufsm.br\/reitoria\/conselhos-superiores\/wp-json\/wp\/v2\/pages"}],"about":[{"href":"https:\/\/www.ufsm.br\/reitoria\/conselhos-superiores\/wp-json\/wp\/v2\/types\/page"}],"author":[{"embeddable":true,"href":"https:\/\/www.ufsm.br\/reitoria\/conselhos-superiores\/wp-json\/wp\/v2\/users\/46"}],"replies":[{"embeddable":true,"href":"https:\/\/www.ufsm.br\/reitoria\/conselhos-superiores\/wp-json\/wp\/v2\/comments?post=1311"}],"version-history":[{"count":0,"href":"https:\/\/www.ufsm.br\/reitoria\/conselhos-superiores\/wp-json\/wp\/v2\/pages\/1311\/revisions"}],"wp:attachment":[{"href":"https:\/\/www.ufsm.br\/reitoria\/conselhos-superiores\/wp-json\/wp\/v2\/media?parent=1311"}],"wp:term":[{"taxonomy":"category","embeddable":true,"href":"https:\/\/www.ufsm.br\/reitoria\/conselhos-superiores\/wp-json\/wp\/v2\/categories?post=1311"},{"taxonomy":"post_tag","embeddable":true,"href":"https:\/\/www.ufsm.br\/reitoria\/conselhos-superiores\/wp-json\/wp\/v2\/tags?post=1311"}],"curies":[{"name":"wp","href":"https:\/\/api.w.org\/{rel}","templated":true}]}}