{"id":1312,"date":"2019-08-26T11:05:49","date_gmt":"2019-08-26T14:05:49","guid":{"rendered":"https:\/\/www.ufsm.br\/reitoria\/conselhos-superiores\/?page_id=1312"},"modified":"2019-10-03T14:37:58","modified_gmt":"2019-10-03T17:37:58","slug":"apresentacao-curadores","status":"publish","type":"page","link":"https:\/\/www.ufsm.br\/reitoria\/conselhos-superiores\/apresentacao-curadores","title":{"rendered":"Apresenta\u00e7\u00e3o(CURADORES)"},"content":{"rendered":"\n<div dir=\"auto\">\n<div dir=\"auto\">\n<p dir=\"ltr\">O Conselho de Curadores \u00e9 o \u00f3rg\u00e3o de fiscaliza\u00e7\u00e3o econ\u00f4mico-financeira da UFSM.<\/p>\n<p dir=\"ltr\">Integram o Conselho o Reitor, o ex-Reitor, tr\u00eas docentes indicados pelo Conselho Universit\u00e1rio e dois indicados pelo Conselho de Ensino, Pesquisa e Extens\u00e3o, n\u00e3o participantes de outro \u00f3rg\u00e3o superior, um representante do corpo discente, um da comunidade e um servidor, totalizando 10 membros, sendo que o Presidente \u00e9 o Reitor.<\/p>\n<p dir=\"ltr\">Compete ao Conselho de Curadores aprovar as normas do seu funcionamento; apreciar a proposta or\u00e7amentaria e o or\u00e7amento da Universidade<br \/>elaborado conforme as Normas de Distribui\u00e7\u00e3o de Recursos de Outros Custeios e Capital, apreciar o parecer emitido pela Comiss\u00e3o de Acompanhamento e Analise de Processos sobre a presta\u00e7\u00e3o de contas anual do Reitor da Universidade a ser encaminhada ao Conselho Universit\u00e1rio; fixar tabelas de taxas e outros emolumentos devidos a Universidade, entre outros.<\/p>\n<p dir=\"ltr\">O Conselho de Curadores reunir-se-\u00e0 ordinariamente, sempre que houver demanda, e, extraordinariamente, quando convocado pelo Presidente ou mediante requerimento da metade e mais um de seus membros, com a indica\u00e7\u00e3o do motivo e da justificativa.<\/p>\n<p dir=\"ltr\">Este Conselho possui uma Comiss\u00e3o denominada Comiss\u00e3o de Acompanhamento e An\u00e1lise de Processos, composta por representantes docentes, t\u00e9cnico-administrativos, discentes, comunidade externa e o ex-Reitor. Compete \u00e0 Comiss\u00e3o opinar pr\u00e9via e conclusivamente sobre mat\u00e9ria a ser apreciada e votada pelo Conselho; responder as consultas encaminhadas pelo Presidente do Conselho; tomar iniciativa de indica\u00e7\u00e3o, medidas e sugest\u00f5es que constituem objeto de aprecia\u00e7\u00e3o do Conselho, entre outros.<\/p>\n<\/div>\n<\/div>\n<div class=\"yj6qo ajU\">\u00a0<\/div>\n","protected":false},"excerpt":{"rendered":"<p>O Conselho de Curadores \u00e9 o \u00f3rg\u00e3o de fiscaliza\u00e7\u00e3o econ\u00f4mico-financeira da UFSM. Integram o Conselho o Reitor, o ex-Reitor, tr\u00eas docentes indicados pelo Conselho Universit\u00e1rio e dois indicados pelo Conselho de Ensino, Pesquisa e Extens\u00e3o, n\u00e3o participantes de outro \u00f3rg\u00e3o superior, um representante do corpo discente, um da comunidade e um servidor, totalizando 10 membros, [&hellip;]<\/p>\n","protected":false},"author":46,"featured_media":0,"parent":0,"menu_order":0,"comment_status":"closed","ping_status":"closed","template":"","meta":{"footnotes":""},"categories":[],"tags":[],"class_list":["post-1312","page","type-page","status-publish","hentry"],"acf":[],"_links":{"self":[{"href":"https:\/\/www.ufsm.br\/reitoria\/conselhos-superiores\/wp-json\/wp\/v2\/pages\/1312","targetHints":{"allow":["GET"]}}],"collection":[{"href":"https:\/\/www.ufsm.br\/reitoria\/conselhos-superiores\/wp-json\/wp\/v2\/pages"}],"about":[{"href":"https:\/\/www.ufsm.br\/reitoria\/conselhos-superiores\/wp-json\/wp\/v2\/types\/page"}],"author":[{"embeddable":true,"href":"https:\/\/www.ufsm.br\/reitoria\/conselhos-superiores\/wp-json\/wp\/v2\/users\/46"}],"replies":[{"embeddable":true,"href":"https:\/\/www.ufsm.br\/reitoria\/conselhos-superiores\/wp-json\/wp\/v2\/comments?post=1312"}],"version-history":[{"count":0,"href":"https:\/\/www.ufsm.br\/reitoria\/conselhos-superiores\/wp-json\/wp\/v2\/pages\/1312\/revisions"}],"wp:attachment":[{"href":"https:\/\/www.ufsm.br\/reitoria\/conselhos-superiores\/wp-json\/wp\/v2\/media?parent=1312"}],"wp:term":[{"taxonomy":"category","embeddable":true,"href":"https:\/\/www.ufsm.br\/reitoria\/conselhos-superiores\/wp-json\/wp\/v2\/categories?post=1312"},{"taxonomy":"post_tag","embeddable":true,"href":"https:\/\/www.ufsm.br\/reitoria\/conselhos-superiores\/wp-json\/wp\/v2\/tags?post=1312"}],"curies":[{"name":"wp","href":"https:\/\/api.w.org\/{rel}","templated":true}]}}