{"id":1323,"date":"2019-09-01T20:07:34","date_gmt":"2019-09-01T23:07:34","guid":{"rendered":"https:\/\/www.ufsm.br\/reitoria\/conselhos-superiores\/?page_id=1323"},"modified":"2026-04-06T09:59:11","modified_gmt":"2026-04-06T12:59:11","slug":"conselheiros-consu","status":"publish","type":"page","link":"https:\/\/www.ufsm.br\/reitoria\/conselhos-superiores\/conselheiros-consu","title":{"rendered":"Conselheiros CONSU"},"content":{"rendered":"\n<table style=\"width: 100.678%;height: 2344px\">\n<tbody>\n<tr style=\"height: 24px\">\n<td style=\"text-align: center;width: 50.7143%;height: 24px\">TITULARES<\/td>\n<td style=\"text-align: center;width: 48.3333%;height: 24px\">SUPLENTES<\/td>\n<\/tr>\n<tr style=\"height: 24px\">\n<td style=\"width: 50.7143%;height: 24px\">MARTHA BOHRER ADAIME<\/td>\n<td style=\"width: 48.3333%;height: 24px\">&#8211;<\/td>\n<\/tr>\n<tr style=\"height: 24px\">\n<td style=\"width: 50.7143%;height: 24px\">Reitora<\/td>\n<td style=\"width: 48.3333%;height: 24px\">\u00a0<\/td>\n<\/tr>\n<tr style=\"height: 24px\">\n<td style=\"width: 50.7143%;height: 24px\">TIAGO BANDEIRA MARCHESAN<\/td>\n<td style=\"width: 48.3333%;height: 24px\">&#8211;<\/td>\n<\/tr>\n<tr style=\"height: 24px\">\n<td style=\"width: 50.7143%;height: 24px\">Vice-Reitor<\/td>\n<td style=\"width: 48.3333%;height: 24px\">\u00a0<\/td>\n<\/tr>\n<tr style=\"height: 24px\">\n<td style=\"width: 50.7143%;height: 24px\">ISABEL BOHRER SCHERER<\/td>\n<td style=\"width: 48.3333%;height: 24px\">JEFERSON DE SOUZA FLORES<\/td>\n<\/tr>\n<tr style=\"height: 24px\">\n<td style=\"width: 50.7143%;height: 24px\">Pr\u00f3-Reitora de Administra\u00e7\u00e3o<\/td>\n<td style=\"width: 48.3333%;height: 24px\">Pr\u00f3-Reitor de Administra\u00e7\u00e3o Substituto<\/td>\n<\/tr>\n<tr style=\"height: 24px\">\n<td style=\"width: 50.7143%;height: 24px\">VIN\u00cdCIUS JACQUES GARCIA<\/td>\n<td style=\"width: 48.3333%;height: 24px\">CARLO ALESSANDRO CASTELLANELLI<\/td>\n<\/tr>\n<tr style=\"height: 24px\">\n<td style=\"width: 50.7143%;height: 24px\">Pr\u00f3-Reitor de Planejamento<\/td>\n<td style=\"width: 48.3333%;height: 24px\">Pr\u00f3-Reitor de Planejamento Substituto<\/td>\n<\/tr>\n<tr style=\"height: 24px\">\n<td style=\"width: 50.7143%;height: 24px\">FRANK LEONARDO CASADO<\/td>\n<td style=\"width: 48.3333%;height: 24px\">PAULA BORGES TRONCO<\/td>\n<\/tr>\n<tr style=\"height: 24px\">\n<td style=\"width: 50.7143%;height: 24px\">Pr\u00f3-Reitor de Gest\u00e3o de Pessoas<\/td>\n<td style=\"width: 48.3333%;height: 24px\">Pr\u00f3-Reitora de Gest\u00e3o de Pessoas Substituta<\/td>\n<\/tr>\n<tr style=\"height: 24px\">\n<td style=\"width: 50.7143%;height: 24px\">ANDR\u00c9 L\u00dcBECK<\/td>\n<td style=\"width: 48.3333%;height: 24px\">GIANINE PIVETTA MELLO<\/td>\n<\/tr>\n<tr style=\"height: 24px\">\n<td style=\"width: 50.7143%;height: 24px\">Pr\u00f3-Reitor de Infraestrutura<\/td>\n<td style=\"width: 48.3333%;height: 24px\">Pr\u00f3-Reitora de Infraestrutura Substituta<\/td>\n<\/tr>\n<tr style=\"height: 24px\">\n<td style=\"text-align: center;width: 99.0476%;height: 24px\" colspan=\"2\">Representantes docentes Classe E<\/td>\n<\/tr>\n<tr style=\"height: 24px\">\n<td style=\"width: 50.7143%;height: 24px\" align=\"left\" height=\"17\">RICARDO HELI RONDINEL CORNEJO<\/td>\n<td style=\"width: 48.3333%;height: 24px\" align=\"left\" height=\"17\">MARISTELA DA SILVA SOUZA<\/td>\n<\/tr>\n<tr style=\"height: 24px\">\n<td style=\"text-align: center;width: 99.0476%;height: 24px\" colspan=\"2\">Representantes docentes Classe D<\/td>\n<\/tr>\n<tr style=\"height: 24px\">\n<td style=\"width: 50.7143%;height: 24px\" align=\"left\" height=\"17\">EVERTON LAZZARETTI PICOLOTTO<\/td>\n<td style=\"width: 48.3333%;height: 24px\" align=\"left\" height=\"17\">TERESINHA HECK WEILLER<\/td>\n<\/tr>\n<tr style=\"height: 24px\">\n<td style=\"text-align: center;width: 99.0476%;height: 24px\" colspan=\"2\">Representantes docentes Classe C<\/td>\n<\/tr>\n<tr style=\"height: 24px\">\n<td style=\"width: 50.7143%;height: 24px\" align=\"left\" height=\"17\">JEFERSON DE SOUZA FLORES<\/td>\n<td style=\"width: 48.3333%;height: 24px\" align=\"left\" height=\"17\">LUIZ HENRIQUE FIGUEIRA MARQUEZAN<\/td>\n<\/tr>\n<tr style=\"height: 24px\">\n<td style=\"text-align: center;width: 99.0476%;height: 24px\" colspan=\"2\">Representantes docentes Classe B<\/td>\n<\/tr>\n<tr style=\"height: 24px\">\n<td style=\"width: 50.7143%;height: 24px\">&#8211;<\/td>\n<td style=\"width: 48.3333%;height: 24px\">&#8211;<\/td>\n<\/tr>\n<tr style=\"height: 24px\">\n<td style=\"text-align: center;width: 99.0476%;height: 24px\" colspan=\"2\">Representantes docentes Classe A<\/td>\n<\/tr>\n<tr style=\"height: 24px\">\n<td style=\"width: 50.7143%;height: 24px\" align=\"left\" height=\"17\">M\u00c1RCIA BANDEIRA LANDERDAHL MAGGIONI<\/td>\n<td style=\"width: 48.3333%;height: 24px\" align=\"left\" height=\"17\">JULIANO NUNES ALVES<\/td>\n<\/tr>\n<tr style=\"height: 24px\">\n<td style=\"text-align: center;width: 99.0476%;height: 24px\" colspan=\"2\">Representantes docentes Ensino B\u00e1sico, T\u00e9cnico e Tecnol\u00f3gico<\/td>\n<\/tr>\n<tr style=\"height: 24px\">\n<td style=\"width: 50.7143%;height: 24px\">&#8211;<\/td>\n<td style=\"width: 48.3333%;height: 24px\">MARCELO FREITAS DA SILVA<\/td>\n<\/tr>\n<tr style=\"height: 24px\">\n<td style=\"text-align: center;width: 99.0476%;height: 24px\" colspan=\"2\">Diretores unidades de ensino m\u00e9dio, t\u00e9cnico e tecnol\u00f3gico<\/td>\n<\/tr>\n<tr style=\"height: 24px\">\n<td style=\"width: 50.7143%;height: 24px\">MARTA VON ENDE<\/td>\n<td style=\"width: 48.3333%;height: 24px\" align=\"left\" height=\"17\">MOACIR BOLZAN<\/td>\n<\/tr>\n<tr style=\"height: 24px\">\n<td style=\"width: 50.7143%;height: 24px\">RAFAEL ADAIME PINTO<\/td>\n<td style=\"width: 48.3333%;height: 24px\">FREDI ZANCAN FERRIGOLO<\/td>\n<\/tr>\n<tr style=\"height: 24px\">\n<td style=\"width: 50.7143%;height: 24px\">MARIA TALITA FLEIG<\/td>\n<td style=\"width: 48.3333%;height: 24px\">JUCEMARA ANTUNES<\/td>\n<\/tr>\n<tr style=\"height: 24px\">\n<td style=\"text-align: center;width: 99.0476%;height: 24px\" colspan=\"2\">Servidores T\u00e9cnico-Administrativos em Educa\u00e7\u00e3o<\/td>\n<\/tr>\n<tr style=\"height: 24px\">\n<td style=\"width: 50.7143%;height: 24px\">VANESSA GIACOMELLI BRESSAN<\/td>\n<td style=\"width: 48.3333%;height: 24px\" align=\"left\" height=\"17\">GABRIELA DOS SANTOS MALAQUIAS<\/td>\n<\/tr>\n<tr style=\"height: 24px\">\n<td style=\"width: 50.7143%;height: 24px\" align=\"left\" height=\"17\">ROSIMAR R\u00dcBENICH<\/td>\n<td style=\"width: 48.3333%;height: 24px\" align=\"left\" height=\"17\">ELEUT\u00c9RIO JOST<\/td>\n<\/tr>\n<tr style=\"height: 24px\">\n<td style=\"width: 50.7143%;height: 24px\" align=\"left\" height=\"17\">GUILHERME ALVES ELWANGER<\/td>\n<td style=\"width: 48.3333%;height: 24px\" align=\"left\" height=\"17\">SONIA MARISA ANHAIA MOLINARI<\/td>\n<\/tr>\n<tr style=\"height: 24px\">\n<td style=\"width: 50.7143%;height: 24px\" align=\"left\" height=\"17\">GL\u00c9CE KURZAWA C\u00d3SER<\/td>\n<td style=\"width: 48.3333%;height: 24px\" align=\"left\" height=\"17\">FRANCIELE SIMON CARPES<\/td>\n<\/tr>\n<tr style=\"height: 24px\">\n<td style=\"width: 50.7143%;height: 24px\" align=\"left\" height=\"17\">NAT\u00c1LIA SAN MARTIN DOS SANTOS<\/td>\n<td style=\"width: 48.3333%;height: 24px\" align=\"left\" height=\"17\">SILVIA BEATRIZ SANTOS DA SILVA<\/td>\n<\/tr>\n<tr style=\"height: 24px\">\n<td style=\"width: 50.7143%;height: 24px\">CIRO EDUARDO SILVA DE OLIVIERA<\/td>\n<td style=\"width: 48.3333%;height: 24px\">GRAZIELA IN\u00caS JACOBY<\/td>\n<\/tr>\n<tr style=\"height: 24px\">\n<td style=\"width: 50.7143%;height: 24px\">PAULO RONALDO DA SILVA MARTINS<\/td>\n<td style=\"width: 48.3333%;height: 24px\">MARCOS ALEXANDRO VARGAS MELLO<\/td>\n<\/tr>\n<tr style=\"height: 24px\">\n<td style=\"width: 50.7143%;height: 24px\">MICHAEL GON\u00c7ALVES DA SILVA<\/td>\n<td style=\"width: 48.3333%;height: 24px\">ZALOAR CUNHA DE MORAIS<\/td>\n<\/tr>\n<tr style=\"height: 24px\">\n<td style=\"text-align: center;width: 99.0476%;height: 24px\" colspan=\"2\">Centro de Artes e Letras<\/td>\n<\/tr>\n<tr style=\"height: 24px\">\n<td style=\"width: 50.7143%;height: 24px\">GIL ROBERTO COSTA NEGREIROS<\/td>\n<td style=\"width: 48.3333%;height: 24px\">ANDR\u00c9IA MACHADO OLIVEIRA<\/td>\n<\/tr>\n<tr style=\"height: 24px\">\n<td style=\"width: 50.7143%;height: 24px\">CRISTIANE SALETE FLOREK<\/td>\n<td style=\"width: 48.3333%;height: 24px\">GESS\u00c9LDA SOMAVILLA FARENCENA<\/td>\n<\/tr>\n<tr style=\"height: 24px\">\n<td style=\"width: 50.7143%;height: 24px\">D\u00c9BORA AITA GASPARETTO<\/td>\n<td style=\"width: 48.3333%;height: 24px\">PABLO DA SILVA GUSM\u00c3O<\/td>\n<\/tr>\n<tr style=\"height: 24px\">\n<td style=\"text-align: center;width: 99.0476%;height: 24px\" colspan=\"2\">Centro de Educa\u00e7\u00e3o<\/td>\n<\/tr>\n<tr style=\"height: 24px\">\n<td style=\"width: 50.7143%;height: 24px\">ASC\u00cdSIO DOS REIS PEREIRA<\/td>\n<td style=\"width: 48.3333%;height: 24px\">ELENA MARIA MALLMANN<\/td>\n<\/tr>\n<tr style=\"height: 24px\">\n<td style=\"width: 50.7143%;height: 24px\">ARUNA NOAL CORREA<\/td>\n<td style=\"width: 48.3333%;height: 24px\">CAMILA RIGHI MEDEIROS CAMILLO<\/td>\n<\/tr>\n<tr style=\"height: 24px\">\n<td style=\"width: 50.7143%;height: 24px\">GUACIRA DE AZAMBUJA<\/td>\n<td style=\"width: 48.3333%;height: 24px\">M\u00d4NICA ZAVACKI DE MORAIS<\/td>\n<\/tr>\n<tr style=\"height: 24px\">\n<td style=\"text-align: center;width: 99.0476%;height: 24px\" colspan=\"2\">Centro de Educa\u00e7\u00e3o F\u00edsica e Desportos<\/td>\n<\/tr>\n<tr style=\"height: 24px\">\n<td style=\"width: 50.7143%;height: 24px\">ROSALVO LUIS SAWITSKI<\/td>\n<td style=\"width: 48.3333%;height: 24px\">DANIELA LOPES DOS SANTOS<\/td>\n<\/tr>\n<tr style=\"height: 24px\">\n<td style=\"width: 50.7143%;height: 24px\">GITANE FUKE<\/td>\n<td style=\"width: 48.3333%;height: 24px\">&#8211;<\/td>\n<\/tr>\n<tr style=\"height: 24px\">\n<td style=\"width: 50.7143%;height: 24px\">FREDERICO DINIZ LIMA<\/td>\n<td style=\"width: 48.3333%;height: 24px\">&#8211;<\/td>\n<\/tr>\n<tr style=\"height: 24px\">\n<td style=\"text-align: center;width: 99.0476%;height: 24px\" colspan=\"2\">Centro de Ci\u00eancias Naturais e Exatas<\/td>\n<\/tr>\n<tr style=\"height: 24px\">\n<td style=\"width: 50.7143%;height: 24px\">F\u00c9LIX ALEXANDRE ANTUNES SOARES<\/td>\n<td style=\"width: 48.3333%;height: 24px\">CRISTIANO GIACOMELLI<\/td>\n<\/tr>\n<tr style=\"height: 24px\">\n<td style=\"width: 50.7143%;height: 24px\">EDSON SIDNEY FIGUEIREDO<\/td>\n<td style=\"width: 48.3333%;height: 24px\">SYLVIO HENRIQUE BIDEL DORNELLES<\/td>\n<\/tr>\n<tr style=\"height: 24px\">\n<td style=\"width: 50.7143%;height: 24px\">F\u00c1BIO ANDREI DUARTE<\/td>\n<td style=\"width: 48.3333%;height: 24px\">JO\u00c3O MARCELO SANTOS DE OLIVEIRA<\/td>\n<\/tr>\n<tr style=\"height: 24px\">\n<td style=\"text-align: center;width: 99.0476%;height: 24px\" colspan=\"2\">Centro de Ci\u00eancias Rurais<\/td>\n<\/tr>\n<tr style=\"height: 24px\">\n<td style=\"width: 50.7143%;height: 24px\">ALESSANDRO DAL&#8217;COL L\u00daCIO<\/td>\n<td style=\"width: 48.3333%;height: 24px\">FERNANDA SILVEIRA FLORES VOGEL<\/td>\n<\/tr>\n<tr style=\"height: 24px\">\n<td style=\"width: 50.7143%;height: 24px\">BRUNA DENARDIN DA SILVEIRA<\/td>\n<td style=\"width: 48.3333%;height: 24px\">RENIUS DE OLIVEIRA MELLO<\/td>\n<\/tr>\n<tr style=\"height: 24px\">\n<td style=\"width: 50.7143%;height: 24px\">LUIZ \u00c2NGELO DAMIAN PIZZUTI<\/td>\n<td style=\"width: 48.3333%;height: 24px\">ANDREIA CRISTIAN D\u00d6RR<\/td>\n<\/tr>\n<tr style=\"height: 24px\">\n<td style=\"text-align: center;width: 99.0476%;height: 24px\" colspan=\"2\">Centro de Ci\u00eancias da Sa\u00fade<\/td>\n<\/tr>\n<tr style=\"height: 24px\">\n<td style=\"width: 50.7143%;height: 24px\">MARIA DENISE SCHIMITH<\/td>\n<td style=\"width: 48.3333%;height: 24px\">WILLIAM SCHOENAU<\/td>\n<\/tr>\n<tr style=\"height: 24px\">\n<td style=\"width: 50.7143%;height: 24px\">PATR\u00cdCIA SEVERO DO NASCIMENTO<\/td>\n<td style=\"width: 48.3333%;height: 24px\">JO\u00c3O C\u00c9SAR DIAS OLIVEIRA<\/td>\n<\/tr>\n<tr style=\"height: 24px\">\n<td style=\"width: 50.7143%;height: 24px\">SILVANI VARGAS VIEIRA<\/td>\n<td style=\"width: 48.3333%;height: 24px\">FABR\u00cdCIO BATISTIN ZANATTA<\/td>\n<\/tr>\n<tr style=\"height: 24px\">\n<td style=\"text-align: center;width: 99.0476%;height: 24px\" colspan=\"2\">Centro de Ci\u00eancias Sociais e Humanas<\/td>\n<\/tr>\n<tr style=\"height: 24px\">\n<td style=\"width: 50.7143%;height: 24px\">SHEILA KOCOUREK<\/td>\n<td style=\"width: 48.3333%;height: 24px\">MITI\u00c9LI SEIXAS DA SILVA<\/td>\n<\/tr>\n<tr style=\"height: 24px\">\n<td style=\"width: 50.7143%;height: 24px\">MAURI LEODIR L\u00d6BLER<\/td>\n<td style=\"width: 48.3333%;height: 24px\" align=\"left\" valign=\"middle\" height=\"23\">FERNANDO DO NASCIMENTO LOCK<\/td>\n<\/tr>\n<tr style=\"height: 24px\">\n<td style=\"width: 50.7143%;height: 24px\">F\u00c1BIO JARDEL GAVIRAGHI<\/td>\n<td style=\"width: 48.3333%;height: 24px\">CAMILA PALHARES BARBOSA<\/td>\n<\/tr>\n<tr style=\"height: 24px\">\n<td style=\"text-align: center;width: 99.0476%;height: 24px\" colspan=\"2\">Centro de Tecnologia<\/td>\n<\/tr>\n<tr style=\"height: 24px\">\n<td style=\"width: 50.7143%;height: 24px\">MAUR\u00cdCIO SPERANDIO<\/td>\n<td style=\"width: 48.3333%;height: 24px\">ANDRESSA DE OLIVEIRA SILVEIRA<\/td>\n<\/tr>\n<tr style=\"height: 24px\">\n<td style=\"width: 50.7143%;height: 24px\">MARIO FERNANDO DE MELLO<\/td>\n<td style=\"width: 48.3333%;height: 24px\">DIEGO BERLEZI RAMOS<\/td>\n<\/tr>\n<tr style=\"height: 24px\">\n<td style=\"width: 50.7143%;height: 24px\">LUCAS GIULIANI SCHERER<\/td>\n<td style=\"width: 48.3333%;height: 24px\">&#8211;<\/td>\n<\/tr>\n<tr style=\"height: 24px\">\n<td style=\"text-align: center;width: 99.0476%;height: 24px\" colspan=\"2\">Campus da UFSM em Frederico Westphalen<\/td>\n<\/tr>\n<tr style=\"height: 24px\">\n<td style=\"width: 50.7143%;height: 24px\">BRAULIO OTOMAR CARON<\/td>\n<td style=\"width: 48.3333%;height: 24px\">ELIANE PEREIRA DOS SANTOS<\/td>\n<\/tr>\n<tr style=\"height: 24px\">\n<td style=\"width: 50.7143%;height: 24px\">GUILHERME BERNARDINO DA CUNHA<\/td>\n<td style=\"width: 48.3333%;height: 24px\">PATR\u00cdCIA RODRIGUES FORTES<\/td>\n<\/tr>\n<tr style=\"height: 24px\">\n<td style=\"width: 50.7143%;height: 24px\">EDNER BAUMHARDT<\/td>\n<td style=\"width: 48.3333%;height: 24px\">M\u00c1RCIA ELIZA VANZIN BOABAID<\/td>\n<\/tr>\n<tr style=\"height: 24px\">\n<td style=\"text-align: center;width: 99.0476%;height: 24px\" colspan=\"2\">Campus da UFSM em Palmeira das Miss\u00f5es<\/td>\n<\/tr>\n<tr style=\"height: 24px\">\n<td style=\"width: 50.7143%;height: 24px\">ADRIANO LAGO<\/td>\n<td style=\"width: 48.3333%;height: 24px\">LUCIANA FAGUNDES CHRISTOFARI<\/td>\n<\/tr>\n<tr style=\"height: 24px\">\n<td style=\"width: 50.7143%;height: 24px\">BIANCA BIGOLIN LISZBINSKI<\/td>\n<td style=\"width: 48.3333%;height: 24px\">GABRIEL NUNES DE OLIVEIRA<\/td>\n<\/tr>\n<tr style=\"height: 24px\">\n<td style=\"width: 50.7143%;height: 24px\">NELSON GUILHERME MACHADO PINTO<\/td>\n<td style=\"width: 48.3333%;height: 24px\">TANICE ANDREATTA<\/td>\n<\/tr>\n<tr style=\"height: 24px\">\n<td style=\"text-align: center;width: 99.0476%;height: 24px\" colspan=\"2\">Campus da UFSM em Cachoeira do Sul<\/td>\n<\/tr>\n<tr style=\"height: 24px\">\n<td style=\"width: 50.7143%;height: 24px\">ANDERSON DAL MOLIN<\/td>\n<td style=\"width: 48.3333%;height: 24px\">GIOVANI LEONE ZABOT<\/td>\n<\/tr>\n<tr style=\"height: 24px\">\n<td style=\"width: 50.7143%;height: 24px\">CAMILA BECKER PICOLOTO<\/td>\n<td style=\"width: 48.3333%;height: 24px\">D\u00c9BORA GREGOLETTO<\/td>\n<\/tr>\n<tr style=\"height: 24px\">\n<td style=\"width: 50.7143%;height: 24px\">PAULO CARTERI CORADI<\/td>\n<td style=\"width: 48.3333%;height: 24px\">VANESSA TERESINHA ALVES<\/td>\n<\/tr>\n<tr style=\"height: 24px\">\n<td style=\"text-align: center;width: 99.0476%;height: 24px\" colspan=\"2\">TAEs Aposentados<\/td>\n<\/tr>\n<tr style=\"height: 24px\">\n<td style=\"width: 50.7143%;height: 24px\" align=\"left\" height=\"17\">ELOIZ GUIMAR\u00c3ES CRISTINO<\/td>\n<td style=\"width: 48.3333%;height: 24px\" align=\"left\" height=\"17\">GECIRA DI FIORI<\/td>\n<\/tr>\n<tr style=\"height: 24px\">\n<td style=\"text-align: center;width: 99.0476%;height: 24px\" colspan=\"2\">Docentes Aposentados<\/td>\n<\/tr>\n<tr style=\"height: 24px\">\n<td style=\"width: 50.7143%;height: 24px\">VANIA DE F\u00c1TIMA BARROS ESTIVALETE<\/td>\n<td style=\"width: 48.3333%;height: 24px\" align=\"left\" height=\"17\">LUIZ FERNANDO SANGOI<\/td>\n<\/tr>\n<tr style=\"height: 24px\">\n<td style=\"text-align: center;width: 99.0476%;height: 24px\" colspan=\"2\">Representantes comunidade externa<\/td>\n<\/tr>\n<tr style=\"height: 24px\">\n<td style=\"width: 50.7143%;height: 24px\">&#8211;<\/td>\n<td style=\"width: 48.3333%;height: 24px\">&#8211;<\/td>\n<\/tr>\n<tr style=\"height: 24px\">\n<td style=\"width: 50.7143%;height: 24px\">&#8211;<\/td>\n<td style=\"width: 48.3333%;height: 24px\">&#8211;<\/td>\n<\/tr>\n<tr style=\"height: 24px\">\n<td style=\"text-align: center;width: 99.0476%;height: 24px\" colspan=\"2\">DCE<\/td>\n<\/tr>\n<tr style=\"height: 23px\">\n<td style=\"width: 50.7143%;height: 23px\" align=\"left\" height=\"17\" data-sheets-value=\"{ &quot;1&quot;: 2, &quot;2&quot;: &quot;PRISCILA SOUSA PEREIRA&quot;}\">PRISCILA SOUSA PEREIRA<\/td>\n<td style=\"width: 48.3333%;height: 23px\" align=\"left\" data-sheets-value=\"{ &quot;1&quot;: 2, &quot;2&quot;: &quot;ISABELLE ROSSATTO CESA&quot;}\">ISABELLE ROSSATTO CESA<\/td>\n<\/tr>\n<tr style=\"height: 23px\">\n<td style=\"width: 50.7143%;height: 23px\" align=\"left\" height=\"17\" data-sheets-value=\"{ &quot;1&quot;: 2, &quot;2&quot;: &quot;NICOLE SPOHR DE OLIVEIRA&quot;}\">NICOLE SPOHR DE OLIVEIRA<\/td>\n<td style=\"width: 48.3333%;height: 23px\" align=\"left\" data-sheets-value=\"{ &quot;1&quot;: 2, &quot;2&quot;: &quot;PAULO C\u00c9SAR MARQUES J\u00daNIOR&quot;}\">PAULO C\u00c9SAR MARQUES J\u00daNIOR<\/td>\n<\/tr>\n<tr style=\"height: 23px\">\n<td style=\"width: 50.7143%;height: 23px\" align=\"left\" height=\"17\" data-sheets-value=\"{ &quot;1&quot;: 2, &quot;2&quot;: &quot;XAIN\u00c3 PITAGUARY DA SILVA LIMA&quot;}\">XAIN\u00c3 PITAGUARY DA SILVA LIMA<\/td>\n<td style=\"width: 48.3333%;height: 23px\" align=\"left\" data-sheets-value=\"{ &quot;1&quot;: 2, &quot;2&quot;: &quot;LUCIANE IN\u00c1CIO&quot;}\">LUCIANE IN\u00c1CIO<\/td>\n<\/tr>\n<tr style=\"height: 23px\">\n<td style=\"width: 50.7143%;height: 23px\" align=\"left\" height=\"17\" data-sheets-value=\"{ &quot;1&quot;: 2, &quot;2&quot;: &quot;GABRIEL DE ASSIS BARBOSA&quot;}\">GABRIEL DE ASSIS BARBOSA<\/td>\n<td style=\"width: 48.3333%;height: 23px\" align=\"left\" data-sheets-value=\"{ &quot;1&quot;: 2, &quot;2&quot;: &quot;RENATA GON\u00c7ALVES&quot;}\">&#8211;<\/td>\n<\/tr>\n<tr style=\"height: 23px\">\n<td style=\"width: 50.7143%;height: 23px\" align=\"left\" height=\"17\" data-sheets-value=\"{ &quot;1&quot;: 2, &quot;2&quot;: &quot;EMANUELE INGRID GOSS&quot;}\">RENATA GON\u00c7ALVES<\/td>\n<td style=\"width: 48.3333%;height: 23px\" align=\"left\" data-sheets-value=\"{ &quot;1&quot;: 2, &quot;2&quot;: &quot;EMANUELLE ROBERTA DE BRITTO SOMAVILA&quot;}\">&#8211;<\/td>\n<\/tr>\n<tr style=\"height: 23px\">\n<td style=\"width: 50.7143%;height: 23px\" align=\"left\" height=\"17\" data-sheets-value=\"{ &quot;1&quot;: 2, &quot;2&quot;: &quot;MESSIAS CARNEIRO SOARES&quot;}\">MESSIAS CARNEIRO SOARES<\/td>\n<td style=\"width: 48.3333%;height: 23px\" align=\"left\" data-sheets-value=\"{ &quot;1&quot;: 2, &quot;2&quot;: &quot;DANDARA LUIZA RODRIGUES MOTTA&quot;}\">DANDARA LUIZA RODRIGUES MOTTA<\/td>\n<\/tr>\n<tr style=\"height: 23px\">\n<td style=\"width: 50.7143%;height: 23px\" align=\"left\" height=\"17\" data-sheets-value=\"{ &quot;1&quot;: 2, &quot;2&quot;: &quot;TIAGO MAIA DOS SANTOS&quot;}\">TIAGO MAIA DOS SANTOS<\/td>\n<td style=\"width: 48.3333%;height: 23px\" align=\"left\" data-sheets-value=\"{ &quot;1&quot;: 2, &quot;2&quot;: &quot;MARIA LUIZA CARVALHO TEIXEIRA&quot;}\">MARIA LUIZA CARVALHO TEIXEIRA<\/td>\n<\/tr>\n<tr style=\"height: 23px\">\n<td style=\"width: 50.7143%;height: 23px\" align=\"left\" height=\"17\" data-sheets-value=\"{ &quot;1&quot;: 2, &quot;2&quot;: &quot;CAMILLE VIT\u00d3RIA VIDAL TELES&quot;}\">EMANUELLE ROBERTA DE BRITTO SOMAVILA<\/td>\n<td style=\"width: 48.3333%;height: 23px\" align=\"left\" data-sheets-value=\"{ &quot;1&quot;: 2, &quot;2&quot;: &quot;-&quot;}\">PEDRO HENRIQUE GOMES NILSON<\/td>\n<\/tr>\n<\/tbody>\n<\/table>\n","protected":false},"excerpt":{"rendered":"<p>TITULARES SUPLENTES MARTHA BOHRER ADAIME &#8211; Reitora \u00a0 TIAGO BANDEIRA MARCHESAN &#8211; Vice-Reitor \u00a0 ISABEL BOHRER SCHERER JEFERSON DE SOUZA FLORES Pr\u00f3-Reitora de Administra\u00e7\u00e3o Pr\u00f3-Reitor de Administra\u00e7\u00e3o Substituto VIN\u00cdCIUS JACQUES GARCIA CARLO ALESSANDRO CASTELLANELLI Pr\u00f3-Reitor de Planejamento Pr\u00f3-Reitor de Planejamento Substituto FRANK LEONARDO CASADO PAULA BORGES TRONCO Pr\u00f3-Reitor de Gest\u00e3o de Pessoas Pr\u00f3-Reitora de Gest\u00e3o [&hellip;]<\/p>\n","protected":false},"author":1278,"featured_media":0,"parent":0,"menu_order":0,"comment_status":"closed","ping_status":"closed","template":"","meta":{"footnotes":""},"categories":[],"tags":[],"class_list":["post-1323","page","type-page","status-publish","hentry"],"acf":[],"_links":{"self":[{"href":"https:\/\/www.ufsm.br\/reitoria\/conselhos-superiores\/wp-json\/wp\/v2\/pages\/1323","targetHints":{"allow":["GET"]}}],"collection":[{"href":"https:\/\/www.ufsm.br\/reitoria\/conselhos-superiores\/wp-json\/wp\/v2\/pages"}],"about":[{"href":"https:\/\/www.ufsm.br\/reitoria\/conselhos-superiores\/wp-json\/wp\/v2\/types\/page"}],"author":[{"embeddable":true,"href":"https:\/\/www.ufsm.br\/reitoria\/conselhos-superiores\/wp-json\/wp\/v2\/users\/1278"}],"replies":[{"embeddable":true,"href":"https:\/\/www.ufsm.br\/reitoria\/conselhos-superiores\/wp-json\/wp\/v2\/comments?post=1323"}],"version-history":[{"count":0,"href":"https:\/\/www.ufsm.br\/reitoria\/conselhos-superiores\/wp-json\/wp\/v2\/pages\/1323\/revisions"}],"wp:attachment":[{"href":"https:\/\/www.ufsm.br\/reitoria\/conselhos-superiores\/wp-json\/wp\/v2\/media?parent=1323"}],"wp:term":[{"taxonomy":"category","embeddable":true,"href":"https:\/\/www.ufsm.br\/reitoria\/conselhos-superiores\/wp-json\/wp\/v2\/categories?post=1323"},{"taxonomy":"post_tag","embeddable":true,"href":"https:\/\/www.ufsm.br\/reitoria\/conselhos-superiores\/wp-json\/wp\/v2\/tags?post=1323"}],"curies":[{"name":"wp","href":"https:\/\/api.w.org\/{rel}","templated":true}]}}