{"id":1324,"date":"2019-09-02T10:47:20","date_gmt":"2019-09-02T13:47:20","guid":{"rendered":"https:\/\/www.ufsm.br\/reitoria\/conselhos-superiores\/?page_id=1324"},"modified":"2026-03-30T11:18:19","modified_gmt":"2026-03-30T14:18:19","slug":"conselheiros-cepe","status":"publish","type":"page","link":"https:\/\/www.ufsm.br\/reitoria\/conselhos-superiores\/conselheiros-cepe","title":{"rendered":"Conselheiros CEPE"},"content":{"rendered":"\n<p>\u00a0<\/p>\n<table dir=\"ltr\" style=\"width: 100%;height: 2019px\" border=\"1\" cellspacing=\"0\" cellpadding=\"0\"><colgroup><col width=\"349\" \/><col width=\"356\" \/><\/colgroup>\n<tbody>\n<tr style=\"height: 22px\">\n<td style=\"text-align: center;height: 22px;width: 49.899%\" data-sheets-value=\"{&quot;1&quot;:2,&quot;2&quot;:&quot;TITULARES&quot;}\">TITULARES<\/td>\n<td style=\"text-align: center;height: 22px;width: 49.9468%\" data-sheets-value=\"{&quot;1&quot;:2,&quot;2&quot;:&quot;SUPLENTES&quot;}\">SUPLENTES<\/td>\n<\/tr>\n<tr style=\"height: 24px\">\n<td style=\"width: 49.899%;height: 24px\">MARTHA BOHRER ADAIME<\/td>\n<td style=\"width: 49.9468%;height: 24px\">&#8211;<\/td>\n<\/tr>\n<tr style=\"height: 24px\">\n<td style=\"width: 49.899%;height: 24px\">Reitora<\/td>\n<td style=\"width: 49.9468%;height: 24px\">\u00a0<\/td>\n<\/tr>\n<tr style=\"height: 24px\">\n<td style=\"width: 49.899%;height: 24px\">TIAGO BANDEIRA MARCHESAN<\/td>\n<td style=\"width: 49.9468%;height: 24px\">&#8211;<\/td>\n<\/tr>\n<tr style=\"height: 24px\">\n<td style=\"width: 49.899%;height: 24px\">Vice-Reitor<\/td>\n<td style=\"width: 49.9468%;height: 24px\">\u00a0<\/td>\n<\/tr>\n<tr style=\"height: 22px\">\n<td style=\"width: 49.899%;height: 22px\">JACIELE CARINE VIDOR SELL<\/td>\n<td style=\"width: 49.9468%;height: 22px\">VICTOR DE CARLI LOPES<\/td>\n<\/tr>\n<tr style=\"height: 22px\">\n<td style=\"width: 49.899%;height: 22px\"><em>Pr\u00f3-Reitora de Assuntos Estudantis<\/em><\/td>\n<td style=\"width: 49.9468%;height: 22px\"><em>Pr\u00f3-Reitor de Assuntos Estudantis Substituto<\/em><\/td>\n<\/tr>\n<tr style=\"height: 22px\">\n<td style=\"width: 49.899%;height: 22px\">CL\u00c1UDIA SMANIOTTO BARIN<\/td>\n<td style=\"width: 49.9468%;height: 22px\">LARISSA MONTAGNER CERVO<\/td>\n<\/tr>\n<tr style=\"height: 22px\">\n<td style=\"width: 49.899%;height: 22px\"><em>Pr\u00f3-Reitora de Gradua\u00e7\u00e3o<\/em><\/td>\n<td style=\"width: 49.9468%;height: 22px\"><em>Pr\u00f3-Reitora de Gradua\u00e7\u00e3o Substituta<\/em><\/td>\n<\/tr>\n<tr style=\"height: 22px\">\n<td style=\"width: 49.899%;height: 22px\">CRISTINA WAYNE NOGUEIRA<\/td>\n<td style=\"width: 49.9468%;height: 22px\">TATIANA EMANUELLI<\/td>\n<\/tr>\n<tr style=\"height: 22px\">\n<td style=\"width: 49.899%;height: 22px\"><em>Pr\u00f3-Reitora de P\u00f3s-Gradua\u00e7\u00e3o e Pesquisa<\/em><\/td>\n<td style=\"width: 49.9468%;height: 22px\"><em>Pr\u00f3-Reitora de P\u00f3s-Gradua\u00e7\u00e3o e Pesquisa Substituta<\/em><\/td>\n<\/tr>\n<tr style=\"height: 22px\">\n<td style=\"width: 49.899%;height: 22px\">MILENA CARVALHO BEZERRA FREIRE DE OLIVEIRA-CRUZ<\/td>\n<td style=\"width: 49.9468%;height: 22px\">\u00c2NGELA WEBER RIGHI<\/td>\n<\/tr>\n<tr style=\"height: 22px\">\n<td style=\"width: 49.899%;height: 22px\"><em>Pr\u00f3-Reitora de Extens\u00e3o<\/em><\/td>\n<td style=\"width: 49.9468%;height: 22px\"><em>Pr\u00f3-Reitora de Extens\u00e3o Substituta<\/em><\/td>\n<\/tr>\n<tr style=\"height: 22px\">\n<td style=\"width: 49.899%;height: 22px\">&#8211;<\/td>\n<td style=\"width: 49.9468%;height: 22px\">&#8211;<\/td>\n<\/tr>\n<tr style=\"height: 22px\">\n<td style=\"width: 49.899%;height: 22px\"><em>Coordenador de EBTT<\/em><\/td>\n<td style=\"width: 49.9468%;height: 22px\"><em>Vice Coordenador de EBTT<\/em><\/td>\n<\/tr>\n<tr style=\"height: 22px\">\n<td style=\"width: 99.8458%;height: 22px;text-align: center\" colspan=\"2\"><strong><em>Representantes docentes Classe E<\/em><\/strong><\/td>\n<\/tr>\n<tr style=\"height: 22px\">\n<td style=\"width: 49.899%;height: 22px\">JO\u00c3O C\u00c9SAR DIAS DE OLIVEIRA<\/td>\n<td style=\"width: 49.9468%;height: 22px\">LUCIANA SILVEIRA FL\u00d4RES<\/td>\n<\/tr>\n<tr style=\"height: 22px\">\n<td style=\"width: 99.8458%;height: 22px;text-align: center\" colspan=\"2\"><strong><em>Representantes docentes Classe D<\/em><\/strong><\/td>\n<\/tr>\n<tr style=\"height: 22px\">\n<td style=\"width: 49.899%;height: 22px\">CLAYTON HILLIG<\/td>\n<td style=\"width: 49.9468%;height: 22px\">DEJALMA CREMONESE<\/td>\n<\/tr>\n<tr style=\"height: 22px\">\n<td style=\"width: 99.8458%;height: 22px;text-align: center\" colspan=\"2\"><strong><em>Representantes docentes Classe C<\/em><\/strong><\/td>\n<\/tr>\n<tr style=\"height: 22px\">\n<td style=\"width: 49.899%;height: 22px\">LUCAS VEIGA \u00c1VILA<\/td>\n<td style=\"width: 49.9468%;height: 22px\">MAR\u00cdNDIA BRACHAK SANTOS<\/td>\n<\/tr>\n<tr style=\"height: 22px\">\n<td style=\"width: 99.8458%;height: 22px;text-align: center\" colspan=\"2\"><strong><em>Representantes docentes Classe B<\/em><\/strong><\/td>\n<\/tr>\n<tr style=\"height: 22px\">\n<td style=\"width: 49.899%;height: 22px\">&#8211;<\/td>\n<td style=\"width: 49.9468%;height: 22px\">&#8211;<\/td>\n<\/tr>\n<tr style=\"height: 22px\">\n<td style=\"width: 99.8458%;height: 22px;text-align: center\" colspan=\"2\"><strong><em>Representantes docentes Classe A<\/em><\/strong><\/td>\n<\/tr>\n<tr style=\"height: 22px\">\n<td style=\"width: 49.899%;height: 22px\">ANDERSON LUIZ MACHADO DOS SANTOS<\/td>\n<td style=\"width: 49.9468%;height: 22px\">JESS\u00c9 DA CRUZ<\/td>\n<\/tr>\n<tr style=\"height: 22px\">\n<td style=\"width: 99.8458%;height: 22px;text-align: center\" colspan=\"2\"><strong><em>Ensino B\u00e1sico, T\u00e9cnico e Tecnol\u00f3gico<\/em><\/strong><\/td>\n<\/tr>\n<tr style=\"height: 22px\">\n<td style=\"width: 49.899%;height: 22px\">MARCELO FREITAS DA SILVA<\/td>\n<td style=\"width: 49.9468%;height: 22px\">MELINA DE AZEVEDO MELLO<\/td>\n<\/tr>\n<tr style=\"height: 22px\">\n<td style=\"width: 49.899%;height: 22px\">CLAUDIO RENATO SCHLESSNER<\/td>\n<td style=\"width: 49.9468%;height: 22px\">FABR\u00cdCIO FERNANDO HALBERSTADT<\/td>\n<\/tr>\n<tr style=\"height: 22px\">\n<td style=\"width: 49.899%;height: 22px\">&#8211;<\/td>\n<td style=\"width: 49.9468%;height: 22px\">IVAN ZOLIN<\/td>\n<\/tr>\n<tr style=\"height: 22px\">\n<td style=\"width: 99.8458%;height: 22px;text-align: center\" colspan=\"2\"><strong><em>T\u00e9cnico-Administrativos em Educa\u00e7\u00e3o<\/em><\/strong><\/td>\n<\/tr>\n<tr style=\"height: 22px\">\n<td style=\"width: 49.899%;height: 22px\">&#8211;<\/td>\n<td style=\"width: 49.9468%;height: 22px\">ALTAIR GROFF<\/td>\n<\/tr>\n<tr style=\"height: 22px\">\n<td style=\"width: 49.899%;height: 22px\">&#8211;<\/td>\n<td style=\"width: 49.9468%;height: 22px\">SIMONE DE DAVID ANT\u00d4NIO<\/td>\n<\/tr>\n<tr style=\"height: 22px\">\n<td style=\"width: 49.899%;height: 22px\">VIN\u00cdCIUS GOMES PERDIG\u00c3O<\/td>\n<td style=\"width: 49.9468%;height: 22px\">ANDR\u00c9 ALVAREZ GROHE COMIM<\/td>\n<\/tr>\n<tr style=\"height: 22px\">\n<td style=\"width: 49.899%;height: 22px\">ZELMIELEN ADORNES DE SOUZA<\/td>\n<td style=\"width: 49.9468%;height: 22px\">MARLENE GALLINA REGO<\/td>\n<\/tr>\n<tr style=\"height: 22px\">\n<td style=\"width: 49.899%;height: 22px\">CRISTIELE SPAT<\/td>\n<td style=\"width: 49.9468%;height: 22px\">MARILENE DIAS DO NASCIMENTO<\/td>\n<\/tr>\n<tr style=\"height: 22px\">\n<td style=\"width: 49.899%;height: 22px\">\u00c2NGELA MARIA SOUZA DE LIMA<\/td>\n<td style=\"width: 49.9468%;height: 22px\">JOVANELI LARA XAVIER SIQUEIRA DA ROSA<\/td>\n<\/tr>\n<tr style=\"height: 22px\">\n<td style=\"width: 49.899%;height: 22px\">ROSI\u00c9LI MARTINI<\/td>\n<td style=\"width: 49.9468%;height: 22px\">ALESSANDRA ALFARO BASTOS<\/td>\n<\/tr>\n<tr style=\"height: 22px\">\n<td style=\"width: 49.899%;height: 22px\">IVES GALLON<\/td>\n<td style=\"width: 49.9468%;height: 22px\">GABRIELA HEINZ<\/td>\n<\/tr>\n<tr style=\"height: 22px\">\n<td style=\"width: 99.8458%;height: 22px;text-align: center\" colspan=\"2\"><strong><em>Centro de Artes e Letras<\/em><\/strong><\/td>\n<\/tr>\n<tr style=\"height: 22px\">\n<td style=\"width: 49.899%;height: 22px\">LISANDRO MARCOS PIRES BELLOTTO<\/td>\n<td style=\"width: 49.9468%;height: 22px\">CLAYTON JULIANO RODRIGUES MIRANDA<\/td>\n<\/tr>\n<tr style=\"height: 22px\">\n<td style=\"width: 49.899%;height: 22px\">ALTAMIR MOREIRA<\/td>\n<td style=\"width: 49.9468%;height: 22px\">DANIEL REIS PL\u00c1<\/td>\n<\/tr>\n<tr style=\"height: 22px\">\n<td style=\"width: 49.899%;height: 22px\">DANIELLE DIFANTE PEDROZO<\/td>\n<td style=\"width: 49.9468%;height: 22px\">MARIANE MAGNO RIBAS<\/td>\n<\/tr>\n<tr style=\"height: 22px\">\n<td style=\"width: 99.8458%;height: 22px;text-align: center\" colspan=\"2\"><strong><em>Centro de Educa\u00e7\u00e3o<\/em><\/strong><\/td>\n<\/tr>\n<tr style=\"height: 22px\">\n<td style=\"width: 49.899%;height: 22px\">MARIA ELIZA ROSA GAMA<\/td>\n<td style=\"width: 49.9468%;height: 22px\">ROBERTA ROSSAROLLA FORGIARINI<\/td>\n<\/tr>\n<tr style=\"height: 22px\">\n<td style=\"width: 49.899%;height: 22px\">M\u00c1RCIA ELIANE LEINDCKER DA PAIX\u00c3O<\/td>\n<td style=\"width: 49.9468%;height: 22px\">DEBORA ORTIZ LE\u00c3O<\/td>\n<\/tr>\n<tr style=\"height: 23px\">\n<td style=\"width: 49.899%;height: 23px\" align=\"left\" valign=\"middle\" height=\"23\">FABIANE ROMANO DE SOUZA BRIDI<\/td>\n<td style=\"width: 49.9468%;height: 23px\">ELISIANE MACHADO LUNARDI<\/td>\n<\/tr>\n<tr style=\"height: 22px\">\n<td style=\"width: 99.8458%;height: 22px;text-align: center\" colspan=\"2\"><strong><em>Centro de Educa\u00e7\u00e3o F\u00edsica e Desportos<\/em><\/strong><\/td>\n<\/tr>\n<tr style=\"height: 22px\">\n<td style=\"width: 49.899%;height: 22px\">RICARDO DREWS<\/td>\n<td style=\"width: 49.9468%;height: 22px\">MARISTELA DA SILVA SOUZA<\/td>\n<\/tr>\n<tr style=\"height: 22px\">\n<td style=\"width: 49.899%;height: 22px\">CESAR ALCIDES GELLER<\/td>\n<td style=\"width: 49.9468%;height: 22px\">CYRO KNACKFUSS<\/td>\n<\/tr>\n<tr style=\"height: 22px\">\n<td style=\"width: 49.899%;height: 22px\">F\u00c1BIO JUNER LANFERDINI<\/td>\n<td style=\"width: 49.9468%;height: 22px\">MARIA AM\u00c9LIA ROTH<\/td>\n<\/tr>\n<tr style=\"height: 22px\">\n<td style=\"width: 99.8458%;height: 22px;text-align: center\" colspan=\"2\"><strong><em>Centro de Ci\u00eancias Naturais e Exatas<\/em><\/strong><\/td>\n<\/tr>\n<tr style=\"height: 22px\">\n<td style=\"width: 49.899%;height: 22px\">F\u00c1TIMA SQUIZANI<\/td>\n<td style=\"width: 49.9468%;height: 22px\">CL\u00c9BER BISOGNIN<\/td>\n<\/tr>\n<tr style=\"height: 22px\">\n<td style=\"width: 49.899%;height: 22px\">JO\u00c3O MARCELO SANTOS DE OLIVEIRA<\/td>\n<td style=\"width: 49.9468%;height: 22px\">CRISTIAN DE SALES DAMBROS<\/td>\n<\/tr>\n<tr style=\"height: 22px\">\n<td style=\"width: 49.899%;height: 22px\">CARMEN VIEIRA MATHIAS<\/td>\n<td style=\"width: 49.9468%;height: 22px\">JUSSIANE SOUZA DA SILVA<\/td>\n<\/tr>\n<tr style=\"height: 22px\">\n<td style=\"width: 99.8458%;height: 22px;text-align: center\" colspan=\"2\"><strong><em>Centro de Ci\u00eancias Rurais<\/em><\/strong><\/td>\n<\/tr>\n<tr style=\"height: 22px\">\n<td style=\"width: 49.899%;height: 22px\">M\u00c1RCIA ALVES DE MEDEIROS GORODICHT<\/td>\n<td style=\"width: 49.9468%;height: 22px\">CL\u00c1UDIA KAEHLER SAUTTER<\/td>\n<\/tr>\n<tr style=\"height: 22px\">\n<td style=\"width: 49.899%;height: 22px\">JAIME FREIBERGER J\u00daNIOR<\/td>\n<td style=\"width: 49.9468%;height: 22px\">JORGE ANT\u00d4NIO DE FARIAS<\/td>\n<\/tr>\n<tr style=\"height: 22px\">\n<td style=\"width: 49.899%;height: 22px\">OT\u00c1VIO LUIZ FID\u00c9LIS J\u00daNIOR<\/td>\n<td style=\"width: 49.9468%;height: 22px\">FERNANDA ALICE ANTONELLO LONDERO BACKES<\/td>\n<\/tr>\n<tr style=\"height: 22px\">\n<td style=\"width: 99.8458%;height: 22px;text-align: center\" colspan=\"2\"><strong><em>Centro de Ci\u00eancias da Sa\u00fade<\/em><\/strong><\/td>\n<\/tr>\n<tr style=\"height: 22px\">\n<td style=\"width: 49.899%;height: 22px\">DENISE TERESINHA ANTONELLI DA VEIGA<\/td>\n<td style=\"width: 49.9468%;height: 22px\">DANIELA BITENCOURT ROSA LEAL<\/td>\n<\/tr>\n<tr style=\"height: 22px\">\n<td style=\"width: 49.899%;height: 22px\">LENISA BRAND\u00c3O<\/td>\n<td style=\"width: 49.9468%;height: 22px\">JEFFERSON POTIGUARA DE MORAES<\/td>\n<\/tr>\n<tr style=\"height: 22px\">\n<td style=\"width: 49.899%;height: 22px\">LA\u00cdS MARA CAETANO DA SILVA CORCINI<\/td>\n<td style=\"width: 49.9468%;height: 22px\">RAFAEL VAZ MACHRY<\/td>\n<\/tr>\n<tr style=\"height: 22px\">\n<td style=\"width: 99.8458%;height: 22px;text-align: center\" colspan=\"2\"><strong><em>Centro de Ci\u00eancias Sociais e Humanas<\/em><\/strong><\/td>\n<\/tr>\n<tr style=\"height: 22px\">\n<td style=\"width: 49.899%;height: 22px\">BRENO AUGUSTO DINIZ PEREIRA<\/td>\n<td style=\"width: 49.9468%;height: 22px\" align=\"left\" valign=\"middle\" bgcolor=\"#FFFFFF\" height=\"23\">ALINE R\u00d3ES DALMOLIN<\/td>\n<\/tr>\n<tr style=\"height: 22px\">\n<td style=\"width: 49.899%;height: 22px\">IVO ELESB\u00c3O<\/td>\n<td style=\"width: 49.9468%;height: 22px\">JULIO RICARDO QUEVEDO DOS SANTOS<\/td>\n<\/tr>\n<tr style=\"height: 22px\">\n<td style=\"width: 49.899%;height: 22px\">ANDR\u00c9 ZANKI CORDENONSI<\/td>\n<td style=\"width: 49.9468%;height: 22px\">LAURA REGINA DA SILVA C\u00c2MARA MA\u00daR\u00cdCIO DA FONSECA<\/td>\n<\/tr>\n<tr style=\"height: 22px\">\n<td style=\"width: 99.8458%;height: 22px;text-align: center\" colspan=\"2\"><strong><em>Centro de Tecnologia<\/em><\/strong><\/td>\n<\/tr>\n<tr style=\"height: 22px\">\n<td style=\"width: 49.899%;height: 22px\">LUCIENNE ROSSI LOPES LIMBERGER<\/td>\n<td style=\"width: 49.9468%;height: 22px\">JO\u00c3O KAMINSKI J\u00daNIOR<\/td>\n<\/tr>\n<tr style=\"height: 22px\">\n<td style=\"width: 49.899%;height: 22px\">JO\u00c3O FRANCISCO CARLEXO HORN<\/td>\n<td style=\"width: 49.9468%;height: 22px\">DIEGO BERLEZI RAMOS<\/td>\n<\/tr>\n<tr style=\"height: 22px\">\n<td style=\"width: 49.899%;height: 22px\">EDERSON ROSSI ABAIDE<\/td>\n<td style=\"width: 49.9468%;height: 22px\">ANDRESSA DE OLIVEIRA SILVEIRA<\/td>\n<\/tr>\n<tr style=\"height: 22px\">\n<td style=\"width: 99.8458%;height: 22px;text-align: center\" colspan=\"2\"><strong><em>Campus da UFSM em Frederico Westphalen<\/em><\/strong><\/td>\n<\/tr>\n<tr style=\"height: 22px\">\n<td style=\"width: 49.899%;height: 22px\">WILLIAN FERNANDO DE BORBA<\/td>\n<td style=\"width: 49.9468%;height: 22px\">EVANDRO PREUSS<\/td>\n<\/tr>\n<tr style=\"height: 22px\">\n<td style=\"width: 49.899%;height: 22px\">PATR\u00cdCIA MILANO PERSIGO<\/td>\n<td style=\"width: 49.9468%;height: 22px\" align=\"left\" valign=\"middle\" bgcolor=\"#FFFFFF\" height=\"23\">RAFAEL FOLETTO<\/td>\n<\/tr>\n<tr style=\"height: 22px\">\n<td style=\"width: 49.899%;height: 22px\">GILVAN MOIS\u00c9S BERTOLLO<\/td>\n<td style=\"width: 49.9468%;height: 22px\">MARCOS TOEBE<\/td>\n<\/tr>\n<tr style=\"height: 22px\">\n<td style=\"width: 99.8458%;height: 22px;text-align: center\" colspan=\"2\"><strong><em>Campus da UFSM em Palmeira das Miss\u00f5es<\/em><\/strong><\/td>\n<\/tr>\n<tr style=\"height: 22px\">\n<td style=\"width: 49.899%;height: 22px\">LU\u00cdS CARLOS ZUCATTO<\/td>\n<td style=\"width: 49.9468%;height: 22px\">C\u00c9ZAR AUGUSTO PEREIRA DOS SANTOS<\/td>\n<\/tr>\n<tr style=\"height: 22px\">\n<td style=\"width: 49.899%;height: 22px\">LUCIANA FAGUNDES CHRISTOFARI<\/td>\n<td style=\"width: 49.9468%;height: 22px\">FERNANDA SARTURI<\/td>\n<\/tr>\n<tr style=\"height: 22px\">\n<td style=\"width: 49.899%;height: 22px\">LUIZ EDUARDO AVELAR PUCCI<\/td>\n<td style=\"width: 49.9468%;height: 22px\">R\u00d4MULO BATISTA RODRIGUES<\/td>\n<\/tr>\n<tr style=\"height: 22px\">\n<td style=\"width: 99.8458%;height: 22px;text-align: center\" colspan=\"2\"><strong><em>Campus da UFSM em Cachoeira do Sul<\/em><\/strong><\/td>\n<\/tr>\n<tr style=\"height: 22px\">\n<td style=\"width: 49.899%;height: 22px\">PAULO C\u00c9SAR VARGAS LUZ<\/td>\n<td style=\"width: 49.9468%;height: 22px\">TIAGO RODRIGO FRANCETTO<\/td>\n<\/tr>\n<tr style=\"height: 22px\">\n<td style=\"width: 49.899%;height: 22px\">EDERVAL DE SOUZA LISBOA<\/td>\n<td style=\"width: 49.9468%;height: 22px\">J\u00daLIO C\u00c9SAR PINHEIRO PIRES<\/td>\n<\/tr>\n<tr style=\"height: 22px\">\n<td style=\"width: 49.899%;height: 22px\">D\u00c9BORA GREGOLETTO<\/td>\n<td style=\"width: 49.9468%;height: 22px\">CAMILA BECKER PICOLOTO<\/td>\n<\/tr>\n<tr style=\"height: 22px\">\n<td style=\"width: 99.8458%;height: 22px;text-align: center\" colspan=\"2\"><strong><em>DCE<\/em><\/strong><\/td>\n<\/tr>\n<tr style=\"height: 23px\">\n<td style=\"width: 49.899%;height: 23px\" align=\"left\" height=\"17\" data-sheets-value=\"{ &quot;1&quot;: 2, &quot;2&quot;: &quot; THAINA AMARAL DAUINHEIMER &quot;}\">THAINA AMARAL DAUINHEIMER<\/td>\n<td style=\"width: 49.9468%;height: 23px\" align=\"left\" data-sheets-value=\"{ &quot;1&quot;: 2, &quot;2&quot;: &quot; ANT\u00d4NIO KATOTE FARIAS &quot;}\">ANT\u00d4NIO KATOTE FARIAS<\/td>\n<\/tr>\n<tr style=\"height: 23px\">\n<td style=\"width: 49.899%;height: 23px\" align=\"left\" height=\"17\" data-sheets-value=\"{ &quot;1&quot;: 2, &quot;2&quot;: &quot; KAUA AMARAL DAUINHEIMER &quot;}\">KAUA AMARAL DAUINHEIMER<\/td>\n<td style=\"width: 49.9468%;height: 23px\" align=\"left\" data-sheets-value=\"{ &quot;1&quot;: 2, &quot;2&quot;: &quot; JULIA GOJ-JUR PEDROSO NUNES &quot;}\">JULIA GOJ-JUR PEDROSO NUNES<\/td>\n<\/tr>\n<tr style=\"height: 23px\">\n<td style=\"width: 49.899%;height: 23px\" align=\"left\" height=\"17\" data-sheets-value=\"{ &quot;1&quot;: 2, &quot;2&quot;: &quot; LEON GON\u00c7ALVES DE JESUS &quot;}\">LEON GON\u00c7ALVES DE JESUS<\/td>\n<td style=\"width: 49.9468%;height: 23px\" align=\"left\" data-sheets-value=\"{ &quot;1&quot;: 2, &quot;2&quot;: &quot; BEATRIZ CAMPANHA DOS SANTOS &quot;}\">BEATRIZ CAMPANHA DOS SANTOS<\/td>\n<\/tr>\n<tr style=\"height: 23px\">\n<td style=\"width: 49.899%;height: 23px\" align=\"left\" height=\"17\" data-sheets-value=\"{ &quot;1&quot;: 2, &quot;2&quot;: &quot; ARTHUR FERNANDES CORDONI &quot;}\">ARTHUR FERNANDES CORDONI<\/td>\n<td style=\"width: 49.9468%;height: 23px\" align=\"left\" data-sheets-value=\"{ &quot;1&quot;: 2, &quot;2&quot;: &quot; MARIA LUIZA BIACCHI VIONE &quot;}\">MARIA LUIZA BIACCHI VIONE<\/td>\n<\/tr>\n<tr style=\"height: 23px\">\n<td style=\"width: 49.899%;height: 23px\" align=\"left\" height=\"17\" data-sheets-value=\"{ &quot;1&quot;: 2, &quot;2&quot;: &quot; LUCA OTESBELGUE HENES &quot;}\">LUCA OTESBELGUE HENES<\/td>\n<td style=\"width: 49.9468%;height: 23px\" align=\"left\" data-sheets-value=\"{ &quot;1&quot;: 2, &quot;2&quot;: &quot; VIT\u00d3RIA MENEZES CONTESSA &quot;}\">VIT\u00d3RIA MENEZES CONTESSA<\/td>\n<\/tr>\n<tr style=\"height: 23px\">\n<td style=\"width: 49.899%;height: 23px\" align=\"left\" height=\"17\" data-sheets-value=\"{ &quot;1&quot;: 2, &quot;2&quot;: &quot; EDUARDA CENCI TODESCHINI &quot;}\">EDUARDA CENCI TODESCHINI<\/td>\n<td style=\"width: 49.9468%;height: 23px\" align=\"left\" data-sheets-value=\"{ &quot;1&quot;: 2, &quot;2&quot;: &quot; GUILHERME DE SOUZA CEZAR &quot;}\">GUILHERME DE SOUZA CEZAR<\/td>\n<\/tr>\n<tr style=\"height: 23px\">\n<td style=\"width: 49.899%;height: 23px\" align=\"left\" height=\"17\" data-sheets-value=\"{ &quot;1&quot;: 2, &quot;2&quot;: &quot; LUIZ EDUARDO BONETI BARBOSA &quot;}\">LUIZ EDUARDO BONETI BARBOSA<\/td>\n<td style=\"width: 49.9468%;height: 23px\" align=\"left\" data-sheets-value=\"{ &quot;1&quot;: 2, &quot;2&quot;: &quot; LIRIEL CAROLINE DA SILVA SANTOS &quot;}\">LIRIEL CAROLINE DA SILVA SANTOS<\/td>\n<\/tr>\n<tr style=\"height: 23px\">\n<td style=\"width: 49.899%;height: 23px\" align=\"left\" height=\"17\" data-sheets-value=\"{ &quot;1&quot;: 2, &quot;2&quot;: &quot; NAOMI VAL\u00caNCIA RODRIGUES MOTTA &quot;}\">NAOMI VAL\u00caNCIA RODRIGUES MOTTA<\/td>\n<td style=\"width: 49.9468%;height: 23px\" align=\"left\" data-sheets-value=\"{ &quot;1&quot;: 2, &quot;2&quot;: &quot; EDISON LUCIANO BECHER COSTA &quot;}\">EDISON LUCIANO BECHER COSTA<\/td>\n<\/tr>\n<\/tbody>\n<\/table>\n\n\n\n\n","protected":false},"excerpt":{"rendered":"<p>\u00a0 TITULARES SUPLENTES MARTHA BOHRER ADAIME &#8211; Reitora \u00a0 TIAGO BANDEIRA MARCHESAN &#8211; Vice-Reitor \u00a0 JACIELE CARINE VIDOR SELL VICTOR DE CARLI LOPES Pr\u00f3-Reitora de Assuntos Estudantis Pr\u00f3-Reitor de Assuntos Estudantis Substituto CL\u00c1UDIA SMANIOTTO BARIN LARISSA MONTAGNER CERVO Pr\u00f3-Reitora de Gradua\u00e7\u00e3o Pr\u00f3-Reitora de Gradua\u00e7\u00e3o Substituta CRISTINA WAYNE NOGUEIRA TATIANA EMANUELLI Pr\u00f3-Reitora de P\u00f3s-Gradua\u00e7\u00e3o e Pesquisa [&hellip;]<\/p>\n","protected":false},"author":1278,"featured_media":0,"parent":0,"menu_order":0,"comment_status":"closed","ping_status":"closed","template":"","meta":{"footnotes":""},"categories":[],"tags":[],"class_list":["post-1324","page","type-page","status-publish","hentry"],"acf":[],"_links":{"self":[{"href":"https:\/\/www.ufsm.br\/reitoria\/conselhos-superiores\/wp-json\/wp\/v2\/pages\/1324","targetHints":{"allow":["GET"]}}],"collection":[{"href":"https:\/\/www.ufsm.br\/reitoria\/conselhos-superiores\/wp-json\/wp\/v2\/pages"}],"about":[{"href":"https:\/\/www.ufsm.br\/reitoria\/conselhos-superiores\/wp-json\/wp\/v2\/types\/page"}],"author":[{"embeddable":true,"href":"https:\/\/www.ufsm.br\/reitoria\/conselhos-superiores\/wp-json\/wp\/v2\/users\/1278"}],"replies":[{"embeddable":true,"href":"https:\/\/www.ufsm.br\/reitoria\/conselhos-superiores\/wp-json\/wp\/v2\/comments?post=1324"}],"version-history":[{"count":0,"href":"https:\/\/www.ufsm.br\/reitoria\/conselhos-superiores\/wp-json\/wp\/v2\/pages\/1324\/revisions"}],"wp:attachment":[{"href":"https:\/\/www.ufsm.br\/reitoria\/conselhos-superiores\/wp-json\/wp\/v2\/media?parent=1324"}],"wp:term":[{"taxonomy":"category","embeddable":true,"href":"https:\/\/www.ufsm.br\/reitoria\/conselhos-superiores\/wp-json\/wp\/v2\/categories?post=1324"},{"taxonomy":"post_tag","embeddable":true,"href":"https:\/\/www.ufsm.br\/reitoria\/conselhos-superiores\/wp-json\/wp\/v2\/tags?post=1324"}],"curies":[{"name":"wp","href":"https:\/\/api.w.org\/{rel}","templated":true}]}}