{"id":1326,"date":"2019-09-02T10:55:13","date_gmt":"2019-09-02T13:55:13","guid":{"rendered":"https:\/\/www.ufsm.br\/reitoria\/conselhos-superiores\/?page_id=1326"},"modified":"2025-12-29T10:24:51","modified_gmt":"2025-12-29T13:24:51","slug":"conselheiros-curadores","status":"publish","type":"page","link":"https:\/\/www.ufsm.br\/reitoria\/conselhos-superiores\/conselheiros-curadores","title":{"rendered":"Conselheiros Curadores"},"content":{"rendered":"\n<table dir=\"ltr\" style=\"width: 100%;height: 405px\" border=\"1\" cellspacing=\"0\" cellpadding=\"0\"><colgroup><col width=\"379\" \/><col width=\"356\" \/><\/colgroup>\n<tbody>\n<tr style=\"height: 22px\">\n<td style=\"text-align: center;height: 22px;width: 51.4805%\" data-sheets-value=\"{&quot;1&quot;:2,&quot;2&quot;:&quot;TITULARES&quot;}\">TITULARES<\/td>\n<td style=\"text-align: center;height: 22px;width: 48.2837%\" data-sheets-value=\"{&quot;1&quot;:2,&quot;2&quot;:&quot;SUPLENTES&quot;}\">SUPLENTES<\/td>\n<\/tr>\n<tr style=\"height: 22px\">\n<td style=\"text-align: center;height: 22px;width: 99.7642%\" colspan=\"2\" data-sheets-value=\"{&quot;1&quot;:2,&quot;2&quot;:&quot;Reitor&quot;}\" data-sheets-formula=\"=MANDATOS!R[-6]C[-1]\">Reitora<\/td>\n<\/tr>\n<tr style=\"height: 22px\">\n<td style=\"text-align: center;height: 22px;width: 99.7642%\" colspan=\"2\" data-sheets-value=\"{&quot;1&quot;:2,&quot;2&quot;:&quot;PAULO AFONSO BURMANN&quot;}\" data-sheets-formula=\"=MANDATOS!R[-7]C[-2]\">MARTHA BOHRER ADAIME<\/td>\n<\/tr>\n<tr style=\"height: 22px\">\n<td style=\"text-align: center;height: 22px;width: 99.7642%\" colspan=\"2\" data-sheets-value=\"{&quot;1&quot;:2,&quot;2&quot;:&quot;Reitor anterior&quot;}\" data-sheets-formula=\"=MANDATOS!R[-7]C[-1]\">Reitor anterior<\/td>\n<\/tr>\n<tr style=\"height: 22px\">\n<td style=\"text-align: center;height: 22px;width: 99.7642%\" colspan=\"2\" data-sheets-value=\"{&quot;1&quot;:2,&quot;2&quot;:&quot;FELIPE MARTINS M\u00dcLLER&quot;}\" data-sheets-formula=\"=MANDATOS!R[-8]C[-2]\">LUCIANO SCHUCH<\/td>\n<\/tr>\n<tr style=\"height: 22px\">\n<td style=\"text-align: center;height: 22px;width: 99.7642%\" colspan=\"2\" data-sheets-value=\"{&quot;1&quot;:2,&quot;2&quot;:&quot;Rep. t\u00e9cnico-administrativo&quot;}\" data-sheets-formula=\"=MANDATOS!R[-8]C[-1]\">Rep. t\u00e9cnico-administrativo<\/td>\n<\/tr>\n<tr style=\"height: 22px\">\n<td style=\"height: 22px;width: 51.4805%\" data-sheets-value=\"{&quot;1&quot;:2,&quot;2&quot;:&quot;T\u00c2NIA MARIA LORENZONI PIRES&quot;}\" data-sheets-formula=\"=MANDATOS!R[-9]C[-2]\">CL\u00c1UDIO ROBERTO SCALCON<\/td>\n<td style=\"height: 22px;width: 48.2837%\" data-sheets-value=\"{&quot;1&quot;:2,&quot;2&quot;:&quot;CL\u00c1UDIO ROBERTO SCALCON&quot;}\" data-sheets-formula=\"=MANDATOS!R[-8]C[-3]\">FERNANDA DALCIN FLORES<\/td>\n<\/tr>\n<tr style=\"height: 22px\">\n<td style=\"text-align: center;height: 23px;width: 99.7642%\" colspan=\"2\" data-sheets-value=\"{&quot;1&quot;:2,&quot;2&quot;:&quot;CEPE&quot;}\" data-sheets-formula=\"=MANDATOS!R[-8]C[-1]\">CEPE<\/td>\n<\/tr>\n<tr style=\"height: 22px\">\n<td style=\"height: 26px;width: 51.4805%\" data-sheets-value=\"{&quot;1&quot;:2,&quot;2&quot;:&quot;VIN\u00cdCIUS COSTA DA SILVA ZONATTO&quot;}\" data-sheets-formula=\"=MANDATOS!R[-9]C[-2]\">ANDERSON ANT\u00d4NIO DENARDIN<\/td>\n<td style=\"height: 26px;width: 48.2837%\" align=\"left\" valign=\"top\" height=\"26\">CRISTIANO SAUSEN SOARES<\/td>\n<\/tr>\n<tr style=\"height: 22px\">\n<td style=\"height: 26px;width: 51.4805%\" data-sheets-value=\"{&quot;1&quot;:2,&quot;2&quot;:&quot;JAIME PEIXOTO STECCA&quot;}\" data-sheets-formula=\"=MANDATOS!R[-8]C[-2]\">DANIEL \u00c2NGELO SGANZERLA GRAICHEN<\/td>\n<td style=\"height: 26px;width: 48.2837%\" align=\"left\" valign=\"top\" height=\"26\">DIONEIA DALCIN<\/td>\n<\/tr>\n<tr style=\"height: 22px\">\n<td style=\"text-align: center;height: 22px;width: 99.7642%\" colspan=\"2\" data-sheets-value=\"{&quot;1&quot;:2,&quot;2&quot;:&quot;CONSU&quot;}\" data-sheets-formula=\"=MANDATOS!R[-7]C[-1]\">CONSU<\/td>\n<\/tr>\n<tr style=\"height: 22px\">\n<td style=\"height: 22px;width: 51.4805%\" data-sheets-value=\"{&quot;1&quot;:2,&quot;2&quot;:&quot;IVO ELESB\u00c3O&quot;}\" data-sheets-formula=\"=MANDATOS!R[-8]C[-2]\">JUAN GALVARINO CERDA BALCAZAR<\/td>\n<td style=\"height: 22px;width: 48.2837%\" data-sheets-value=\"{&quot;1&quot;:2,&quot;2&quot;:&quot;IGOR BERNARDI SONZA&quot;}\" data-sheets-formula=\"=MANDATOS!R[-7]C[-3]\">IGOR BERNARDI SONZA<\/td>\n<\/tr>\n<tr style=\"height: 22px\">\n<td style=\"height: 22px;width: 51.4805%\" data-sheets-value=\"{&quot;1&quot;:2,&quot;2&quot;:&quot;LUIZ HENRIQUE FIGUEIRA MARQUEZAN&quot;}\" data-sheets-formula=\"=MANDATOS!R[-7]C[-2]\">FERNANDO COPETTI<\/td>\n<td style=\"height: 22px;width: 48.2837%\" data-sheets-value=\"{&quot;1&quot;:2,&quot;2&quot;:&quot;GUSTAVO FONTINELLI ROSS\u00c9S&quot;}\" data-sheets-formula=\"=MANDATOS!R[-6]C[-3]\">ANDERSON BETTI FRARE<\/td>\n<\/tr>\n<tr style=\"height: 22px\">\n<td style=\"height: 22px;width: 51.4805%\" data-sheets-value=\"{&quot;1&quot;:2,&quot;2&quot;:&quot;ANDERSON ANT\u00d4NIO DENARDIN&quot;}\" data-sheets-formula=\"=MANDATOS!R[-6]C[-2]\">VIN\u00cdCIUS COSTA DA SILVA ZONATTO<\/td>\n<td style=\"width: 48.2837%;height: 22px\" align=\"left\" valign=\"top\" height=\"26\">LEANDER LUIZ KLEIN<\/td>\n<\/tr>\n<tr style=\"height: 22px\">\n<td style=\"text-align: center;height: 22px;width: 99.7642%\" colspan=\"2\" data-sheets-value=\"{&quot;1&quot;:2,&quot;2&quot;:&quot;Rep. comunidade externa&quot;}\" data-sheets-formula=\"=MANDATOS!R[-5]C[-1]\">Rep. comunidade externa<\/td>\n<\/tr>\n<tr style=\"height: 22px\">\n<td style=\"height: 22px;width: 51.4805%\" data-sheets-value=\"{&quot;1&quot;:2,&quot;2&quot;:&quot;-&quot;}\" data-sheets-formula=\"=MANDATOS!R[-6]C[-2]\">&#8211;<\/td>\n<td style=\"height: 22px;width: 48.2837%\" data-sheets-value=\"{&quot;1&quot;:2,&quot;2&quot;:&quot;-&quot;}\" data-sheets-formula=\"=MANDATOS!R[-5]C[-3]\">&#8211;<\/td>\n<\/tr>\n<tr style=\"height: 22px\">\n<td style=\"text-align: center;height: 22px;width: 99.7642%\" colspan=\"2\" data-sheets-value=\"{&quot;1&quot;:2,&quot;2&quot;:&quot;DCE&quot;}\" data-sheets-formula=\"=MANDATOS!R[-5]C[-1]\">DCE<\/td>\n<\/tr>\n<tr style=\"height: 22px\">\n<td style=\"height: 22px;width: 51.4805%\" data-sheets-value=\"{&quot;1&quot;:2,&quot;2&quot;:&quot;-&quot;}\" data-sheets-formula=\"=MANDATOS!R[-6]C[-2]\">&#8211;<\/td>\n<td style=\"height: 22px;width: 48.2837%\" data-sheets-value=\"{&quot;1&quot;:2,&quot;2&quot;:&quot;-&quot;}\" data-sheets-formula=\"=MANDATOS!R[-5]C[-3]\">&#8211;<\/td>\n<\/tr>\n<\/tbody>\n<\/table>\n\n\n","protected":false},"excerpt":{"rendered":"<p>TITULARES SUPLENTES Reitora MARTHA BOHRER ADAIME Reitor anterior LUCIANO SCHUCH Rep. t\u00e9cnico-administrativo CL\u00c1UDIO ROBERTO SCALCON FERNANDA DALCIN FLORES CEPE ANDERSON ANT\u00d4NIO DENARDIN CRISTIANO SAUSEN SOARES DANIEL \u00c2NGELO SGANZERLA GRAICHEN DIONEIA DALCIN CONSU JUAN GALVARINO CERDA BALCAZAR IGOR BERNARDI SONZA FERNANDO COPETTI ANDERSON BETTI FRARE VIN\u00cdCIUS COSTA DA SILVA ZONATTO LEANDER LUIZ KLEIN Rep. comunidade externa [&hellip;]<\/p>\n","protected":false},"author":1278,"featured_media":0,"parent":0,"menu_order":0,"comment_status":"closed","ping_status":"closed","template":"","meta":{"footnotes":""},"categories":[],"tags":[],"class_list":["post-1326","page","type-page","status-publish","hentry"],"acf":[],"_links":{"self":[{"href":"https:\/\/www.ufsm.br\/reitoria\/conselhos-superiores\/wp-json\/wp\/v2\/pages\/1326","targetHints":{"allow":["GET"]}}],"collection":[{"href":"https:\/\/www.ufsm.br\/reitoria\/conselhos-superiores\/wp-json\/wp\/v2\/pages"}],"about":[{"href":"https:\/\/www.ufsm.br\/reitoria\/conselhos-superiores\/wp-json\/wp\/v2\/types\/page"}],"author":[{"embeddable":true,"href":"https:\/\/www.ufsm.br\/reitoria\/conselhos-superiores\/wp-json\/wp\/v2\/users\/1278"}],"replies":[{"embeddable":true,"href":"https:\/\/www.ufsm.br\/reitoria\/conselhos-superiores\/wp-json\/wp\/v2\/comments?post=1326"}],"version-history":[{"count":0,"href":"https:\/\/www.ufsm.br\/reitoria\/conselhos-superiores\/wp-json\/wp\/v2\/pages\/1326\/revisions"}],"wp:attachment":[{"href":"https:\/\/www.ufsm.br\/reitoria\/conselhos-superiores\/wp-json\/wp\/v2\/media?parent=1326"}],"wp:term":[{"taxonomy":"category","embeddable":true,"href":"https:\/\/www.ufsm.br\/reitoria\/conselhos-superiores\/wp-json\/wp\/v2\/categories?post=1326"},{"taxonomy":"post_tag","embeddable":true,"href":"https:\/\/www.ufsm.br\/reitoria\/conselhos-superiores\/wp-json\/wp\/v2\/tags?post=1326"}],"curies":[{"name":"wp","href":"https:\/\/api.w.org\/{rel}","templated":true}]}}