{"id":1362,"date":"2019-10-10T15:24:37","date_gmt":"2019-10-10T18:24:37","guid":{"rendered":"https:\/\/www.ufsm.br\/reitoria\/conselhos-superiores\/?page_id=1362"},"modified":"2026-04-07T09:04:14","modified_gmt":"2026-04-07T12:04:14","slug":"pautas-curadores","status":"publish","type":"page","link":"https:\/\/www.ufsm.br\/reitoria\/conselhos-superiores\/pautas-curadores","title":{"rendered":"Pautas Curadores"},"content":{"rendered":"\n<table style=\"width: 99.0994%;border-collapse: collapse;border-style: solid;height: 861px\" border=\"1\">\n<tbody>\n<tr style=\"height: 23px\">\n<td style=\"width: 50%;text-align: center;height: 23px\"><span style=\"color: #000080\"><strong>&#8211;<\/strong><\/span><\/td>\n<td style=\"width: 50%;height: 23px;text-align: center\"><span style=\"color: #000080\"><strong>2026<\/strong><\/span><\/td>\n<\/tr>\n<tr>\n<td style=\"width: 50%;text-align: center\"><span style=\"color: #000080\"><strong>\u00a0<\/strong><\/span><\/td>\n<td style=\"width: 50%;text-align: center;height: 23px\"><span style=\"color: #000080\"> <a href=\"https:\/\/www.ufsm.br\/app\/uploads\/sites\/713\/2026\/04\/Pauta-CURADORES-234.pdf\">Sess\u00e3o 234\u00aa<\/a><\/span><\/td>\n<\/tr>\n<tr>\n<td style=\"width: 50%;text-align: center\"><span style=\"color: #000080\"><strong>\u00a0<\/strong><\/span><\/td>\n<td style=\"width: 50%;text-align: center\"><span style=\"color: #000080\"> <a href=\"https:\/\/www.ufsm.br\/app\/uploads\/sites\/713\/2026\/04\/Pauta-CURADORES-235a.pdf\">Sess\u00e3o 235\u00aa<\/a><\/span><\/td>\n<\/tr>\n<tr>\n<td style=\"width: 50%;text-align: center\"><span style=\"color: #000080\"><strong>\u00a0<\/strong><\/span><\/td>\n<td style=\"width: 50%;text-align: center\"><span style=\"color: #000080\">\u00a0<\/span><\/td>\n<\/tr>\n<tr style=\"height: 23px\">\n<td style=\"width: 50%;text-align: center;height: 23px\"><span style=\"color: #000080\"><strong>\u00a02025<\/strong><\/span><\/td>\n<td style=\"width: 50%;height: 23px;text-align: center\"><span style=\"color: #000080\"><strong>2024<\/strong><\/span><\/td>\n<\/tr>\n<tr style=\"height: 23px\">\n<td style=\"width: 50%;text-align: center;height: 23px\"><span style=\"color: #000080\"> <a href=\"https:\/\/www.ufsm.br\/app\/uploads\/sites\/713\/2025\/05\/Pauta-Curadores-227a.pdf\">Sess\u00e3o 227\u00aa<\/a><\/span><\/td>\n<td style=\"width: 50%;height: 23px;text-align: center\"><a href=\"https:\/\/www.ufsm.br\/app\/uploads\/sites\/713\/2024\/08\/Pauta-CURADORES-222a.pdf\">Sess\u00e3o 222\u00aa<\/a><\/td>\n<\/tr>\n<tr style=\"height: 23px\">\n<td style=\"width: 50%;text-align: center;height: 23px\"><span style=\"color: #000080\"> <a href=\"https:\/\/www.ufsm.br\/app\/uploads\/sites\/713\/2025\/06\/Pauta-Curadores-228a-1.pdf\">Sess\u00e3o 228\u00aa<\/a><\/span><\/td>\n<td style=\"width: 50%;height: 23px;text-align: center\"><a href=\"https:\/\/www.ufsm.br\/app\/uploads\/sites\/713\/2024\/08\/Pauta-CURADORES-223a.pdf\">Sess\u00e3o 223\u00aa<\/a><\/td>\n<\/tr>\n<tr style=\"height: 23px\">\n<td style=\"width: 50%;height: 23px;text-align: center\">Sess\u00e3o 229\u00aa (Lista Tr\u00edplice &#8211; Reitor)<\/td>\n<td style=\"width: 50%;height: 23px;text-align: center\"><a href=\"https:\/\/www.ufsm.br\/app\/uploads\/sites\/713\/2024\/08\/Pauta-CURADORES-224a.pdf\">Sess\u00e3o 224\u00aa<\/a><\/td>\n<\/tr>\n<tr style=\"height: 23px\">\n<td style=\"width: 50%;height: 23px;text-align: center\">Sess\u00e3o 230\u00aa (Lista Tr\u00edplice &#8211; Vice-Reitor)<\/td>\n<td style=\"width: 50%;text-align: center;height: 23px\"><span style=\"color: #000080\"> <a href=\"https:\/\/www.ufsm.br\/app\/uploads\/sites\/713\/2024\/10\/Provavel-pauta-Curadores-225a.pdf\">Sess\u00e3o 225\u00aa<\/a><\/span><\/td>\n<\/tr>\n<tr style=\"height: 23px\">\n<td style=\"width: 50%;text-align: center;height: 23px\"><span style=\"color: #000080\"> <a href=\"https:\/\/www.ufsm.br\/app\/uploads\/sites\/713\/2025\/11\/Pauta-Curadores-231a.pdf\">Sess\u00e3o 231\u00aa<\/a><\/span><\/td>\n<td style=\"width: 50%;text-align: center;height: 23px\"><span style=\"color: #000080\"> <a href=\"https:\/\/www.ufsm.br\/app\/uploads\/sites\/713\/2024\/11\/Pauta-Curadores-226a-1.pdf\">Sess\u00e3o 226\u00aa<\/a><\/span><\/td>\n<\/tr>\n<tr style=\"height: 23px\">\n<td style=\"width: 50%;text-align: center;height: 23px\"><span style=\"color: #000080\"> <a href=\"https:\/\/www.ufsm.br\/app\/uploads\/sites\/713\/2025\/11\/Pauta-CURADORES-232a.pdf\">Sess\u00e3o 232\u00aa<\/a><\/span><\/td>\n<td style=\"width: 50%;text-align: center;height: 23px\"><span style=\"color: #000080\">\u00a0<\/span><\/td>\n<\/tr>\n<tr>\n<td style=\"width: 50%;text-align: center\"><span style=\"color: #000080\"> <a href=\"https:\/\/www.ufsm.br\/app\/uploads\/sites\/713\/2026\/04\/Pauta-CURADORES-233a.pdf\">Sess\u00e3o 233\u00aa<\/a><\/span><\/td>\n<td style=\"width: 50%;text-align: center\"><span style=\"color: #000080\">\u00a0<\/span><\/td>\n<\/tr>\n<tr>\n<td style=\"width: 50%;text-align: center\"><span style=\"color: #000080\">\u00a0<\/span><\/td>\n<td style=\"width: 50%;text-align: center\"><span style=\"color: #000080\">\u00a0<\/span><\/td>\n<\/tr>\n<tr style=\"height: 23px\">\n<td style=\"width: 50%;height: 23px;text-align: center\"><span style=\"color: #000080\"><strong>2023<\/strong><\/span><\/td>\n<td style=\"width: 50%;height: 23px;text-align: center\"><span style=\"color: #000080\"><strong>2022<\/strong><\/span><\/td>\n<\/tr>\n<tr style=\"height: 23px\">\n<td style=\"width: 50%;height: 23px;text-align: center\"><a href=\"https:\/\/www.ufsm.br\/app\/uploads\/sites\/713\/2024\/08\/Pauta-CURADORES-219a.pdf\">Sess\u00e3o 219\u00aa<\/a><\/td>\n<td style=\"width: 50%;height: 23px;text-align: center\"><a href=\"https:\/\/www.ufsm.br\/app\/uploads\/sites\/713\/2024\/08\/Pauta-CURADORES-215a.pdf\">Sess\u00e3o 215\u00aa<\/a><\/td>\n<\/tr>\n<tr style=\"height: 23px\">\n<td style=\"width: 50%;height: 23px;text-align: center\"><a href=\"https:\/\/www.ufsm.br\/app\/uploads\/sites\/713\/2024\/08\/Pauta-CURADORES-220a.pdf\">Sess\u00e3o 220\u00aa<\/a><\/td>\n<td style=\"width: 50%;height: 23px;text-align: center\"><a href=\"https:\/\/www.ufsm.br\/app\/uploads\/sites\/713\/2024\/08\/Pauta-CURADORES-216a.pdf\">Sess\u00e3o 216\u00aa<\/a><\/td>\n<\/tr>\n<tr style=\"height: 23px\">\n<td style=\"width: 50%;height: 23px;text-align: center\"><a href=\"https:\/\/www.ufsm.br\/app\/uploads\/sites\/713\/2024\/08\/Pauta-CURADORES-221a.pdf\">Sess\u00e3o 221\u00aa<\/a><\/td>\n<td style=\"width: 50%;height: 23px;text-align: center\"><a href=\"https:\/\/www.ufsm.br\/app\/uploads\/sites\/713\/2024\/08\/Pauta-CURADORES-217a.pdf\">Sess\u00e3o 217\u00aa<\/a><\/td>\n<\/tr>\n<tr style=\"height: 23px\">\n<td style=\"width: 50%;text-align: center;height: 23px\">\u00a0<\/td>\n<td style=\"width: 50%;text-align: center;height: 23px\"><span style=\"color: #000080\"><a href=\"https:\/\/www.ufsm.br\/app\/uploads\/sites\/713\/2024\/08\/Pauta-CURADORES-218a.pdf\">Sess\u00e3o 218\u00aa<\/a><\/span><\/td>\n<\/tr>\n<tr style=\"height: 23px\">\n<td style=\"width: 50%;text-align: center;height: 23px\"><span style=\"color: #000080\"><strong>\u00a0<\/strong><\/span><\/td>\n<td style=\"width: 50%;text-align: center;height: 23px\"><span style=\"color: #000080\"><strong>\u00a0<\/strong><\/span><\/td>\n<\/tr>\n<tr style=\"height: 23px\">\n<td style=\"width: 50%;height: 23px;text-align: center\"><span style=\"color: #000080\"><strong>2021<\/strong><\/span><\/td>\n<td style=\"width: 50%;height: 23px;text-align: center\"><span style=\"color: #000080\"><strong>2020<\/strong><\/span><\/td>\n<\/tr>\n<tr style=\"height: 23px\">\n<td style=\"width: 50%;height: 23px;text-align: center\"><a href=\"https:\/\/www.ufsm.br\/reitoria\/conselhos-superiores\/wp-content\/uploads\/sites\/713\/2019\/07\/PAUTA-CURADORES-Sesso-201.pdf\">Sess\u00e3o 209\u00aa<\/a><\/td>\n<td style=\"width: 50%;height: 23px;text-align: center\"><a href=\"https:\/\/www.ufsm.br\/app\/uploads\/sites\/713\/2024\/08\/Pauta-CURADORES-207a.pdf\">Sess\u00e3o 207\u00aa<\/a><\/td>\n<\/tr>\n<tr style=\"height: 23px\">\n<td style=\"width: 50%;height: 23px;text-align: center\"><a href=\"https:\/\/www.ufsm.br\/reitoria\/conselhos-superiores\/wp-content\/uploads\/sites\/713\/2019\/07\/PAUTA-CURADORES-Sesso-202.pdf\">Sess\u00e3o 210\u00aa<\/a><\/td>\n<td style=\"width: 50%;height: 23px;text-align: center\"><a href=\"https:\/\/www.ufsm.br\/app\/uploads\/sites\/713\/2024\/08\/Pauta-CURADORES-208a.pdf\">Sess\u00e3o 208\u00aa<\/a><\/td>\n<\/tr>\n<tr style=\"height: 23px\">\n<td style=\"width: 50%;height: 23px;text-align: center\"><a href=\"https:\/\/www.ufsm.br\/app\/uploads\/sites\/713\/2024\/08\/Pauta-CURADORES-211a.pdf\">Sess\u00e3o 211\u00aa<\/a><\/td>\n<td style=\"width: 50%;height: 23px;text-align: center\">\u00a0<\/td>\n<\/tr>\n<tr style=\"height: 23px\">\n<td style=\"width: 50%;height: 23px;text-align: center\">Sess\u00e3o 212\u00aa (Lista Tr\u00edplice &#8211; Reitor)<\/td>\n<td style=\"width: 50%;height: 23px;text-align: center\">\u00a0<\/td>\n<\/tr>\n<tr style=\"height: 23px\">\n<td style=\"width: 50%;height: 23px;text-align: center\">Sess\u00e3o 213\u00aa (Lista Tr\u00edplice &#8211; Vice-Reitor)<\/td>\n<td style=\"width: 50%;height: 23px;text-align: center\">\u00a0<\/td>\n<\/tr>\n<tr style=\"height: 23px\">\n<td style=\"width: 50%;height: 23px;text-align: center\">Sess\u00e3o 214\u00aa (Aprova\u00e7\u00e3o das atas das listas tr\u00edplices)<\/td>\n<td style=\"width: 50%;height: 23px;text-align: center\">\u00a0<\/td>\n<\/tr>\n<tr style=\"height: 23px\">\n<td style=\"width: 50%;text-align: center;height: 23px\"><span style=\"color: #000080\"><strong>\u00a0<\/strong><\/span><\/td>\n<td style=\"width: 50%;text-align: center;height: 23px\"><span style=\"color: #000080\"><strong>\u00a0<\/strong><\/span><\/td>\n<\/tr>\n<tr style=\"height: 23px\">\n<td style=\"width: 50%;height: 23px;text-align: center\"><span style=\"color: #000080\"><strong>2019<\/strong><\/span><\/td>\n<td style=\"width: 50%;height: 23px;text-align: center\"><span style=\"color: #000080\"><strong>2018<\/strong><\/span><\/td>\n<\/tr>\n<tr style=\"height: 23px\">\n<td style=\"width: 50%;height: 23px;text-align: center\"><a href=\"https:\/\/www.ufsm.br\/reitoria\/conselhos-superiores\/wp-content\/uploads\/sites\/713\/2019\/07\/PAUTA-CURADORES-Sesso-204-e.pdf\">Sess\u00e3o 204\u00aa<\/a><\/td>\n<td style=\"width: 50%;height: 23px;text-align: center\"><a href=\"https:\/\/www.ufsm.br\/reitoria\/conselhos-superiores\/wp-content\/uploads\/sites\/713\/2019\/07\/PAUTA-CURADORES-Sesso-201.pdf\">Sess\u00e3o 201\u00aa<\/a><\/td>\n<\/tr>\n<tr style=\"height: 23px\">\n<td style=\"width: 50%;height: 23px;text-align: center\"><a href=\"https:\/\/www.ufsm.br\/app\/uploads\/sites\/713\/2024\/08\/Pauta-CURADORES-205a.pdf\">Sess\u00e3o 205\u00aa<\/a><\/td>\n<td style=\"width: 50%;height: 23px;text-align: center\"><a href=\"https:\/\/www.ufsm.br\/reitoria\/conselhos-superiores\/wp-content\/uploads\/sites\/713\/2019\/07\/PAUTA-CURADORES-Sesso-202.pdf\">Sess\u00e3o 202\u00aa<\/a><\/td>\n<\/tr>\n<tr style=\"height: 23px\">\n<td style=\"width: 50%;text-align: center;height: 23px\"><a href=\"https:\/\/www.ufsm.br\/app\/uploads\/sites\/713\/2024\/08\/Pauta-CURADORES-206a.pdf\">Sess\u00e3o 206\u00aa<\/a><\/td>\n<td style=\"width: 50%;height: 23px;text-align: center\"><a href=\"https:\/\/www.ufsm.br\/app\/uploads\/sites\/713\/2024\/08\/Pauta-CURADORES-203a.pdf\">Sess\u00e3o 203\u00aa<\/a><\/td>\n<\/tr>\n<tr style=\"height: 23px\">\n<td style=\"width: 50%;text-align: center;height: 23px\">\u00a0<\/td>\n<td style=\"width: 50%;text-align: center;height: 23px\">\u00a0<\/td>\n<\/tr>\n<tr style=\"height: 23px\">\n<td style=\"width: 50%;height: 23px;text-align: center\"><span style=\"color: #000080\"><strong>2017<\/strong><\/span><\/td>\n<td style=\"width: 50%;height: 23px;text-align: center\"><span style=\"color: #000080\"><strong>2016<\/strong><\/span><\/td>\n<\/tr>\n<tr style=\"height: 23px\">\n<td style=\"width: 50%;height: 23px;text-align: center\"><a href=\"https:\/\/www.ufsm.br\/reitoria\/conselhos-superiores\/wp-content\/uploads\/sites\/713\/2019\/07\/PAUTA-CURADORES-Sesso-195.pdf\">Sess\u00e3o 195\u00aa<\/a><\/td>\n<td style=\"width: 50%;height: 23px;text-align: center\"><a href=\"https:\/\/www.ufsm.br\/reitoria\/conselhos-superiores\/wp-content\/uploads\/sites\/713\/2019\/07\/PAUTA-CURADORES-Sesso-191.pdf\">Sess\u00e3o 191\u00aa<\/a><\/td>\n<\/tr>\n<tr style=\"height: 23px\">\n<td style=\"width: 50%;height: 23px;text-align: center\"><a href=\"https:\/\/www.ufsm.br\/reitoria\/conselhos-superiores\/wp-content\/uploads\/sites\/713\/2019\/07\/PAUTA-CURADORES-Sesso-196.pdf\">Sess\u00e3o 196\u00aa<\/a><\/td>\n<td style=\"width: 50%;height: 23px;text-align: center\">Sess\u00e3o 192\u00aa<\/td>\n<\/tr>\n<tr style=\"height: 23px\">\n<td style=\"width: 50%;height: 23px;text-align: center\"><a href=\"https:\/\/www.ufsm.br\/reitoria\/conselhos-superiores\/wp-content\/uploads\/sites\/713\/2019\/07\/PAUTA-CEPE-reitor-11.07.2017.pdf\">Sess\u00e3o 197\u00aa<\/a><\/td>\n<td style=\"width: 50%;height: 23px;text-align: center\"><a href=\"https:\/\/www.ufsm.br\/reitoria\/conselhos-superiores\/wp-content\/uploads\/sites\/713\/2019\/07\/PAUTA-CURADORES-Sesso-193.pdf\">Sess\u00e3o 193\u00aa<\/a><\/td>\n<\/tr>\n<tr style=\"height: 23px\">\n<td style=\"width: 50%;height: 23px;text-align: center\"><a href=\"https:\/\/www.ufsm.br\/reitoria\/conselhos-superiores\/wp-content\/uploads\/sites\/713\/2019\/07\/PAUTA-CEPE-11.07.2017.pdf\">Sess\u00e3o 198\u00aa<\/a><\/td>\n<td style=\"width: 50%;height: 23px;text-align: center\"><a href=\"https:\/\/www.ufsm.br\/reitoria\/conselhos-superiores\/wp-content\/uploads\/sites\/713\/2019\/07\/PAUTA-CURADORES-Sesso-194s.pdf\">Sess\u00e3o 194\u00aa<\/a><\/td>\n<\/tr>\n<tr style=\"height: 23px\">\n<td style=\"width: 50%;height: 23px;text-align: center\"><a href=\"https:\/\/www.ufsm.br\/reitoria\/conselhos-superiores\/wp-content\/uploads\/sites\/713\/2019\/07\/PAUTA-CURADORES-Sesso-199.pdf\">Sess\u00e3o 199\u00aa<\/a><\/td>\n<td style=\"width: 50%;height: 23px;text-align: center\">\u00a0<\/td>\n<\/tr>\n<tr style=\"height: 23px\">\n<td style=\"width: 50%;height: 23px;text-align: center\"><a href=\"https:\/\/www.ufsm.br\/app\/uploads\/sites\/713\/2024\/08\/Pauta-CURADORES-200a.pdf\">Sess\u00e3o 200\u00aa<\/a><\/td>\n<td style=\"width: 50%;height: 23px;text-align: center\">\u00a0<\/td>\n<\/tr>\n<tr style=\"height: 23px\">\n<td style=\"width: 50%;text-align: center;height: 23px\">\u00a0<\/td>\n<td style=\"width: 50%;text-align: center;height: 23px\">\u00a0<\/td>\n<\/tr>\n<tr style=\"height: 23px\">\n<td style=\"width: 50%;height: 23px;text-align: center\"><span style=\"color: #000080\"><strong>2015<\/strong><\/span><\/td>\n<td style=\"width: 50%;height: 23px;text-align: center\">\u00a0<\/td>\n<\/tr>\n<tr style=\"height: 23px\">\n<td style=\"width: 50%;height: 23px;text-align: center\"><a href=\"https:\/\/www.ufsm.br\/reitoria\/conselhos-superiores\/wp-content\/uploads\/sites\/713\/2019\/07\/PAUTA-CURADORES-Sesso-188.pdf\">Sess\u00e3o 188\u00aa<\/a><\/td>\n<td style=\"width: 50%;height: 23px;text-align: center\">\u00a0<\/td>\n<\/tr>\n<tr style=\"height: 23px\">\n<td style=\"width: 50%;height: 23px;text-align: center\"><a href=\"https:\/\/www.ufsm.br\/reitoria\/conselhos-superiores\/wp-content\/uploads\/sites\/713\/2019\/07\/PAUTA-CURADORES-Sesso-189.pdf\">Sess\u00e3o 189\u00aa<\/a><\/td>\n<td style=\"width: 50%;height: 23px;text-align: center\">\u00a0<\/td>\n<\/tr>\n<tr style=\"height: 10px\">\n<td style=\"width: 50%;height: 10px;text-align: center\"><a href=\"https:\/\/www.ufsm.br\/reitoria\/conselhos-superiores\/wp-content\/uploads\/sites\/713\/2019\/07\/PAUTA-CURADORES-Sesso-190.pdf\">Sess\u00e3o 190\u00aa<\/a><\/td>\n<td style=\"width: 50%;height: 10px;text-align: center\">\u00a0<\/td>\n<\/tr>\n<\/tbody>\n<\/table>\n<p>\u00a0<\/p>\n","protected":false},"excerpt":{"rendered":"<p>&#8211; 2026 \u00a0 Sess\u00e3o 234\u00aa \u00a0 Sess\u00e3o 235\u00aa \u00a0 \u00a0 \u00a02025 2024 Sess\u00e3o 227\u00aa Sess\u00e3o 222\u00aa Sess\u00e3o 228\u00aa Sess\u00e3o 223\u00aa Sess\u00e3o 229\u00aa (Lista Tr\u00edplice &#8211; Reitor) Sess\u00e3o 224\u00aa Sess\u00e3o 230\u00aa (Lista Tr\u00edplice &#8211; Vice-Reitor) Sess\u00e3o 225\u00aa Sess\u00e3o 231\u00aa Sess\u00e3o 226\u00aa Sess\u00e3o 232\u00aa \u00a0 Sess\u00e3o 233\u00aa \u00a0 \u00a0 \u00a0 2023 2022 Sess\u00e3o 219\u00aa Sess\u00e3o 215\u00aa Sess\u00e3o [&hellip;]<\/p>\n","protected":false},"author":1278,"featured_media":0,"parent":0,"menu_order":0,"comment_status":"closed","ping_status":"closed","template":"","meta":{"footnotes":""},"categories":[],"tags":[],"class_list":["post-1362","page","type-page","status-publish","hentry"],"acf":[],"_links":{"self":[{"href":"https:\/\/www.ufsm.br\/reitoria\/conselhos-superiores\/wp-json\/wp\/v2\/pages\/1362","targetHints":{"allow":["GET"]}}],"collection":[{"href":"https:\/\/www.ufsm.br\/reitoria\/conselhos-superiores\/wp-json\/wp\/v2\/pages"}],"about":[{"href":"https:\/\/www.ufsm.br\/reitoria\/conselhos-superiores\/wp-json\/wp\/v2\/types\/page"}],"author":[{"embeddable":true,"href":"https:\/\/www.ufsm.br\/reitoria\/conselhos-superiores\/wp-json\/wp\/v2\/users\/1278"}],"replies":[{"embeddable":true,"href":"https:\/\/www.ufsm.br\/reitoria\/conselhos-superiores\/wp-json\/wp\/v2\/comments?post=1362"}],"version-history":[{"count":0,"href":"https:\/\/www.ufsm.br\/reitoria\/conselhos-superiores\/wp-json\/wp\/v2\/pages\/1362\/revisions"}],"wp:attachment":[{"href":"https:\/\/www.ufsm.br\/reitoria\/conselhos-superiores\/wp-json\/wp\/v2\/media?parent=1362"}],"wp:term":[{"taxonomy":"category","embeddable":true,"href":"https:\/\/www.ufsm.br\/reitoria\/conselhos-superiores\/wp-json\/wp\/v2\/categories?post=1362"},{"taxonomy":"post_tag","embeddable":true,"href":"https:\/\/www.ufsm.br\/reitoria\/conselhos-superiores\/wp-json\/wp\/v2\/tags?post=1362"}],"curies":[{"name":"wp","href":"https:\/\/api.w.org\/{rel}","templated":true}]}}