{"id":987,"date":"2019-07-08T12:50:03","date_gmt":"2019-07-08T15:50:03","guid":{"rendered":"https:\/\/www.ufsm.br\/reitoria\/conselhos-superiores\/?page_id=987"},"modified":"2019-09-01T00:26:51","modified_gmt":"2019-09-01T03:26:51","slug":"orgaos-superiores","status":"publish","type":"page","link":"https:\/\/www.ufsm.br\/reitoria\/conselhos-superiores\/orgaos-superiores","title":{"rendered":"\u00d3rg\u00e3os Superiores"},"content":{"rendered":"\n<p style=\"text-align: justify\"><strong>Os \u00d3rg\u00e3os Superiores da UFSM s\u00e3o compostos pelos Conselhos Universit\u00e1rio, de Ensino, Pesquisa e Extens\u00e3o e de Curadores, estabelecidos conforme o Regimento Geral da UFSM e seu Estatuto.<\/strong><\/p>\n<p style=\"text-align: justify\"><br \/><strong>CONSELHO UNIVERSIT\u00c1RIO<\/strong><\/p>\n<p style=\"text-align: justify\"><br \/>\u00a0 \u00a0 O Conselho Universit\u00e1rio \u00e9 o \u00f3rg\u00e3o m\u00e1ximo da Institui\u00e7\u00e3o, normativo, deliberativo e de planejamento nos planos acad\u00eamico, administrativo, financeiro, patrimonial e disciplinar. \u00c9 composto pelos seguintes membros:<br \/>\u00a0 \u00a0 I \u2013 Reitor, como seu presidente;<br \/>\u00a0 \u00a0 II \u2013 Vice-Reitor;<br \/>\u00a0 \u00a0 III \u2013 Diretores de Unidades de Ensino Superior;<br \/>\u00a0 \u00a0 IV \u2013Diretores de Unidades de Educa\u00e7\u00e3o B\u00e1sica, T\u00e9cnica e Tecnol\u00f3gica;<br \/>\u00a0 \u00a0 V \u2013 um representante da categoria docente da Educa\u00e7\u00e3o B\u00e1sica, T\u00e9cnica e Tecnol\u00f3gica;<br \/>\u00a0 \u00a0 VI \u2013 um representante da categoria docente do magist\u00e9rio superior por classe;<br \/>\u00a0 \u00a0 VII \u2013 dois representantes da categoria docente por Unidade de Ensino Superior (Centros de Ensino e Campi fora de sede);<br \/>\u00a0 \u00a0 VIII \u2013 oito representantes da categoria T\u00e9cnico-Administrativa em Educa\u00e7\u00e3o;<br \/>\u00a0 \u00a0 IX \u2013 oito representantes da categoria discente;<br \/>\u00a0 \u00a0 X \u2013 dois representantes dos servidores aposentados, sendo um da categoria docente e outro da T\u00e9cnico-Administrativa em Educa\u00e7\u00e3o; e<br \/>\u00a0 \u00a0 XI \u2013 dois representantes da comunidade local e regional.<\/p>\n<p style=\"text-align: justify\"><br \/>\u00a0 \u00a0 Este Conselho ser\u00e1 presidido pelo Reitor e, na sua aus\u00eancia ou impedimento, pelo Vice-Reitor, e na falta destes pelo Diretor de Centro mais antigo no Magist\u00e9rio da Universidade.<br \/>\u00a0 \u00a0 O CONSU reunir-se-\u00e1 por convoca\u00e7\u00e3o do Reitor, em sess\u00f5es ordin\u00e1rias, mensalmente, e, extraordinariamente, com a indica\u00e7\u00e3o precisa de mat\u00e9ria a tratar, se assim o entender o Reitor ou a requerimento de dois ter\u00e7os dos seus membros.<br \/>\u00a0 \u00a0 Ter\u00e1 como subunidade de apoio a Secretaria dos Conselhos e duas comiss\u00f5es permanentes, a Comiss\u00e3o de Legisla\u00e7\u00e3o e Regimentos (CLR) e a Comiss\u00e3o de Or\u00e7amento e Reg\u00eancia Patrimonial (CORP), cada qual com compet\u00eancias espec\u00edficas de forma a garantir a efici\u00eancia na tomada de decis\u00f5es por este \u00f3rg\u00e3o.<\/p>\n<p style=\"text-align: justify\"><br \/><strong>CONSELHO DE ENSINO, PESQUISA E EXTENS\u00c3O<\/strong><\/p>\n<p style=\"text-align: justify\"><br \/>\u00a0 \u00a0 O Conselho de Ensino, Pesquisa e Extens\u00e3o \u00e9 um \u00f3rg\u00e3o superior deliberativo e consultivo da UFSM para todos os assuntos de Ensino, Pesquisa e Extens\u00e3o, e \u00e9 composto pelos seguintes membros:<br \/>\u00a0 \u00a0 I \u2013 Reitor, como Presidente;<br \/>\u00a0 \u00a0 II \u2013 Vice-Reitor;<br \/>\u00a0 \u00a0 III \u2013 Tr\u00eas representantes docentes de cada Unidade Universit\u00e1ria; <br \/>\u00a0 \u00a0 IV \u2013 Representante dos Professores Titulares;<br \/>\u00a0 \u00a0 V \u2013 Representante dos Professores Associados;<br \/>\u00a0 \u00a0 VI \u2013 Representante dos Professores Adjuntos;<br \/>\u00a0 \u00a0 VII \u2013 Representante dos Professores Assistentes;<br \/>\u00a0 \u00a0 VIII \u2013 Representante dos Professores Auxiliares;<br \/>\u00a0 \u00a0 IX \u2013 Tr\u00eas representantes dos docentes de Ensino M\u00e9dio e Tecnol\u00f3gico;<br \/>\u00a0 \u00a0 X \u2013 Cinco representantes do grupo de servidores T\u00e9cnico Administrativos em Educa\u00e7\u00e3o; e (alterada pela Resolu\u00e7\u00e3o N. 016\/2017)<br \/>\u00a0 \u00a0 XI \u2013 Doze representantes do Corpo Discente. (alterada pela Resolu\u00e7\u00e3o N. 016\/2017)<\/p>\n<p style=\"text-align: justify\"><br \/>\u00a0 \u00a0 Este Conselho ser\u00e1 presidido pelo Reitor e, na sua aus\u00eancia ou impedimento, pelo Vice-Reitor e, na falta deste, pelo membro integrante mais antigo no magist\u00e9rio.<br \/>\u00a0 \u00a0 O CEPE reunir-se-\u00e1 quinzenalmente, em sess\u00e3o ordin\u00e1ria, e, extraordinariamente, quando convocado pelo Reitor ou a requerimento de, no m\u00ednimo, dois ter\u00e7os dos seus membros, indicando os assuntos a serem tratados.<br \/>\u00a0 \u00a0 Ter\u00e1 como subunidade de apoio a Secretaria dos Conselhos e duas comiss\u00f5es permanentes, a Comiss\u00e3o de Legisla\u00e7\u00e3o e Normas (CLN) e a Comiss\u00e3o de Ensino, Pesquisa e Extens\u00e3o (COMEPE), cada qual com compet\u00eancias espec\u00edficas de forma a garantir a efici\u00eancia na tomada de decis\u00f5es por este \u00f3rg\u00e3o.<\/p>\n<p style=\"text-align: justify\"><br \/><strong>CONSELHO DE CURADORES<\/strong><\/p>\n<p style=\"text-align: justify\"><br \/>\u00a0 \u00a0 O Conselho de Curadores \u00e9 o \u00f3rg\u00e3o de fiscaliza\u00e7\u00e3o econ\u00f4mico financeira da Universidade Federal de Santa Maria, e comp\u00f5e-se dos seguintes membros:<br \/>\u00a0 \u00a0 I \u2013 o Reitor ou, na sua aus\u00eancia, o Vice-Reitor, como seu presidente,<br \/>com direito a voz, sem direito a voto;<br \/>\u00a0 \u00a0 II \u2013 o Reitor cujo mandato antecedeu ao do Reitor atual;<br \/>\u00a0 \u00a0 III \u2013 cinco docentes e respectivos suplentes;<br \/>\u00a0 \u00a0 IV \u2013 um representante da comunidade e respectivo suplente;<br \/>\u00a0 \u00a0 V \u2013 um representante dos T\u00e9cnico-Administrativos em Educa\u00e7\u00e3o e<br \/>respectivo suplente;\u00a0VI \u2013 um representante do Corpo Discente e<br \/>respectivo suplente.<\/p>\n<p style=\"text-align: justify\"><br \/>\u00a0 \u00a0 O Conselho reunir-se-\u00e1 ordinariamente, sempre que houver demanda, e, extraordinariamente, quando convocado pelo Presidente ou mediante requerimento da metade e mais um de seus membros, com a indica\u00e7\u00e3o do motivo e da justificativa.<br \/>\u00a0 \u00a0 Ter\u00e1 como subunidade de apoio a Secretaria dos Conselhos e uma comiss\u00e3o permanente, a Comiss\u00e3o de Acompanhamento e An\u00e1lise de Processos (CAAP), que garantir\u00e1 a efici\u00eancia na tomada de decis\u00f5es por este \u00f3rg\u00e3o.<\/p>\n","protected":false},"excerpt":{"rendered":"<p>Os \u00d3rg\u00e3os Superiores da UFSM s\u00e3o compostos pelos Conselhos Universit\u00e1rio, de Ensino, Pesquisa e Extens\u00e3o e de Curadores, estabelecidos conforme o Regimento Geral da UFSM e seu Estatuto. CONSELHO UNIVERSIT\u00c1RIO \u00a0 \u00a0 O Conselho Universit\u00e1rio \u00e9 o \u00f3rg\u00e3o m\u00e1ximo da Institui\u00e7\u00e3o, normativo, deliberativo e de planejamento nos planos acad\u00eamico, administrativo, financeiro, patrimonial e disciplinar. \u00c9 [&hellip;]<\/p>\n","protected":false},"author":46,"featured_media":0,"parent":0,"menu_order":0,"comment_status":"closed","ping_status":"closed","template":"","meta":{"footnotes":""},"categories":[],"tags":[],"class_list":["post-987","page","type-page","status-publish","hentry"],"acf":[],"_links":{"self":[{"href":"https:\/\/www.ufsm.br\/reitoria\/conselhos-superiores\/wp-json\/wp\/v2\/pages\/987","targetHints":{"allow":["GET"]}}],"collection":[{"href":"https:\/\/www.ufsm.br\/reitoria\/conselhos-superiores\/wp-json\/wp\/v2\/pages"}],"about":[{"href":"https:\/\/www.ufsm.br\/reitoria\/conselhos-superiores\/wp-json\/wp\/v2\/types\/page"}],"author":[{"embeddable":true,"href":"https:\/\/www.ufsm.br\/reitoria\/conselhos-superiores\/wp-json\/wp\/v2\/users\/46"}],"replies":[{"embeddable":true,"href":"https:\/\/www.ufsm.br\/reitoria\/conselhos-superiores\/wp-json\/wp\/v2\/comments?post=987"}],"version-history":[{"count":0,"href":"https:\/\/www.ufsm.br\/reitoria\/conselhos-superiores\/wp-json\/wp\/v2\/pages\/987\/revisions"}],"wp:attachment":[{"href":"https:\/\/www.ufsm.br\/reitoria\/conselhos-superiores\/wp-json\/wp\/v2\/media?parent=987"}],"wp:term":[{"taxonomy":"category","embeddable":true,"href":"https:\/\/www.ufsm.br\/reitoria\/conselhos-superiores\/wp-json\/wp\/v2\/categories?post=987"},{"taxonomy":"post_tag","embeddable":true,"href":"https:\/\/www.ufsm.br\/reitoria\/conselhos-superiores\/wp-json\/wp\/v2\/tags?post=987"}],"curies":[{"name":"wp","href":"https:\/\/api.w.org\/{rel}","templated":true}]}}