{"id":1247,"date":"2024-11-04T12:18:30","date_gmt":"2024-11-04T15:18:30","guid":{"rendered":"https:\/\/www.ufsm.br\/reitoria\/gabinete-do-reitor\/?page_id=1247"},"modified":"2025-10-20T14:05:06","modified_gmt":"2025-10-20T17:05:06","slug":"comite-comunicacao-compassiva","status":"publish","type":"page","link":"https:\/\/www.ufsm.br\/reitoria\/gabinete\/comite-comunicacao-compassiva","title":{"rendered":"Comit\u00ea Institucional de Promo\u00e7\u00e3o da Comunica\u00e7\u00e3o\u00a0Compassiva\u00a0e Preven\u00e7\u00e3o de Conflitos\u00a0"},"content":{"rendered":"\t\t<div data-elementor-type=\"wp-page\" data-elementor-id=\"1247\" class=\"elementor elementor-1247\">\n\t\t\t\t\t\t<section class=\"elementor-section elementor-top-section elementor-element elementor-element-ae226bd elementor-section-boxed elementor-section-height-default elementor-section-height-default\" data-id=\"ae226bd\" data-element_type=\"section\">\n\t\t\t\t\t\t<div class=\"elementor-container elementor-column-gap-default\">\n\t\t\t\t\t<div class=\"elementor-column elementor-col-100 elementor-top-column elementor-element elementor-element-fce0f6e\" data-id=\"fce0f6e\" data-element_type=\"column\">\n\t\t\t<div class=\"elementor-widget-wrap elementor-element-populated\">\n\t\t\t\t\t\t<div class=\"elementor-element elementor-element-aacaa45 elementor-widget elementor-widget-text-editor\" data-id=\"aacaa45\" data-element_type=\"widget\" data-widget_type=\"text-editor.default\">\n\t\t\t\t<div class=\"elementor-widget-container\">\n\t\t\t\t\t\t\t<p>O Comit\u00ea Institucional de Promo\u00e7\u00e3o da Comunica\u00e7\u00e3o Compassiva e Preven\u00e7\u00e3o de Conflitos \u00e9 uma iniciativa da Universidade Federal de Santa Maria (UFSM), vinculada ao Gabinete do Reitor, com o objetivo de promover um ambiente universit\u00e1rio harm\u00f4nico, acolhedor e pautado no di\u00e1logo emp\u00e1tico e construtivo. Criado por meio da Portaria Normativa UFSM N. 086, de 27 de agosto de 2024, o comit\u00ea busca fomentar pr\u00e1ticas de comunica\u00e7\u00e3o compassiva, prevenir conflitos e apoiar a comunidade acad\u00eamica em situa\u00e7\u00f5es de amea\u00e7a ou viol\u00eancia, refor\u00e7ando o compromisso da UFSM com o bem-estar e o respeito nas rela\u00e7\u00f5es institucionais.<\/p>\n<h3><strong>Objetivos e Atribui\u00e7\u00f5es<\/strong><\/h3>\n<p>O comit\u00ea atua como \u00f3rg\u00e3o consultivo e possui atribui\u00e7\u00f5es que incluem a elabora\u00e7\u00e3o de uma pol\u00edtica institucional de comunica\u00e7\u00e3o compassiva, o incentivo ao uso de canais institucionais para comunicar amea\u00e7as e viol\u00eancias, e a proposta de protocolos para encaminhamento de casos. Tamb\u00e9m oferecer\u00e1 orienta\u00e7\u00f5es sobre acolhimento e apoio, desenvolve campanhas educativas e treinamentos para a comunidade universit\u00e1ria sobre comunica\u00e7\u00e3o compassiva e preven\u00e7\u00e3o de conflitos.<\/p>\n<p>Al\u00e9m disso, o comit\u00ea tem a miss\u00e3o de monitorar e avaliar periodicamente a efic\u00e1cia das pol\u00edticas implementadas, trabalhando em colabora\u00e7\u00e3o com outros \u00f3rg\u00e3os da universidade e buscando parcerias com institui\u00e7\u00f5es e especialistas para o interc\u00e2mbio de boas pr\u00e1ticas.<\/p>\n<h3><strong>Apoio e Transpar\u00eancia<\/strong><\/h3>\n<p>O comit\u00ea conta com o suporte administrativo do Gabinete do Reitor para o andamento de suas atividades e \u00e9 comprometido com a transpar\u00eancia em suas a\u00e7\u00f5es.<\/p>\n<h3><strong>Participa\u00e7\u00e3o Volunt\u00e1ria e Servi\u00e7o Relevante<\/strong><\/h3>\n<p>A participa\u00e7\u00e3o no comit\u00ea \u00e9 considerada uma presta\u00e7\u00e3o de servi\u00e7o p\u00fablico relevante, n\u00e3o sendo remunerada. Os membros contribuem com seus conhecimentos e habilidades para fortalecer o di\u00e1logo e a compreens\u00e3o na UFSM, assegurando que as atividades realizadas n\u00e3o prejudiquem suas fun\u00e7\u00f5es p\u00fablicas.<\/p>\n<p>Para saber mais sobre o comit\u00ea e acessar as \u00faltimas atualiza\u00e7\u00f5es, visite o Portal de Documentos da UFSM e consulte o documento completo da Portaria Normativa UFSM N. 086, dispon\u00edvel <a href=\"https:\/\/portal.ufsm.br\/documentos\/publico\/documento.html?id=15164493\" target=\"_new\" rel=\"noopener\">aqui<\/a>.<\/p>\t\t\t\t\t\t<\/div>\n\t\t\t\t<\/div>\n\t\t\t\t\t<\/div>\n\t\t<\/div>\n\t\t\t\t\t<\/div>\n\t\t<\/section>\n\t\t\t\t<section class=\"elementor-section elementor-top-section elementor-element elementor-element-b94ab4f elementor-section-boxed elementor-section-height-default elementor-section-height-default\" data-id=\"b94ab4f\" data-element_type=\"section\">\n\t\t\t\t\t\t<div class=\"elementor-container elementor-column-gap-default\">\n\t\t\t\t\t<div class=\"elementor-column elementor-col-100 elementor-top-column elementor-element elementor-element-e1aee04\" data-id=\"e1aee04\" data-element_type=\"column\">\n\t\t\t<div class=\"elementor-widget-wrap elementor-element-populated\">\n\t\t\t\t\t\t<div class=\"elementor-element elementor-element-0f381e9 elementor-widget elementor-widget-image\" data-id=\"0f381e9\" data-element_type=\"widget\" data-widget_type=\"image.default\">\n\t\t\t\t<div class=\"elementor-widget-container\">\n\t\t\t\t\t\t\t\t\t\t\t\t\t<img fetchpriority=\"high\" decoding=\"async\" width=\"300\" height=\"300\" src=\"https:\/\/www.ufsm.br\/app\/uploads\/sites\/361\/2025\/10\/WhatsApp-Image-2025-10-20-at-12.43.33-300x300.jpeg\" class=\"attachment-medium size-medium wp-image-1314\" alt=\"audiencia p\u00fablica\" srcset=\"https:\/\/www.ufsm.br\/app\/uploads\/sites\/361\/2025\/10\/WhatsApp-Image-2025-10-20-at-12.43.33-300x300.jpeg 300w, https:\/\/www.ufsm.br\/app\/uploads\/sites\/361\/2025\/10\/WhatsApp-Image-2025-10-20-at-12.43.33-1024x1024.jpeg 1024w, https:\/\/www.ufsm.br\/app\/uploads\/sites\/361\/2025\/10\/WhatsApp-Image-2025-10-20-at-12.43.33-150x150.jpeg 150w, https:\/\/www.ufsm.br\/app\/uploads\/sites\/361\/2025\/10\/WhatsApp-Image-2025-10-20-at-12.43.33-768x768.jpeg 768w, https:\/\/www.ufsm.br\/app\/uploads\/sites\/361\/2025\/10\/WhatsApp-Image-2025-10-20-at-12.43.33.jpeg 1080w\" sizes=\"(max-width: 300px) 100vw, 300px\" \/>\t\t\t\t\t\t\t\t\t\t\t\t\t<\/div>\n\t\t\t\t<\/div>\n\t\t\t\t<div class=\"elementor-element elementor-element-b9be303 elementor-align-center elementor-widget elementor-widget-button\" data-id=\"b9be303\" data-element_type=\"widget\" data-widget_type=\"button.default\">\n\t\t\t\t<div class=\"elementor-widget-container\">\n\t\t\t\t\t\t\t<div class=\"elementor-button-wrapper\">\n\t\t\t\t\t<a class=\"elementor-button elementor-button-link elementor-size-sm\" href=\"https:\/\/www.ufsm.br\/app\/uploads\/sites\/361\/2025\/10\/MINUTA_RES_POLTICA_COMUNICAO_COMPASSIVA.docx\">\n\t\t\t\t\t\t<span class=\"elementor-button-content-wrapper\">\n\t\t\t\t\t\t\t\t\t<span class=\"elementor-button-text\">Acesse o texto da minuta<\/span>\n\t\t\t\t\t<\/span>\n\t\t\t\t\t<\/a>\n\t\t\t\t<\/div>\n\t\t\t\t\t\t<\/div>\n\t\t\t\t<\/div>\n\t\t\t\t\t<\/div>\n\t\t<\/div>\n\t\t\t\t\t<\/div>\n\t\t<\/section>\n\t\t\t\t<\/div>\n\t\t","protected":false},"excerpt":{"rendered":"<p>O Comit\u00ea Institucional de Promo\u00e7\u00e3o da Comunica\u00e7\u00e3o Compassiva e Preven\u00e7\u00e3o de Conflitos \u00e9 uma iniciativa da Universidade Federal de Santa Maria (UFSM), vinculada ao Gabinete do Reitor, com o objetivo de promover um ambiente universit\u00e1rio harm\u00f4nico, acolhedor e pautado no di\u00e1logo emp\u00e1tico e construtivo. Criado por meio da Portaria Normativa UFSM N. 086, de 27 [&hellip;]<\/p>\n","protected":false},"author":278,"featured_media":0,"parent":0,"menu_order":0,"comment_status":"closed","ping_status":"closed","template":"","meta":{"footnotes":""},"categories":[],"tags":[],"class_list":["post-1247","page","type-page","status-publish","hentry"],"acf":[],"_links":{"self":[{"href":"https:\/\/www.ufsm.br\/reitoria\/gabinete\/wp-json\/wp\/v2\/pages\/1247","targetHints":{"allow":["GET"]}}],"collection":[{"href":"https:\/\/www.ufsm.br\/reitoria\/gabinete\/wp-json\/wp\/v2\/pages"}],"about":[{"href":"https:\/\/www.ufsm.br\/reitoria\/gabinete\/wp-json\/wp\/v2\/types\/page"}],"author":[{"embeddable":true,"href":"https:\/\/www.ufsm.br\/reitoria\/gabinete\/wp-json\/wp\/v2\/users\/278"}],"replies":[{"embeddable":true,"href":"https:\/\/www.ufsm.br\/reitoria\/gabinete\/wp-json\/wp\/v2\/comments?post=1247"}],"version-history":[{"count":0,"href":"https:\/\/www.ufsm.br\/reitoria\/gabinete\/wp-json\/wp\/v2\/pages\/1247\/revisions"}],"wp:attachment":[{"href":"https:\/\/www.ufsm.br\/reitoria\/gabinete\/wp-json\/wp\/v2\/media?parent=1247"}],"wp:term":[{"taxonomy":"category","embeddable":true,"href":"https:\/\/www.ufsm.br\/reitoria\/gabinete\/wp-json\/wp\/v2\/categories?post=1247"},{"taxonomy":"post_tag","embeddable":true,"href":"https:\/\/www.ufsm.br\/reitoria\/gabinete\/wp-json\/wp\/v2\/tags?post=1247"}],"curies":[{"name":"wp","href":"https:\/\/api.w.org\/{rel}","templated":true}]}}