{"id":1362,"date":"2026-03-18T12:03:55","date_gmt":"2026-03-18T15:03:55","guid":{"rendered":"https:\/\/www.ufsm.br\/reitoria\/gabinete\/?page_id=1362"},"modified":"2026-03-18T12:08:39","modified_gmt":"2026-03-18T15:08:39","slug":"reitora-da-ufsm-participa-de-encontro-do-foripes","status":"publish","type":"page","link":"https:\/\/www.ufsm.br\/reitoria\/gabinete\/reitora-da-ufsm-participa-de-encontro-do-foripes","title":{"rendered":"Reitora da UFSM participa de encontro do FORIPES"},"content":{"rendered":"\n<p><span style=\"font-weight: 400\"><a href=\"https:\/\/www.ufsm.br\/app\/uploads\/sites\/361\/2026\/03\/WhatsApp-Image-2026-03-17-at-13.02.40.jpeg\"><img fetchpriority=\"high\" decoding=\"async\" class=\"alignright wp-image-1363 size-medium\" src=\"https:\/\/www.ufsm.br\/app\/uploads\/sites\/361\/2026\/03\/WhatsApp-Image-2026-03-17-at-13.02.40-300x225.jpeg\" alt=\"\" width=\"300\" height=\"225\" srcset=\"https:\/\/www.ufsm.br\/app\/uploads\/sites\/361\/2026\/03\/WhatsApp-Image-2026-03-17-at-13.02.40-300x225.jpeg 300w, https:\/\/www.ufsm.br\/app\/uploads\/sites\/361\/2026\/03\/WhatsApp-Image-2026-03-17-at-13.02.40-1024x768.jpeg 1024w, https:\/\/www.ufsm.br\/app\/uploads\/sites\/361\/2026\/03\/WhatsApp-Image-2026-03-17-at-13.02.40-768x576.jpeg 768w, https:\/\/www.ufsm.br\/app\/uploads\/sites\/361\/2026\/03\/WhatsApp-Image-2026-03-17-at-13.02.40.jpeg 1280w\" sizes=\"(max-width: 300px) 100vw, 300px\" \/><\/a>A reitora da UFSM, Martha Adaime, participou, nos dias 16 e 17 de mar\u00e7o, da reuni\u00e3o do F\u00f3rum de Reitores das Universidades P\u00fablicas e Institutos Federais do Rio Grande do Sul (FORIPES), que reuniu representantes de institui\u00e7\u00f5es de ensino superior do estado para discutir pautas voltadas \u00e0 coopera\u00e7\u00e3o institucional.<\/span><\/p>\n<p><span style=\"font-weight: 400\">Durante o encontro, foram abordados temas como o desenvolvimento de projetos na \u00e1rea de tecnologia da informa\u00e7\u00e3o em parceria com o governo estadual, a organiza\u00e7\u00e3o de redes de extens\u00e3o, al\u00e9m de informes sobre iniciativas como a Confer\u00eancia Nacional dos Objetivos de Desenvolvimento Sustent\u00e1vel (ODS) e a Rede Bioma Pampa.\u00a0<\/span><\/p>\n<p><span style=\"font-weight: 400\">Ao comentar a import\u00e2ncia do F\u00f3rum, Martha Adaime destacou que o FORIPES tem desempenhado papel estrat\u00e9gico ao fomentar articula\u00e7\u00f5es institucionais voltadas \u00e0 submiss\u00e3o de projetos conjuntos em rede. Segundo a reitora, a iniciativa contribui para conectar universidades e centros de pesquisa a oportunidades em diferentes \u00f3rg\u00e3os nacionais e internacionais.<\/span><\/p>\n<p><span style=\"font-weight: 400\">A reitora tamb\u00e9m ressaltou a relev\u00e2ncia do F\u00f3rum na constru\u00e7\u00e3o e consolida\u00e7\u00e3o da Rede Bioma Pampa, apontando o fortalecimento da coopera\u00e7\u00e3o cient\u00edfica e acad\u00eamica em torno de temas essenciais para o desenvolvimento sustent\u00e1vel da regi\u00e3o e para a valoriza\u00e7\u00e3o das especificidades do bioma.<\/span><\/p>\n<p><span style=\"font-weight: 400\">A programa\u00e7\u00e3o incluiu ainda informes sobre o Comit\u00ea Gestor do Centro de Refer\u00eancia Internacional em Estudos Relacionados \u00e0s Mudan\u00e7as Clim\u00e1ticas (CRIEC), avalia\u00e7\u00e3o de cursos pelo\u00a0 Instituto Nacional de Estudos e Pesquisas Educacionais An\u00edsio Teixeira (INEP) e discuss\u00f5es sobre emendas de bancada.<\/span><\/p>\n<p>\u00a0<\/p>\n<p><em>Texto: Clara Basso, estudante de jornalismo e bolsista da Assessoria de Comunica\u00e7\u00e3o do Gabinete da Reitoria<\/em><\/p>\n<p><em>Foto: arquivo pessoal<\/em><\/p>\n","protected":false},"excerpt":{"rendered":"<p>A reitora da UFSM, Martha Adaime, participou, nos dias 16 e 17 de mar\u00e7o, da reuni\u00e3o do F\u00f3rum de Reitores das Universidades P\u00fablicas e Institutos Federais do Rio Grande do Sul (FORIPES), que reuniu representantes de institui\u00e7\u00f5es de ensino superior do estado para discutir pautas voltadas \u00e0 coopera\u00e7\u00e3o institucional. Durante o encontro, foram abordados temas [&hellip;]<\/p>\n","protected":false},"author":278,"featured_media":0,"parent":0,"menu_order":0,"comment_status":"closed","ping_status":"closed","template":"","meta":{"footnotes":""},"categories":[],"tags":[],"class_list":["post-1362","page","type-page","status-publish","hentry"],"acf":[],"_links":{"self":[{"href":"https:\/\/www.ufsm.br\/reitoria\/gabinete\/wp-json\/wp\/v2\/pages\/1362","targetHints":{"allow":["GET"]}}],"collection":[{"href":"https:\/\/www.ufsm.br\/reitoria\/gabinete\/wp-json\/wp\/v2\/pages"}],"about":[{"href":"https:\/\/www.ufsm.br\/reitoria\/gabinete\/wp-json\/wp\/v2\/types\/page"}],"author":[{"embeddable":true,"href":"https:\/\/www.ufsm.br\/reitoria\/gabinete\/wp-json\/wp\/v2\/users\/278"}],"replies":[{"embeddable":true,"href":"https:\/\/www.ufsm.br\/reitoria\/gabinete\/wp-json\/wp\/v2\/comments?post=1362"}],"version-history":[{"count":0,"href":"https:\/\/www.ufsm.br\/reitoria\/gabinete\/wp-json\/wp\/v2\/pages\/1362\/revisions"}],"wp:attachment":[{"href":"https:\/\/www.ufsm.br\/reitoria\/gabinete\/wp-json\/wp\/v2\/media?parent=1362"}],"wp:term":[{"taxonomy":"category","embeddable":true,"href":"https:\/\/www.ufsm.br\/reitoria\/gabinete\/wp-json\/wp\/v2\/categories?post=1362"},{"taxonomy":"post_tag","embeddable":true,"href":"https:\/\/www.ufsm.br\/reitoria\/gabinete\/wp-json\/wp\/v2\/tags?post=1362"}],"curies":[{"name":"wp","href":"https:\/\/api.w.org\/{rel}","templated":true}]}}