{"id":347,"date":"2018-05-07T11:21:28","date_gmt":"2018-05-07T14:21:28","guid":{"rendered":"https:\/\/www.ufsm.br\/reitoria\/gabinete-do-reitor\/?page_id=347"},"modified":"2019-04-03T12:09:43","modified_gmt":"2019-04-03T15:09:43","slug":"plano-de-gestao","status":"publish","type":"page","link":"https:\/\/www.ufsm.br\/reitoria\/gabinete\/documentos\/plano-de-gestao","title":{"rendered":"Plano de Gest\u00e3o"},"content":{"rendered":"\t\t<div data-elementor-type=\"wp-post\" data-elementor-id=\"347\" class=\"elementor elementor-347 elementor-bc-flex-widget\">\n\t\t\t\t\t\t<section class=\"elementor-section elementor-top-section elementor-element elementor-element-27eca478 elementor-section-boxed elementor-section-height-default elementor-section-height-default\" data-id=\"27eca478\" data-element_type=\"section\">\n\t\t\t\t\t\t<div class=\"elementor-container elementor-column-gap-default\">\n\t\t\t\t\t<div class=\"elementor-column elementor-col-100 elementor-top-column elementor-element elementor-element-443203b6\" data-id=\"443203b6\" data-element_type=\"column\">\n\t\t\t<div class=\"elementor-widget-wrap elementor-element-populated\">\n\t\t\t\t\t\t<div class=\"elementor-element elementor-element-7e904430 elementor-widget elementor-widget-text-editor\" data-id=\"7e904430\" data-element_type=\"widget\" data-widget_type=\"text-editor.default\">\n\t\t\t\t<div class=\"elementor-widget-container\">\n\t\t\t\t\t\t\t<p>O Plano de Gest\u00e3o 2018-2021,\u00a0aprovado na 807\u00aa Reuni\u00e3o Ordin\u00e1ria do Conselho Universit\u00e1rio no dia 29 de junho, estabelece objetivos e metas para a gest\u00e3o dos professores Paulo Afonso Burmann e Luciano Schuch. O documento traz como meta principal consolidar a UFSM como uma universidade de excel\u00eancia, subindo no \u00cdndice Geral de Cursos Avaliados da Institui\u00e7\u00e3o (IGC) do Minist\u00e9rio da Educa\u00e7\u00e3o (MEC) da atual nota 4 para a nota 5. O IGC \u00e9 um indicador de qualidade que avalia as Institui\u00e7\u00f5es de Ensino Superior do pa\u00eds. Para atingir a nota 5 at\u00e9 2021, ser\u00e1 preciso qualificar ainda mais os cursos de gradua\u00e7\u00e3o e p\u00f3s-gradua\u00e7\u00e3o, promovendo a melhoria da m\u00e9dia do Conceito Preliminar de Curso (CPC) e obtendo notas mais altas nas avalia\u00e7\u00f5es da Coordena\u00e7\u00e3o de Aperfei\u00e7oamento de Pessoal de N\u00edvel Superior (Capes), e dando continuidade ao crescimento dos programas de p\u00f3s-gradua\u00e7\u00e3o, tanto no n\u00edvel quantitativo quanto qualitativo.<\/p>\t\t\t\t\t\t<\/div>\n\t\t\t\t<\/div>\n\t\t\t\t\t<\/div>\n\t\t<\/div>\n\t\t\t\t\t<\/div>\n\t\t<\/section>\n\t\t\t\t<section class=\"elementor-section elementor-top-section elementor-element elementor-element-398e239 elementor-section-boxed elementor-section-height-default elementor-section-height-default\" data-id=\"398e239\" data-element_type=\"section\">\n\t\t\t\t\t\t<div class=\"elementor-container elementor-column-gap-default\">\n\t\t\t\t\t<div class=\"elementor-column elementor-col-100 elementor-top-column elementor-element elementor-element-529e218\" data-id=\"529e218\" data-element_type=\"column\">\n\t\t\t<div class=\"elementor-widget-wrap elementor-element-populated\">\n\t\t\t\t\t\t<div class=\"elementor-element elementor-element-5a4c35a elementor-widget elementor-widget-button\" data-id=\"5a4c35a\" data-element_type=\"widget\" data-widget_type=\"button.default\">\n\t\t\t\t<div class=\"elementor-widget-container\">\n\t\t\t\t\t\t\t<div class=\"elementor-button-wrapper\">\n\t\t\t\t\t<a class=\"elementor-button elementor-button-link elementor-size-sm\" href=\"http:\/\/www.ufsm.br\/reitoria\/gabinete-do-reitor\/wp-content\/uploads\/sites\/361\/2018\/07\/pg-2018-2021.pdf\">\n\t\t\t\t\t\t<span class=\"elementor-button-content-wrapper\">\n\t\t\t\t\t\t\t\t\t<span class=\"elementor-button-text\">Plano de Gest\u00e3o 2018-2021<\/span>\n\t\t\t\t\t<\/span>\n\t\t\t\t\t<\/a>\n\t\t\t\t<\/div>\n\t\t\t\t\t\t<\/div>\n\t\t\t\t<\/div>\n\t\t\t\t\t<\/div>\n\t\t<\/div>\n\t\t\t\t\t<\/div>\n\t\t<\/section>\n\t\t\t\t<\/div>\n\t\t","protected":false},"excerpt":{"rendered":"<p>O Plano de Gest\u00e3o 2018-2021,&nbsp;aprovado na 807\u00aa Reuni\u00e3o Ordin\u00e1ria do Conselho Universit\u00e1rio no dia 29 de junho, estabelece objetivos e metas para a gest\u00e3o dos professores Paulo Afonso Burmann e Luciano Schuch. O documento traz como meta principal consolidar a UFSM como uma universidade de excel\u00eancia, subindo no \u00cdndice Geral de Cursos Avaliados da Institui\u00e7\u00e3o [&hellip;]<\/p>\n","protected":false},"author":80,"featured_media":0,"parent":653,"menu_order":2,"comment_status":"closed","ping_status":"closed","template":"","meta":{"footnotes":""},"categories":[],"tags":[],"class_list":["post-347","page","type-page","status-publish","hentry"],"acf":[],"_links":{"self":[{"href":"https:\/\/www.ufsm.br\/reitoria\/gabinete\/wp-json\/wp\/v2\/pages\/347","targetHints":{"allow":["GET"]}}],"collection":[{"href":"https:\/\/www.ufsm.br\/reitoria\/gabinete\/wp-json\/wp\/v2\/pages"}],"about":[{"href":"https:\/\/www.ufsm.br\/reitoria\/gabinete\/wp-json\/wp\/v2\/types\/page"}],"author":[{"embeddable":true,"href":"https:\/\/www.ufsm.br\/reitoria\/gabinete\/wp-json\/wp\/v2\/users\/80"}],"replies":[{"embeddable":true,"href":"https:\/\/www.ufsm.br\/reitoria\/gabinete\/wp-json\/wp\/v2\/comments?post=347"}],"version-history":[{"count":0,"href":"https:\/\/www.ufsm.br\/reitoria\/gabinete\/wp-json\/wp\/v2\/pages\/347\/revisions"}],"up":[{"embeddable":true,"href":"https:\/\/www.ufsm.br\/reitoria\/gabinete\/wp-json\/wp\/v2\/pages\/653"}],"wp:attachment":[{"href":"https:\/\/www.ufsm.br\/reitoria\/gabinete\/wp-json\/wp\/v2\/media?parent=347"}],"wp:term":[{"taxonomy":"category","embeddable":true,"href":"https:\/\/www.ufsm.br\/reitoria\/gabinete\/wp-json\/wp\/v2\/categories?post=347"},{"taxonomy":"post_tag","embeddable":true,"href":"https:\/\/www.ufsm.br\/reitoria\/gabinete\/wp-json\/wp\/v2\/tags?post=347"}],"curies":[{"name":"wp","href":"https:\/\/api.w.org\/{rel}","templated":true}]}}