{"id":348,"date":"2018-05-07T11:30:53","date_gmt":"2018-05-07T14:30:53","guid":{"rendered":"https:\/\/www.ufsm.br\/reitoria\/gabinete-do-reitor\/?page_id=348"},"modified":"2025-12-24T10:56:07","modified_gmt":"2025-12-24T13:56:07","slug":"reitoria","status":"publish","type":"page","link":"https:\/\/www.ufsm.br\/reitoria\/gabinete\/home\/gestao-2018-2021\/reitoria","title":{"rendered":"Reitora e vice-reitor"},"content":{"rendered":"\t\t<div data-elementor-type=\"wp-post\" data-elementor-id=\"348\" class=\"elementor elementor-348\">\n\t\t\t\t\t\t<section class=\"elementor-section elementor-top-section elementor-element elementor-element-2fd15ceb elementor-section-boxed elementor-section-height-default elementor-section-height-default\" data-id=\"2fd15ceb\" data-element_type=\"section\">\n\t\t\t\t\t\t<div class=\"elementor-container elementor-column-gap-default\">\n\t\t\t\t\t<div class=\"elementor-column elementor-col-100 elementor-top-column elementor-element elementor-element-1e6d707e\" data-id=\"1e6d707e\" data-element_type=\"column\">\n\t\t\t<div class=\"elementor-widget-wrap elementor-element-populated\">\n\t\t\t\t\t\t<div class=\"elementor-element elementor-element-3376b8d elementor-widget elementor-widget-heading\" data-id=\"3376b8d\" data-element_type=\"widget\" data-widget_type=\"heading.default\">\n\t\t\t\t<div class=\"elementor-widget-container\">\n\t\t\t<h2 class=\"elementor-heading-title elementor-size-default\">Reitora Martha Bohrer Adaime<\/h2>\t\t<\/div>\n\t\t\t\t<\/div>\n\t\t\t\t<div class=\"elementor-element elementor-element-0c86913 elementor-widget elementor-widget-spacer\" data-id=\"0c86913\" data-element_type=\"widget\" data-widget_type=\"spacer.default\">\n\t\t\t\t<div class=\"elementor-widget-container\">\n\t\t\t\t\t<div class=\"elementor-spacer\">\n\t\t\t<div class=\"elementor-spacer-inner\"><\/div>\n\t\t<\/div>\n\t\t\t\t<\/div>\n\t\t\t\t<\/div>\n\t\t\t\t<div class=\"elementor-element elementor-element-71c85f16 elementor-widget elementor-widget-text-editor\" data-id=\"71c85f16\" data-element_type=\"widget\" data-widget_type=\"text-editor.default\">\n\t\t\t\t<div class=\"elementor-widget-container\">\n\t\t\t\t\t\t\t<p>A Reitora tem suas atribui\u00e7\u00f5es listadas no art.30 do Estatuto da Universidade Federal de Santa Maria. Entre elas est\u00e1 a coordena\u00e7\u00e3o e fiscaliza\u00e7\u00e3o de todas as atividades universit\u00e1rias; administra\u00e7\u00e3o das finan\u00e7as da Universidade;\u00a0\u00a0exerc\u00edcio do poder disciplinar na jurisdi\u00e7\u00e3o de toda a Universidade; apresenta\u00e7\u00e3o do relat\u00f3rio anual da gest\u00e3o ao Conselho Universit\u00e1rio.<\/p>\t\t\t\t\t\t<\/div>\n\t\t\t\t<\/div>\n\t\t\t\t\t<\/div>\n\t\t<\/div>\n\t\t\t\t\t<\/div>\n\t\t<\/section>\n\t\t\t\t<section class=\"elementor-section elementor-top-section elementor-element elementor-element-bd2b0a6 elementor-section-boxed elementor-section-height-default elementor-section-height-default\" data-id=\"bd2b0a6\" data-element_type=\"section\">\n\t\t\t\t\t\t<div class=\"elementor-container elementor-column-gap-default\">\n\t\t\t\t\t<div class=\"elementor-column elementor-col-33 elementor-top-column elementor-element elementor-element-2382896\" data-id=\"2382896\" data-element_type=\"column\">\n\t\t\t<div class=\"elementor-widget-wrap elementor-element-populated\">\n\t\t\t\t\t\t<div class=\"elementor-element elementor-element-2148ddf elementor-widget elementor-widget-image\" data-id=\"2148ddf\" data-element_type=\"widget\" data-widget_type=\"image.default\">\n\t\t\t\t<div class=\"elementor-widget-container\">\n\t\t\t\t\t\t\t\t\t\t\t\t\t<img fetchpriority=\"high\" decoding=\"async\" width=\"720\" height=\"1024\" src=\"https:\/\/www.ufsm.br\/app\/uploads\/sites\/361\/2025\/12\/MKM_9688-2-1-720x1024.jpg\" class=\"attachment-large size-large wp-image-1321\" alt=\"Martha Adaime - reitora UFSM 2025-2029 - com vestes talares brancas, espec\u00edfica de quem \u00e9 respons\u00e1vel m\u00e1ximo pela institui\u00e7\u00e3o\" srcset=\"https:\/\/www.ufsm.br\/app\/uploads\/sites\/361\/2025\/12\/MKM_9688-2-1-720x1024.jpg 720w, https:\/\/www.ufsm.br\/app\/uploads\/sites\/361\/2025\/12\/MKM_9688-2-1-211x300.jpg 211w, https:\/\/www.ufsm.br\/app\/uploads\/sites\/361\/2025\/12\/MKM_9688-2-1-768x1092.jpg 768w, https:\/\/www.ufsm.br\/app\/uploads\/sites\/361\/2025\/12\/MKM_9688-2-1-1081x1536.jpg 1081w, https:\/\/www.ufsm.br\/app\/uploads\/sites\/361\/2025\/12\/MKM_9688-2-1-1441x2048.jpg 1441w, https:\/\/www.ufsm.br\/app\/uploads\/sites\/361\/2025\/12\/MKM_9688-2-1-scaled.jpg 1801w\" sizes=\"(max-width: 720px) 100vw, 720px\" \/>\t\t\t\t\t\t\t\t\t\t\t\t\t<\/div>\n\t\t\t\t<\/div>\n\t\t\t\t\t<\/div>\n\t\t<\/div>\n\t\t\t\t<div class=\"elementor-column elementor-col-66 elementor-top-column elementor-element elementor-element-e4a3afd\" data-id=\"e4a3afd\" data-element_type=\"column\">\n\t\t\t<div class=\"elementor-widget-wrap elementor-element-populated\">\n\t\t\t\t\t\t<div class=\"elementor-element elementor-element-2b75c57 elementor-widget elementor-widget-text-editor\" data-id=\"2b75c57\" data-element_type=\"widget\" data-widget_type=\"text-editor.default\">\n\t\t\t\t<div class=\"elementor-widget-container\">\n\t\t\t\t\t\t\t<p><strong style=\"color: #000000;font-size: 1rem\">A reitora, professora Martha Bohrer Adaime<\/strong><span style=\"color: #000000;font-size: 1rem\">, eleita para gerir a Universidade de 2025 a 2029, \u00e9 graduada em Qu\u00edmica Industrial pela Universidade Federal de Santa Maria (UFSM) e doutorado em Qu\u00edmica pela Universidade Estadual de Campinas (1989).<\/span><\/p><ul><li>Foi diretora de Unidade de Ensino do Centro de Ci\u00eancias Naturais e Exatas (CCNE) de 2002 a 2013 por dois mandatos.<\/li><li>Foi Pr\u00f3-reitora da pr\u00f3-reitoria de planejamento;<\/li><li>Pr\u00f3-reitora da pr\u00f3-reitoria de gradua\u00e7\u00e3o;<\/li><li>Foi Chefe de Gabinete da Reitoria durante a gest\u00e3o do Prof. Paulo Afonso Burmann;<\/li><li>Foi a primeira mulher a assumir a vice-reitoria da UFSM;<\/li><li>Primeira mulher a assumir a reitoria da UFSM em 65 anos;<\/li><li>\u00c9 uma das coordenadoras do LARP (Laborat\u00f3rio de An\u00e1lises de Res\u00edduos de Pesticidas) da Universidade Federal de Santa Maria.\u00a0<\/li><\/ul>\t\t\t\t\t\t<\/div>\n\t\t\t\t<\/div>\n\t\t\t\t\t<\/div>\n\t\t<\/div>\n\t\t\t\t\t<\/div>\n\t\t<\/section>\n\t\t\t\t<section class=\"elementor-section elementor-top-section elementor-element elementor-element-b940659 elementor-section-boxed elementor-section-height-default elementor-section-height-default\" data-id=\"b940659\" data-element_type=\"section\">\n\t\t\t\t\t\t<div class=\"elementor-container elementor-column-gap-default\">\n\t\t\t\t\t<div class=\"elementor-column elementor-col-100 elementor-top-column elementor-element elementor-element-b728640\" data-id=\"b728640\" data-element_type=\"column\">\n\t\t\t<div class=\"elementor-widget-wrap\">\n\t\t\t\t\t\t\t<\/div>\n\t\t<\/div>\n\t\t\t\t\t<\/div>\n\t\t<\/section>\n\t\t\t\t<section class=\"elementor-section elementor-top-section elementor-element elementor-element-5db461b elementor-section-boxed elementor-section-height-default elementor-section-height-default\" data-id=\"5db461b\" data-element_type=\"section\">\n\t\t\t\t\t\t<div class=\"elementor-container elementor-column-gap-default\">\n\t\t\t\t\t<div class=\"elementor-column elementor-col-100 elementor-top-column elementor-element elementor-element-b0d0c2e\" data-id=\"b0d0c2e\" data-element_type=\"column\">\n\t\t\t<div class=\"elementor-widget-wrap elementor-element-populated\">\n\t\t\t\t\t\t<div class=\"elementor-element elementor-element-ea84c92 elementor-widget elementor-widget-heading\" data-id=\"ea84c92\" data-element_type=\"widget\" data-widget_type=\"heading.default\">\n\t\t\t\t<div class=\"elementor-widget-container\">\n\t\t\t<h2 class=\"elementor-heading-title elementor-size-default\">Vice-Reitor Tiago Bandeira Marchesan<\/h2>\t\t<\/div>\n\t\t\t\t<\/div>\n\t\t\t\t\t<\/div>\n\t\t<\/div>\n\t\t\t\t\t<\/div>\n\t\t<\/section>\n\t\t\t\t<section class=\"elementor-section elementor-top-section elementor-element elementor-element-29ae5b2 elementor-section-boxed elementor-section-height-default elementor-section-height-default\" data-id=\"29ae5b2\" data-element_type=\"section\">\n\t\t\t\t\t\t<div class=\"elementor-container elementor-column-gap-default\">\n\t\t\t\t\t<div class=\"elementor-column elementor-col-100 elementor-top-column elementor-element elementor-element-8855ebe\" data-id=\"8855ebe\" data-element_type=\"column\">\n\t\t\t<div class=\"elementor-widget-wrap elementor-element-populated\">\n\t\t\t\t\t\t<div class=\"elementor-element elementor-element-90cac3c elementor-widget elementor-widget-text-editor\" data-id=\"90cac3c\" data-element_type=\"widget\" data-widget_type=\"text-editor.default\">\n\t\t\t\t<div class=\"elementor-widget-container\">\n\t\t\t\t\t\t\t<p>O Vice-reitor tem como atribui\u00e7\u00e3o, segundo o Estatuto da Universidade Federal de Santa Maria, assumir as atividades do Reitor, quando este estiver ausente. Al\u00e9m disso, deve assessorar o Reitor em exerc\u00edcio.<\/p>\t\t\t\t\t\t<\/div>\n\t\t\t\t<\/div>\n\t\t\t\t\t<\/div>\n\t\t<\/div>\n\t\t\t\t\t<\/div>\n\t\t<\/section>\n\t\t\t\t<section class=\"elementor-section elementor-top-section elementor-element elementor-element-ec747d0 elementor-section-boxed elementor-section-height-default elementor-section-height-default\" data-id=\"ec747d0\" data-element_type=\"section\">\n\t\t\t\t\t\t<div class=\"elementor-container elementor-column-gap-default\">\n\t\t\t\t\t<div class=\"elementor-column elementor-col-33 elementor-top-column elementor-element elementor-element-23323eb\" data-id=\"23323eb\" data-element_type=\"column\">\n\t\t\t<div class=\"elementor-widget-wrap elementor-element-populated\">\n\t\t\t\t\t\t<div class=\"elementor-element elementor-element-5f63058 elementor-widget elementor-widget-image\" data-id=\"5f63058\" data-element_type=\"widget\" data-widget_type=\"image.default\">\n\t\t\t\t<div class=\"elementor-widget-container\">\n\t\t\t\t\t\t\t\t\t\t\t\t\t<img decoding=\"async\" width=\"819\" height=\"1024\" src=\"https:\/\/www.ufsm.br\/app\/uploads\/sites\/361\/2025\/12\/Posts-Gabinete-do-Reitor-14-819x1024.jpg\" class=\"attachment-large size-large wp-image-1323\" alt=\"Tiago Bandeira Marchesan - vice-reitor da UFSM 2025-2029\" srcset=\"https:\/\/www.ufsm.br\/app\/uploads\/sites\/361\/2025\/12\/Posts-Gabinete-do-Reitor-14-819x1024.jpg 819w, https:\/\/www.ufsm.br\/app\/uploads\/sites\/361\/2025\/12\/Posts-Gabinete-do-Reitor-14-240x300.jpg 240w, https:\/\/www.ufsm.br\/app\/uploads\/sites\/361\/2025\/12\/Posts-Gabinete-do-Reitor-14-768x960.jpg 768w, https:\/\/www.ufsm.br\/app\/uploads\/sites\/361\/2025\/12\/Posts-Gabinete-do-Reitor-14.jpg 1080w\" sizes=\"(max-width: 819px) 100vw, 819px\" \/>\t\t\t\t\t\t\t\t\t\t\t\t\t<\/div>\n\t\t\t\t<\/div>\n\t\t\t\t\t<\/div>\n\t\t<\/div>\n\t\t\t\t<div class=\"elementor-column elementor-col-66 elementor-top-column elementor-element elementor-element-5e2e23e\" data-id=\"5e2e23e\" data-element_type=\"column\">\n\t\t\t<div class=\"elementor-widget-wrap elementor-element-populated\">\n\t\t\t\t\t\t<div class=\"elementor-element elementor-element-0692198 elementor-widget elementor-widget-text-editor\" data-id=\"0692198\" data-element_type=\"widget\" data-widget_type=\"text-editor.default\">\n\t\t\t\t<div class=\"elementor-widget-container\">\n\t\t\t\t\t\t\t<p>O vice-reitor, Tiago Bandeira Marchesan, eleito para gerir a UFSM de 2025 a 2029 junto \u00e0 reitora Martha Adaime, possui gradua\u00e7\u00e3o em Engenharia El\u00e9trica pela Universidade Federal de Santa Maria (2003) e doutorado em Engenharia El\u00e9trica (2007) pela mesma Universidade.<\/p><ul><li>Foi Diretor do Centro de Tecnologia da Universidade Federal de Santa Maria por duas gest\u00f5es<\/li><li>Professor do Programa de P\u00f3s-Gradua\u00e7\u00e3o em Engenharia El\u00e9trica (PPGEE &#8211; CAPES 7).<\/li><li>Bolsista de Produtividade em Desenvolvimento Tecnol\u00f3gico e Extens\u00e3o Inovadora do CNPq &#8211; DT2.<\/li><li>Diretor de Inova\u00e7\u00e3o do INESC P&amp;D Brasil.<\/li><li>Foi Coordenador de Transfer\u00eancia de Tecnologia da UFSM (2014-2017).<\/li><li>Membro do conselho do Parque tecnol\u00f3gico da UFSM e do conselho da Pr\u00f3-reitoria de Inova\u00e7\u00e3o da UFSM.<\/li><li>De 2018 a 2022, foi secret\u00e1rio do grupo de estudos GT A2 &#8211; 09 do CIGRE que definiu as melhores pr\u00e1ticas para especifica\u00e7\u00e3o t\u00e9cnica de transformadores no Brasil.<\/li><li>Membro do IEEE e do CIGRE &#8211; Comit\u00ea Internacional de Produ\u00e7\u00e3o e Transmiss\u00e3o de Energia El\u00e9trica<\/li><li>\u00c9 pesquisador no Instituto de Redes Inteligente (INRI), subunidade do Centro de Tecnologia e Unidade EMBRAPII.\u00a0<\/li><\/ul>\t\t\t\t\t\t<\/div>\n\t\t\t\t<\/div>\n\t\t\t\t\t<\/div>\n\t\t<\/div>\n\t\t\t\t\t<\/div>\n\t\t<\/section>\n\t\t\t\t<\/div>\n\t\t","protected":false},"excerpt":{"rendered":"<p>Reitora Martha Bohrer Adaime A Reitora tem suas atribui\u00e7\u00f5es listadas no art.30 do Estatuto da Universidade Federal de Santa Maria. Entre elas est\u00e1 a coordena\u00e7\u00e3o e fiscaliza\u00e7\u00e3o de todas as atividades universit\u00e1rias; administra\u00e7\u00e3o das finan\u00e7as da Universidade;\u00a0\u00a0exerc\u00edcio do poder disciplinar na jurisdi\u00e7\u00e3o de toda a Universidade; apresenta\u00e7\u00e3o do relat\u00f3rio anual da gest\u00e3o ao Conselho Universit\u00e1rio. [&hellip;]<\/p>\n","protected":false},"author":80,"featured_media":0,"parent":346,"menu_order":3,"comment_status":"closed","ping_status":"closed","template":"","meta":{"footnotes":""},"categories":[],"tags":[],"class_list":["post-348","page","type-page","status-publish","hentry"],"acf":[],"_links":{"self":[{"href":"https:\/\/www.ufsm.br\/reitoria\/gabinete\/wp-json\/wp\/v2\/pages\/348","targetHints":{"allow":["GET"]}}],"collection":[{"href":"https:\/\/www.ufsm.br\/reitoria\/gabinete\/wp-json\/wp\/v2\/pages"}],"about":[{"href":"https:\/\/www.ufsm.br\/reitoria\/gabinete\/wp-json\/wp\/v2\/types\/page"}],"author":[{"embeddable":true,"href":"https:\/\/www.ufsm.br\/reitoria\/gabinete\/wp-json\/wp\/v2\/users\/80"}],"replies":[{"embeddable":true,"href":"https:\/\/www.ufsm.br\/reitoria\/gabinete\/wp-json\/wp\/v2\/comments?post=348"}],"version-history":[{"count":0,"href":"https:\/\/www.ufsm.br\/reitoria\/gabinete\/wp-json\/wp\/v2\/pages\/348\/revisions"}],"up":[{"embeddable":true,"href":"https:\/\/www.ufsm.br\/reitoria\/gabinete\/wp-json\/wp\/v2\/pages\/346"}],"wp:attachment":[{"href":"https:\/\/www.ufsm.br\/reitoria\/gabinete\/wp-json\/wp\/v2\/media?parent=348"}],"wp:term":[{"taxonomy":"category","embeddable":true,"href":"https:\/\/www.ufsm.br\/reitoria\/gabinete\/wp-json\/wp\/v2\/categories?post=348"},{"taxonomy":"post_tag","embeddable":true,"href":"https:\/\/www.ufsm.br\/reitoria\/gabinete\/wp-json\/wp\/v2\/tags?post=348"}],"curies":[{"name":"wp","href":"https:\/\/api.w.org\/{rel}","templated":true}]}}