{"id":657,"date":"2018-05-25T14:45:42","date_gmt":"2018-05-25T17:45:42","guid":{"rendered":"https:\/\/www.ufsm.br\/reitoria\/gabinete-do-reitor\/?page_id=657"},"modified":"2021-12-17T09:58:22","modified_gmt":"2021-12-17T12:58:22","slug":"relatorios-de-gestao","status":"publish","type":"page","link":"https:\/\/www.ufsm.br\/reitoria\/gabinete\/documentos\/relatorios-de-gestao","title":{"rendered":"Relat\u00f3rios de Gest\u00e3o"},"content":{"rendered":"<p style=\"text-align: center\"><strong>Relat\u00f3rios Quadrienais de Gest\u00e3o:<\/strong><\/p>\n<p><a href=\"https:\/\/www.ufsm.br\/app\/uploads\/sites\/361\/2021\/12\/Relatorio-gestao-2018-2021-Digital-2-1.pdf\"><img fetchpriority=\"high\" decoding=\"async\" class=\"wp-image-1102 size-medium alignleft\" src=\"https:\/\/www.ufsm.br\/app\/uploads\/sites\/361\/2021\/12\/capa-relatorio-de-gestao-300x231.jpg\" alt=\"\" width=\"300\" height=\"231\" srcset=\"https:\/\/www.ufsm.br\/app\/uploads\/sites\/361\/2021\/12\/capa-relatorio-de-gestao-300x231.jpg 300w, https:\/\/www.ufsm.br\/app\/uploads\/sites\/361\/2021\/12\/capa-relatorio-de-gestao-768x593.jpg 768w, https:\/\/www.ufsm.br\/app\/uploads\/sites\/361\/2021\/12\/capa-relatorio-de-gestao.jpg 981w\" sizes=\"(max-width: 300px) 100vw, 300px\" \/><\/a><\/p>\n<p><a href=\"https:\/\/www.ufsm.br\/reitoria\/gabinete-do-reitor\/wp-content\/uploads\/sites\/361\/2018\/07\/RELAT%C3%93RIO-DE-GEST%C3%83O-FINAL-INTERATIVO1.pdf\"><img decoding=\"async\" class=\"wp-image-1061  alignleft\" src=\"https:\/\/www.ufsm.br\/app\/uploads\/sites\/361\/2021\/02\/relatorio-2014-2017-300x244.jpg\" alt=\"Capa Relat\u00f3rio de Gest\u00e3o 2014 a 2017 com estudante ind\u00edgena vestida com beca preta e cocar verde na cola\u00e7\u00e3o de grau\" width=\"284\" height=\"231\" srcset=\"https:\/\/www.ufsm.br\/app\/uploads\/sites\/361\/2021\/02\/relatorio-2014-2017-300x244.jpg 300w, https:\/\/www.ufsm.br\/app\/uploads\/sites\/361\/2021\/02\/relatorio-2014-2017.jpg 687w\" sizes=\"(max-width: 284px) 100vw, 284px\" \/><\/a><\/p>\n<p><a href=\"https:\/\/www.ufsm.br\/reitoria\/gabinete-do-reitor\/wp-content\/uploads\/sites\/361\/2018\/07\/pg-2010-2013.compressed.pdf\"><img decoding=\"async\" class=\"wp-image-1062 size-medium alignleft\" src=\"https:\/\/www.ufsm.br\/app\/uploads\/sites\/361\/2021\/02\/gestao-2010-2013-300x196.jpg\" alt=\"Capa Relat\u00f3rio de Gest\u00e3o 2010 a 2013 com foto do planet\u00e1rio em tons de azul\" width=\"300\" height=\"196\" srcset=\"https:\/\/www.ufsm.br\/app\/uploads\/sites\/361\/2021\/02\/gestao-2010-2013-300x196.jpg 300w, https:\/\/www.ufsm.br\/app\/uploads\/sites\/361\/2021\/02\/gestao-2010-2013-768x502.jpg 768w, https:\/\/www.ufsm.br\/app\/uploads\/sites\/361\/2021\/02\/gestao-2010-2013.jpg 885w\" sizes=\"(max-width: 300px) 100vw, 300px\" \/><\/a><\/p>\n<p>\u00a0<\/p>\n<p>\u00a0<\/p>\n<p>\u00a0<\/p>\n<p>\u00a0<\/p>\n<p>\u00a0<\/p>\n<p>\u00a0<\/p>\n<p>\u00a0<\/p>\n<p style=\"text-align: center\"><strong>Relat\u00f3rios Anuais de Gest\u00e3o:<\/strong><\/p>\n<p>\u00a0<\/p>\n<p>\u00a0<\/p>\n<p><a href=\"https:\/\/www.ufsm.br\/app\/uploads\/sites\/344\/2021\/08\/RelatorioGestaoUFSM2020.pdf\"><img loading=\"lazy\" decoding=\"async\" class=\"wp-image-1110 size-medium alignleft\" src=\"https:\/\/www.ufsm.br\/app\/uploads\/sites\/361\/2021\/12\/relatorio-de-gestao-2020-1-300x170.jpg\" alt=\"\" width=\"300\" height=\"170\" srcset=\"https:\/\/www.ufsm.br\/app\/uploads\/sites\/361\/2021\/12\/relatorio-de-gestao-2020-1-300x170.jpg 300w, https:\/\/www.ufsm.br\/app\/uploads\/sites\/361\/2021\/12\/relatorio-de-gestao-2020-1-1024x579.jpg 1024w, https:\/\/www.ufsm.br\/app\/uploads\/sites\/361\/2021\/12\/relatorio-de-gestao-2020-1-768x434.jpg 768w, https:\/\/www.ufsm.br\/app\/uploads\/sites\/361\/2021\/12\/relatorio-de-gestao-2020-1.jpg 1363w\" sizes=\"(max-width: 300px) 100vw, 300px\" \/><\/a><\/p>\n<p><a href=\"https:\/\/www.ufsm.br\/app\/uploads\/sites\/344\/2020\/09\/RelatoriodeGestao2019.pdf\"><img loading=\"lazy\" decoding=\"async\" class=\"wp-image-1109 size-medium alignleft\" src=\"https:\/\/www.ufsm.br\/app\/uploads\/sites\/361\/2021\/12\/Relatorio-de-gestao-UFSm-2019-1-300x169.jpg\" alt=\"\" width=\"300\" height=\"169\" srcset=\"https:\/\/www.ufsm.br\/app\/uploads\/sites\/361\/2021\/12\/Relatorio-de-gestao-UFSm-2019-1-300x169.jpg 300w, https:\/\/www.ufsm.br\/app\/uploads\/sites\/361\/2021\/12\/Relatorio-de-gestao-UFSm-2019-1-1024x578.jpg 1024w, https:\/\/www.ufsm.br\/app\/uploads\/sites\/361\/2021\/12\/Relatorio-de-gestao-UFSm-2019-1-768x434.jpg 768w, https:\/\/www.ufsm.br\/app\/uploads\/sites\/361\/2021\/12\/Relatorio-de-gestao-UFSm-2019-1.jpg 1458w\" sizes=\"(max-width: 300px) 100vw, 300px\" \/><\/a><\/p>\n<p><a href=\"https:\/\/www.ufsm.br\/app\/uploads\/sites\/344\/2020\/02\/Relat%C3%B3rio-de-Gest%C3%A3o-2018_revisado_16jan20.pdf\"><img loading=\"lazy\" decoding=\"async\" class=\"wp-image-1108 size-medium alignleft\" src=\"https:\/\/www.ufsm.br\/app\/uploads\/sites\/361\/2021\/12\/Relatorio-de-gestao-UFSm-2018-1-300x212.jpg\" alt=\"\" width=\"300\" height=\"212\" srcset=\"https:\/\/www.ufsm.br\/app\/uploads\/sites\/361\/2021\/12\/Relatorio-de-gestao-UFSm-2018-1-300x212.jpg 300w, https:\/\/www.ufsm.br\/app\/uploads\/sites\/361\/2021\/12\/Relatorio-de-gestao-UFSm-2018-1-1024x722.jpg 1024w, https:\/\/www.ufsm.br\/app\/uploads\/sites\/361\/2021\/12\/Relatorio-de-gestao-UFSm-2018-1-768x542.jpg 768w, https:\/\/www.ufsm.br\/app\/uploads\/sites\/361\/2021\/12\/Relatorio-de-gestao-UFSm-2018-1.jpg 1123w\" sizes=\"(max-width: 300px) 100vw, 300px\" \/><\/a><\/p>\n<p>\u00a0<\/p>\n<p>\u00a0<\/p>\n<p>\u00a0<\/p>\n<p>\u00a0<\/p>\n<p>\u00a0<\/p>\n<p>\u00a0<\/p>\n<ul>\n<li><a href=\"https:\/\/www.ufsm.br\/app\/uploads\/sites\/344\/2018\/08\/Relat%C3%B3rioDeGest%C3%A3o2017-UFSM.pdf\" target=\"_blank\" rel=\"noopener\">Relat\u00f3rio de Gest\u00e3o 2017 (arquivo pdf, 17 MB)<\/a><\/li>\n<li><a href=\"https:\/\/www.ufsm.br\/app\/uploads\/sites\/344\/2018\/07\/1f3b30d9-130d-4ece-bd65-68d0707d6d6d2016.pdf\" target=\"_blank\" rel=\"noopener\">Relat\u00f3rio de Gest\u00e3o 2016 (arquivo pdf, 9 MB)<\/a><\/li>\n<li><a href=\"https:\/\/www.ufsm.br\/app\/uploads\/sites\/344\/2018\/07\/de5b5780-2cc0-4e56-b041-9973e67026522015.pdf\" target=\"_blank\" rel=\"noopener\">Relat\u00f3rio de Gest\u00e3o 2015 (arquivo pdf, 13 MB)<\/a><\/li>\n<li><a href=\"https:\/\/www.ufsm.br\/app\/uploads\/sites\/344\/2018\/07\/3c1e1a50-1482-4d18-b27b-d09442d186af2014.pdf\" target=\"_blank\" rel=\"noopener\">Relat\u00f3rio de Gest\u00e3o 2014 (arquivo pdf, 5 MB)<\/a><\/li>\n<\/ul>\n<p style=\"text-align: center\"><strong>Outros relat\u00f3rios:<\/strong><\/p>\n<p style=\"text-align: center\"><a href=\"https:\/\/www.ufsm.br\/app\/uploads\/sites\/820\/2020\/12\/relatorio_covid19_UFSM_10_12_20-1.pdf\"><img loading=\"lazy\" decoding=\"async\" class=\"aligncenter wp-image-1064 size-medium\" src=\"https:\/\/www.ufsm.br\/app\/uploads\/sites\/361\/2021\/02\/relatorio-covid-19-298x300.jpg\" alt=\"Capa do Relat\u00f3rio COVID-19 UFSM 2020\" width=\"298\" height=\"300\" srcset=\"https:\/\/www.ufsm.br\/app\/uploads\/sites\/361\/2021\/02\/relatorio-covid-19-298x300.jpg 298w, https:\/\/www.ufsm.br\/app\/uploads\/sites\/361\/2021\/02\/relatorio-covid-19-150x150.jpg 150w, https:\/\/www.ufsm.br\/app\/uploads\/sites\/361\/2021\/02\/relatorio-covid-19.jpg 337w\" sizes=\"(max-width: 298px) 100vw, 298px\" \/><\/a><\/p>\n<p>\u00a0<\/p>\n\n","protected":false},"excerpt":{"rendered":"<p>Relat\u00f3rios Quadrienais de Gest\u00e3o: \u00a0 \u00a0 \u00a0 \u00a0 \u00a0 \u00a0 \u00a0 Relat\u00f3rios Anuais de Gest\u00e3o: \u00a0 \u00a0 \u00a0 \u00a0 \u00a0 \u00a0 \u00a0 \u00a0 Relat\u00f3rio de Gest\u00e3o 2017 (arquivo pdf, 17 MB) Relat\u00f3rio de Gest\u00e3o 2016 (arquivo pdf, 9 MB) Relat\u00f3rio de Gest\u00e3o 2015 (arquivo pdf, 13 MB) Relat\u00f3rio de Gest\u00e3o 2014 (arquivo pdf, 5 MB) [&hellip;]<\/p>\n","protected":false},"author":80,"featured_media":0,"parent":653,"menu_order":2,"comment_status":"closed","ping_status":"closed","template":"","meta":{"footnotes":""},"categories":[],"tags":[],"class_list":["post-657","page","type-page","status-publish","hentry"],"acf":[],"_links":{"self":[{"href":"https:\/\/www.ufsm.br\/reitoria\/gabinete\/wp-json\/wp\/v2\/pages\/657","targetHints":{"allow":["GET"]}}],"collection":[{"href":"https:\/\/www.ufsm.br\/reitoria\/gabinete\/wp-json\/wp\/v2\/pages"}],"about":[{"href":"https:\/\/www.ufsm.br\/reitoria\/gabinete\/wp-json\/wp\/v2\/types\/page"}],"author":[{"embeddable":true,"href":"https:\/\/www.ufsm.br\/reitoria\/gabinete\/wp-json\/wp\/v2\/users\/80"}],"replies":[{"embeddable":true,"href":"https:\/\/www.ufsm.br\/reitoria\/gabinete\/wp-json\/wp\/v2\/comments?post=657"}],"version-history":[{"count":0,"href":"https:\/\/www.ufsm.br\/reitoria\/gabinete\/wp-json\/wp\/v2\/pages\/657\/revisions"}],"up":[{"embeddable":true,"href":"https:\/\/www.ufsm.br\/reitoria\/gabinete\/wp-json\/wp\/v2\/pages\/653"}],"wp:attachment":[{"href":"https:\/\/www.ufsm.br\/reitoria\/gabinete\/wp-json\/wp\/v2\/media?parent=657"}],"wp:term":[{"taxonomy":"category","embeddable":true,"href":"https:\/\/www.ufsm.br\/reitoria\/gabinete\/wp-json\/wp\/v2\/categories?post=657"},{"taxonomy":"post_tag","embeddable":true,"href":"https:\/\/www.ufsm.br\/reitoria\/gabinete\/wp-json\/wp\/v2\/tags?post=657"}],"curies":[{"name":"wp","href":"https:\/\/api.w.org\/{rel}","templated":true}]}}