{"id":64,"date":"2019-04-30T16:22:32","date_gmt":"2019-04-30T19:22:32","guid":{"rendered":"https:\/\/www.ufsm.br\/reitoria\/ouvidoria\/?page_id=64"},"modified":"2024-07-05T11:04:14","modified_gmt":"2024-07-05T14:04:14","slug":"contato","status":"publish","type":"page","link":"https:\/\/www.ufsm.br\/reitoria\/ouvidoria\/contato","title":{"rendered":"Contato"},"content":{"rendered":"<p style=\"text-align: left\"><strong>Endere\u00e7o:<\/strong><\/p>\n<p style=\"text-align: left\">Ouvidoria-Geral da UFSM.<br \/>\nPr\u00e9dio da Reitoria, Sala 109. Campus Sede<br \/>\nAv. Roraima n\u00ba 1000, Bairro Camobi.<br \/>\nSanta Maria \u2013 RS<br \/>\nCEP 97105-900<\/p>\n<p><strong>Telefone:\u00a0<\/strong>(55) 3220 8673<\/p>\n<p><strong>E-mail:\u00a0<\/strong>ouvidoria@ufsm.br<\/p>\n<p><strong>Hor\u00e1rio de Atendimento<\/strong><\/p>\n<p>Segunda-feira a Sexta-feira<br \/>\n8h \u00e0s 12h<br \/>\n13h30min \u00e0s 17h<\/p>\n","protected":false},"excerpt":{"rendered":"<p>Endere\u00e7o: Ouvidoria-Geral da UFSM. Pr\u00e9dio da Reitoria, Sala 109. Campus Sede Av. Roraima n\u00ba 1000, Bairro Camobi. Santa Maria \u2013 RS CEP 97105-900 Telefone:\u00a0(55) 3220 8673 E-mail:\u00a0ouvidoria@ufsm.br Hor\u00e1rio de Atendimento Segunda-feira a Sexta-feira 8h \u00e0s 12h 13h30min \u00e0s 17h<\/p>\n","protected":false},"author":8,"featured_media":0,"parent":0,"menu_order":0,"comment_status":"closed","ping_status":"closed","template":"","meta":{"footnotes":""},"categories":[],"tags":[],"class_list":["post-64","page","type-page","status-publish","hentry"],"acf":[],"_links":{"self":[{"href":"https:\/\/www.ufsm.br\/reitoria\/ouvidoria\/wp-json\/wp\/v2\/pages\/64","targetHints":{"allow":["GET"]}}],"collection":[{"href":"https:\/\/www.ufsm.br\/reitoria\/ouvidoria\/wp-json\/wp\/v2\/pages"}],"about":[{"href":"https:\/\/www.ufsm.br\/reitoria\/ouvidoria\/wp-json\/wp\/v2\/types\/page"}],"author":[{"embeddable":true,"href":"https:\/\/www.ufsm.br\/reitoria\/ouvidoria\/wp-json\/wp\/v2\/users\/8"}],"replies":[{"embeddable":true,"href":"https:\/\/www.ufsm.br\/reitoria\/ouvidoria\/wp-json\/wp\/v2\/comments?post=64"}],"version-history":[{"count":0,"href":"https:\/\/www.ufsm.br\/reitoria\/ouvidoria\/wp-json\/wp\/v2\/pages\/64\/revisions"}],"wp:attachment":[{"href":"https:\/\/www.ufsm.br\/reitoria\/ouvidoria\/wp-json\/wp\/v2\/media?parent=64"}],"wp:term":[{"taxonomy":"category","embeddable":true,"href":"https:\/\/www.ufsm.br\/reitoria\/ouvidoria\/wp-json\/wp\/v2\/categories?post=64"},{"taxonomy":"post_tag","embeddable":true,"href":"https:\/\/www.ufsm.br\/reitoria\/ouvidoria\/wp-json\/wp\/v2\/tags?post=64"}],"curies":[{"name":"wp","href":"https:\/\/api.w.org\/{rel}","templated":true}]}}