{"id":8,"date":"2018-10-31T16:50:21","date_gmt":"2018-10-31T19:50:21","guid":{"rendered":"https:\/\/www.ufsm.br\/reitoria\/ouvidoria\/?page_id=8"},"modified":"2026-03-24T10:52:31","modified_gmt":"2026-03-24T13:52:31","slug":"pagina-inicial","status":"publish","type":"page","link":"https:\/\/www.ufsm.br\/reitoria\/ouvidoria\/","title":{"rendered":"P\u00e1gina inicial"},"content":{"rendered":"\t\t<div data-elementor-type=\"wp-post\" data-elementor-id=\"8\" class=\"elementor elementor-8\">\n\t\t\t\t\t\t<section class=\"elementor-section elementor-top-section elementor-element elementor-element-16a16f5 elementor-section-boxed elementor-section-height-default elementor-section-height-default\" data-id=\"16a16f5\" data-element_type=\"section\">\n\t\t\t\t\t\t<div class=\"elementor-container elementor-column-gap-default\">\n\t\t\t\t\t<div class=\"elementor-column elementor-col-100 elementor-top-column elementor-element elementor-element-8fa817d\" data-id=\"8fa817d\" data-element_type=\"column\">\n\t\t\t<div class=\"elementor-widget-wrap elementor-element-populated\">\n\t\t\t\t\t\t<div class=\"elementor-element elementor-element-1e8e007 elementor-widget elementor-widget-text-editor\" data-id=\"1e8e007\" data-element_type=\"widget\" data-widget_type=\"text-editor.default\">\n\t\t\t\t<div class=\"elementor-widget-container\">\n\t\t\t\t\t\t\t<h1 style=\"text-align: center\"><strong><span style=\"font-family: georgia, palatino, serif;font-size: 12pt\">Bem vindo!\u00a0<\/span><span style=\"font-family: georgia, palatino, serif;font-size: 12pt\">Voc\u00ea est\u00e1 no site da Ouvidoria-Geral da UFSM.<\/span><\/strong><\/h1>\n<p style=\"text-align: center\"><span style=\"font-size: 12pt;font-family: georgia, palatino, serif\">Fa\u00e7a bom uso desta ferramenta. Ela se caracteriza como um espa\u00e7o democr\u00e1tico de participa\u00e7\u00e3o efetiva da cidadania que tem preocupa\u00e7\u00e3o com a qualidade da gest\u00e3o da Universidade Federal de Santa Maria.<\/span><\/p>\t\t\t\t\t\t<\/div>\n\t\t\t\t<\/div>\n\t\t\t\t\t<\/div>\n\t\t<\/div>\n\t\t\t\t\t<\/div>\n\t\t<\/section>\n\t\t\t\t<section class=\"elementor-section elementor-top-section elementor-element elementor-element-1d9ac4d elementor-section-boxed elementor-section-height-default elementor-section-height-default\" data-id=\"1d9ac4d\" data-element_type=\"section\">\n\t\t\t\t\t\t<div class=\"elementor-container elementor-column-gap-default\">\n\t\t\t\t\t<div class=\"elementor-column elementor-col-100 elementor-top-column elementor-element elementor-element-1f1dbfb\" data-id=\"1f1dbfb\" data-element_type=\"column\">\n\t\t\t<div class=\"elementor-widget-wrap elementor-element-populated\">\n\t\t\t\t\t\t<div class=\"elementor-element elementor-element-32fd65a elementor-widget elementor-widget-image\" data-id=\"32fd65a\" data-element_type=\"widget\" data-widget_type=\"image.default\">\n\t\t\t\t<div class=\"elementor-widget-container\">\n\t\t\t\t\t\t\t\t\t\t\t\t\t\t<a href=\"https:\/\/portal.ufsm.br\/ouvidoria\/index.html;jsessionid=a9e5596747b1190beb99501bd55f\">\n\t\t\t\t\t\t\t<img fetchpriority=\"high\" decoding=\"async\" width=\"1920\" height=\"400\" src=\"https:\/\/www.ufsm.br\/app\/uploads\/sites\/406\/2018\/10\/2.png\" class=\"attachment-full size-full wp-image-12\" alt=\"Reclama\u00e7\u00e3o, den\u00fancia, sugest\u00e3o e elegio\" srcset=\"https:\/\/www.ufsm.br\/app\/uploads\/sites\/406\/2018\/10\/2.png 1920w, https:\/\/www.ufsm.br\/app\/uploads\/sites\/406\/2018\/10\/2-300x63.png 300w, https:\/\/www.ufsm.br\/app\/uploads\/sites\/406\/2018\/10\/2-768x160.png 768w, https:\/\/www.ufsm.br\/app\/uploads\/sites\/406\/2018\/10\/2-1024x213.png 1024w\" sizes=\"(max-width: 1920px) 100vw, 1920px\" \/>\t\t\t\t\t\t\t\t<\/a>\n\t\t\t\t\t\t\t\t\t\t\t\t\t<\/div>\n\t\t\t\t<\/div>\n\t\t\t\t\t<\/div>\n\t\t<\/div>\n\t\t\t\t\t<\/div>\n\t\t<\/section>\n\t\t\t\t<section class=\"elementor-section elementor-top-section elementor-element elementor-element-059db2e elementor-section-boxed elementor-section-height-default elementor-section-height-default\" data-id=\"059db2e\" data-element_type=\"section\">\n\t\t\t\t\t\t<div class=\"elementor-container elementor-column-gap-default\">\n\t\t\t\t\t<div class=\"elementor-column elementor-col-100 elementor-top-column elementor-element elementor-element-8b29c71\" data-id=\"8b29c71\" data-element_type=\"column\">\n\t\t\t<div class=\"elementor-widget-wrap elementor-element-populated\">\n\t\t\t\t\t\t<div class=\"elementor-element elementor-element-a437325 elementor-widget elementor-widget-text-editor\" data-id=\"a437325\" data-element_type=\"widget\" data-widget_type=\"text-editor.default\">\n\t\t\t\t<div class=\"elementor-widget-container\">\n\t\t\t\t\t\t\t<h2><span style=\"font-family: georgia, palatino, serif;font-size: 12pt\"><strong>O que \u00e9 a Ouvidoria da UFSM?<\/strong><\/span><\/h2>\n<p><span style=\"font-family: georgia, palatino, serif;font-size: 12pt\">Trata-se de um \u00f3rg\u00e3o de controle interno, que visa humanizar e estreitar as rela\u00e7\u00f5es institucionais e pessoais estabelecidas no \u00e2mbito da UFSM. Uma ferramenta pr\u00e1tica e efetiva, disponibilizada para o encaminhamento de solu\u00e7\u00f5es aos problemas identificados como amea\u00e7as ao bom funcionamento institucional.<\/span><\/p>\n<h2><span style=\"font-family: georgia, palatino, serif;font-size: 12pt\"><strong>Para que serve a Ouvidoria?<\/strong><\/span><\/h2>\n<p><span style=\"font-family: georgia, palatino, serif;font-size: 12pt\">Serve como canal de intera\u00e7\u00e3o e media\u00e7\u00e3o entre a sociedade em geral e a gest\u00e3o da UFSM. Atrav\u00e9s dela se estabelece um di\u00e1logo e uma comunica\u00e7\u00e3o \u00e1gil e direta, visando canalizar \u00e0 uma solu\u00e7\u00e3o, os interesses da sociedade em geral, manifestos na forma de den\u00fancias, reclama\u00e7\u00f5es, sugest\u00f5es e, tamb\u00e9m, elogios, referentes aos servi\u00e7os prestados pela institui\u00e7\u00e3o.<\/span><br \/><span style=\"font-family: georgia, palatino, serif;font-size: 12pt\">Sob a perspectiva cidad\u00e3, a Ouvidoria se configura como espa\u00e7o para a pr\u00e1tica efetiva da democracia participativa.<\/span><\/p>\n<h2><span style=\"font-family: georgia, palatino, serif;font-size: 12pt\"><strong>Como funciona?<\/strong><\/span><\/h2>\n<p><span style=\"font-family: georgia, palatino, serif;font-size: 12pt\">A ouvidoria recebe as manifesta\u00e7\u00f5es, que podem ser feitas pessoalmente, por carta, telefone, correio eletr\u00f4nico ou via Caixa Postal e as encaminha, quando necess\u00e1rio, \u00e0s unidades internas acad\u00eamicas e\/ou administrativas que s\u00e3o, em \u00faltima inst\u00e2ncia, respons\u00e1veis pela execu\u00e7\u00e3o dos servi\u00e7os e disponibiliza\u00e7\u00e3o de seus produtos.<\/span><\/p>\t\t\t\t\t\t<\/div>\n\t\t\t\t<\/div>\n\t\t\t\t\t<\/div>\n\t\t<\/div>\n\t\t\t\t\t<\/div>\n\t\t<\/section>\n\t\t\t\t<section class=\"elementor-section elementor-top-section elementor-element elementor-element-8fc3397 elementor-section-boxed elementor-section-height-default elementor-section-height-default\" data-id=\"8fc3397\" data-element_type=\"section\">\n\t\t\t\t\t\t<div class=\"elementor-container elementor-column-gap-default\">\n\t\t\t\t\t<div class=\"elementor-column elementor-col-100 elementor-top-column elementor-element elementor-element-f427307\" data-id=\"f427307\" data-element_type=\"column\">\n\t\t\t<div class=\"elementor-widget-wrap elementor-element-populated\">\n\t\t\t\t\t\t<div class=\"elementor-element elementor-element-114dd8d elementor-widget elementor-widget-wp-widget-ufsm_noticias_widget\" data-id=\"114dd8d\" data-element_type=\"widget\" data-widget_type=\"wp-widget-ufsm_noticias_widget.default\">\n\t\t\t\t<div class=\"elementor-widget-container\">\n\t\t\t<h5 class='titulo-conteudos'>Not\u00edcias<\/h5><div class='widget-noticias-inside'>\n                        <div class=\"row\">\n                                    <div class=\"col-12 col-lg-4 pb-4\">\n                                        \n                                        \n                    \n                    <a class=\"noticias-widget-title d-block \"  title=\"Adotando as medidas previstas na IN de 12 de mar\u00e7o de 2020, a Ouvidora da UFSM suspende o atendimento presencial.\" href=\"https:\/\/www.ufsm.br\/reitoria\/ouvidoria\/2020\/03\/19\/adotando-as-medidas-previstas-na-in-de-12-de-marco-de-2020-a-ouvidora-da-ufsm-suspende-o-atendimento-presencial\">\n                                                Adotando as medidas previstas na IN de 12 de mar\u00e7o de 2020, a Ouvidora da UFSM suspende o atendimento presencial.                    <\/a>\n                    \n                    \n                                        \n                                        \n                                        <\/div>\n                            <\/div>\n            <\/div>\n\t\t<\/div>\n\t\t\t\t<\/div>\n\t\t\t\t\t<\/div>\n\t\t<\/div>\n\t\t\t\t\t<\/div>\n\t\t<\/section>\n\t\t\t\t<section class=\"elementor-section elementor-top-section elementor-element elementor-element-a988177 elementor-section-boxed elementor-section-height-default elementor-section-height-default\" data-id=\"a988177\" data-element_type=\"section\">\n\t\t\t\t\t\t<div class=\"elementor-container elementor-column-gap-default\">\n\t\t\t\t\t<div class=\"elementor-column elementor-col-100 elementor-top-column elementor-element elementor-element-14a6c22\" data-id=\"14a6c22\" data-element_type=\"column\">\n\t\t\t<div class=\"elementor-widget-wrap elementor-element-populated\">\n\t\t\t\t\t\t<div class=\"elementor-element elementor-element-515253d elementor-widget elementor-widget-heading\" data-id=\"515253d\" data-element_type=\"widget\" data-widget_type=\"heading.default\">\n\t\t\t\t<div class=\"elementor-widget-container\">\n\t\t\t<h5 class=\"elementor-heading-title elementor-size-default\">Hor\u00e1rio de Atendimento<\/h5>\t\t<\/div>\n\t\t\t\t<\/div>\n\t\t\t\t\t<\/div>\n\t\t<\/div>\n\t\t\t\t\t<\/div>\n\t\t<\/section>\n\t\t\t\t<section class=\"elementor-section elementor-top-section elementor-element elementor-element-7984fe0 elementor-section-boxed elementor-section-height-default elementor-section-height-default\" data-id=\"7984fe0\" data-element_type=\"section\">\n\t\t\t\t\t\t<div class=\"elementor-container elementor-column-gap-default\">\n\t\t\t\t\t<div class=\"elementor-column elementor-col-100 elementor-top-column elementor-element elementor-element-382f8fb\" data-id=\"382f8fb\" data-element_type=\"column\">\n\t\t\t<div class=\"elementor-widget-wrap elementor-element-populated\">\n\t\t\t\t\t\t<div class=\"elementor-element elementor-element-e7541be elementor-widget elementor-widget-text-editor\" data-id=\"e7541be\" data-element_type=\"widget\" data-widget_type=\"text-editor.default\">\n\t\t\t\t<div class=\"elementor-widget-container\">\n\t\t\t\t\t\t\t<p><span style=\"font-size: 12pt\">De Segunda a Sexta-feira<br \/><\/span><span style=\"font-size: 12pt\">Das 8h \u00e0s 12h<br \/>13h 30min \u00e0s 17h<\/span><\/p>\t\t\t\t\t\t<\/div>\n\t\t\t\t<\/div>\n\t\t\t\t\t<\/div>\n\t\t<\/div>\n\t\t\t\t\t<\/div>\n\t\t<\/section>\n\t\t\t\t<section class=\"elementor-section elementor-top-section elementor-element elementor-element-ec0a3e4 elementor-section-boxed elementor-section-height-default elementor-section-height-default\" data-id=\"ec0a3e4\" data-element_type=\"section\">\n\t\t\t\t\t\t<div class=\"elementor-container elementor-column-gap-default\">\n\t\t\t\t\t<div class=\"elementor-column elementor-col-100 elementor-top-column elementor-element elementor-element-3f2dd3f\" data-id=\"3f2dd3f\" data-element_type=\"column\">\n\t\t\t<div class=\"elementor-widget-wrap elementor-element-populated\">\n\t\t\t\t\t\t<div class=\"elementor-element elementor-element-489225c elementor-widget elementor-widget-heading\" data-id=\"489225c\" data-element_type=\"widget\" data-widget_type=\"heading.default\">\n\t\t\t\t<div class=\"elementor-widget-container\">\n\t\t\t<h5 class=\"elementor-heading-title elementor-size-default\">Utilidades<\/h5>\t\t<\/div>\n\t\t\t\t<\/div>\n\t\t\t\t\t<\/div>\n\t\t<\/div>\n\t\t\t\t\t<\/div>\n\t\t<\/section>\n\t\t\t\t<section class=\"elementor-section elementor-top-section elementor-element elementor-element-0aed430 elementor-section-boxed elementor-section-height-default elementor-section-height-default\" data-id=\"0aed430\" data-element_type=\"section\">\n\t\t\t\t\t\t<div class=\"elementor-container elementor-column-gap-default\">\n\t\t\t\t\t<div class=\"elementor-column elementor-col-33 elementor-top-column elementor-element elementor-element-7d9702b\" data-id=\"7d9702b\" data-element_type=\"column\">\n\t\t\t<div class=\"elementor-widget-wrap elementor-element-populated\">\n\t\t\t\t\t\t<div class=\"elementor-element elementor-element-18da111 elementor-view-default elementor-position-top elementor-mobile-position-top elementor-widget elementor-widget-icon-box\" data-id=\"18da111\" data-element_type=\"widget\" data-widget_type=\"icon-box.default\">\n\t\t\t\t<div class=\"elementor-widget-container\">\n\t\t\t\t\t<div class=\"elementor-icon-box-wrapper\">\n\n\t\t\t\t\t\t<div class=\"elementor-icon-box-icon\">\n\t\t\t\t<a href=\"https:\/\/www.ufsm.br\/reitoria\/ouvidoria\/manifeste-se\/\" class=\"elementor-icon elementor-animation-bounce-in\" tabindex=\"-1\">\n\t\t\t\t<i class=\"fa fa-bullhorn\" aria-hidden=\"true\"><\/i>\t\t\t\t<\/a>\n\t\t\t<\/div>\n\t\t\t\n\t\t\t\t\t\t<div class=\"elementor-icon-box-content\">\n\n\t\t\t\t\t\t\t\t\t<h3 class=\"elementor-icon-box-title\">\n\t\t\t\t\t\t<a href=\"https:\/\/www.ufsm.br\/reitoria\/ouvidoria\/manifeste-se\/\" >\n\t\t\t\t\t\t\tManifeste-se!\t\t\t\t\t\t<\/a>\n\t\t\t\t\t<\/h3>\n\t\t\t\t\n\t\t\t\t\n\t\t\t<\/div>\n\t\t\t\n\t\t<\/div>\n\t\t\t\t<\/div>\n\t\t\t\t<\/div>\n\t\t\t\t\t<\/div>\n\t\t<\/div>\n\t\t\t\t<div class=\"elementor-column elementor-col-33 elementor-top-column elementor-element elementor-element-d470979\" data-id=\"d470979\" data-element_type=\"column\">\n\t\t\t<div class=\"elementor-widget-wrap elementor-element-populated\">\n\t\t\t\t\t\t<div class=\"elementor-element elementor-element-6b547d7 elementor-view-default elementor-position-top elementor-mobile-position-top elementor-widget elementor-widget-icon-box\" data-id=\"6b547d7\" data-element_type=\"widget\" data-widget_type=\"icon-box.default\">\n\t\t\t\t<div class=\"elementor-widget-container\">\n\t\t\t\t\t<div class=\"elementor-icon-box-wrapper\">\n\n\t\t\t\t\t\t<div class=\"elementor-icon-box-icon\">\n\t\t\t\t<a href=\"https:\/\/www.ufsm.br\/reitoria\/ouvidoria\/ufsm-sem-assedio\/\" target=\"_blank\" class=\"elementor-icon elementor-animation-bounce-in\" tabindex=\"-1\">\n\t\t\t\t<i class=\"fa fa-stop-circle-o\" aria-hidden=\"true\"><\/i>\t\t\t\t<\/a>\n\t\t\t<\/div>\n\t\t\t\n\t\t\t\t\t\t<div class=\"elementor-icon-box-content\">\n\n\t\t\t\t\t\t\t\t\t<h3 class=\"elementor-icon-box-title\">\n\t\t\t\t\t\t<a href=\"https:\/\/www.ufsm.br\/reitoria\/ouvidoria\/ufsm-sem-assedio\/\" target=\"_blank\" >\n\t\t\t\t\t\t\tUFSM Sem Ass\u00e9dio\t\t\t\t\t\t<\/a>\n\t\t\t\t\t<\/h3>\n\t\t\t\t\n\t\t\t\t\n\t\t\t<\/div>\n\t\t\t\n\t\t<\/div>\n\t\t\t\t<\/div>\n\t\t\t\t<\/div>\n\t\t\t\t\t<\/div>\n\t\t<\/div>\n\t\t\t\t<div class=\"elementor-column elementor-col-33 elementor-top-column elementor-element elementor-element-81dba5f\" data-id=\"81dba5f\" data-element_type=\"column\">\n\t\t\t<div class=\"elementor-widget-wrap elementor-element-populated\">\n\t\t\t\t\t\t<div class=\"elementor-element elementor-element-15e6f8f elementor-view-default elementor-position-top elementor-mobile-position-top elementor-widget elementor-widget-icon-box\" data-id=\"15e6f8f\" data-element_type=\"widget\" data-widget_type=\"icon-box.default\">\n\t\t\t\t<div class=\"elementor-widget-container\">\n\t\t\t\t\t<div class=\"elementor-icon-box-wrapper\">\n\n\t\t\t\t\t\t<div class=\"elementor-icon-box-icon\">\n\t\t\t\t<a href=\"https:\/\/portal.ufsm.br\/ufsm-em-numeros\/publico\/painel.html?categoria=700\" target=\"_blank\" class=\"elementor-icon elementor-animation-bounce-in\" tabindex=\"-1\">\n\t\t\t\t<i class=\"fa fa-pencil-square-o\" aria-hidden=\"true\"><\/i>\t\t\t\t<\/a>\n\t\t\t<\/div>\n\t\t\t\n\t\t\t\t\t\t<div class=\"elementor-icon-box-content\">\n\n\t\t\t\t\t\t\t\t\t<h3 class=\"elementor-icon-box-title\">\n\t\t\t\t\t\t<a href=\"https:\/\/portal.ufsm.br\/ufsm-em-numeros\/publico\/painel.html?categoria=700\" target=\"_blank\" >\n\t\t\t\t\t\t\tOuvidoria em N\u00fameros\t\t\t\t\t\t<\/a>\n\t\t\t\t\t<\/h3>\n\t\t\t\t\n\t\t\t\t\n\t\t\t<\/div>\n\t\t\t\n\t\t<\/div>\n\t\t\t\t<\/div>\n\t\t\t\t<\/div>\n\t\t\t\t\t<\/div>\n\t\t<\/div>\n\t\t\t\t\t<\/div>\n\t\t<\/section>\n\t\t\t\t<\/div>\n\t\t","protected":false},"excerpt":{"rendered":"<p>Bem vindo!\u00a0Voc\u00ea est\u00e1 no site da Ouvidoria-Geral da UFSM. Fa\u00e7a bom uso desta ferramenta. Ela se caracteriza como um espa\u00e7o democr\u00e1tico de participa\u00e7\u00e3o efetiva da cidadania que tem preocupa\u00e7\u00e3o com a qualidade da gest\u00e3o da Universidade Federal de Santa Maria. O que \u00e9 a Ouvidoria da UFSM? Trata-se de um \u00f3rg\u00e3o de controle interno, que [&hellip;]<\/p>\n","protected":false},"author":25,"featured_media":0,"parent":0,"menu_order":0,"comment_status":"closed","ping_status":"closed","template":"","meta":{"footnotes":""},"categories":[],"tags":[],"class_list":["post-8","page","type-page","status-publish","hentry"],"acf":[],"_links":{"self":[{"href":"https:\/\/www.ufsm.br\/reitoria\/ouvidoria\/wp-json\/wp\/v2\/pages\/8","targetHints":{"allow":["GET"]}}],"collection":[{"href":"https:\/\/www.ufsm.br\/reitoria\/ouvidoria\/wp-json\/wp\/v2\/pages"}],"about":[{"href":"https:\/\/www.ufsm.br\/reitoria\/ouvidoria\/wp-json\/wp\/v2\/types\/page"}],"author":[{"embeddable":true,"href":"https:\/\/www.ufsm.br\/reitoria\/ouvidoria\/wp-json\/wp\/v2\/users\/25"}],"replies":[{"embeddable":true,"href":"https:\/\/www.ufsm.br\/reitoria\/ouvidoria\/wp-json\/wp\/v2\/comments?post=8"}],"version-history":[{"count":0,"href":"https:\/\/www.ufsm.br\/reitoria\/ouvidoria\/wp-json\/wp\/v2\/pages\/8\/revisions"}],"wp:attachment":[{"href":"https:\/\/www.ufsm.br\/reitoria\/ouvidoria\/wp-json\/wp\/v2\/media?parent=8"}],"wp:term":[{"taxonomy":"category","embeddable":true,"href":"https:\/\/www.ufsm.br\/reitoria\/ouvidoria\/wp-json\/wp\/v2\/categories?post=8"},{"taxonomy":"post_tag","embeddable":true,"href":"https:\/\/www.ufsm.br\/reitoria\/ouvidoria\/wp-json\/wp\/v2\/tags?post=8"}],"curies":[{"name":"wp","href":"https:\/\/api.w.org\/{rel}","templated":true}]}}