{"id":26,"date":"2019-05-14T17:03:27","date_gmt":"2019-05-14T20:03:27","guid":{"rendered":"https:\/\/www.ufsm.br\/template-laboratprio\/?page_id=26"},"modified":"2024-11-11T10:54:07","modified_gmt":"2024-11-11T13:54:07","slug":"contato","status":"publish","type":"page","link":"https:\/\/www.ufsm.br\/siterevista\/cienciarural\/contato","title":{"rendered":"Contato"},"content":{"rendered":"\t\t<div data-elementor-type=\"wp-page\" data-elementor-id=\"26\" class=\"elementor elementor-26\">\n\t\t\t\t\t\t<section class=\"elementor-section elementor-top-section elementor-element elementor-element-73d05c6 elementor-section-boxed elementor-section-height-default elementor-section-height-default\" data-id=\"73d05c6\" data-element_type=\"section\">\n\t\t\t\t\t\t<div class=\"elementor-container elementor-column-gap-default\">\n\t\t\t\t\t<div class=\"elementor-column elementor-col-100 elementor-top-column elementor-element elementor-element-1cc1d15d\" data-id=\"1cc1d15d\" data-element_type=\"column\">\n\t\t\t<div class=\"elementor-widget-wrap elementor-element-populated\">\n\t\t\t\t\t\t<div class=\"elementor-element elementor-element-159d400a elementor-widget elementor-widget-text-editor\" data-id=\"159d400a\" data-element_type=\"widget\" data-widget_type=\"text-editor.default\">\n\t\t\t\t<div class=\"elementor-widget-container\">\n\t\t\t\t\t\t\t<p><!-- wp:tadv\/classic-paragraph --><\/p>\n<p style=\"font-weight: 400;text-align: center\"><strong>Editor chefe<\/strong><\/p>\n<p style=\"font-weight: 400;text-align: center\">Rudi Weiblen &#8211; <a href=\"mailto:rudiweiblen@gmail.com\">rudiweiblen@gmail.com<\/a><\/p>\n<p style=\"font-weight: 400;text-align: center\">\n<\/p><p style=\"font-weight: 400;text-align: center\"><strong>Edi\u00e7\u00e3o e formata\u00e7\u00e3o final de artigos<\/strong><\/p>\n<p style=\"font-weight: 400;text-align: center\">Ana Paula Elsner &#8211; <a href=\"mailto:anapaulaelsner@gmail.com\">anapaulaelsner@gmail.com<\/a><\/p>\n<p style=\"font-weight: 400;text-align: center\">Vagner Neujahr &#8211; <a href=\"mailto:vagner.neujahr@gmail.com\">vagner.neujahr@gmail.com<\/a><\/p>\n<p style=\"font-weight: 400;text-align: center\">\n<\/p><p style=\"font-weight: 400;text-align: center\"><strong>Submiss\u00e3o e tramita\u00e7\u00e3o de artigos<\/strong><\/p>\n<p style=\"font-weight: 400;text-align: center\">Cristiane Gelatti &#8211; <a href=\"mailto:crisgelatti@gmail.com\">crisgelatti@gmail.com<\/a><\/p>\n<p style=\"font-weight: 400;text-align: center\">Vagner Neujahr &#8211; <a href=\"mailto:vagner.neujahr@gmail.com\">vagner.neujahr@gmail.com<\/a><\/p>\n<p style=\"font-weight: 400\">\n<\/p><p style=\"font-weight: 400;text-align: center\"><strong>Emiss\u00e3o de recibos\/nota fiscal de tramita\u00e7\u00e3o e publica\u00e7\u00e3o<\/strong><\/p>\n<p style=\"text-align: center\"><span style=\"font-weight: 400\">Cristiane Gelatti &#8211; <a href=\"mailto:cobrancacienciarural@gmail.com\">cobrancacienciarural@gmail.com<\/a><\/span><\/p>\n<p><!-- \/wp:tadv\/classic-paragraph --><\/p>\t\t\t\t\t\t<\/div>\n\t\t\t\t<\/div>\n\t\t\t\t\t<\/div>\n\t\t<\/div>\n\t\t\t\t\t<\/div>\n\t\t<\/section>\n\t\t\t\t<\/div>\n\t\t","protected":false},"excerpt":{"rendered":"<p>Editor chefe Rudi Weiblen &#8211; rudiweiblen@gmail.com Edi\u00e7\u00e3o e formata\u00e7\u00e3o final de artigos Ana Paula Elsner &#8211; anapaulaelsner@gmail.com Vagner Neujahr &#8211; vagner.neujahr@gmail.com Submiss\u00e3o e tramita\u00e7\u00e3o de artigos Cristiane Gelatti &#8211; crisgelatti@gmail.com Vagner Neujahr &#8211; vagner.neujahr@gmail.com Emiss\u00e3o de recibos\/nota fiscal de tramita\u00e7\u00e3o e publica\u00e7\u00e3o Cristiane Gelatti &#8211; cobrancacienciarural@gmail.com<\/p>\n","protected":false},"author":124,"featured_media":0,"parent":0,"menu_order":0,"comment_status":"closed","ping_status":"closed","template":"","meta":{"footnotes":""},"categories":[],"tags":[],"class_list":["post-26","page","type-page","status-publish","hentry"],"acf":[],"_links":{"self":[{"href":"https:\/\/www.ufsm.br\/siterevista\/cienciarural\/wp-json\/wp\/v2\/pages\/26","targetHints":{"allow":["GET"]}}],"collection":[{"href":"https:\/\/www.ufsm.br\/siterevista\/cienciarural\/wp-json\/wp\/v2\/pages"}],"about":[{"href":"https:\/\/www.ufsm.br\/siterevista\/cienciarural\/wp-json\/wp\/v2\/types\/page"}],"author":[{"embeddable":true,"href":"https:\/\/www.ufsm.br\/siterevista\/cienciarural\/wp-json\/wp\/v2\/users\/124"}],"replies":[{"embeddable":true,"href":"https:\/\/www.ufsm.br\/siterevista\/cienciarural\/wp-json\/wp\/v2\/comments?post=26"}],"version-history":[{"count":0,"href":"https:\/\/www.ufsm.br\/siterevista\/cienciarural\/wp-json\/wp\/v2\/pages\/26\/revisions"}],"wp:attachment":[{"href":"https:\/\/www.ufsm.br\/siterevista\/cienciarural\/wp-json\/wp\/v2\/media?parent=26"}],"wp:term":[{"taxonomy":"category","embeddable":true,"href":"https:\/\/www.ufsm.br\/siterevista\/cienciarural\/wp-json\/wp\/v2\/categories?post=26"},{"taxonomy":"post_tag","embeddable":true,"href":"https:\/\/www.ufsm.br\/siterevista\/cienciarural\/wp-json\/wp\/v2\/tags?post=26"}],"curies":[{"name":"wp","href":"https:\/\/api.w.org\/{rel}","templated":true}]}}