{"id":54,"date":"2023-08-29T14:47:51","date_gmt":"2023-08-29T17:47:51","guid":{"rendered":"https:\/\/www.ufsm.br\/siterevista\/cienciarural\/?page_id=54"},"modified":"2026-01-06T15:18:49","modified_gmt":"2026-01-06T18:18:49","slug":"taxas","status":"publish","type":"page","link":"https:\/\/www.ufsm.br\/siterevista\/cienciarural\/taxas","title":{"rendered":"Taxas"},"content":{"rendered":"\t\t<div data-elementor-type=\"wp-page\" data-elementor-id=\"54\" class=\"elementor elementor-54\">\n\t\t\t\t\t\t<section class=\"elementor-section elementor-top-section elementor-element elementor-element-574c9b2c elementor-section-boxed elementor-section-height-default elementor-section-height-default\" data-id=\"574c9b2c\" data-element_type=\"section\">\n\t\t\t\t\t\t<div class=\"elementor-container elementor-column-gap-default\">\n\t\t\t\t\t<div class=\"elementor-column elementor-col-100 elementor-top-column elementor-element elementor-element-70c52ab9\" data-id=\"70c52ab9\" data-element_type=\"column\">\n\t\t\t<div class=\"elementor-widget-wrap elementor-element-populated\">\n\t\t\t\t\t\t<div class=\"elementor-element elementor-element-23f3c676 elementor-widget elementor-widget-text-editor\" data-id=\"23f3c676\" data-element_type=\"widget\" data-widget_type=\"text-editor.default\">\n\t\t\t\t<div class=\"elementor-widget-container\">\n\t\t\t\t\t\t\t<p style=\"font-size: 12pt;margin: 0cm 0cm 0.0001pt;text-align: justify;background-image: initial;background-position: initial;background-size: initial\"><strong><span style=\"font-size: 14pt\">A Ci\u00eancia Rural possui duas taxas:<\/span><\/strong><\/p><p style=\"font-size: 12pt;margin: 0cm 0cm 0.0001pt;text-align: justify;background-image: initial;background-position: initial;background-size: initial\"><span style=\"font-size: 14pt\">\u00a0<\/span><\/p><p style=\"font-size: 12pt;margin: 0cm 0cm 0.0001pt;text-align: justify;background-image: initial;background-position: initial;background-size: initial\"><span style=\"font-size: 14pt\">A\u00a0<strong>taxa de tramita\u00e7\u00e3o<\/strong>\u00a0\u00e9 de R$ 160,00 (cento e sessenta reais)\u00a0e\u00a0<\/span><span style=\"font-size: 14pt;background-image: initial;background-position: initial;background-size: initial\">deve ser paga quando o manuscrito \u00e9 enviado. A taxa de tramita\u00e7\u00e3o \u00e9\u00a0<\/span><strong><span style=\"font-size: 14pt\">obrigat\u00f3ria para todos os trabalhos<\/span><\/strong><span style=\"font-size: 14pt\">, at\u00e9 mesmo para os artigos\u00a0 isentos da taxa de publica\u00e7\u00e3o, independentemente do autor ser editor da revista.\u00a0<\/span><\/p><p style=\"font-size: 12pt;margin: 0cm 0cm 0.0001pt;text-align: justify;background-image: initial;background-position: initial;background-size: initial\"><span style=\"font-size: 14pt\">\u00a0<\/span><\/p><p style=\"font-size: 12pt;margin: 0cm 0cm 0.0001pt;text-align: justify;background-image: initial;background-position: initial;background-size: initial\"><span style=\"font-size: 14pt\">A taxa de\u00a0<strong>publica\u00e7\u00e3o<\/strong>\u00a0\u00e9 equivalente a R$ 190,00 (cento e noventa reais) por p\u00e1gina diagramada. Somente ser\u00e1 paga quando da\u00a0<strong>publica\u00e7\u00e3o online<\/strong>\u00a0do artigo. Os p<\/span><span style=\", serif;font-size: 14pt\">rofessores do Centro de Ci\u00eancias Rurais da UFSM e dos Programas de P\u00f3s-gradua\u00e7\u00e3o deste Centro t\u00eam os seus artigos previamente pagos pelo CCR, estando isentos da taxa de\u00a0<b>publica\u00e7\u00e3o<\/b>. Trabalhos submetidos por esses autores, no entanto, devem pagar a taxa de\u00a0<b>tramita\u00e7\u00e3o\u00a0<\/b>normalmente e tamb\u00e9m pagam p\u00e1ginas que\u00a0<\/span><span style=\", serif;font-size: 14pt;color: black\">excedam o limite<\/span><span style=\", serif;font-size: 14pt\">.<\/span><\/p><p style=\"font-size: 12pt;margin: 0cm 0cm 0.0001pt;text-align: justify;background-image: initial;background-position: initial;background-size: initial\"><span style=\"font-size: 14pt\">\u00a0<\/span><\/p><p style=\"font-size: 12pt;margin: 0cm 0cm 0.0001pt;text-align: justify;background-image: initial;background-position: initial;background-size: initial\"><span style=\"font-size: 14pt;background-image: initial;background-position: initial;background-size: initial\">P\u00e1ginas\u00a0<b>excedentes<\/b>: s\u00e3o aquelas que ultrapassam as 7 p\u00e1ginas diagramadas para artigo cient\u00edfico, 5 p\u00e1ginas para notas e 9 p\u00e1ginas para revis\u00f5es, e \u00a0tem o custo de R$ 350,00 cada.<\/span><\/p><p style=\"font-size: 12pt;margin: 0cm 0cm 0.0001pt;text-align: justify;background-image: initial;background-position: initial;background-size: initial\"><span style=\"font-size: 14pt\">\u00a0<\/span><\/p><p style=\"font-size: 12pt;margin: 0cm 0cm 0.0001pt;text-align: justify;background-image: initial;background-position: initial;background-size: initial\"><span style=\"font-size: 14pt;color: black\">O limite de p\u00e1ginas para manuscritos submetidos s\u00e3o 8 p\u00e1ginas para notas, 15 p\u00e1ginas para artigos cient\u00edficos e 20 p\u00e1ginas para revis\u00f5es bibliogr\u00e1ficas (p\u00e1ginas enviadas na submiss\u00e3o em formato word).<\/span><\/p><p style=\"font-size: 12pt;margin: 0cm 0cm 0.0001pt;text-align: justify;background-image: initial;background-position: initial;background-size: initial\"><span style=\"font-size: 14pt;color: black\">Contudo,\u00a0<b>manuscritos submetidos acima do limite<\/b>\u00a0estabelecido e que ao final do processo de diagrama\u00e7\u00e3o possu\u00edrem mais de\u00a0<b>5 p\u00e1ginas<\/b>\u00a0diagramadas para\u00a0<b>notas<\/b>, mais de\u00a0<b>7<\/b>\u00a0<b>p\u00e1ginas<\/b>\u00a0para\u00a0<b>artigos cient\u00edficos<\/b>\u00a0ou mais de\u00a0<b>9<\/b>\u00a0<b>p\u00e1ginas<\/b>\u00a0para\u00a0<b>revis\u00f5es bibliogr\u00e1ficas<\/b>\u00a0ter\u00e3o suas taxas de publica\u00e7\u00f5es\u00a0<b>alteradas para R$ 350,00 a cada p\u00e1gina diagramada excedida<\/b>.<\/span><\/p><p><strong>Pagamentos<\/strong><\/p><p>Os pagamentos poder\u00e3o ser efetuados por:<\/p><p><strong>1)<\/strong> Transfer\u00eancia\/dep\u00f3sito no Banco do Brasil, Ag\u00eancia 1484-2, Conta Corrente 50068-2 em nome da FATEC (CNPJ: 89.252.431\/0001-59). <strong>A submiss\u00e3o do artigo obrigatoriamente deve estar acompanhada da taxa de tramita\u00e7\u00e3o,<\/strong> podendo ser enviada via fax (55 3220 8695\/3220 8698), ou anexando o comprovante de dep\u00f3sito banc\u00e1rio escaneado ou ainda enviado por email (cienciarural@mail.ufsm.br) para que se possa fazer a verifica\u00e7\u00e3o e prosseguir com a tramita\u00e7\u00e3o do artigo (Em ambos os casos o nome e endere\u00e7o completo s\u00e3o obrigat\u00f3rios para a emiss\u00e3o da fatura).<\/p><p><strong>2)<\/strong> Solicita\u00e7\u00e3o de fatura (<a href=\"http:\/\/cienciarural.web2120.uni5.net\/files\/boleto2.doc\">.doc<\/a> ou <a href=\"http:\/\/cienciarural.web2120.uni5.net\/files\/boleto2.pdf\">.pdf<\/a>). Nessa modalidade o formul\u00e1rio dispon\u00edvel dever\u00e1 ser encaminhado devidamente preenchido via e-mail ou fax (55 3220 8695\/3220 8698) para que possamos encaminhar a solicita\u00e7\u00e3o \u00e0 Funda\u00e7\u00e3o que administra os nossos recursos e esta encaminhar\u00e1 a fatura ao endere\u00e7o especificado no formul\u00e1rio.<\/p><p><strong>3)<\/strong> O pagamento da taxa de tramita\u00e7\u00e3o tamb\u00e9m pode ser feito por meio online atrav\u00e9s de:<\/p><p><strong>a)<\/strong> cart\u00e3o de cr\u00e9dito (VISA\/VISA ELECTRON\/MASTERCARD\/DINNERS\/AMERICAN EXPRESS\/HIPERCARD)<\/p><p><strong>b)<\/strong> impress\u00e3o de boleto (nesta modalidade ser\u00e1 adicionado o valor de R$ 2,00 (dois reais) para a emiss\u00e3o do boleto)<\/p><p><strong>c)<\/strong> transfer\u00eancia entre contas (Banco do Brasil) Ao utilizar um desses meios, deve ser preenchido os campos solicitados com os dados para a emiss\u00e3o do recibo. Ap\u00f3s, basta clicar no bot\u00e3o &#8220;Realizar pagamento&#8221; para ser direcionado ao ambiente seguro da financeira e escolher a modalidade de pagamento.<\/p><p><strong>4)<\/strong> Pagamento com Pix<\/p><p>A chave Pix \u00e9 cienciarural@gmail.com<\/p><p><img fetchpriority=\"high\" decoding=\"async\" class=\"alignnone size-medium wp-image-143\" src=\"https:\/\/www.ufsm.br\/app\/uploads\/sites\/901\/2025\/08\/qrcode-300x300.jpg\" alt=\"\" width=\"300\" height=\"300\" srcset=\"https:\/\/www.ufsm.br\/app\/uploads\/sites\/901\/2025\/08\/qrcode-300x300.jpg 300w, https:\/\/www.ufsm.br\/app\/uploads\/sites\/901\/2025\/08\/qrcode-150x150.jpg 150w, https:\/\/www.ufsm.br\/app\/uploads\/sites\/901\/2025\/08\/qrcode.jpg 704w\" sizes=\"(max-width: 300px) 100vw, 300px\" \/><\/p><p>Ap\u00f3s o pagamento, o comprovante deve ser enviado para o e-mail cienciarural@gmail.com com a descri\u00e7\u00e3o do que est\u00e1 sendo pago (por exemplo taxa de tramita\u00e7\u00e3o ou publica\u00e7\u00e3o) e n\u00famero e t\u00edtulo do artigo.<\/p><p>Dados da conta:<br \/>Banco do Brasil, Ag\u00eancia 1484-2, Conta Corrente\u00a0<span style=\"font-size: 16px\">50068-2<\/span><\/p><p>OBS.: Emitimos comprovante de pagamento para ambas formas de pagamento. Caso deseje Nota Fiscal, \u00e9 necess\u00e1rio enviar os seguintes dados durante o pagamento da taxa de tramita\u00e7\u00e3o e publica\u00e7\u00e3o:<\/p><p>Pessoa Jur\u00eddica<br \/>&#8211; Raz\u00e3o Social e CNPJ<br \/>ou<br \/>Pessoa F\u00edsica<br \/>&#8211; Nome completo, CPF e Data de Nascimento<\/p><h3><strong>CLIQUE <a href=\"http:\/\/cienciarural.web2120.uni5.net\/taxa-de-tramitac-o.html\">AQUI<\/a> \u00a0para pagar a taxa de submiss\u00e3o.<\/strong><\/h3><p><!-- \/wp:tadv\/classic-paragraph --><\/p>\t\t\t\t\t\t<\/div>\n\t\t\t\t<\/div>\n\t\t\t\t\t<\/div>\n\t\t<\/div>\n\t\t\t\t\t<\/div>\n\t\t<\/section>\n\t\t\t\t<\/div>\n\t\t","protected":false},"excerpt":{"rendered":"<p>A Ci\u00eancia Rural possui duas taxas: \u00a0 A\u00a0taxa de tramita\u00e7\u00e3o\u00a0\u00e9 de R$ 160,00 (cento e sessenta reais)\u00a0e\u00a0deve ser paga quando o manuscrito \u00e9 enviado. A taxa de tramita\u00e7\u00e3o \u00e9\u00a0obrigat\u00f3ria para todos os trabalhos, at\u00e9 mesmo para os artigos\u00a0 isentos da taxa de publica\u00e7\u00e3o, independentemente do autor ser editor da revista.\u00a0 \u00a0 A taxa de\u00a0publica\u00e7\u00e3o\u00a0\u00e9 equivalente [&hellip;]<\/p>\n","protected":false},"author":2682,"featured_media":0,"parent":0,"menu_order":0,"comment_status":"closed","ping_status":"closed","template":"","meta":{"footnotes":""},"categories":[],"tags":[],"class_list":["post-54","page","type-page","status-publish","hentry"],"acf":[],"_links":{"self":[{"href":"https:\/\/www.ufsm.br\/siterevista\/cienciarural\/wp-json\/wp\/v2\/pages\/54","targetHints":{"allow":["GET"]}}],"collection":[{"href":"https:\/\/www.ufsm.br\/siterevista\/cienciarural\/wp-json\/wp\/v2\/pages"}],"about":[{"href":"https:\/\/www.ufsm.br\/siterevista\/cienciarural\/wp-json\/wp\/v2\/types\/page"}],"author":[{"embeddable":true,"href":"https:\/\/www.ufsm.br\/siterevista\/cienciarural\/wp-json\/wp\/v2\/users\/2682"}],"replies":[{"embeddable":true,"href":"https:\/\/www.ufsm.br\/siterevista\/cienciarural\/wp-json\/wp\/v2\/comments?post=54"}],"version-history":[{"count":0,"href":"https:\/\/www.ufsm.br\/siterevista\/cienciarural\/wp-json\/wp\/v2\/pages\/54\/revisions"}],"wp:attachment":[{"href":"https:\/\/www.ufsm.br\/siterevista\/cienciarural\/wp-json\/wp\/v2\/media?parent=54"}],"wp:term":[{"taxonomy":"category","embeddable":true,"href":"https:\/\/www.ufsm.br\/siterevista\/cienciarural\/wp-json\/wp\/v2\/categories?post=54"},{"taxonomy":"post_tag","embeddable":true,"href":"https:\/\/www.ufsm.br\/siterevista\/cienciarural\/wp-json\/wp\/v2\/tags?post=54"}],"curies":[{"name":"wp","href":"https:\/\/api.w.org\/{rel}","templated":true}]}}