{"id":1474,"date":"2018-12-13T09:37:14","date_gmt":"2018-12-13T11:37:14","guid":{"rendered":"https:\/\/www.ufsm.br\/unidades-universitarias\/cachoeira-do-sul\/?page_id=1474"},"modified":"2025-05-26T12:06:39","modified_gmt":"2025-05-26T15:06:39","slug":"feiracti-ufsm-cs","status":"publish","type":"page","link":"https:\/\/www.ufsm.br\/unidades-universitarias\/cachoeira-do-sul\/feiracti-ufsm-cs","title":{"rendered":"Feira de Ci\u00eancias, Tecnologia e Inova\u00e7\u00e3o da UFSM-CS"},"content":{"rendered":"<p style=\"text-align: justify\" data-start=\"217\" data-end=\"393\">Ap\u00f3s tr\u00eas edi\u00e7\u00f5es da Mostra de Projetos da UFSM-CS, o campus da UFSM em Cachoeira do Sul lan\u00e7ou, em dezembro de 2022, a <strong data-start=\"337\" data-end=\"392\">Feira de Ci\u00eancias, Tecnologia e Inova\u00e7\u00e3o da UFSM-CS<\/strong>.<\/p>\n<p style=\"text-align: justify\" data-start=\"395\" data-end=\"755\">O principal objetivo da Feira \u00e9 apresentar os trabalhos desenvolvidos tanto no campus universit\u00e1rio quanto nas escolas da regi\u00e3o, envolvendo institui\u00e7\u00f5es p\u00fablicas e privadas de educa\u00e7\u00e3o b\u00e1sica. O evento promove o compartilhamento de experi\u00eancias e conhecimentos por meio da exposi\u00e7\u00e3o de pain\u00e9is, banners, prot\u00f3tipos, experimentos, softwares e outras produ\u00e7\u00f5es.<\/p>\n<p style=\"text-align: justify\" data-start=\"757\" data-end=\"1215\">A iniciativa fortalece os pilares do ensino, da pesquisa e da extens\u00e3o, essenciais para as universidades p\u00fablicas brasileiras, e tem contribu\u00eddo significativamente para os contextos acad\u00eamico, cient\u00edfico e social da regi\u00e3o. Os trabalhos apresentados s\u00e3o reunidos e disponibilizados posteriormente em <strong data-start=\"1057\" data-end=\"1068\">e-books<\/strong>, com o intuito de divulgar as atividades desenvolvidas e oferecer uma vis\u00e3o abrangente das a\u00e7\u00f5es realizadas no campus e nas escolas participantes.<\/p>\n<p style=\"text-align: justify\" data-start=\"1217\" data-end=\"1293\">\ud83d\udc49 <a href=\"http:\/\/evento.ccsul.ufsm.br\/cti\/\">Acesse o site da Feira de Ci\u00eancias, Tecnologia e Inova\u00e7\u00e3o da UFSM-CS<\/a><\/p>\n<p data-start=\"1217\" data-end=\"1293\">\u00a0<\/p>\n<h4 style=\"text-align: justify\" data-start=\"1295\" data-end=\"1315\">E-books da Feira<\/h4>\n<ul data-start=\"1317\" data-end=\"1474\">\n<li style=\"text-align: justify\" data-start=\"1317\" data-end=\"1395\">\n<p data-start=\"1319\" data-end=\"1395\"><a href=\"https:\/\/www.ufsm.br\/app\/uploads\/sites\/376\/2025\/05\/Feira_CTI_1a.pdf\">E-book da 1\u00aa Feira de Ci\u00eancias, Tecnologia e Inova\u00e7\u00e3o da UFSM-CS (2022)<\/a><\/p>\n<\/li>\n<li data-start=\"1396\" data-end=\"1474\">\n<p style=\"text-align: justify\" data-start=\"1398\" data-end=\"1474\"><a href=\"https:\/\/www.ufsm.br\/app\/uploads\/sites\/376\/2025\/05\/Feira_CTI_2a.pdf\">E-book da 2\u00aa Feira de Ci\u00eancias, Tecnologia e Inova\u00e7\u00e3o da UFSM-CS (2023)<\/a><br \/><br \/><\/p>\n<\/li>\n<\/ul>\n<hr data-start=\"1476\" data-end=\"1479\" \/>\n<h2 data-start=\"1481\" data-end=\"1513\">\u00a0<\/h2>\n<h3 style=\"text-align: left\" data-start=\"1481\" data-end=\"1513\">Mostra de Projetos da UFSM-CS<\/h3>\n<p data-start=\"1515\" data-end=\"1756\">\u00a0<\/p>\n<p style=\"text-align: justify\" data-start=\"1515\" data-end=\"1756\">Realizada entre 2017 e 2019, a <strong data-start=\"1546\" data-end=\"1579\">Mostra de Projetos da UFSM-CS<\/strong> foi promovida pela Coordena\u00e7\u00e3o de Pesquisa e Extens\u00e3o com o objetivo de divulgar trabalhos acad\u00eamicos desenvolvidos no campus, nos \u00e2mbitos da pesquisa, do ensino e da extens\u00e3o.<\/p>\n<p style=\"text-align: justify\" data-start=\"1758\" data-end=\"2117\">Durante suas tr\u00eas edi\u00e7\u00f5es, a Mostra reuniu projetos apresentados em formato de comunica\u00e7\u00e3o oral e p\u00f4steres, promovendo o interc\u00e2mbio de ideias e incentivando parcerias entre iniciativas com tem\u00e1ticas afins. O evento se consolidou como um espa\u00e7o fundamental para reflex\u00e3o, aprimoramento e visibilidade das a\u00e7\u00f5es realizadas pela comunidade acad\u00eamica da UFSM-CS.<\/p>\n<p data-start=\"1758\" data-end=\"2117\">\u00a0<\/p>\n<h4 style=\"text-align: justify\" data-start=\"2119\" data-end=\"2140\">E-books da Mostra<\/h4>\n<ul style=\"text-align: justify\" data-start=\"2142\" data-end=\"2349\">\n<li data-start=\"2142\" data-end=\"2211\">\n<p data-start=\"2144\" data-end=\"2211\"><a href=\"https:\/\/www.ufsm.br\/app\/uploads\/sites\/376\/2018\/12\/E-Book_Trabalhos-da-Mostra-de-Projetos-da-UFSM-CS.pdf\">E-book de resumos da 1\u00aa Mostra de Projetos da UFSM-CS (2017)<\/a><\/p>\n<\/li>\n<li data-start=\"2212\" data-end=\"2281\">\n<p data-start=\"2214\" data-end=\"2281\"><a href=\"https:\/\/www.ufsm.br\/app\/uploads\/sites\/376\/2018\/12\/EBOOK_2_MOSTRA_DE_PROJETOS_UFSM-CS-FINAL.pdf\">E-book de resumos da 2\u00aa Mostra de Projetos da UFSM-CS (2018)<\/a><\/p>\n<\/li>\n<li data-start=\"2282\" data-end=\"2349\">\n<p data-start=\"2284\" data-end=\"2349\"><a href=\"https:\/\/www.ufsm.br\/app\/uploads\/sites\/376\/2025\/05\/3a_Mostra_de_Projetos_da_UFSM_CS.pdf\">E-book de resumos da 3\u00aa Mostra de Projetos da UFSM-CS (2019)<\/a><\/p>\n<\/li>\n<\/ul>\n<p style=\"text-align: justify\">\u00a0<\/p>\n\n\n\n","protected":false},"excerpt":{"rendered":"<p>Ap\u00f3s tr\u00eas edi\u00e7\u00f5es da Mostra de Projetos da UFSM-CS, o campus da UFSM em Cachoeira do Sul lan\u00e7ou, em dezembro de 2022, a Feira de Ci\u00eancias, Tecnologia e Inova\u00e7\u00e3o da UFSM-CS. O principal objetivo da Feira \u00e9 apresentar os trabalhos desenvolvidos tanto no campus universit\u00e1rio quanto nas escolas da regi\u00e3o, envolvendo institui\u00e7\u00f5es p\u00fablicas e privadas [&hellip;]<\/p>\n","protected":false},"author":293,"featured_media":0,"parent":0,"menu_order":0,"comment_status":"closed","ping_status":"closed","template":"","meta":{"footnotes":""},"categories":[],"tags":[],"class_list":["post-1474","page","type-page","status-publish","hentry"],"acf":[],"_links":{"self":[{"href":"https:\/\/www.ufsm.br\/unidades-universitarias\/cachoeira-do-sul\/wp-json\/wp\/v2\/pages\/1474","targetHints":{"allow":["GET"]}}],"collection":[{"href":"https:\/\/www.ufsm.br\/unidades-universitarias\/cachoeira-do-sul\/wp-json\/wp\/v2\/pages"}],"about":[{"href":"https:\/\/www.ufsm.br\/unidades-universitarias\/cachoeira-do-sul\/wp-json\/wp\/v2\/types\/page"}],"author":[{"embeddable":true,"href":"https:\/\/www.ufsm.br\/unidades-universitarias\/cachoeira-do-sul\/wp-json\/wp\/v2\/users\/293"}],"replies":[{"embeddable":true,"href":"https:\/\/www.ufsm.br\/unidades-universitarias\/cachoeira-do-sul\/wp-json\/wp\/v2\/comments?post=1474"}],"version-history":[{"count":0,"href":"https:\/\/www.ufsm.br\/unidades-universitarias\/cachoeira-do-sul\/wp-json\/wp\/v2\/pages\/1474\/revisions"}],"wp:attachment":[{"href":"https:\/\/www.ufsm.br\/unidades-universitarias\/cachoeira-do-sul\/wp-json\/wp\/v2\/media?parent=1474"}],"wp:term":[{"taxonomy":"category","embeddable":true,"href":"https:\/\/www.ufsm.br\/unidades-universitarias\/cachoeira-do-sul\/wp-json\/wp\/v2\/categories?post=1474"},{"taxonomy":"post_tag","embeddable":true,"href":"https:\/\/www.ufsm.br\/unidades-universitarias\/cachoeira-do-sul\/wp-json\/wp\/v2\/tags?post=1474"}],"curies":[{"name":"wp","href":"https:\/\/api.w.org\/{rel}","templated":true}]}}