{"id":2192,"date":"2019-07-31T11:33:23","date_gmt":"2019-07-31T14:33:23","guid":{"rendered":"https:\/\/www.ufsm.br\/unidades-universitarias\/cachoeira-do-sul\/?page_id=2192"},"modified":"2024-10-09T14:19:17","modified_gmt":"2024-10-09T17:19:17","slug":"comissao-de-leis-e-normas-cln-ufsm-cachoeira-do-sul","status":"publish","type":"page","link":"https:\/\/www.ufsm.br\/unidades-universitarias\/cachoeira-do-sul\/comissao-de-leis-e-normas-cln-ufsm-cachoeira-do-sul","title":{"rendered":"Comiss\u00e3o de Legisla\u00e7\u00e3o e Normas (CLN) &#8211; UFSM-CS"},"content":{"rendered":"\n<p><strong>Representantes da CLN &#8211; UFSM-CS:<\/strong><\/p>\n<div>Representantes do Corpo Docente:<\/div>\n<div>Aline Brum Loreto\u00a0<\/div>\n<div>D\u00e9bora Faoro<\/div>\n<div>\u00a0<\/div>\n<div>Representante dos T\u00e9cnicos-Administrativos em Educa\u00e7\u00e3o:<\/div>\n<div>Vitor Hugo Karst Felix &#8211; Presidente<\/div>\n<div>\u00a0<\/div>\n<p><a href=\"https:\/\/portal.ufsm.br\/documentos\/publico\/documento.html?idDocumento=15223113\" target=\"_blank\" rel=\"noopener\" data-saferedirecturl=\"https:\/\/www.google.com\/url?q=https:\/\/portal.ufsm.br\/documentos\/publico\/documento.html?idDocumento%3D15223113&amp;source=gmail&amp;ust=1728560336211000&amp;usg=AOvVaw13jEilEVRDOB9Iz_1Te2iC\">Portaria de Pessoal UFSM\/CS\/UFSM N. 074\/2024 \u2013 Nomeia os membros da Comiss\u00e3o de Legisla\u00e7\u00e3o e Normas da UFSM-CS<\/a><\/p>\n","protected":false},"excerpt":{"rendered":"<p>Representantes da CLN &#8211; UFSM-CS: Representantes do Corpo Docente: Aline Brum Loreto\u00a0 D\u00e9bora Faoro \u00a0 Representante dos T\u00e9cnicos-Administrativos em Educa\u00e7\u00e3o: Vitor Hugo Karst Felix &#8211; Presidente \u00a0 Portaria de Pessoal UFSM\/CS\/UFSM N. 074\/2024 \u2013 Nomeia os membros da Comiss\u00e3o de Legisla\u00e7\u00e3o e Normas da UFSM-CS<\/p>\n","protected":false},"author":293,"featured_media":0,"parent":0,"menu_order":0,"comment_status":"closed","ping_status":"closed","template":"","meta":{"footnotes":""},"categories":[],"tags":[],"class_list":["post-2192","page","type-page","status-publish","hentry"],"acf":[],"_links":{"self":[{"href":"https:\/\/www.ufsm.br\/unidades-universitarias\/cachoeira-do-sul\/wp-json\/wp\/v2\/pages\/2192","targetHints":{"allow":["GET"]}}],"collection":[{"href":"https:\/\/www.ufsm.br\/unidades-universitarias\/cachoeira-do-sul\/wp-json\/wp\/v2\/pages"}],"about":[{"href":"https:\/\/www.ufsm.br\/unidades-universitarias\/cachoeira-do-sul\/wp-json\/wp\/v2\/types\/page"}],"author":[{"embeddable":true,"href":"https:\/\/www.ufsm.br\/unidades-universitarias\/cachoeira-do-sul\/wp-json\/wp\/v2\/users\/293"}],"replies":[{"embeddable":true,"href":"https:\/\/www.ufsm.br\/unidades-universitarias\/cachoeira-do-sul\/wp-json\/wp\/v2\/comments?post=2192"}],"version-history":[{"count":0,"href":"https:\/\/www.ufsm.br\/unidades-universitarias\/cachoeira-do-sul\/wp-json\/wp\/v2\/pages\/2192\/revisions"}],"wp:attachment":[{"href":"https:\/\/www.ufsm.br\/unidades-universitarias\/cachoeira-do-sul\/wp-json\/wp\/v2\/media?parent=2192"}],"wp:term":[{"taxonomy":"category","embeddable":true,"href":"https:\/\/www.ufsm.br\/unidades-universitarias\/cachoeira-do-sul\/wp-json\/wp\/v2\/categories?post=2192"},{"taxonomy":"post_tag","embeddable":true,"href":"https:\/\/www.ufsm.br\/unidades-universitarias\/cachoeira-do-sul\/wp-json\/wp\/v2\/tags?post=2192"}],"curies":[{"name":"wp","href":"https:\/\/api.w.org\/{rel}","templated":true}]}}