{"id":3167,"date":"2021-08-12T17:39:09","date_gmt":"2021-08-12T20:39:09","guid":{"rendered":"https:\/\/www.ufsm.br\/unidades-universitarias\/cachoeira-do-sul\/?page_id=3167"},"modified":"2025-05-23T16:58:22","modified_gmt":"2025-05-23T19:58:22","slug":"agendamento-e-cancelamento","status":"publish","type":"page","link":"https:\/\/www.ufsm.br\/unidades-universitarias\/cachoeira-do-sul\/agendamento-e-cancelamento","title":{"rendered":"Agendamento e cancelamento"},"content":{"rendered":"\t\t<div data-elementor-type=\"wp-page\" data-elementor-id=\"3167\" class=\"elementor elementor-3167\">\n\t\t\t\t\t\t<section class=\"elementor-section elementor-top-section elementor-element elementor-element-5a3d70e1 elementor-section-boxed elementor-section-height-default elementor-section-height-default\" data-id=\"5a3d70e1\" data-element_type=\"section\">\n\t\t\t\t\t\t<div class=\"elementor-container elementor-column-gap-default\">\n\t\t\t\t\t<div class=\"elementor-column elementor-col-100 elementor-top-column elementor-element elementor-element-1f15ca52\" data-id=\"1f15ca52\" data-element_type=\"column\">\n\t\t\t<div class=\"elementor-widget-wrap elementor-element-populated\">\n\t\t\t\t\t\t<div class=\"elementor-element elementor-element-4d4f1989 elementor-widget elementor-widget-text-editor\" data-id=\"4d4f1989\" data-element_type=\"widget\" data-widget_type=\"text-editor.default\">\n\t\t\t\t<div class=\"elementor-widget-container\">\n\t\t\t\t\t\t\t<!-- wp:tadv\/classic-paragraph -->\n<div style=\"font-family: Arial, Helvetica, sans-serif;color: #222222\">\n<p style=\"text-align: justify\"><span style=\"font-size: 14pt\"><span style=\"font-size: 18.6667px;text-align: justify\">Os usu\u00e1rios somente poder\u00e3o realizar as refei\u00e7\u00f5es se estas forem previamente agendadas, nas seguintes condi\u00e7\u00f5es:<\/span><\/span><\/p>\n<\/div>\n<table style=\"border-collapse: collapse;width: 100%\">\n<tbody>\n<tr>\n<td style=\"width: 33.3333%;text-align: center\"><strong>Refei\u00e7\u00f5es<\/strong><\/td>\n<td style=\"width: 33.3333%;text-align: center\"><strong>Hor\u00e1rios para agendamento \/ cancelamento*<\/strong><\/td>\n<\/tr>\n<tr>\n<td style=\"width: 33.3333%;text-align: center\"><strong>Caf\u00e9 da manh\u00e3<\/strong><\/td>\n<td style=\"width: 33.3333%\">\u00a0 <span class=\"JsGRdQ\">at\u00e9 \u00e0s 19h do dia anterior<\/span><\/td>\n<\/tr>\n<tr>\n<td style=\"width: 33.3333%;text-align: center\"><strong>Almo\u00e7o<\/strong><\/td>\n<td style=\"width: 33.3333%\">\u00a0 \u00a0at\u00e9 \u00e0s 7h30min do dia da refei\u00e7\u00e3o<\/td>\n<\/tr>\n<tr>\n<td style=\"width: 33.3333%;text-align: center\"><strong>Jantar<\/strong><\/td>\n<td style=\"width: 33.3333%\">\u00a0 \u00a0at\u00e9 \u00e0s 13h15min do dia da refei\u00e7\u00e3o<\/td>\n<\/tr>\n<\/tbody>\n<\/table>\n<p style=\"text-align: justify\"><span style=\"font-size: 1.125rem\">\u00a0<\/span><span style=\"font-size: 1.125rem\">\u00a0 \u00a0 \u00a0 \u00a0 \u00a0 \u00a0<span style=\"font-size: 8pt\"> \u00a0*<\/span><\/span><span style=\"color: #222222;font-size: 8pt;text-align: left\">Caso n\u00e3o tenha conseguido agendar a refei\u00e7\u00e3o, os usu\u00e1rios poder\u00e3o utilizar algum dos agendamentos disponibilizados por outros usu\u00e1rios. A disponibiliza\u00e7\u00e3o de agendamentos anula a falta se for utilizado.<\/span><\/p>\n<!-- \/wp:tadv\/classic-paragraph -->\t\t\t\t\t\t<\/div>\n\t\t\t\t<\/div>\n\t\t\t\t\t<\/div>\n\t\t<\/div>\n\t\t\t\t\t<\/div>\n\t\t<\/section>\n\t\t\t\t<section class=\"elementor-section elementor-top-section elementor-element elementor-element-7f12eea elementor-section-boxed elementor-section-height-default elementor-section-height-default\" data-id=\"7f12eea\" data-element_type=\"section\">\n\t\t\t\t\t\t<div class=\"elementor-container elementor-column-gap-default\">\n\t\t\t\t\t<div class=\"elementor-column elementor-col-100 elementor-top-column elementor-element elementor-element-c78e254\" data-id=\"c78e254\" data-element_type=\"column\">\n\t\t\t<div class=\"elementor-widget-wrap elementor-element-populated\">\n\t\t\t\t\t\t<div class=\"elementor-element elementor-element-d976854 elementor-widget elementor-widget-spacer\" data-id=\"d976854\" data-element_type=\"widget\" data-widget_type=\"spacer.default\">\n\t\t\t\t<div class=\"elementor-widget-container\">\n\t\t\t\t\t<div class=\"elementor-spacer\">\n\t\t\t<div class=\"elementor-spacer-inner\"><\/div>\n\t\t<\/div>\n\t\t\t\t<\/div>\n\t\t\t\t<\/div>\n\t\t\t\t<div class=\"elementor-element elementor-element-a908f02 elementor-widget elementor-widget-button\" data-id=\"a908f02\" data-element_type=\"widget\" data-widget_type=\"button.default\">\n\t\t\t\t<div class=\"elementor-widget-container\">\n\t\t\t\t\t\t\t<div class=\"elementor-button-wrapper\">\n\t\t\t\t\t<a class=\"elementor-button elementor-button-link elementor-size-sm\" href=\"https:\/\/www.ufsm.br\/app\/uploads\/sites\/376\/2024\/03\/Agendamento-do-RUCS.pdf\">\n\t\t\t\t\t\t<span class=\"elementor-button-content-wrapper\">\n\t\t\t\t\t\t\t\t\t<span class=\"elementor-button-text\">Como agendar as refei\u00e7\u00f5es no RUCS?<\/span>\n\t\t\t\t\t<\/span>\n\t\t\t\t\t<\/a>\n\t\t\t\t<\/div>\n\t\t\t\t\t\t<\/div>\n\t\t\t\t<\/div>\n\t\t\t\t<div class=\"elementor-element elementor-element-12b0c90 elementor-widget elementor-widget-button\" data-id=\"12b0c90\" data-element_type=\"widget\" data-widget_type=\"button.default\">\n\t\t\t\t<div class=\"elementor-widget-container\">\n\t\t\t\t\t\t\t<div class=\"elementor-button-wrapper\">\n\t\t\t\t\t<a class=\"elementor-button elementor-button-link elementor-size-sm\" href=\"https:\/\/portal.ufsm.br\/ru\/usuario\/extratoSimplificado.html\">\n\t\t\t\t\t\t<span class=\"elementor-button-content-wrapper\">\n\t\t\t\t\t\t\t\t\t<span class=\"elementor-button-text\">    Realize aqui o seu agendamento    <\/span>\n\t\t\t\t\t<\/span>\n\t\t\t\t\t<\/a>\n\t\t\t\t<\/div>\n\t\t\t\t\t\t<\/div>\n\t\t\t\t<\/div>\n\t\t\t\t\t<\/div>\n\t\t<\/div>\n\t\t\t\t\t<\/div>\n\t\t<\/section>\n\t\t\t\t<section class=\"elementor-section elementor-top-section elementor-element elementor-element-7c93f66 elementor-section-boxed elementor-section-height-default elementor-section-height-default\" data-id=\"7c93f66\" data-element_type=\"section\">\n\t\t\t\t\t\t<div class=\"elementor-container elementor-column-gap-default\">\n\t\t\t\t\t<div class=\"elementor-column elementor-col-100 elementor-top-column elementor-element elementor-element-04e25a7\" data-id=\"04e25a7\" data-element_type=\"column\">\n\t\t\t<div class=\"elementor-widget-wrap\">\n\t\t\t\t\t\t\t<\/div>\n\t\t<\/div>\n\t\t\t\t\t<\/div>\n\t\t<\/section>\n\t\t\t\t<\/div>\n\t\t","protected":false},"excerpt":{"rendered":"<p>Os usu\u00e1rios somente poder\u00e3o realizar as refei\u00e7\u00f5es se estas forem previamente agendadas, nas seguintes condi\u00e7\u00f5es: Refei\u00e7\u00f5es Hor\u00e1rios para agendamento \/ cancelamento* Caf\u00e9 da manh\u00e3 \u00a0 at\u00e9 \u00e0s 19h do dia anterior Almo\u00e7o \u00a0 \u00a0at\u00e9 \u00e0s 7h30min do dia da refei\u00e7\u00e3o Jantar \u00a0 \u00a0at\u00e9 \u00e0s 13h15min do dia da refei\u00e7\u00e3o \u00a0\u00a0 \u00a0 \u00a0 \u00a0 \u00a0 \u00a0 [&hellip;]<\/p>\n","protected":false},"author":293,"featured_media":0,"parent":0,"menu_order":0,"comment_status":"closed","ping_status":"closed","template":"","meta":{"footnotes":""},"categories":[],"tags":[],"class_list":["post-3167","page","type-page","status-publish","hentry"],"acf":[],"_links":{"self":[{"href":"https:\/\/www.ufsm.br\/unidades-universitarias\/cachoeira-do-sul\/wp-json\/wp\/v2\/pages\/3167","targetHints":{"allow":["GET"]}}],"collection":[{"href":"https:\/\/www.ufsm.br\/unidades-universitarias\/cachoeira-do-sul\/wp-json\/wp\/v2\/pages"}],"about":[{"href":"https:\/\/www.ufsm.br\/unidades-universitarias\/cachoeira-do-sul\/wp-json\/wp\/v2\/types\/page"}],"author":[{"embeddable":true,"href":"https:\/\/www.ufsm.br\/unidades-universitarias\/cachoeira-do-sul\/wp-json\/wp\/v2\/users\/293"}],"replies":[{"embeddable":true,"href":"https:\/\/www.ufsm.br\/unidades-universitarias\/cachoeira-do-sul\/wp-json\/wp\/v2\/comments?post=3167"}],"version-history":[{"count":0,"href":"https:\/\/www.ufsm.br\/unidades-universitarias\/cachoeira-do-sul\/wp-json\/wp\/v2\/pages\/3167\/revisions"}],"wp:attachment":[{"href":"https:\/\/www.ufsm.br\/unidades-universitarias\/cachoeira-do-sul\/wp-json\/wp\/v2\/media?parent=3167"}],"wp:term":[{"taxonomy":"category","embeddable":true,"href":"https:\/\/www.ufsm.br\/unidades-universitarias\/cachoeira-do-sul\/wp-json\/wp\/v2\/categories?post=3167"},{"taxonomy":"post_tag","embeddable":true,"href":"https:\/\/www.ufsm.br\/unidades-universitarias\/cachoeira-do-sul\/wp-json\/wp\/v2\/tags?post=3167"}],"curies":[{"name":"wp","href":"https:\/\/api.w.org\/{rel}","templated":true}]}}