{"id":3619,"date":"2022-04-29T10:21:14","date_gmt":"2022-04-29T13:21:14","guid":{"rendered":"https:\/\/www.ufsm.br\/unidades-universitarias\/cachoeira-do-sul\/?page_id=3619"},"modified":"2024-09-06T09:43:33","modified_gmt":"2024-09-06T12:43:33","slug":"orientacoes-de-elaboracao-e-cadastro-de-editais-na-ufsm-cs","status":"publish","type":"page","link":"https:\/\/www.ufsm.br\/unidades-universitarias\/cachoeira-do-sul\/orientacoes-de-elaboracao-e-cadastro-de-editais-na-ufsm-cs","title":{"rendered":"Orienta\u00e7\u00f5es de Elabora\u00e7\u00e3o e Cadastro de Editais na UFSM-CS"},"content":{"rendered":"\t\t<div data-elementor-type=\"wp-page\" data-elementor-id=\"3619\" class=\"elementor elementor-3619\">\n\t\t\t\t\t\t<section class=\"elementor-section elementor-top-section elementor-element elementor-element-2130afb7 elementor-section-boxed elementor-section-height-default elementor-section-height-default\" data-id=\"2130afb7\" data-element_type=\"section\">\n\t\t\t\t\t\t<div class=\"elementor-container elementor-column-gap-default\">\n\t\t\t\t\t<div class=\"elementor-column elementor-col-100 elementor-top-column elementor-element elementor-element-4a38381e\" data-id=\"4a38381e\" data-element_type=\"column\">\n\t\t\t<div class=\"elementor-widget-wrap elementor-element-populated\">\n\t\t\t\t\t\t<div class=\"elementor-element elementor-element-7b936221 elementor-widget elementor-widget-text-editor\" data-id=\"7b936221\" data-element_type=\"widget\" data-widget_type=\"text-editor.default\">\n\t\t\t\t<div class=\"elementor-widget-container\">\n\t\t\t\t\t\t\t<p><!-- wp:tadv\/classic-paragraph --><\/p>\n<p><span style=\"font-weight: 400\">Todos os editais da UFSM devem ser publicados atrav\u00e9s do Processo Eletr\u00f4nico Nacional (PEN). Em nosso campus foram definidos alguns setores que ir\u00e3o abrir os processos, de acordo com suas compet\u00eancias. Sendo assim, seguem as seguintes orienta\u00e7\u00f5es:<\/span><\/p>\n<table style=\"border-collapse: collapse;width: 100%\">\n<tbody>\n<tr>\n<td style=\"width: 30.5047%;text-align: center\"><strong>Setor<\/strong><\/td>\n<td style=\"width: 57.9589%;text-align: center\"><strong>Compet\u00eancias<\/strong><\/td>\n<td style=\"width: 11.5363%;text-align: center\"><strong>Contato<\/strong><\/td>\n<\/tr>\n<tr>\n<td style=\"width: 30.5047%\"><b>Gabinete de Projetos<\/b><\/td>\n<td style=\"width: 57.9589%\"><span style=\"font-weight: 400\">Abrir\u00e1 os processos de editais ligados a bolsas de FIEX e FIPE,\u00a0 bem como bolsas ligadas a projetos cadastrados no Portal de Projetos da UFSM.<\/span><\/td>\n<td style=\"width: 11.5363%\"><a href=\"mailto:cs.gap@ufsm.br\"><span style=\"font-weight: 400\">cs.gap@ufsm.br<\/span><\/a><\/td>\n<\/tr>\n<tr>\n<td style=\"width: 30.5047%\"><b>Coordena\u00e7\u00e3o Acad\u00eamica<\/b><\/td>\n<td style=\"width: 57.9589%\"><span style=\"font-weight: 400\">Abrir\u00e1 os processos de editais ligados a atividades acad\u00eamicas, cursos, laborat\u00f3rios e disciplinas, como, por exemplo, o edital de bolsas de monitoria.<\/span><\/td>\n<td style=\"width: 11.5363%\"><a href=\"mailto:cs.secretariacac@ufsm.br\"><span style=\"font-weight: 400\">cs.secretariacac@ufsm.br<\/span><\/a><\/td>\n<\/tr>\n<tr>\n<td style=\"width: 30.5047%\"><b>Coordena\u00e7\u00e3o Administrativa<\/b><\/td>\n<td style=\"width: 57.9589%\"><span style=\"font-weight: 400\">Abrir\u00e1 editais ligados aos processos que envolvam bolsas administrativas, chamadas p\u00fablicas e internas que envolvam atividades gerais do campus.<\/span><\/td>\n<td style=\"width: 11.5363%\"><a href=\"mailto:cs.cad@ufsm.br\"><span style=\"font-weight: 400\">cs.cad@ufsm.br<\/span><\/a><\/td>\n<\/tr>\n<\/tbody>\n<\/table>\n<p style=\"text-align: right\"><em><span style=\"font-weight: 400\">*Caso haja algum caso que n\u00e3o se enquadre dentro de nenhuma das exemplifica\u00e7\u00f5es acima, o interessado pode entrar em contato com o Arquivo Setorial da UFSM-CS e falar com o arquivista Vitor Felix, atrav\u00e9s do e-mail <\/span><a href=\"mailto:vitor.felix@ufsm.br\"><span style=\"font-weight: 400\">vitor.felix@ufsm.br<\/span><\/a><\/em><\/p>\n<p><!-- \/wp:tadv\/classic-paragraph --><\/p>\t\t\t\t\t\t<\/div>\n\t\t\t\t<\/div>\n\t\t\t\t\t<\/div>\n\t\t<\/div>\n\t\t\t\t\t<\/div>\n\t\t<\/section>\n\t\t\t\t<section class=\"elementor-section elementor-top-section elementor-element elementor-element-56c9715 elementor-section-boxed elementor-section-height-default elementor-section-height-default\" data-id=\"56c9715\" data-element_type=\"section\">\n\t\t\t\t\t\t<div class=\"elementor-container elementor-column-gap-default\">\n\t\t\t\t\t<div class=\"elementor-column elementor-col-100 elementor-top-column elementor-element elementor-element-3fb5351\" data-id=\"3fb5351\" data-element_type=\"column\">\n\t\t\t<div class=\"elementor-widget-wrap elementor-element-populated\">\n\t\t\t\t\t\t<div class=\"elementor-element elementor-element-f3436d3 elementor-widget elementor-widget-heading\" data-id=\"f3436d3\" data-element_type=\"widget\" data-widget_type=\"heading.default\">\n\t\t\t\t<div class=\"elementor-widget-container\">\n\t\t\t<h5 class=\"elementor-heading-title elementor-size-default\">Perguntas Frequentes:<\/h5>\t\t<\/div>\n\t\t\t\t<\/div>\n\t\t\t\t<div class=\"elementor-element elementor-element-8b7fb48 elementor-widget elementor-widget-toggle\" data-id=\"8b7fb48\" data-element_type=\"widget\" data-widget_type=\"toggle.default\">\n\t\t\t\t<div class=\"elementor-widget-container\">\n\t\t\t\t\t<div class=\"elementor-toggle\">\n\t\t\t\t\t\t\t<div class=\"elementor-toggle-item\">\n\t\t\t\t\t<div id=\"elementor-tab-title-1461\" class=\"elementor-tab-title\" data-tab=\"1\" role=\"button\" aria-controls=\"elementor-tab-content-1461\" aria-expanded=\"false\">\n\t\t\t\t\t\t\t\t\t\t\t\t<span class=\"elementor-toggle-icon elementor-toggle-icon-left\" aria-hidden=\"true\">\n\t\t\t\t\t\t\t\t\t\t\t\t\t\t\t<span class=\"elementor-toggle-icon-closed\"><i class=\"fas fa-caret-right\"><\/i><\/span>\n\t\t\t\t\t\t\t\t<span class=\"elementor-toggle-icon-opened\"><i class=\"elementor-toggle-icon-opened fas fa-caret-up\"><\/i><\/span>\n\t\t\t\t\t\t\t\t\t\t\t\t\t<\/span>\n\t\t\t\t\t\t\t\t\t\t\t\t<a class=\"elementor-toggle-title\" tabindex=\"0\">Como eu devo proceder para solicitar a abertura de um edital?<\/a>\n\t\t\t\t\t<\/div>\n\n\t\t\t\t\t<div id=\"elementor-tab-content-1461\" class=\"elementor-tab-content elementor-clearfix\" data-tab=\"1\" role=\"region\" aria-labelledby=\"elementor-tab-title-1461\"><p style=\"text-align: justify\"><span style=\"font-weight: 400\">Identificando o setor respons\u00e1vel para abrir o seu processo, voc\u00ea deve entrar em contato com o mesmo, atrav\u00e9s do e-mail, enviando o documento do edital em formato edit\u00e1vel para que o setor coloque a numera\u00e7\u00e3o e o transforme para PDF para, assim, abrir o processo.<\/span><\/p>\n<p style=\"text-align: justify\"><span style=\"font-weight: 400\">Lembramos que os setores somente ir\u00e3o numerar os documentos e abrir o processo, sendo de exclusiva responsabilidade do proponente do edital a confer\u00eancia de suas informa\u00e7\u00f5es e de seu conte\u00fado.<\/span><\/p><\/div>\n\t\t\t\t<\/div>\n\t\t\t\t\t\t\t<div class=\"elementor-toggle-item\">\n\t\t\t\t\t<div id=\"elementor-tab-title-1462\" class=\"elementor-tab-title\" data-tab=\"2\" role=\"button\" aria-controls=\"elementor-tab-content-1462\" aria-expanded=\"false\">\n\t\t\t\t\t\t\t\t\t\t\t\t<span class=\"elementor-toggle-icon elementor-toggle-icon-left\" aria-hidden=\"true\">\n\t\t\t\t\t\t\t\t\t\t\t\t\t\t\t<span class=\"elementor-toggle-icon-closed\"><i class=\"fas fa-caret-right\"><\/i><\/span>\n\t\t\t\t\t\t\t\t<span class=\"elementor-toggle-icon-opened\"><i class=\"elementor-toggle-icon-opened fas fa-caret-up\"><\/i><\/span>\n\t\t\t\t\t\t\t\t\t\t\t\t\t<\/span>\n\t\t\t\t\t\t\t\t\t\t\t\t<a class=\"elementor-toggle-title\" tabindex=\"0\">Ap\u00f3s a abertura do processo, qual a minha responsabilidade?<\/a>\n\t\t\t\t\t<\/div>\n\n\t\t\t\t\t<div id=\"elementor-tab-content-1462\" class=\"elementor-tab-content elementor-clearfix\" data-tab=\"2\" role=\"region\" aria-labelledby=\"elementor-tab-title-1462\"><p style=\"text-align: justify\"><span style=\"font-weight: 400\">O processo do edital \u00e9 de responsabilidade do seu proponente. Os setores somente ir\u00e3o realizar as etapas de publica\u00e7\u00e3o no PEN-SIE, mas \u00e9 de responsabilidade de quem elaborou o edital acompanhar todas as etapas e verificar se todas foram realizadas da forma desejada, bem como estar atentos para assinarem todos os documentos anexados ao processo.<\/span><\/p><\/div>\n\t\t\t\t<\/div>\n\t\t\t\t\t\t\t<div class=\"elementor-toggle-item\">\n\t\t\t\t\t<div id=\"elementor-tab-title-1463\" class=\"elementor-tab-title\" data-tab=\"3\" role=\"button\" aria-controls=\"elementor-tab-content-1463\" aria-expanded=\"false\">\n\t\t\t\t\t\t\t\t\t\t\t\t<span class=\"elementor-toggle-icon elementor-toggle-icon-left\" aria-hidden=\"true\">\n\t\t\t\t\t\t\t\t\t\t\t\t\t\t\t<span class=\"elementor-toggle-icon-closed\"><i class=\"fas fa-caret-right\"><\/i><\/span>\n\t\t\t\t\t\t\t\t<span class=\"elementor-toggle-icon-opened\"><i class=\"elementor-toggle-icon-opened fas fa-caret-up\"><\/i><\/span>\n\t\t\t\t\t\t\t\t\t\t\t\t\t<\/span>\n\t\t\t\t\t\t\t\t\t\t\t\t<a class=\"elementor-toggle-title\" tabindex=\"0\">Ap\u00f3s abrir o processo, quais s\u00e3o as pr\u00f3ximas etapas?<\/a>\n\t\t\t\t\t<\/div>\n\n\t\t\t\t\t<div id=\"elementor-tab-content-1463\" class=\"elementor-tab-content elementor-clearfix\" data-tab=\"3\" role=\"region\" aria-labelledby=\"elementor-tab-title-1463\"><p style=\"text-align: justify\"><span style=\"font-weight: 400\">Ap\u00f3s abrir o processo, ser\u00e3o seguidos os seguintes passos:<\/span><\/p>\n<ol style=\"text-align: justify\">\n<li style=\"font-weight: 400\"><span style=\"font-weight: 400\">o setor ir\u00e1 tramitar o documento para o coordenador do edital que dever\u00e1 assinar e tramitar novamente para o setor;<\/span><\/li>\n<li style=\"font-weight: 400\"><span style=\"font-weight: 400\">Ap\u00f3s receber novamente o documento, o setor ir\u00e1 cadastr\u00e1-lo no portal de documentos e assim gerar o link que ser\u00e1 encaminhado para a Comunica\u00e7\u00e3o Institucional do campus;<\/span><\/li>\n<li style=\"font-weight: 400\"><span style=\"font-weight: 400\">A Comunica\u00e7\u00e3o Institucional ir\u00e1 divulgar o processo de sele\u00e7\u00e3o na aba \u201cEditais\u201d do site da UFSM \u2013 Cachoeira do Sul, bem como nas redes sociais, quando pertinente.<\/span><\/li>\n<\/ol>\n<p style=\"text-align: justify\"><span style=\"font-weight: 400\">Lembramos que estas etapas ser\u00e3o realizadas para todos os documentos que forem anexados ao processo (abertura do edital, homologa\u00e7\u00e3o das inscri\u00e7\u00f5es, resultado preliminar, resultado final, entre outros). Assim, os proponentes devem estar atentos aos prazos e todos os tr\u00e2mites.<\/span><\/p><\/div>\n\t\t\t\t<\/div>\n\t\t\t\t\t\t\t<div class=\"elementor-toggle-item\">\n\t\t\t\t\t<div id=\"elementor-tab-title-1464\" class=\"elementor-tab-title\" data-tab=\"4\" role=\"button\" aria-controls=\"elementor-tab-content-1464\" aria-expanded=\"false\">\n\t\t\t\t\t\t\t\t\t\t\t\t<span class=\"elementor-toggle-icon elementor-toggle-icon-left\" aria-hidden=\"true\">\n\t\t\t\t\t\t\t\t\t\t\t\t\t\t\t<span class=\"elementor-toggle-icon-closed\"><i class=\"fas fa-caret-right\"><\/i><\/span>\n\t\t\t\t\t\t\t\t<span class=\"elementor-toggle-icon-opened\"><i class=\"elementor-toggle-icon-opened fas fa-caret-up\"><\/i><\/span>\n\t\t\t\t\t\t\t\t\t\t\t\t\t<\/span>\n\t\t\t\t\t\t\t\t\t\t\t\t<a class=\"elementor-toggle-title\" tabindex=\"0\">Quando devo enviar os documentos para que eles sejam publicados dentro do prazo que foi estipulado?<\/a>\n\t\t\t\t\t<\/div>\n\n\t\t\t\t\t<div id=\"elementor-tab-content-1464\" class=\"elementor-tab-content elementor-clearfix\" data-tab=\"4\" role=\"region\" aria-labelledby=\"elementor-tab-title-1464\"><p style=\"text-align: justify\"><span style=\"font-weight: 400\">Como a publica\u00e7\u00e3o de cada documento do processo exige a realiza\u00e7\u00e3o de diversas etapas, \u00e9 preciso que os documentos sejam enviados com uma certa anteced\u00eancia. Al\u00e9m disso, os documentos s\u00f3 podem ser publicados dentro do hor\u00e1rio de servi\u00e7o do setor respons\u00e1vel. Assim, fica estipulado que:<\/span><\/p>\n<ol>\n<li style=\"font-weight: 400;text-align: justify\"><span style=\"font-weight: 400\">Os documentos ser\u00e3o publicados de <\/span><b>segunda a sexta-feira<\/b><span style=\"font-weight: 400\">, exceto em feriados e dias n\u00e3o-letivos (ficar atento ao calend\u00e1rio acad\u00eamico).<\/span><\/li>\n<li style=\"font-weight: 400;text-align: justify\"><span style=\"font-weight: 400\">Os documentos que forem ser anexados ao processo devem ser enviados at\u00e9 \u00e0s <\/span><b>15h do dia de publica\u00e7\u00e3o<\/b><span style=\"font-weight: 400\">. Ap\u00f3s enviar o documento, o mesmo ser\u00e1 inserido ao PEN-SIE pelo setor, o qual ir\u00e1 tramit\u00e1-lo para o coordenador do edital, que dever\u00e1 assin\u00e1-lo e devolv\u00ea-lo. Isso deve ser feito at\u00e9 \u00e0s <\/span><b>16h do dia de publica\u00e7\u00e3o <\/b><span style=\"font-weight: 400\">para que o setor tenha tempo h\u00e1bil para finalizar o processo e enviar para o setor de Comunica\u00e7\u00e3o, que ir\u00e1 anexar o documento na aba \u201cEditais\u201d do site da UFSM-CS.<\/span><\/li>\n<\/ol><\/div>\n\t\t\t\t<\/div>\n\t\t\t\t\t\t\t\t<\/div>\n\t\t\t\t<\/div>\n\t\t\t\t<\/div>\n\t\t\t\t<div class=\"elementor-element elementor-element-3480099 elementor-widget elementor-widget-spacer\" data-id=\"3480099\" data-element_type=\"widget\" data-widget_type=\"spacer.default\">\n\t\t\t\t<div class=\"elementor-widget-container\">\n\t\t\t\t\t<div class=\"elementor-spacer\">\n\t\t\t<div class=\"elementor-spacer-inner\"><\/div>\n\t\t<\/div>\n\t\t\t\t<\/div>\n\t\t\t\t<\/div>\n\t\t\t\t<div class=\"elementor-element elementor-element-5896d56 elementor-widget elementor-widget-button\" data-id=\"5896d56\" data-element_type=\"widget\" data-widget_type=\"button.default\">\n\t\t\t\t<div class=\"elementor-widget-container\">\n\t\t\t\t\t\t\t<div class=\"elementor-button-wrapper\">\n\t\t\t\t\t<a class=\"elementor-button elementor-button-link elementor-size-sm\" href=\"https:\/\/docs.google.com\/document\/d\/1JJj1dW_cdFwmK2HX9U08N31VcOD3CJIw\/edit?usp=sharing&#038;ouid=114081846752118857951&#038;rtpof=true&#038;sd=true\">\n\t\t\t\t\t\t<span class=\"elementor-button-content-wrapper\">\n\t\t\t\t\t\t\t\t\t<span class=\"elementor-button-text\">Modelo de Formata\u00e7\u00e3o de Edital<\/span>\n\t\t\t\t\t<\/span>\n\t\t\t\t\t<\/a>\n\t\t\t\t<\/div>\n\t\t\t\t\t\t<\/div>\n\t\t\t\t<\/div>\n\t\t\t\t<div class=\"elementor-element elementor-element-a4f1804 elementor-widget elementor-widget-button\" data-id=\"a4f1804\" data-element_type=\"widget\" data-widget_type=\"button.default\">\n\t\t\t\t<div class=\"elementor-widget-container\">\n\t\t\t\t\t\t\t<div class=\"elementor-button-wrapper\">\n\t\t\t\t\t<a class=\"elementor-button elementor-button-link elementor-size-sm\" href=\"https:\/\/drive.google.com\/file\/d\/1YNqNxA9pGK_97rxqm80vj6yeKKaB0p0M\/view?usp=sharing\">\n\t\t\t\t\t\t<span class=\"elementor-button-content-wrapper\">\n\t\t\t\t\t\t\t\t\t<span class=\"elementor-button-text\">Guia de Elabora\u00e7\u00e3o e Cadastro de Editais da UFSM-CS<\/span>\n\t\t\t\t\t<\/span>\n\t\t\t\t\t<\/a>\n\t\t\t\t<\/div>\n\t\t\t\t\t\t<\/div>\n\t\t\t\t<\/div>\n\t\t\t\t\t<\/div>\n\t\t<\/div>\n\t\t\t\t\t<\/div>\n\t\t<\/section>\n\t\t\t\t<\/div>\n\t\t","protected":false},"excerpt":{"rendered":"<p>Todos os editais da UFSM devem ser publicados atrav\u00e9s do Processo Eletr\u00f4nico Nacional (PEN). Em nosso campus foram definidos alguns setores que ir\u00e3o abrir os processos, de acordo com suas compet\u00eancias. Sendo assim, seguem as seguintes orienta\u00e7\u00f5es: Setor Compet\u00eancias Contato Gabinete de Projetos Abrir\u00e1 os processos de editais ligados a bolsas de FIEX e FIPE,\u00a0 [&hellip;]<\/p>\n","protected":false},"author":293,"featured_media":0,"parent":0,"menu_order":0,"comment_status":"closed","ping_status":"closed","template":"","meta":{"footnotes":""},"categories":[],"tags":[],"class_list":["post-3619","page","type-page","status-publish","hentry"],"acf":[],"_links":{"self":[{"href":"https:\/\/www.ufsm.br\/unidades-universitarias\/cachoeira-do-sul\/wp-json\/wp\/v2\/pages\/3619","targetHints":{"allow":["GET"]}}],"collection":[{"href":"https:\/\/www.ufsm.br\/unidades-universitarias\/cachoeira-do-sul\/wp-json\/wp\/v2\/pages"}],"about":[{"href":"https:\/\/www.ufsm.br\/unidades-universitarias\/cachoeira-do-sul\/wp-json\/wp\/v2\/types\/page"}],"author":[{"embeddable":true,"href":"https:\/\/www.ufsm.br\/unidades-universitarias\/cachoeira-do-sul\/wp-json\/wp\/v2\/users\/293"}],"replies":[{"embeddable":true,"href":"https:\/\/www.ufsm.br\/unidades-universitarias\/cachoeira-do-sul\/wp-json\/wp\/v2\/comments?post=3619"}],"version-history":[{"count":0,"href":"https:\/\/www.ufsm.br\/unidades-universitarias\/cachoeira-do-sul\/wp-json\/wp\/v2\/pages\/3619\/revisions"}],"wp:attachment":[{"href":"https:\/\/www.ufsm.br\/unidades-universitarias\/cachoeira-do-sul\/wp-json\/wp\/v2\/media?parent=3619"}],"wp:term":[{"taxonomy":"category","embeddable":true,"href":"https:\/\/www.ufsm.br\/unidades-universitarias\/cachoeira-do-sul\/wp-json\/wp\/v2\/categories?post=3619"},{"taxonomy":"post_tag","embeddable":true,"href":"https:\/\/www.ufsm.br\/unidades-universitarias\/cachoeira-do-sul\/wp-json\/wp\/v2\/tags?post=3619"}],"curies":[{"name":"wp","href":"https:\/\/api.w.org\/{rel}","templated":true}]}}