{"id":5516,"date":"2024-04-19T12:26:16","date_gmt":"2024-04-19T15:26:16","guid":{"rendered":"https:\/\/www.ufsm.br\/unidades-universitarias\/cachoeira-do-sul\/?page_id=5516"},"modified":"2024-12-09T08:26:17","modified_gmt":"2024-12-09T11:26:17","slug":"10anos","status":"publish","type":"page","link":"https:\/\/www.ufsm.br\/unidades-universitarias\/cachoeira-do-sul\/10anos","title":{"rendered":""},"content":{"rendered":"\t\t<div data-elementor-type=\"wp-page\" data-elementor-id=\"5516\" class=\"elementor elementor-5516\">\n\t\t\t\t\t\t<section class=\"elementor-section elementor-top-section elementor-element elementor-element-b43db7e elementor-section-boxed elementor-section-height-default elementor-section-height-default\" data-id=\"b43db7e\" data-element_type=\"section\">\n\t\t\t\t\t\t<div class=\"elementor-container elementor-column-gap-default\">\n\t\t\t\t\t<div class=\"elementor-column elementor-col-100 elementor-top-column elementor-element elementor-element-f9cb830\" data-id=\"f9cb830\" data-element_type=\"column\">\n\t\t\t<div class=\"elementor-widget-wrap elementor-element-populated\">\n\t\t\t\t\t\t<div class=\"elementor-element elementor-element-15e5732 elementor-widget elementor-widget-image\" data-id=\"15e5732\" data-element_type=\"widget\" data-widget_type=\"image.default\">\n\t\t\t\t<div class=\"elementor-widget-container\">\n\t\t\t\t\t\t\t\t\t\t\t\t\t<img fetchpriority=\"high\" decoding=\"async\" width=\"1920\" height=\"507\" src=\"https:\/\/www.ufsm.br\/app\/uploads\/sites\/376\/2024\/04\/Banner-do-site-2024.jpg\" class=\"attachment-2048x2048 size-2048x2048 wp-image-5517\" alt=\"\" srcset=\"https:\/\/www.ufsm.br\/app\/uploads\/sites\/376\/2024\/04\/Banner-do-site-2024.jpg 1920w, https:\/\/www.ufsm.br\/app\/uploads\/sites\/376\/2024\/04\/Banner-do-site-2024-300x79.jpg 300w, https:\/\/www.ufsm.br\/app\/uploads\/sites\/376\/2024\/04\/Banner-do-site-2024-1024x270.jpg 1024w, https:\/\/www.ufsm.br\/app\/uploads\/sites\/376\/2024\/04\/Banner-do-site-2024-768x203.jpg 768w, https:\/\/www.ufsm.br\/app\/uploads\/sites\/376\/2024\/04\/Banner-do-site-2024-1536x406.jpg 1536w\" sizes=\"(max-width: 1920px) 100vw, 1920px\" \/>\t\t\t\t\t\t\t\t\t\t\t\t\t<\/div>\n\t\t\t\t<\/div>\n\t\t\t\t\t<\/div>\n\t\t<\/div>\n\t\t\t\t\t<\/div>\n\t\t<\/section>\n\t\t\t\t<section class=\"elementor-section elementor-top-section elementor-element elementor-element-d0c4845 elementor-section-boxed elementor-section-height-default elementor-section-height-default\" data-id=\"d0c4845\" data-element_type=\"section\">\n\t\t\t\t\t\t<div class=\"elementor-container elementor-column-gap-default\">\n\t\t\t\t\t<div class=\"elementor-column elementor-col-100 elementor-top-column elementor-element elementor-element-6075211\" data-id=\"6075211\" data-element_type=\"column\">\n\t\t\t<div class=\"elementor-widget-wrap elementor-element-populated\">\n\t\t\t\t\t\t<div class=\"elementor-element elementor-element-cc2531c elementor-widget elementor-widget-spacer\" data-id=\"cc2531c\" data-element_type=\"widget\" data-widget_type=\"spacer.default\">\n\t\t\t\t<div class=\"elementor-widget-container\">\n\t\t\t\t\t<div class=\"elementor-spacer\">\n\t\t\t<div class=\"elementor-spacer-inner\"><\/div>\n\t\t<\/div>\n\t\t\t\t<\/div>\n\t\t\t\t<\/div>\n\t\t\t\t\t<\/div>\n\t\t<\/div>\n\t\t\t\t\t<\/div>\n\t\t<\/section>\n\t\t\t\t<section class=\"elementor-section elementor-top-section elementor-element elementor-element-4ddd0b2 elementor-section-boxed elementor-section-height-default elementor-section-height-default\" data-id=\"4ddd0b2\" data-element_type=\"section\">\n\t\t\t\t\t\t<div class=\"elementor-container elementor-column-gap-default\">\n\t\t\t\t\t<div class=\"elementor-column elementor-col-100 elementor-top-column elementor-element elementor-element-dd9a255\" data-id=\"dd9a255\" data-element_type=\"column\">\n\t\t\t<div class=\"elementor-widget-wrap elementor-element-populated\">\n\t\t\t\t\t\t<div class=\"elementor-element elementor-element-8c78db8 elementor-widget elementor-widget-heading\" data-id=\"8c78db8\" data-element_type=\"widget\" data-widget_type=\"heading.default\">\n\t\t\t\t<div class=\"elementor-widget-container\">\n\t\t\t<h2 class=\"elementor-heading-title elementor-size-default\">10 anos da UFSM - Cachoeira do Sul<\/h2>\t\t<\/div>\n\t\t\t\t<\/div>\n\t\t\t\t<div class=\"elementor-element elementor-element-d037dc6 elementor-widget elementor-widget-spacer\" data-id=\"d037dc6\" data-element_type=\"widget\" data-widget_type=\"spacer.default\">\n\t\t\t\t<div class=\"elementor-widget-container\">\n\t\t\t\t\t<div class=\"elementor-spacer\">\n\t\t\t<div class=\"elementor-spacer-inner\"><\/div>\n\t\t<\/div>\n\t\t\t\t<\/div>\n\t\t\t\t<\/div>\n\t\t\t\t<div class=\"elementor-element elementor-element-7d1d97d elementor-widget elementor-widget-text-editor\" data-id=\"7d1d97d\" data-element_type=\"widget\" data-widget_type=\"text-editor.default\">\n\t\t\t\t<div class=\"elementor-widget-container\">\n\t\t\t\t\t\t\t<p>Em 2024, a UFSM completa 10 anos em Cachoeira do Sul. O campus de nossa Universidade foi constru\u00eddo com o empenho, dedica\u00e7\u00e3o e esfor\u00e7o de in\u00fameras pessoas.<\/p>\n<p>Nestes 10 anos, comemoramos n\u00e3o s\u00f3 as diversas conquistas que tivemos, mas um forte elo criado com a comunidade de Cachoeira do Sul e regi\u00e3o para construir projetos de ensino, pesquisa e extens\u00e3o, refor\u00e7ando sempre o orgulho e a valoriza\u00e7\u00e3o da universidade p\u00fablica.\u00a0<\/p>\t\t\t\t\t\t<\/div>\n\t\t\t\t<\/div>\n\t\t\t\t\t<\/div>\n\t\t<\/div>\n\t\t\t\t\t<\/div>\n\t\t<\/section>\n\t\t\t\t<section class=\"elementor-section elementor-top-section elementor-element elementor-element-0cdaf73 elementor-section-boxed elementor-section-height-default elementor-section-height-default\" data-id=\"0cdaf73\" data-element_type=\"section\">\n\t\t\t\t\t\t<div class=\"elementor-container elementor-column-gap-default\">\n\t\t\t\t\t<div class=\"elementor-column elementor-col-100 elementor-top-column elementor-element elementor-element-d2ff6e7\" data-id=\"d2ff6e7\" data-element_type=\"column\">\n\t\t\t<div class=\"elementor-widget-wrap elementor-element-populated\">\n\t\t\t\t\t\t<div class=\"elementor-element elementor-element-b629357 elementor-widget elementor-widget-spacer\" data-id=\"b629357\" data-element_type=\"widget\" data-widget_type=\"spacer.default\">\n\t\t\t\t<div class=\"elementor-widget-container\">\n\t\t\t\t\t<div class=\"elementor-spacer\">\n\t\t\t<div class=\"elementor-spacer-inner\"><\/div>\n\t\t<\/div>\n\t\t\t\t<\/div>\n\t\t\t\t<\/div>\n\t\t\t\t\t<\/div>\n\t\t<\/div>\n\t\t\t\t\t<\/div>\n\t\t<\/section>\n\t\t\t\t<section class=\"elementor-section elementor-top-section elementor-element elementor-element-9923295 elementor-section-boxed elementor-section-height-default elementor-section-height-default\" data-id=\"9923295\" data-element_type=\"section\">\n\t\t\t\t\t\t<div class=\"elementor-container elementor-column-gap-default\">\n\t\t\t\t\t<div class=\"elementor-column elementor-col-33 elementor-top-column elementor-element elementor-element-5795cdc\" data-id=\"5795cdc\" data-element_type=\"column\">\n\t\t\t<div class=\"elementor-widget-wrap elementor-element-populated\">\n\t\t\t\t\t\t<div class=\"elementor-element elementor-element-cf9da39 elementor-widget elementor-widget-image\" data-id=\"cf9da39\" data-element_type=\"widget\" data-widget_type=\"image.default\">\n\t\t\t\t<div class=\"elementor-widget-container\">\n\t\t\t\t\t\t\t\t\t\t\t\t\t\t<a href=\"https:\/\/www.ufsm.br\/unidades-universitarias\/cachoeira-do-sul\/depoimentos-10-anos\">\n\t\t\t\t\t\t\t<img decoding=\"async\" width=\"1024\" height=\"307\" src=\"https:\/\/www.ufsm.br\/app\/uploads\/sites\/376\/2024\/04\/Depoimentos-1024x307.jpg\" class=\"attachment-large size-large wp-image-5518\" alt=\"\" srcset=\"https:\/\/www.ufsm.br\/app\/uploads\/sites\/376\/2024\/04\/Depoimentos-1024x307.jpg 1024w, https:\/\/www.ufsm.br\/app\/uploads\/sites\/376\/2024\/04\/Depoimentos-300x90.jpg 300w, https:\/\/www.ufsm.br\/app\/uploads\/sites\/376\/2024\/04\/Depoimentos-768x230.jpg 768w, https:\/\/www.ufsm.br\/app\/uploads\/sites\/376\/2024\/04\/Depoimentos.jpg 1181w\" sizes=\"(max-width: 1024px) 100vw, 1024px\" \/>\t\t\t\t\t\t\t\t<\/a>\n\t\t\t\t\t\t\t\t\t\t\t\t\t<\/div>\n\t\t\t\t<\/div>\n\t\t\t\t\t<\/div>\n\t\t<\/div>\n\t\t\t\t<div class=\"elementor-column elementor-col-33 elementor-top-column elementor-element elementor-element-d7fd181\" data-id=\"d7fd181\" data-element_type=\"column\">\n\t\t\t<div class=\"elementor-widget-wrap elementor-element-populated\">\n\t\t\t\t\t\t<div class=\"elementor-element elementor-element-058b264 elementor-widget elementor-widget-image\" data-id=\"058b264\" data-element_type=\"widget\" data-widget_type=\"image.default\">\n\t\t\t\t<div class=\"elementor-widget-container\">\n\t\t\t\t\t\t\t\t\t\t\t\t\t\t<a href=\"https:\/\/www.ufsm.br\/unidades-universitarias\/cachoeira-do-sul\/exposicao-10-anos\">\n\t\t\t\t\t\t\t<img decoding=\"async\" width=\"1024\" height=\"307\" src=\"https:\/\/www.ufsm.br\/app\/uploads\/sites\/376\/2024\/04\/Exposicao-1024x307.jpg\" class=\"attachment-large size-large wp-image-5520\" alt=\"\" srcset=\"https:\/\/www.ufsm.br\/app\/uploads\/sites\/376\/2024\/04\/Exposicao-1024x307.jpg 1024w, https:\/\/www.ufsm.br\/app\/uploads\/sites\/376\/2024\/04\/Exposicao-300x90.jpg 300w, https:\/\/www.ufsm.br\/app\/uploads\/sites\/376\/2024\/04\/Exposicao-768x230.jpg 768w, https:\/\/www.ufsm.br\/app\/uploads\/sites\/376\/2024\/04\/Exposicao.jpg 1181w\" sizes=\"(max-width: 1024px) 100vw, 1024px\" \/>\t\t\t\t\t\t\t\t<\/a>\n\t\t\t\t\t\t\t\t\t\t\t\t\t<\/div>\n\t\t\t\t<\/div>\n\t\t\t\t\t<\/div>\n\t\t<\/div>\n\t\t\t\t<div class=\"elementor-column elementor-col-33 elementor-top-column elementor-element elementor-element-69b1575\" data-id=\"69b1575\" data-element_type=\"column\">\n\t\t\t<div class=\"elementor-widget-wrap elementor-element-populated\">\n\t\t\t\t\t\t<div class=\"elementor-element elementor-element-225eef6 elementor-widget elementor-widget-image\" data-id=\"225eef6\" data-element_type=\"widget\" data-widget_type=\"image.default\">\n\t\t\t\t<div class=\"elementor-widget-container\">\n\t\t\t\t\t\t\t\t\t\t\t\t\t\t<a href=\"https:\/\/www.ufsm.br\/unidades-universitarias\/cachoeira-do-sul\/eventos-comemorativos-10-anos\">\n\t\t\t\t\t\t\t<img loading=\"lazy\" decoding=\"async\" width=\"1024\" height=\"307\" src=\"https:\/\/www.ufsm.br\/app\/uploads\/sites\/376\/2024\/04\/Eventos-1024x307.jpg\" class=\"attachment-large size-large wp-image-5519\" alt=\"\" srcset=\"https:\/\/www.ufsm.br\/app\/uploads\/sites\/376\/2024\/04\/Eventos-1024x307.jpg 1024w, https:\/\/www.ufsm.br\/app\/uploads\/sites\/376\/2024\/04\/Eventos-300x90.jpg 300w, https:\/\/www.ufsm.br\/app\/uploads\/sites\/376\/2024\/04\/Eventos-768x230.jpg 768w, https:\/\/www.ufsm.br\/app\/uploads\/sites\/376\/2024\/04\/Eventos.jpg 1181w\" sizes=\"(max-width: 1024px) 100vw, 1024px\" \/>\t\t\t\t\t\t\t\t<\/a>\n\t\t\t\t\t\t\t\t\t\t\t\t\t<\/div>\n\t\t\t\t<\/div>\n\t\t\t\t\t<\/div>\n\t\t<\/div>\n\t\t\t\t\t<\/div>\n\t\t<\/section>\n\t\t\t\t<\/div>\n\t\t","protected":false},"excerpt":{"rendered":"<p>10 anos da UFSM &#8211; Cachoeira do Sul Em 2024, a UFSM completa 10 anos em Cachoeira do Sul. O campus de nossa Universidade foi constru\u00eddo com o empenho, dedica\u00e7\u00e3o e esfor\u00e7o de in\u00fameras pessoas. Nestes 10 anos, comemoramos n\u00e3o s\u00f3 as diversas conquistas que tivemos, mas um forte elo criado com a comunidade de [&hellip;]<\/p>\n","protected":false},"author":293,"featured_media":0,"parent":0,"menu_order":0,"comment_status":"closed","ping_status":"closed","template":"","meta":{"footnotes":""},"categories":[],"tags":[],"class_list":["post-5516","page","type-page","status-publish","hentry"],"acf":[],"_links":{"self":[{"href":"https:\/\/www.ufsm.br\/unidades-universitarias\/cachoeira-do-sul\/wp-json\/wp\/v2\/pages\/5516","targetHints":{"allow":["GET"]}}],"collection":[{"href":"https:\/\/www.ufsm.br\/unidades-universitarias\/cachoeira-do-sul\/wp-json\/wp\/v2\/pages"}],"about":[{"href":"https:\/\/www.ufsm.br\/unidades-universitarias\/cachoeira-do-sul\/wp-json\/wp\/v2\/types\/page"}],"author":[{"embeddable":true,"href":"https:\/\/www.ufsm.br\/unidades-universitarias\/cachoeira-do-sul\/wp-json\/wp\/v2\/users\/293"}],"replies":[{"embeddable":true,"href":"https:\/\/www.ufsm.br\/unidades-universitarias\/cachoeira-do-sul\/wp-json\/wp\/v2\/comments?post=5516"}],"version-history":[{"count":0,"href":"https:\/\/www.ufsm.br\/unidades-universitarias\/cachoeira-do-sul\/wp-json\/wp\/v2\/pages\/5516\/revisions"}],"wp:attachment":[{"href":"https:\/\/www.ufsm.br\/unidades-universitarias\/cachoeira-do-sul\/wp-json\/wp\/v2\/media?parent=5516"}],"wp:term":[{"taxonomy":"category","embeddable":true,"href":"https:\/\/www.ufsm.br\/unidades-universitarias\/cachoeira-do-sul\/wp-json\/wp\/v2\/categories?post=5516"},{"taxonomy":"post_tag","embeddable":true,"href":"https:\/\/www.ufsm.br\/unidades-universitarias\/cachoeira-do-sul\/wp-json\/wp\/v2\/tags?post=5516"}],"curies":[{"name":"wp","href":"https:\/\/api.w.org\/{rel}","templated":true}]}}