{"id":7105,"date":"2025-09-03T15:05:25","date_gmt":"2025-09-03T18:05:25","guid":{"rendered":"https:\/\/www.ufsm.br\/unidades-universitarias\/cachoeira-do-sul\/?page_id=7105"},"modified":"2026-02-11T11:31:02","modified_gmt":"2026-02-11T14:31:02","slug":"nucleo-de-infraestrutura-materiais-e-patrimonio-nimp","status":"publish","type":"page","link":"https:\/\/www.ufsm.br\/unidades-universitarias\/cachoeira-do-sul\/nucleo-de-infraestrutura-materiais-e-patrimonio-nimp","title":{"rendered":"N\u00facleo de Infraestrutura, Materiais e Patrim\u00f4nio (NIMP)"},"content":{"rendered":"\n<p>O NIMP-UFSM\/CS tem entre suas atribui\u00e7\u00f5es, cinco eixos principais:<\/p>\n<p><strong>Infraestrutura:<\/strong> Planeja e supervisiona obras, reformas e manuten\u00e7\u00f5es, al\u00e9m de fiscalizar servi\u00e7os terceirizados e gerir o uso do espa\u00e7o f\u00edsico.<\/p>\n<p><strong>Almoxarifado:<\/strong> Coordena o fluxo de materiais, desde a solicita\u00e7\u00e3o e recebimento at\u00e9 o controle de estoque e distribui\u00e7\u00e3o.<\/p>\n<p><strong>Patrim\u00f4nio:<\/strong> Realiza o tombamento, confer\u00eancia e a guarda dos bens m\u00f3veis e im\u00f3veis da institui\u00e7\u00e3o.<\/p>\n<p><strong>Licita\u00e7\u00f5es:<\/strong> Apoia processos de aquisi\u00e7\u00e3o de ferramentas e insumos necess\u00e1rios \u00e0s atividades do campus.<\/p>\n<p><strong>Transporte:<\/strong> Administra a frota oficial, controlando escalas de motoristas, ordens de tr\u00e2nsito, manuten\u00e7\u00f5es e agendamento de viagens. O n\u00facleo atua como suporte estrat\u00e9gico \u00e0 CAD, garantindo a conserva\u00e7\u00e3o do patrim\u00f4nio p\u00fablico e a efici\u00eancia dos servi\u00e7os administrativos.<\/p>\n<p>\u00a0<\/p>\n<p><strong>Chefia do N\u00facleo:<\/strong><\/p>\n<p>Tec. Edif. Ot\u00e1vio Leite Jacob<\/p>\n<p><strong>Chefia Substituta:<\/strong><\/p>\n<p>Tec. Seg. do Trab. Rafael da Silva Behling<\/p>\n<p>\u00a0<\/p>\n<p><strong>Equipe:<\/strong><\/p>\n<p>Eng. Civil Ernani Couto Marczewski<\/p>\n<p>Tec. em Eletrot\u00e9cnica Maur\u00edcio da Cunha M\u00fcller<\/p>\n<p>Assist. Adm. Miguel Dal Osto<\/p>\n<p>Almoxarife Iedla Vasconcelos<\/p>\n<p>\u00a0<\/p>\n<p><strong>Contatos:<br \/><\/strong><br \/><em><strong>NIMP:<\/strong> <\/em><br \/>Ot\u00e1vio Leite Jacob \/ Rafael da Silva Behling<br \/>E-mail: <a href=\"mailto:nimp.cs@ufsm.br\">nimp.cs@ufsm.br<\/a><br \/>Ramal: 8407<br \/>Endere\u00e7o: Pr\u00e9dio do Almoxarifado<br \/><br \/><strong><em>NIMP &#8211; ALMOXARIFADO:<\/em><\/strong><br \/>Ot\u00e1vio Leite Jacob \/ Rafael da Silva Behling \/ Iedla Vasconcelos<br \/>E-mail: <a href=\"mailto:almoxarifado.cs@ufsm.br\">almoxarifado.cs@ufsm.br<\/a><br \/>Ramal: 8407<br \/>Endere\u00e7o: Pr\u00e9dio do Almoxarifado<br \/><br \/><em><strong>NIMP &#8211; PATRIM\u00d4NIO:<\/strong><\/em><br \/>Ot\u00e1vio Leite Jacob<br \/>E-mail: <a href=\"mailto:patrimonio.cs@ufsm.br\">patrimonio.cs@ufsm.br<\/a><br \/>Ramal: 8407<br \/>Endere\u00e7o: Pr\u00e9dio do Almoxarifado<br \/><br \/><em><strong>NIMP &#8211; TRANSPORTE:<\/strong><\/em><br \/>Miguel Dal Osto<br \/>E-mail: <a href=\"mailto:transporte.cs@ufsm.br\">transporte.cs@ufsm.br<\/a><br \/>Endere\u00e7o: Casa Administrativa &#8211; Sala dos T\u00e9cnicos<br \/><br \/><em><strong>NIMP &#8211; INFRAESTRUTURA:<\/strong><\/em><br \/>Ernani Couto Marczewski e Mauricio da Cunha Muller<br \/>Endere\u00e7o: Casa Administrativa &#8211; Sala dos T\u00e9cnicos<br \/><br \/><br \/><\/p>\n\n\n","protected":false},"excerpt":{"rendered":"<p>O NIMP-UFSM\/CS tem entre suas atribui\u00e7\u00f5es, cinco eixos principais: Infraestrutura: Planeja e supervisiona obras, reformas e manuten\u00e7\u00f5es, al\u00e9m de fiscalizar servi\u00e7os terceirizados e gerir o uso do espa\u00e7o f\u00edsico. Almoxarifado: Coordena o fluxo de materiais, desde a solicita\u00e7\u00e3o e recebimento at\u00e9 o controle de estoque e distribui\u00e7\u00e3o. Patrim\u00f4nio: Realiza o tombamento, confer\u00eancia e a guarda [&hellip;]<\/p>\n","protected":false},"author":293,"featured_media":0,"parent":0,"menu_order":0,"comment_status":"closed","ping_status":"closed","template":"","meta":{"footnotes":""},"categories":[],"tags":[],"class_list":["post-7105","page","type-page","status-publish","hentry"],"acf":[],"_links":{"self":[{"href":"https:\/\/www.ufsm.br\/unidades-universitarias\/cachoeira-do-sul\/wp-json\/wp\/v2\/pages\/7105","targetHints":{"allow":["GET"]}}],"collection":[{"href":"https:\/\/www.ufsm.br\/unidades-universitarias\/cachoeira-do-sul\/wp-json\/wp\/v2\/pages"}],"about":[{"href":"https:\/\/www.ufsm.br\/unidades-universitarias\/cachoeira-do-sul\/wp-json\/wp\/v2\/types\/page"}],"author":[{"embeddable":true,"href":"https:\/\/www.ufsm.br\/unidades-universitarias\/cachoeira-do-sul\/wp-json\/wp\/v2\/users\/293"}],"replies":[{"embeddable":true,"href":"https:\/\/www.ufsm.br\/unidades-universitarias\/cachoeira-do-sul\/wp-json\/wp\/v2\/comments?post=7105"}],"version-history":[{"count":0,"href":"https:\/\/www.ufsm.br\/unidades-universitarias\/cachoeira-do-sul\/wp-json\/wp\/v2\/pages\/7105\/revisions"}],"wp:attachment":[{"href":"https:\/\/www.ufsm.br\/unidades-universitarias\/cachoeira-do-sul\/wp-json\/wp\/v2\/media?parent=7105"}],"wp:term":[{"taxonomy":"category","embeddable":true,"href":"https:\/\/www.ufsm.br\/unidades-universitarias\/cachoeira-do-sul\/wp-json\/wp\/v2\/categories?post=7105"},{"taxonomy":"post_tag","embeddable":true,"href":"https:\/\/www.ufsm.br\/unidades-universitarias\/cachoeira-do-sul\/wp-json\/wp\/v2\/tags?post=7105"}],"curies":[{"name":"wp","href":"https:\/\/api.w.org\/{rel}","templated":true}]}}