{"id":7107,"date":"2025-09-03T15:06:43","date_gmt":"2025-09-03T18:06:43","guid":{"rendered":"https:\/\/www.ufsm.br\/unidades-universitarias\/cachoeira-do-sul\/?page_id=7107"},"modified":"2026-03-25T14:33:11","modified_gmt":"2026-03-25T17:33:11","slug":"subdivisao-de-assistencia-a-saude-e-qualidade-de-vida","status":"publish","type":"page","link":"https:\/\/www.ufsm.br\/unidades-universitarias\/cachoeira-do-sul\/subdivisao-de-assistencia-a-saude-e-qualidade-de-vida","title":{"rendered":"Subdivis\u00e3o de Assist\u00eancia \u00e0 Sa\u00fade e Qualidade de Vida (SASQV)"},"content":{"rendered":"\t\t<div data-elementor-type=\"wp-page\" data-elementor-id=\"7107\" class=\"elementor elementor-7107\">\n\t\t\t\t\t\t<section class=\"elementor-section elementor-top-section elementor-element elementor-element-5566cec elementor-section-boxed elementor-section-height-default elementor-section-height-default\" data-id=\"5566cec\" data-element_type=\"section\">\n\t\t\t\t\t\t<div class=\"elementor-container elementor-column-gap-default\">\n\t\t\t\t\t<div class=\"elementor-column elementor-col-100 elementor-top-column elementor-element elementor-element-3f0fe34\" data-id=\"3f0fe34\" data-element_type=\"column\">\n\t\t\t<div class=\"elementor-widget-wrap elementor-element-populated\">\n\t\t\t\t\t\t<div class=\"elementor-element elementor-element-4eb00af elementor-widget elementor-widget-image\" data-id=\"4eb00af\" data-element_type=\"widget\" data-widget_type=\"image.default\">\n\t\t\t\t<div class=\"elementor-widget-container\">\n\t\t\t\t\t\t\t\t\t\t\t\t\t<img fetchpriority=\"high\" decoding=\"async\" width=\"1584\" height=\"396\" src=\"https:\/\/www.ufsm.br\/app\/uploads\/sites\/376\/2026\/03\/banner-sasqv-1.jpg\" class=\"attachment-full size-full wp-image-7672\" alt=\"\" srcset=\"https:\/\/www.ufsm.br\/app\/uploads\/sites\/376\/2026\/03\/banner-sasqv-1.jpg 1584w, https:\/\/www.ufsm.br\/app\/uploads\/sites\/376\/2026\/03\/banner-sasqv-1-300x75.jpg 300w, https:\/\/www.ufsm.br\/app\/uploads\/sites\/376\/2026\/03\/banner-sasqv-1-1024x256.jpg 1024w, https:\/\/www.ufsm.br\/app\/uploads\/sites\/376\/2026\/03\/banner-sasqv-1-768x192.jpg 768w, https:\/\/www.ufsm.br\/app\/uploads\/sites\/376\/2026\/03\/banner-sasqv-1-1536x384.jpg 1536w\" sizes=\"(max-width: 1584px) 100vw, 1584px\" \/>\t\t\t\t\t\t\t\t\t\t\t\t\t<\/div>\n\t\t\t\t<\/div>\n\t\t\t\t\t<\/div>\n\t\t<\/div>\n\t\t\t\t\t<\/div>\n\t\t<\/section>\n\t\t\t\t<section class=\"elementor-section elementor-top-section elementor-element elementor-element-450be38 elementor-section-boxed elementor-section-height-default elementor-section-height-default\" data-id=\"450be38\" data-element_type=\"section\">\n\t\t\t\t\t\t<div class=\"elementor-container elementor-column-gap-default\">\n\t\t\t\t\t<div class=\"elementor-column elementor-col-100 elementor-top-column elementor-element elementor-element-c7ba44a\" data-id=\"c7ba44a\" data-element_type=\"column\">\n\t\t\t<div class=\"elementor-widget-wrap elementor-element-populated\">\n\t\t\t\t\t\t<div class=\"elementor-element elementor-element-2f55e64 elementor-widget elementor-widget-heading\" data-id=\"2f55e64\" data-element_type=\"widget\" data-widget_type=\"heading.default\">\n\t\t\t\t<div class=\"elementor-widget-container\">\n\t\t\t<h5 class=\"elementor-heading-title elementor-size-default\">Apresenta\u00e7\u00e3o<\/h5>\t\t<\/div>\n\t\t\t\t<\/div>\n\t\t\t\t<div class=\"elementor-element elementor-element-aee918b elementor-widget elementor-widget-text-editor\" data-id=\"aee918b\" data-element_type=\"widget\" data-widget_type=\"text-editor.default\">\n\t\t\t\t<div class=\"elementor-widget-container\">\n\t\t\t\t\t\t\t<p>A Subdivis\u00e3o de Assist\u00eancia \u00e0 Sa\u00fade e Qualidade de Vida (SASQV-CS) tem como compet\u00eancia o planejamento, desenvolvimento e acompanhamento de a\u00e7\u00f5es voltadas \u00e0 promo\u00e7\u00e3o da sa\u00fade e da qualidade de vida dos(as) servidores(as) do Campus da UFSM\/CS.<br \/>Nesse sentido, a SASQV-CS desenvolve suas a\u00e7\u00f5es em alinhamento \u00e0s diretrizes e pol\u00edticas institucionais da Coordenadoria de Sa\u00fade e Qualidade de Vida do Servidor (CQVS), colaborando para a implementa\u00e7\u00e3o de programas, orienta\u00e7\u00f5es e pr\u00e1ticas relacionadas \u00e0 sa\u00fade f\u00edsica, mental e social, bem como para a constru\u00e7\u00e3o de um ambiente de trabalho seguro e saud\u00e1vel no Campus da UFSM\/CS.<\/p>\t\t\t\t\t\t<\/div>\n\t\t\t\t<\/div>\n\t\t\t\t\t<\/div>\n\t\t<\/div>\n\t\t\t\t\t<\/div>\n\t\t<\/section>\n\t\t\t\t<section class=\"elementor-section elementor-top-section elementor-element elementor-element-9faeb1a elementor-section-boxed elementor-section-height-default elementor-section-height-default\" data-id=\"9faeb1a\" data-element_type=\"section\">\n\t\t\t\t\t\t<div class=\"elementor-container elementor-column-gap-default\">\n\t\t\t\t\t<div class=\"elementor-column elementor-col-100 elementor-top-column elementor-element elementor-element-22548ff\" data-id=\"22548ff\" data-element_type=\"column\">\n\t\t\t<div class=\"elementor-widget-wrap elementor-element-populated\">\n\t\t\t\t\t\t<div class=\"elementor-element elementor-element-06b16bb elementor-widget elementor-widget-heading\" data-id=\"06b16bb\" data-element_type=\"widget\" data-widget_type=\"heading.default\">\n\t\t\t\t<div class=\"elementor-widget-container\">\n\t\t\t<h5 class=\"elementor-heading-title elementor-size-default\">Servi\u00e7os<\/h5>\t\t<\/div>\n\t\t\t\t<\/div>\n\t\t\t\t<div class=\"elementor-element elementor-element-82cd8ba elementor-widget elementor-widget-text-editor\" data-id=\"82cd8ba\" data-element_type=\"widget\" data-widget_type=\"text-editor.default\">\n\t\t\t\t<div class=\"elementor-widget-container\">\n\t\t\t\t\t\t\t<ul><li>Atendimentos<strong> Odontol\u00f3gicos para servidores do Campus UFSM\/CS:<\/strong><\/li><\/ul><p>Os servidores da UFSM\/CS contam com a disponibilidade de <strong>4 hor\u00e1rios mensais<\/strong> para atendimentos odontol\u00f3gicos no N\u00facleo de Promo\u00e7\u00e3o de Sa\u00fade do Trabalho (NPSAT), no campus sede. <strong>A agenda \u00e9 disponibilizada na primeira ter\u00e7a-feira do m\u00eas e os atendimentos ocorrem na \u00faltima ter\u00e7a-feira, por ordem de inscri\u00e7\u00e3o.<\/strong><\/p><p>Informa\u00e7\u00f5es: <a href=\"https:\/\/www.ufsm.br\/app\/uploads\/sites\/376\/2026\/03\/Orientacoes_Atendimentos-Odontologicos_.pdf\" target=\"_blank\" rel=\"noopener\">Orienta\u00e7\u00f5es Atendimentos Odontol\u00f3gicos<\/a><br \/>Al\u00e9m destes hor\u00e1rios, os servidores(as) tamb\u00e9m podem agendar consultas odontol\u00f3gicas diretamente no <a href=\"https:\/\/www.ufsm.br\/pro-reitorias\/progep\/servicos\/servico-odontologico\" target=\"_blank\" rel=\"noopener\">Servi\u00e7o Odontol\u00f3gico<\/a> no campus sede, que conta com mais disponibilidade de dias e hor\u00e1rios ao longo do m\u00eas.<\/p><ul><li><strong>Servi\u00e7o Psicossocial:\u00a0<\/strong><\/li><\/ul><p>O Servi\u00e7o Psicossocial conta com Psic\u00f3logos e Assistente Social que atendem, orientam e acompanham servidores e servidores gestores no \u00e2mbito organizacional e do trabalho, na perspectiva da promo\u00e7\u00e3o da sa\u00fade do trabalhador. Os atendimentos podem ser realizados presencialmente no campus sede em Santa Maria ou de forma virtual, podendo ser solicitados: <br \/>pelo e-mail: psicologia.cqvs@ufsm.br ou <br \/>pelo telefone de contato: 055 3220-8134. <br \/>Endere\u00e7o: Pr\u00e9dio 48 C &#8211; Salas 332 e 333<\/p><ul><li><strong>Exames peri\u00f3dicos:<br \/><\/strong><\/li><\/ul><p>Sua sa\u00fade \u00e9 um bem primordial. Pensando assim, a UFSM viabiliza a realiza\u00e7\u00e3o dos Exames Peri\u00f3dicos de Sa\u00fade para todos os servidores ativos, pois trata-se de uma medida essencial para o acompanhamento da sa\u00fade, mesmo para aqueles que n\u00e3o t\u00eam plano de sa\u00fade.<br \/>Mais informa\u00e7\u00f5es em: <a href=\"https:\/\/www.ufsm.br\/pro-reitorias\/progep\/servicos\/exames-periodicos-de-saude-eps\">Exames peri\u00f3dicos de sa\u00fade \u2013 EPS <\/a><br \/><a href=\"http:\/\/www.ufsm.br\/app\/uploads\/sites\/341\/2018\/08\/Prestadores-exames-periodicos-2024.pdf\" target=\"_blank\" rel=\"noopener\">Prestadores de Servi\u00e7os 2024<\/a><\/p><ul><li><strong>Programa Movimenta:<\/strong> O Programa Movimenta \u00e9 uma iniciativa voltada \u00e0 promo\u00e7\u00e3o da sa\u00fade integral dos(as) servidores(as) docentes e t\u00e9cnico-administrativos em educa\u00e7\u00e3o da Universidade Federal de Santa Maria.<p><strong>Pilates On-line \u2013 UFSM\/Cachoeira do Sul <br \/><\/strong>Aulas ao vivo: ter\u00e7as-feiras, das 16h10 \u00e0s 17h<br \/>Aulas gravadas: disponibilizadas \u00e0s quintas-feiras<\/p><p>Acompanhamento presencial: Os(as) servidores(as) podem participar das aulas ao vivo em espa\u00e7o coletivo no campus. <br \/>\u26a0 Inscri\u00e7\u00e3o obrigat\u00f3ria: Para participa\u00e7\u00e3o nas aulas (presencial ou on-line), \u00e9 necess\u00e1rio realizar inscri\u00e7\u00e3o, a fim de viabilizar o envio do link de acesso e a organiza\u00e7\u00e3o do espa\u00e7o para acompanhamento coletivo pelo link: <br \/>\ud83d\udc49 <a href=\"https:\/\/forms.gle\/YdBTmzw9hGMRqmar6\">https:\/\/forms.gle\/YdBTmzw9hGMRqmar6<\/a><\/p><p><strong>Gin\u00e1stica Laboral On-line<br \/><\/strong>Pequenas pausas fazem a diferen\u00e7a!<br \/>Segundas e quartas-feiras: \u23f0 10h30min<br \/>\u26a0 Importante: O link de acesso foi encaminhado por e-mail aos(\u00e0s) servidores(as) pela CQVS\/PROGEP.<\/p><\/li><li><strong>Edital de Chamada P\u00fablica &#8211; UFSM\/CS N. 10\/2025:<\/strong><\/li><\/ul><p>Participe como parceiro institucional e contribua para o fortalecimento de a\u00e7\u00f5es voltadas \u00e0 promo\u00e7\u00e3o da sa\u00fade e qualidade de vida da comunidade acad\u00eamica.<br \/>Confira o <a href=\"https:\/\/www.ufsm.br\/unidades-universitarias\/cachoeira-do-sul\/editais\/010-2025\">Edital de Chamada P\u00fablica &#8211; UFSM\/CS N. 10\/2025<\/a> e reforce nossa rede de apoio!<br \/>Inscri\u00e7\u00f5es: <a href=\"https:\/\/docs.google.com\/forms\/d\/e\/1FAIpQLScO6f8fTZDsN2ZOwOivgmYuvvOz_YUdwfN3RD9NUdcK00jeFg\/viewform\">Formul\u00e1rio de Inscri\u00e7\u00f5es em fluxo cont\u00ednuo<\/a><\/p><ul><li><strong>Links \u00fateis:<\/strong><br \/><a href=\"https:\/\/www.ufsm.br\/app\/uploads\/sites\/376\/2026\/03\/Guia-de-servicos-municipais-de-saude.pdf\">Guia de Servi\u00e7os Municipais de Sa\u00fade:<\/a> re\u00fane informa\u00e7\u00f5es sobre a rede de atendimento dispon\u00edvel no munic\u00edpio, auxiliando no acesso aos servi\u00e7os de sa\u00fade.\u00a0<br \/><a href=\"https:\/\/www.ufsm.br\/pro-reitorias\/progep\/servicos-coordenadoria-de-saude-e-qualidade-de-vida-do-servidor\">Servi\u00e7os \u2013 Coordenadoria de Sa\u00fade e Qualidade de Vida do Servidor<\/a><\/li><\/ul>\t\t\t\t\t\t<\/div>\n\t\t\t\t<\/div>\n\t\t\t\t\t<\/div>\n\t\t<\/div>\n\t\t\t\t\t<\/div>\n\t\t<\/section>\n\t\t\t\t<section class=\"elementor-section elementor-top-section elementor-element elementor-element-d3b56a6 elementor-section-boxed elementor-section-height-default elementor-section-height-default\" data-id=\"d3b56a6\" data-element_type=\"section\">\n\t\t\t\t\t\t<div class=\"elementor-container elementor-column-gap-default\">\n\t\t\t\t\t<div class=\"elementor-column elementor-col-100 elementor-top-column elementor-element elementor-element-0b50607\" data-id=\"0b50607\" data-element_type=\"column\">\n\t\t\t<div class=\"elementor-widget-wrap elementor-element-populated\">\n\t\t\t\t\t\t<div class=\"elementor-element elementor-element-224dbba elementor-widget elementor-widget-heading\" data-id=\"224dbba\" data-element_type=\"widget\" data-widget_type=\"heading.default\">\n\t\t\t\t<div class=\"elementor-widget-container\">\n\t\t\t<h5 class=\"elementor-heading-title elementor-size-default\">Equipe<\/h5>\t\t<\/div>\n\t\t\t\t<\/div>\n\t\t\t\t<div class=\"elementor-element elementor-element-0cdc024 elementor-widget elementor-widget-text-editor\" data-id=\"0cdc024\" data-element_type=\"widget\" data-widget_type=\"text-editor.default\">\n\t\t\t\t<div class=\"elementor-widget-container\">\n\t\t\t\t\t\t\t<p>Sec. Executiva Daniela Morales (Chefe)<\/p>\n<p>Tec. em Seg. Trab. Rafael Behling da Cunha (Chefe Substituto)<\/p>\t\t\t\t\t\t<\/div>\n\t\t\t\t<\/div>\n\t\t\t\t\t<\/div>\n\t\t<\/div>\n\t\t\t\t\t<\/div>\n\t\t<\/section>\n\t\t\t\t<section class=\"elementor-section elementor-top-section elementor-element elementor-element-46be701 elementor-section-boxed elementor-section-height-default elementor-section-height-default\" data-id=\"46be701\" data-element_type=\"section\">\n\t\t\t\t\t\t<div class=\"elementor-container elementor-column-gap-default\">\n\t\t\t\t\t<div class=\"elementor-column elementor-col-100 elementor-top-column elementor-element elementor-element-d62a937\" data-id=\"d62a937\" data-element_type=\"column\">\n\t\t\t<div class=\"elementor-widget-wrap elementor-element-populated\">\n\t\t\t\t\t\t<div class=\"elementor-element elementor-element-c0d1d93 elementor-widget elementor-widget-heading\" data-id=\"c0d1d93\" data-element_type=\"widget\" data-widget_type=\"heading.default\">\n\t\t\t\t<div class=\"elementor-widget-container\">\n\t\t\t<h5 class=\"elementor-heading-title elementor-size-default\">Contato<\/h5>\t\t<\/div>\n\t\t\t\t<\/div>\n\t\t\t\t<div class=\"elementor-element elementor-element-eeb041f elementor-widget elementor-widget-text-editor\" data-id=\"eeb041f\" data-element_type=\"widget\" data-widget_type=\"text-editor.default\">\n\t\t\t\t<div class=\"elementor-widget-container\">\n\t\t\t\t\t\t\t<p>E-mail: <a class=\"notranslate\" href=\"mailto:sasqv.cs@ufsm.br\">sasqv.cs@ufsm.br<\/a><\/p>\t\t\t\t\t\t<\/div>\n\t\t\t\t<\/div>\n\t\t\t\t\t<\/div>\n\t\t<\/div>\n\t\t\t\t\t<\/div>\n\t\t<\/section>\n\t\t\t\t<\/div>\n\t\t","protected":false},"excerpt":{"rendered":"<p>Apresenta\u00e7\u00e3o A Subdivis\u00e3o de Assist\u00eancia \u00e0 Sa\u00fade e Qualidade de Vida (SASQV-CS) tem como compet\u00eancia o planejamento, desenvolvimento e acompanhamento de a\u00e7\u00f5es voltadas \u00e0 promo\u00e7\u00e3o da sa\u00fade e da qualidade de vida dos(as) servidores(as) do Campus da UFSM\/CS.Nesse sentido, a SASQV-CS desenvolve suas a\u00e7\u00f5es em alinhamento \u00e0s diretrizes e pol\u00edticas institucionais da Coordenadoria de Sa\u00fade [&hellip;]<\/p>\n","protected":false},"author":293,"featured_media":0,"parent":0,"menu_order":0,"comment_status":"closed","ping_status":"closed","template":"","meta":{"footnotes":""},"categories":[],"tags":[],"class_list":["post-7107","page","type-page","status-publish","hentry"],"acf":[],"_links":{"self":[{"href":"https:\/\/www.ufsm.br\/unidades-universitarias\/cachoeira-do-sul\/wp-json\/wp\/v2\/pages\/7107","targetHints":{"allow":["GET"]}}],"collection":[{"href":"https:\/\/www.ufsm.br\/unidades-universitarias\/cachoeira-do-sul\/wp-json\/wp\/v2\/pages"}],"about":[{"href":"https:\/\/www.ufsm.br\/unidades-universitarias\/cachoeira-do-sul\/wp-json\/wp\/v2\/types\/page"}],"author":[{"embeddable":true,"href":"https:\/\/www.ufsm.br\/unidades-universitarias\/cachoeira-do-sul\/wp-json\/wp\/v2\/users\/293"}],"replies":[{"embeddable":true,"href":"https:\/\/www.ufsm.br\/unidades-universitarias\/cachoeira-do-sul\/wp-json\/wp\/v2\/comments?post=7107"}],"version-history":[{"count":0,"href":"https:\/\/www.ufsm.br\/unidades-universitarias\/cachoeira-do-sul\/wp-json\/wp\/v2\/pages\/7107\/revisions"}],"wp:attachment":[{"href":"https:\/\/www.ufsm.br\/unidades-universitarias\/cachoeira-do-sul\/wp-json\/wp\/v2\/media?parent=7107"}],"wp:term":[{"taxonomy":"category","embeddable":true,"href":"https:\/\/www.ufsm.br\/unidades-universitarias\/cachoeira-do-sul\/wp-json\/wp\/v2\/categories?post=7107"},{"taxonomy":"post_tag","embeddable":true,"href":"https:\/\/www.ufsm.br\/unidades-universitarias\/cachoeira-do-sul\/wp-json\/wp\/v2\/tags?post=7107"}],"curies":[{"name":"wp","href":"https:\/\/api.w.org\/{rel}","templated":true}]}}