{"id":7692,"date":"2026-04-07T16:36:11","date_gmt":"2026-04-07T19:36:11","guid":{"rendered":"https:\/\/www.ufsm.br\/unidades-universitarias\/cachoeira-do-sul\/?page_id=7692"},"modified":"2026-04-07T16:36:22","modified_gmt":"2026-04-07T19:36:22","slug":"setor-de-comunicacao-planilha-de-servicos-e-prazos","status":"publish","type":"page","link":"https:\/\/www.ufsm.br\/unidades-universitarias\/cachoeira-do-sul\/setor-de-comunicacao-planilha-de-servicos-e-prazos","title":{"rendered":"Setor de Comunica\u00e7\u00e3o &#8211; Planilha de servi\u00e7os e prazos"},"content":{"rendered":"\n<table style=\"border-collapse: collapse;width: 100%;height: 363px\">\n<tbody>\n<tr style=\"height: 23px\">\n<td style=\"width: 23.7465%;height: 23px;text-align: center\"><strong>Servi\u00e7o<\/strong><\/td>\n<td style=\"width: 28.3746%;height: 23px;text-align: center\"><strong>Prazo<\/strong><\/td>\n<td style=\"width: 47.8788%;height: 23px;text-align: center\"><strong>Observa\u00e7\u00e3o<\/strong><\/td>\n<\/tr>\n<tr style=\"height: 10px\">\n<td style=\"width: 23.7465%;height: 10px\"><a href=\"https:\/\/forms.gle\/1aThgLEjwFJ6dGvS8\"><strong>Divulga\u00e7\u00e3o de Not\u00edcias<\/strong><\/a><\/td>\n<td style=\"width: 28.3746%;height: 10px\">\n<p>M\u00ednimo de <b data-path-to-node=\"9,0,1,0,0\" data-index-in-node=\"18\">5 dias \u00fateis<\/b> para atividades que ir\u00e3o acontecer\u00a0<\/p>\n<p><b data-path-to-node=\"9,0,1,0,0\" data-index-in-node=\"68\">Fluxo cont\u00ednuo<\/b> para atividades j\u00e1 realizadas.<\/p>\n<\/td>\n<td style=\"width: 47.8788%;height: 10px\">Sujeito \u00e0 edi\u00e7\u00e3o e defini\u00e7\u00e3o de destaque pelo setor.<\/td>\n<\/tr>\n<tr style=\"height: 23px\">\n<td style=\"width: 23.7465%;height: 23px\"><a href=\"https:\/\/forms.gle\/1aThgLEjwFJ6dGvS8\"><strong>Mural Digital<\/strong><\/a><\/td>\n<td style=\"width: 28.3746%;height: 23px\">M\u00ednimo de <strong>5 dias \u00fateis <\/strong><\/td>\n<td style=\"width: 47.8788%;height: 23px\">\u00a0<\/td>\n<\/tr>\n<tr style=\"height: 23px\">\n<td style=\"width: 23.7465%;height: 23px\"><a href=\"https:\/\/forms.gle\/3od5tcN9ZwrQpyPo7\"><strong>Cobertura de Eventos<\/strong><\/a><\/td>\n<td style=\"width: 28.3746%;height: 23px\">M\u00ednimo de <strong>15 dias<\/strong><\/td>\n<td style=\"width: 47.8788%;height: 23px\">\u00a0<\/td>\n<\/tr>\n<tr style=\"height: 191px\">\n<td style=\"width: 23.7465%;height: 191px\"><strong>Publica\u00e7\u00e3o de Editais <\/strong><\/td>\n<td style=\"width: 28.3746%;height: 191px\"><strong>At\u00e9 as 16h<\/strong><\/td>\n<td style=\"width: 47.8788%;height: 191px\">\n<p>Envio ap\u00f3s as 16h ser\u00e1 publicado no pr\u00f3ximo dia \u00fatil.<\/p>\n<p>Situa\u00e7\u00f5es que necessitem de publica\u00e7\u00e3o fora do hor\u00e1rio padr\u00e3o devem ser tratadas <b data-path-to-node=\"3,3,0\" data-index-in-node=\"121\">diretamente com a equipe do setor<\/b> (presencialmente ou por telefone) para verifica\u00e7\u00e3o de viabilidade t\u00e9cnica.<\/p>\n<\/td>\n<\/tr>\n<tr style=\"height: 23px\">\n<td style=\"width: 23.7465%;height: 23px\"><a href=\"https:\/\/forms.gle\/3od5tcN9ZwrQpyPo7\"><strong>Aux\u00edlio em Organiza\u00e7\u00e3o de Eventos<\/strong><\/a><\/td>\n<td style=\"width: 28.3746%;height: 23px\">M\u00ednimo de <strong>15 dias<\/strong> <strong>\u00fateis<\/strong><\/td>\n<td style=\"width: 47.8788%;height: 23px\">\u00a0<\/td>\n<\/tr>\n<tr style=\"height: 47px\">\n<td style=\"width: 23.7465%;height: 47px\"><a href=\"https:\/\/forms.gle\/1aThgLEjwFJ6dGvS8\"><strong>Boletim Informativo <\/strong><\/a><\/td>\n<td style=\"width: 28.3746%;height: 47px\">At\u00e9 o <strong>dia 20<\/strong> de cada m\u00eas<\/td>\n<td style=\"width: 47.8788%;height: 47px\">Material deve ser resumido e conter conte\u00fado para no m\u00e1ximo uma p\u00e1gina.<\/td>\n<\/tr>\n<tr style=\"height: 23px\">\n<td style=\"width: 23.7465%;height: 23px\"><a href=\"https:\/\/forms.gle\/qMY3N5LJfGt3zw4H7\"><strong>Empr\u00e9stimo e Solicita\u00e7\u00e3o de Materiais<\/strong><\/a><\/td>\n<td style=\"width: 28.3746%;height: 23px\">M\u00ednimo de <strong>2 dias \u00fateis<\/strong><\/td>\n<td style=\"width: 47.8788%;height: 23px\">Retirada e devolu\u00e7\u00e3o por conta do solicitante<\/td>\n<\/tr>\n<\/tbody>\n<\/table>\n\n\n\n<p>Para outros servi\u00e7os n\u00e3o listados, entre em contato pelo e-mail <a href=\"mailto:secom.cs@ufsm.br\">secom.cs@ufsm.br<\/a><\/p>\n","protected":false},"excerpt":{"rendered":"<p>Servi\u00e7o Prazo Observa\u00e7\u00e3o Divulga\u00e7\u00e3o de Not\u00edcias M\u00ednimo de 5 dias \u00fateis para atividades que ir\u00e3o acontecer\u00a0 Fluxo cont\u00ednuo para atividades j\u00e1 realizadas. Sujeito \u00e0 edi\u00e7\u00e3o e defini\u00e7\u00e3o de destaque pelo setor. Mural Digital M\u00ednimo de 5 dias \u00fateis \u00a0 Cobertura de Eventos M\u00ednimo de 15 dias \u00a0 Publica\u00e7\u00e3o de Editais At\u00e9 as 16h Envio ap\u00f3s [&hellip;]<\/p>\n","protected":false},"author":293,"featured_media":0,"parent":0,"menu_order":0,"comment_status":"closed","ping_status":"closed","template":"","meta":{"footnotes":""},"categories":[],"tags":[],"class_list":["post-7692","page","type-page","status-publish","hentry"],"acf":[],"_links":{"self":[{"href":"https:\/\/www.ufsm.br\/unidades-universitarias\/cachoeira-do-sul\/wp-json\/wp\/v2\/pages\/7692","targetHints":{"allow":["GET"]}}],"collection":[{"href":"https:\/\/www.ufsm.br\/unidades-universitarias\/cachoeira-do-sul\/wp-json\/wp\/v2\/pages"}],"about":[{"href":"https:\/\/www.ufsm.br\/unidades-universitarias\/cachoeira-do-sul\/wp-json\/wp\/v2\/types\/page"}],"author":[{"embeddable":true,"href":"https:\/\/www.ufsm.br\/unidades-universitarias\/cachoeira-do-sul\/wp-json\/wp\/v2\/users\/293"}],"replies":[{"embeddable":true,"href":"https:\/\/www.ufsm.br\/unidades-universitarias\/cachoeira-do-sul\/wp-json\/wp\/v2\/comments?post=7692"}],"version-history":[{"count":0,"href":"https:\/\/www.ufsm.br\/unidades-universitarias\/cachoeira-do-sul\/wp-json\/wp\/v2\/pages\/7692\/revisions"}],"wp:attachment":[{"href":"https:\/\/www.ufsm.br\/unidades-universitarias\/cachoeira-do-sul\/wp-json\/wp\/v2\/media?parent=7692"}],"wp:term":[{"taxonomy":"category","embeddable":true,"href":"https:\/\/www.ufsm.br\/unidades-universitarias\/cachoeira-do-sul\/wp-json\/wp\/v2\/categories?post=7692"},{"taxonomy":"post_tag","embeddable":true,"href":"https:\/\/www.ufsm.br\/unidades-universitarias\/cachoeira-do-sul\/wp-json\/wp\/v2\/tags?post=7692"}],"curies":[{"name":"wp","href":"https:\/\/api.w.org\/{rel}","templated":true}]}}