{"id":7693,"date":"2026-04-07T16:51:34","date_gmt":"2026-04-07T19:51:34","guid":{"rendered":"https:\/\/www.ufsm.br\/unidades-universitarias\/cachoeira-do-sul\/?page_id=7693"},"modified":"2026-04-07T16:51:35","modified_gmt":"2026-04-07T19:51:35","slug":"publicacao-de-editais","status":"publish","type":"page","link":"https:\/\/www.ufsm.br\/unidades-universitarias\/cachoeira-do-sul\/publicacao-de-editais","title":{"rendered":"Publica\u00e7\u00e3o de Editais"},"content":{"rendered":"\n<p>Este servi\u00e7o \u00e9 destinado \u00e0 publica\u00e7\u00e3o de editais na p\u00e1gina da UFSM-CS.<\/p>\n<h3 data-path-to-node=\"5\"><b data-path-to-node=\"5\" data-index-in-node=\"0\">Como solicitar:<\/b><\/h3>\n<p data-path-to-node=\"6\">As solicita\u00e7\u00f5es devem ser feitas via abertura de <b data-path-to-node=\"6\" data-index-in-node=\"64\">Ticket<\/b> no sistema <b data-path-to-node=\"6\" data-index-in-node=\"82\">Help Desk Cusco<\/b>.<\/p>\n<ul data-path-to-node=\"7\">\n<li>\n<p data-path-to-node=\"7,0,0\"><b data-path-to-node=\"7,0,0\" data-index-in-node=\"0\">Link para acesso:<\/b> <b data-path-to-node=\"7,0,0\" data-index-in-node=\"18\"><a class=\"ng-star-inserted\" href=\"https:\/\/cusco.ccsul.ufsm.br\/#\/login\" target=\"_blank\" rel=\"noopener\" data-hveid=\"0\" data-ved=\"0CAAQ_4QMahgKEwjfk5KqgdyTAxUAAAAAHQAAAAAQ7AQ\">Acesse aqui o Help Desk Cusco<\/a><\/b><\/p>\n<\/li>\n<li>\n<p data-path-to-node=\"7,1,0\"><b data-path-to-node=\"7,1,0\" data-index-in-node=\"0\">Destino:<\/b> Selecionar o setor de Comunica\u00e7\u00e3o.<\/p>\n<\/li>\n<\/ul>\n<h3 data-path-to-node=\"8\"><b data-path-to-node=\"8\" data-index-in-node=\"0\">Prazos para Publica\u00e7\u00e3o:<\/b><\/h3>\n<p data-path-to-node=\"9\">Para garantir a publica\u00e7\u00e3o no mesmo dia do envio, observe o hor\u00e1rio limite:<\/p>\n<ul data-path-to-node=\"10\">\n<li>\n<p data-path-to-node=\"10,0,0\"><b data-path-to-node=\"10,0,0\" data-index-in-node=\"0\">Envio at\u00e9 as 16h:<\/b> Publica\u00e7\u00e3o realizada no mesmo dia \u00fatil.<\/p>\n<\/li>\n<li>\n<p data-path-to-node=\"10,1,0\"><b data-path-to-node=\"10,1,0\" data-index-in-node=\"0\">Envio ap\u00f3s as 16h:<\/b> A publica\u00e7\u00e3o ser\u00e1 processada no <b data-path-to-node=\"10,1,0\" data-index-in-node=\"51\">pr\u00f3ximo dia \u00fatil<\/b>.<\/p>\n<\/li>\n<\/ul>\n<p><b data-path-to-node=\"12,1,0\" data-index-in-node=\"0\">Casos Emergenciais:<\/b> Situa\u00e7\u00f5es pontuais que exijam publica\u00e7\u00e3o fora do hor\u00e1rio padr\u00e3o devem ser tratadas <b data-path-to-node=\"12,1,0\" data-index-in-node=\"103\">diretamente com a equipe do setor<\/b> (presencialmente na Casa Administrativa ou por telefone) para verifica\u00e7\u00e3o de viabilidade t\u00e9cnica.<\/p>\n","protected":false},"excerpt":{"rendered":"<p>Este servi\u00e7o \u00e9 destinado \u00e0 publica\u00e7\u00e3o de editais na p\u00e1gina da UFSM-CS. Como solicitar: As solicita\u00e7\u00f5es devem ser feitas via abertura de Ticket no sistema Help Desk Cusco. Link para acesso: Acesse aqui o Help Desk Cusco Destino: Selecionar o setor de Comunica\u00e7\u00e3o. Prazos para Publica\u00e7\u00e3o: Para garantir a publica\u00e7\u00e3o no mesmo dia do envio, [&hellip;]<\/p>\n","protected":false},"author":293,"featured_media":0,"parent":0,"menu_order":0,"comment_status":"closed","ping_status":"closed","template":"","meta":{"footnotes":""},"categories":[],"tags":[],"class_list":["post-7693","page","type-page","status-publish","hentry"],"acf":[],"_links":{"self":[{"href":"https:\/\/www.ufsm.br\/unidades-universitarias\/cachoeira-do-sul\/wp-json\/wp\/v2\/pages\/7693","targetHints":{"allow":["GET"]}}],"collection":[{"href":"https:\/\/www.ufsm.br\/unidades-universitarias\/cachoeira-do-sul\/wp-json\/wp\/v2\/pages"}],"about":[{"href":"https:\/\/www.ufsm.br\/unidades-universitarias\/cachoeira-do-sul\/wp-json\/wp\/v2\/types\/page"}],"author":[{"embeddable":true,"href":"https:\/\/www.ufsm.br\/unidades-universitarias\/cachoeira-do-sul\/wp-json\/wp\/v2\/users\/293"}],"replies":[{"embeddable":true,"href":"https:\/\/www.ufsm.br\/unidades-universitarias\/cachoeira-do-sul\/wp-json\/wp\/v2\/comments?post=7693"}],"version-history":[{"count":0,"href":"https:\/\/www.ufsm.br\/unidades-universitarias\/cachoeira-do-sul\/wp-json\/wp\/v2\/pages\/7693\/revisions"}],"wp:attachment":[{"href":"https:\/\/www.ufsm.br\/unidades-universitarias\/cachoeira-do-sul\/wp-json\/wp\/v2\/media?parent=7693"}],"wp:term":[{"taxonomy":"category","embeddable":true,"href":"https:\/\/www.ufsm.br\/unidades-universitarias\/cachoeira-do-sul\/wp-json\/wp\/v2\/categories?post=7693"},{"taxonomy":"post_tag","embeddable":true,"href":"https:\/\/www.ufsm.br\/unidades-universitarias\/cachoeira-do-sul\/wp-json\/wp\/v2\/tags?post=7693"}],"curies":[{"name":"wp","href":"https:\/\/api.w.org\/{rel}","templated":true}]}}