{"id":8,"date":"2018-06-28T09:43:54","date_gmt":"2018-06-28T12:43:54","guid":{"rendered":"https:\/\/www.ufsm.br\/unidades-universitarias\/cachoeira-do-sul\/?page_id=8"},"modified":"2018-06-28T09:43:54","modified_gmt":"2018-06-28T12:43:54","slug":"sobre-a-ufsm-cs","status":"publish","type":"page","link":"https:\/\/www.ufsm.br\/unidades-universitarias\/cachoeira-do-sul\/sobre-a-ufsm-cs","title":{"rendered":"Sobre a UFSM-CS"},"content":{"rendered":"<p><strong>Miss\u00e3o<\/strong><\/p>\n<p>Produzir e difundir conhecimento, contribuir para o desenvolvimento da ci\u00eancia, da tecnologia e da inova\u00e7\u00e3o, comprometido com a forma\u00e7\u00e3o de recursos humanos e da sociedade.<\/p>\n<p><strong>Vis\u00e3o<\/strong><\/p>\n<p>Ser reconhecida como uma unidade de excel\u00eancia da UFSM em Engenharia e em Arquitetura e Urbanismo, com foco na gera\u00e7\u00e3o e difus\u00e3o do conhecimento visando o uso de energias alternativas, sustentabilidade e meio ambiente.<\/p>\n<p><strong>Valores<\/strong><\/p>\n<p>Comprometer-se com a educa\u00e7\u00e3o e o conhecimento, pautada nos seguintes valores:<\/p>\n<p>Liberdade;<br \/>\nDemocracia;<br \/>\n\u00c9tica;<br \/>\nJusti\u00e7a;<br \/>\nRespeito \u00e0 identidade e \u00e0 diversidade;<br \/>\nCompromisso social;<br \/>\nInova\u00e7\u00e3o;<br \/>\nSustentabilidade;<br \/>\nConsci\u00eancia Ambiental; e<br \/>\nResponsabilidade.<\/p>\n<p><strong>Identidade Visual<\/strong><\/p>\n<p>A Universidade Federal de Santa Maria, desde sua funda\u00e7\u00e3o, em 1960, ap\u00f3ia sua imagem no s\u00edmbolo m\u00e1ximo que representa a institui\u00e7\u00e3o: o Bras\u00e3o. Redesenhado posteriormente, mant\u00e9m todos os elementos que o originaram: o bras\u00e3o, denotando moral e respeito; a flor-de-lis, simbolizando a purifica\u00e7\u00e3o e os tr\u00eas archotes de fogo, representando a luz que ilumina o caminho para a sabedoria. Apresenta ainda, a frase em latim &#8220;Sedes Sapientiae&#8221;, que significa sede (lugar, casa) da sabedoria.<\/p>\n<p>Al\u00e9m do Bras\u00e3o, existe um outro elemento importante que comp\u00f5e a identidade visual da Universidade: o Monograma. Juntos, Bras\u00e3o e Monograma exercem um papel fundamental, simbolizam, atrav\u00e9s de seus elementos gr\u00e1ficos, a trajet\u00f3ria de uma Universidade comprometida com a qualidade do Ensino, Pesquisa e Extens\u00e3o.<\/p>\n<p>Os arquivos correspondentes \u00e0 identidade visual da Universidade Federal de Santa Maria est\u00e3o organizados de acordo com a sua necessidade de utiliza\u00e7\u00e3o. O primeiro arquivo cont\u00e9m as assinaturas principais do bras\u00e3o e do monograma, para serem lidos por meio do CorelDraw 9. No segundo arquivo, est\u00e3o os arquivos a serem utilizados no Microsoft Word, j\u00e1 em seu formato padr\u00e3o. O terceiro arquivo cont\u00e9m as fontes utilizadas para a normaliza\u00e7\u00e3o da Tipografia Institucional.<\/p>\n","protected":false},"excerpt":{"rendered":"<p>Miss\u00e3o Produzir e difundir conhecimento, contribuir para o desenvolvimento da ci\u00eancia, da tecnologia e da inova\u00e7\u00e3o, comprometido com a forma\u00e7\u00e3o de recursos humanos e da sociedade. Vis\u00e3o Ser reconhecida como uma unidade de excel\u00eancia da UFSM em Engenharia e em Arquitetura e Urbanismo, com foco na gera\u00e7\u00e3o e difus\u00e3o do conhecimento visando o uso de [&hellip;]<\/p>\n","protected":false},"author":74,"featured_media":0,"parent":0,"menu_order":0,"comment_status":"closed","ping_status":"closed","template":"","meta":{"footnotes":""},"categories":[],"tags":[],"class_list":["post-8","page","type-page","status-publish","hentry"],"acf":[],"_links":{"self":[{"href":"https:\/\/www.ufsm.br\/unidades-universitarias\/cachoeira-do-sul\/wp-json\/wp\/v2\/pages\/8","targetHints":{"allow":["GET"]}}],"collection":[{"href":"https:\/\/www.ufsm.br\/unidades-universitarias\/cachoeira-do-sul\/wp-json\/wp\/v2\/pages"}],"about":[{"href":"https:\/\/www.ufsm.br\/unidades-universitarias\/cachoeira-do-sul\/wp-json\/wp\/v2\/types\/page"}],"author":[{"embeddable":true,"href":"https:\/\/www.ufsm.br\/unidades-universitarias\/cachoeira-do-sul\/wp-json\/wp\/v2\/users\/74"}],"replies":[{"embeddable":true,"href":"https:\/\/www.ufsm.br\/unidades-universitarias\/cachoeira-do-sul\/wp-json\/wp\/v2\/comments?post=8"}],"version-history":[{"count":0,"href":"https:\/\/www.ufsm.br\/unidades-universitarias\/cachoeira-do-sul\/wp-json\/wp\/v2\/pages\/8\/revisions"}],"wp:attachment":[{"href":"https:\/\/www.ufsm.br\/unidades-universitarias\/cachoeira-do-sul\/wp-json\/wp\/v2\/media?parent=8"}],"wp:term":[{"taxonomy":"category","embeddable":true,"href":"https:\/\/www.ufsm.br\/unidades-universitarias\/cachoeira-do-sul\/wp-json\/wp\/v2\/categories?post=8"},{"taxonomy":"post_tag","embeddable":true,"href":"https:\/\/www.ufsm.br\/unidades-universitarias\/cachoeira-do-sul\/wp-json\/wp\/v2\/tags?post=8"}],"curies":[{"name":"wp","href":"https:\/\/api.w.org\/{rel}","templated":true}]}}