{"id":97,"date":"2018-07-20T11:02:22","date_gmt":"2018-07-20T14:02:22","guid":{"rendered":"https:\/\/www.ufsm.br\/unidades-universitarias\/cachoeira-do-sul\/?page_id=97"},"modified":"2025-08-21T16:22:55","modified_gmt":"2025-08-21T19:22:55","slug":"telefones-uteis","status":"publish","type":"page","link":"https:\/\/www.ufsm.br\/unidades-universitarias\/cachoeira-do-sul\/telefones-uteis","title":{"rendered":"Telefones \u00dateis"},"content":{"rendered":"<p>RGE Sul 0800-332001<br \/>\nAmbul\u00e2ncia do SAMU 192<br \/>\nAmbul\u00e2ncia do SUS 3724-6077 ou 192<br \/>\nAnatel 0800-332001<br \/>\nAnjos da Guarda (Bombeiros) 3722-2000<br \/>\nBiblioteca Municipal 3724-6015<br \/>\nBombeiros 3723-1102<br \/>\nBombeiros (Emerg\u00eancia) 193<br \/>\nBrigada Militar 3722-1530<br \/>\nConselho Tutelar 3724-6108<br \/>\nCorsan 3722-2334 ou 3724-5054<br \/>\nDelegacia de Pol\u00edcia 197<br \/>\nHospital 3722-0800<br \/>\nJusti\u00e7a Federal 3722-9200<br \/>\nPol\u00edcia Civil 3722-2003<br \/>\nPol\u00edcia Rodovi\u00e1ria Estadual 198<br \/>\nPol\u00edcia Rodovi\u00e1ria Federal 191<br \/>\nPrefeitura Municipal 3724-6121<br \/>\nRodovi\u00e1ria 3722-2250<\/p>\n","protected":false},"excerpt":{"rendered":"<p>RGE Sul 0800-332001 Ambul\u00e2ncia do SAMU 192 Ambul\u00e2ncia do SUS 3724-6077 ou 192 Anatel 0800-332001 Anjos da Guarda (Bombeiros) 3722-2000 Biblioteca Municipal 3724-6015 Bombeiros 3723-1102 Bombeiros (Emerg\u00eancia) 193 Brigada Militar 3722-1530 Conselho Tutelar 3724-6108 Corsan 3722-2334 ou 3724-5054 Delegacia de Pol\u00edcia 197 Hospital 3722-0800 Justi\u00e7a Federal 3722-9200 Pol\u00edcia Civil 3722-2003 Pol\u00edcia Rodovi\u00e1ria Estadual 198 Pol\u00edcia [&hellip;]<\/p>\n","protected":false},"author":74,"featured_media":0,"parent":0,"menu_order":0,"comment_status":"closed","ping_status":"closed","template":"","meta":{"footnotes":""},"categories":[],"tags":[],"class_list":["post-97","page","type-page","status-publish","hentry"],"acf":[],"_links":{"self":[{"href":"https:\/\/www.ufsm.br\/unidades-universitarias\/cachoeira-do-sul\/wp-json\/wp\/v2\/pages\/97","targetHints":{"allow":["GET"]}}],"collection":[{"href":"https:\/\/www.ufsm.br\/unidades-universitarias\/cachoeira-do-sul\/wp-json\/wp\/v2\/pages"}],"about":[{"href":"https:\/\/www.ufsm.br\/unidades-universitarias\/cachoeira-do-sul\/wp-json\/wp\/v2\/types\/page"}],"author":[{"embeddable":true,"href":"https:\/\/www.ufsm.br\/unidades-universitarias\/cachoeira-do-sul\/wp-json\/wp\/v2\/users\/74"}],"replies":[{"embeddable":true,"href":"https:\/\/www.ufsm.br\/unidades-universitarias\/cachoeira-do-sul\/wp-json\/wp\/v2\/comments?post=97"}],"version-history":[{"count":0,"href":"https:\/\/www.ufsm.br\/unidades-universitarias\/cachoeira-do-sul\/wp-json\/wp\/v2\/pages\/97\/revisions"}],"wp:attachment":[{"href":"https:\/\/www.ufsm.br\/unidades-universitarias\/cachoeira-do-sul\/wp-json\/wp\/v2\/media?parent=97"}],"wp:term":[{"taxonomy":"category","embeddable":true,"href":"https:\/\/www.ufsm.br\/unidades-universitarias\/cachoeira-do-sul\/wp-json\/wp\/v2\/categories?post=97"},{"taxonomy":"post_tag","embeddable":true,"href":"https:\/\/www.ufsm.br\/unidades-universitarias\/cachoeira-do-sul\/wp-json\/wp\/v2\/tags?post=97"}],"curies":[{"name":"wp","href":"https:\/\/api.w.org\/{rel}","templated":true}]}}