{"id":1149,"date":"2018-08-29T14:26:38","date_gmt":"2018-08-29T17:26:38","guid":{"rendered":"https:\/\/www.ufsm.br\/unidades-universitarias\/cal\/?page_id=1149"},"modified":"2024-10-07T11:43:21","modified_gmt":"2024-10-07T14:43:21","slug":"nucleo-de-comunicacao-institucional","status":"publish","type":"page","link":"https:\/\/www.ufsm.br\/unidades-universitarias\/cal\/nucleo-de-comunicacao-institucional","title":{"rendered":"Subdivis\u00e3o de Comunica\u00e7\u00e3o"},"content":{"rendered":"<p>A Subdivis\u00e3o de Comunica\u00e7\u00e3o do Centro de Artes e Letras \u00e9 respons\u00e1vel por divulgar eventos, gerenciar os canais de comunica\u00e7\u00e3o e murais do Centro, e criar, planejar e executar campanhas e a\u00e7\u00f5es para os p\u00fablicos do CAL.<\/p>\n<p><strong>SERVIDORA<\/strong>: Aliandra Fantinell de Oliveira<\/p>\n<h5>CONTATO<\/h5>\n<p><strong>Telefone<\/strong>: (55) 3220-9517<br \/>\n<strong>e-mail<\/strong>: <a href=\"mailto:ascomcal@ufsm.br\">ascomcal@ufsm.br<\/a><\/p>\n<h5>LOCALIZA\u00c7\u00c3O<\/h5>\n<p>Pr\u00e9dio 40, Sala 1212<\/p>\n<p>Campus Sede UFSM\/ Camobi<\/p>\n<h3><a href=\"https:\/\/docs.google.com\/forms\/d\/e\/1FAIpQLSepVlHkXKAla-K3jI_mOR0QAUkdavI6nN9moxsIdsiZlcNXqA\/viewform?usp=sf_link\">Divulgue sua not\u00edcia <\/a><\/h3>\n","protected":false},"excerpt":{"rendered":"<p>A Subdivis\u00e3o de Comunica\u00e7\u00e3o do Centro de Artes e Letras \u00e9 respons\u00e1vel por divulgar eventos, gerenciar os canais de comunica\u00e7\u00e3o e murais do Centro, e criar, planejar e executar campanhas e a\u00e7\u00f5es para os p\u00fablicos do CAL. SERVIDORA: Aliandra Fantinell de Oliveira CONTATO Telefone: (55) 3220-9517 e-mail: ascomcal@ufsm.br LOCALIZA\u00c7\u00c3O Pr\u00e9dio 40, Sala 1212 Campus Sede [&hellip;]<\/p>\n","protected":false},"author":118,"featured_media":0,"parent":0,"menu_order":0,"comment_status":"closed","ping_status":"closed","template":"","meta":{"footnotes":""},"categories":[],"tags":[],"class_list":["post-1149","page","type-page","status-publish","hentry"],"acf":[],"_links":{"self":[{"href":"https:\/\/www.ufsm.br\/unidades-universitarias\/cal\/wp-json\/wp\/v2\/pages\/1149","targetHints":{"allow":["GET"]}}],"collection":[{"href":"https:\/\/www.ufsm.br\/unidades-universitarias\/cal\/wp-json\/wp\/v2\/pages"}],"about":[{"href":"https:\/\/www.ufsm.br\/unidades-universitarias\/cal\/wp-json\/wp\/v2\/types\/page"}],"author":[{"embeddable":true,"href":"https:\/\/www.ufsm.br\/unidades-universitarias\/cal\/wp-json\/wp\/v2\/users\/118"}],"replies":[{"embeddable":true,"href":"https:\/\/www.ufsm.br\/unidades-universitarias\/cal\/wp-json\/wp\/v2\/comments?post=1149"}],"version-history":[{"count":0,"href":"https:\/\/www.ufsm.br\/unidades-universitarias\/cal\/wp-json\/wp\/v2\/pages\/1149\/revisions"}],"wp:attachment":[{"href":"https:\/\/www.ufsm.br\/unidades-universitarias\/cal\/wp-json\/wp\/v2\/media?parent=1149"}],"wp:term":[{"taxonomy":"category","embeddable":true,"href":"https:\/\/www.ufsm.br\/unidades-universitarias\/cal\/wp-json\/wp\/v2\/categories?post=1149"},{"taxonomy":"post_tag","embeddable":true,"href":"https:\/\/www.ufsm.br\/unidades-universitarias\/cal\/wp-json\/wp\/v2\/tags?post=1149"}],"curies":[{"name":"wp","href":"https:\/\/api.w.org\/{rel}","templated":true}]}}