{"id":1155,"date":"2018-08-29T14:28:32","date_gmt":"2018-08-29T17:28:32","guid":{"rendered":"https:\/\/www.ufsm.br\/unidades-universitarias\/cal\/?page_id=1155"},"modified":"2024-09-24T14:09:40","modified_gmt":"2024-09-24T17:09:40","slug":"nucleo-patrimonial","status":"publish","type":"page","link":"https:\/\/www.ufsm.br\/unidades-universitarias\/cal\/nucleo-patrimonial","title":{"rendered":"Subdivis\u00e3o de Patrim\u00f4nio"},"content":{"rendered":"<p>De acordo com a Resolu\u00e7\u00e3o UFSM N. 150 de 18 de dezembro de 2023:<\/p>\n<p>Art. 57. S\u00e3o atribui\u00e7\u00f5es do (a) chefe da Subdivis\u00e3o de Patrim\u00f4nio, al\u00e9m das gerais correspondentes constantes no\u00a0<a href=\"https:\/\/www.ufsm.br\/pro-reitorias\/proplan\/regimento-geral-da-ufsm-2011\/\"><u>Regimento Geral da UFSM<\/u><\/a>, as especiais de:<\/p>\n<p>I &#8211; conferir os patrim\u00f4nios de responsabilidade direta da dire\u00e7\u00e3o da Unidade de Ensino (patrim\u00f4nios n\u00e3o vinculados a subunidades) no invent\u00e1rio;<\/p>\n<p>II &#8211; emitir notas de transporte de itens de responsabilidade direta da dire\u00e7\u00e3o da Unidade de Ensino;<\/p>\n<p>III &#8211; encaminhar recolhimento e transfer\u00eancia de itens de responsabilidade direta da dire\u00e7\u00e3o da Unidade de Ensino; e,<\/p>\n<p>IV &#8211; conferir itens recebidos (novos) no \u00e2mbito da unidade de Ensino, auxiliar nas d\u00favidas e demandas sobre patrim\u00f4nio dos demais setores do centro.<\/p>\n<p>Visando o item IV, a Subdivis\u00e3o de Patrim\u00f4nio do Cal utiliza do servi\u00e7o de OTRS para auxiliar de forma organizada as demandas de recolhimento e transfer\u00eancia patrimonial. Para solicitar basta utilizar os passos do tutorial abaixo:<\/p>\n<p>Acessar a p\u00e1gina <a href=\"https:\/\/servicos.cpd.ufsm.br\/otrs\/customer.pl?\"><u>https:\/\/servicos.cpd.ufsm.br\/otrs\/customer.pl<\/u><\/a><\/p>\n<p>Fazer login (o usu\u00e1rio \u00e9 o CPF e a senha \u00e9 a utilizada nos portais da UFSM).<\/p>\n<p><img fetchpriority=\"high\" decoding=\"async\" class=\"alignnone wp-image-4833 \" src=\"https:\/\/www.ufsm.br\/app\/uploads\/sites\/368\/2024\/09\/bruna-1-a-300x36.png\" alt=\"\" width=\"1083\" height=\"130\" srcset=\"https:\/\/www.ufsm.br\/app\/uploads\/sites\/368\/2024\/09\/bruna-1-a-300x36.png 300w, https:\/\/www.ufsm.br\/app\/uploads\/sites\/368\/2024\/09\/bruna-1-a-1024x124.png 1024w, https:\/\/www.ufsm.br\/app\/uploads\/sites\/368\/2024\/09\/bruna-1-a-768x93.png 768w, https:\/\/www.ufsm.br\/app\/uploads\/sites\/368\/2024\/09\/bruna-1-a-1536x185.png 1536w, https:\/\/www.ufsm.br\/app\/uploads\/sites\/368\/2024\/09\/bruna-1-a.png 1914w\" sizes=\"(max-width: 1083px) 100vw, 1083px\" \/><\/p>\n<p>Colocar o cursor em cima do menu CHAMADOS e clicar em cima de NOVO CHAMADO<\/p>\n<p><img decoding=\"async\" class=\"alignnone wp-image-4834 \" src=\"https:\/\/www.ufsm.br\/app\/uploads\/sites\/368\/2024\/09\/image-1-300x76.jpg\" alt=\"\" width=\"1089\" height=\"276\" srcset=\"https:\/\/www.ufsm.br\/app\/uploads\/sites\/368\/2024\/09\/image-1-300x76.jpg 300w, https:\/\/www.ufsm.br\/app\/uploads\/sites\/368\/2024\/09\/image-1-768x196.jpg 768w, https:\/\/www.ufsm.br\/app\/uploads\/sites\/368\/2024\/09\/image-1.jpg 907w\" sizes=\"(max-width: 1089px) 100vw, 1089px\" \/><\/p>\n<p>Clicar em PROCESSO e em seguida clicar em CAL<\/p>\n<p><img decoding=\"async\" class=\"alignnone wp-image-4835 \" src=\"https:\/\/www.ufsm.br\/app\/uploads\/sites\/368\/2024\/09\/image-2-300x153.jpg\" alt=\"\" width=\"1076\" height=\"549\" srcset=\"https:\/\/www.ufsm.br\/app\/uploads\/sites\/368\/2024\/09\/image-2-300x153.jpg 300w, https:\/\/www.ufsm.br\/app\/uploads\/sites\/368\/2024\/09\/image-2-768x393.jpg 768w, https:\/\/www.ufsm.br\/app\/uploads\/sites\/368\/2024\/09\/image-2.jpg 886w\" sizes=\"(max-width: 1076px) 100vw, 1076px\" \/><\/p>\n<p>Clicar na op\u00e7\u00e3o PATRIM\u00d4NIO<\/p>\n<p><img loading=\"lazy\" decoding=\"async\" class=\"alignnone wp-image-4836 \" src=\"https:\/\/www.ufsm.br\/app\/uploads\/sites\/368\/2024\/09\/image-3-300x160.jpg\" alt=\"\" width=\"964\" height=\"514\" srcset=\"https:\/\/www.ufsm.br\/app\/uploads\/sites\/368\/2024\/09\/image-3-300x160.jpg 300w, https:\/\/www.ufsm.br\/app\/uploads\/sites\/368\/2024\/09\/image-3-768x409.jpg 768w, https:\/\/www.ufsm.br\/app\/uploads\/sites\/368\/2024\/09\/image-3.jpg 886w\" sizes=\"(max-width: 964px) 100vw, 964px\" \/><\/p>\n<p>Em PATRIM\u00d4NIO temos duas op\u00e7\u00f5es: BAIXA PATRIMONIAL E TRANSFER\u00caNCIA PATRIMONIAL. Clicar na op\u00e7\u00e3o desejada.<\/p>\n<p><img loading=\"lazy\" decoding=\"async\" class=\"alignnone wp-image-4838 \" src=\"https:\/\/www.ufsm.br\/app\/uploads\/sites\/368\/2024\/09\/image-4-300x186.jpg\" alt=\"\" width=\"950\" height=\"589\" srcset=\"https:\/\/www.ufsm.br\/app\/uploads\/sites\/368\/2024\/09\/image-4-300x186.jpg 300w, https:\/\/www.ufsm.br\/app\/uploads\/sites\/368\/2024\/09\/image-4-768x477.jpg 768w, https:\/\/www.ufsm.br\/app\/uploads\/sites\/368\/2024\/09\/image-4.jpg 886w\" sizes=\"(max-width: 950px) 100vw, 950px\" \/><\/p>\n<p>Em ambos \u00e9 necess\u00e1rio preencher v\u00e1rios campos obrigat\u00f3rios.<\/p>\n<p><img loading=\"lazy\" decoding=\"async\" class=\"alignnone wp-image-4829 \" src=\"https:\/\/www.ufsm.br\/app\/uploads\/sites\/368\/2024\/09\/bruna-6-300x294.png\" alt=\"\" width=\"782\" height=\"766\" srcset=\"https:\/\/www.ufsm.br\/app\/uploads\/sites\/368\/2024\/09\/bruna-6-300x294.png 300w, https:\/\/www.ufsm.br\/app\/uploads\/sites\/368\/2024\/09\/bruna-6.png 525w\" sizes=\"(max-width: 782px) 100vw, 782px\" \/><\/p>\n<p>Na solicita\u00e7\u00e3o de baixa patrimonial \u00e9 obrigat\u00f3rio preencher as informa\u00e7\u00f5es: Siape, Unidade, n\u00famero de patrim\u00f4nio, pr\u00e9dio e sala que o bem se encontra. Tamb\u00e9m tem o campo texto onde \u00e9 poss\u00edvel descrever algo que julgue importante e que possa auxiliar no processo de solicita\u00e7\u00e3o de baixa. Caso ache necess\u00e1rio tamb\u00e9m \u00e9 poss\u00edvel incluir anexos como fotos do bem.<\/p>\n<p>OBS: \u00e9 importante que o bem n\u00e3o seja deslocado pois quando o servi\u00e7o de recolhimento vier buscar, a refer\u00eancia ser\u00e1 o local informado na OTRS.<\/p>\n<p><img loading=\"lazy\" decoding=\"async\" class=\"alignnone wp-image-4830 \" src=\"https:\/\/www.ufsm.br\/app\/uploads\/sites\/368\/2024\/09\/bruna-7-300x289.png\" alt=\"\" width=\"761\" height=\"733\" srcset=\"https:\/\/www.ufsm.br\/app\/uploads\/sites\/368\/2024\/09\/bruna-7-300x289.png 300w, https:\/\/www.ufsm.br\/app\/uploads\/sites\/368\/2024\/09\/bruna-7.png 567w\" sizes=\"(max-width: 761px) 100vw, 761px\" \/><\/p>\n<p>Na solicita\u00e7\u00e3o de transfer\u00eancia patrimonial \u00e9 obrigat\u00f3rio preencher as informa\u00e7\u00f5es: Siape, unidade, n\u00famero de patrim\u00f4nio, pr\u00e9dio e sala, pr\u00e9dio e sala de destino. No campo texto deve ser mencionado a unidade de destino para qual o bem ser\u00e1 transferido.<\/p>\n<p>OBS: \u00e9 necess\u00e1rio solicitar o servi\u00e7o de mudan\u00e7a quando for o caso de deslocamento do bem.<\/p>\n<p>Ap\u00f3s preencher com todas as informa\u00e7\u00f5es clicar em enviar.<\/p>\n<h5>Equipe<\/h5>\n<p>Bruna Freitas Sakis Leal<\/p>\n<p>Renato da Rosa Correa<\/p>\n<h5>Contato<\/h5>\n<p>E-mail: <a href=\"mailto:patrimoniocal@ufsm.br\">patrimoniocal@ufsm.br<\/a><\/p>\n<p>Telefone: (55) 3220-9642<\/p>\n<h5>Localiza\u00e7\u00e3o<\/h5>\n<p>Pr\u00e9dio 40, Sala 1205<\/p>\n<p>Campus Sede UFSM\/ Camobi<\/p>\n<p><a href=\"https:\/\/www.ufsm.br\/orgaos-executivos\/demapa\/inventario-patrimonial-ufsm\"><br \/>\nInvent\u00e1rio Patrimonial<br \/>\n<\/a><br \/>\n<a href=\"https:\/\/www.ufsm.br\/app\/uploads\/sites\/352\/2023\/06\/Orientacao-sobre-a-Funcionalidade-RECOLHIMENTO.pdf\"><br \/>\nRecolhimento de bens<br \/>\n<\/a><br \/>\n<a href=\"https:\/\/www.ufsm.br\/orgaos-executivos\/demapa\/2017\/01\/31\/31-01-17-transferencias-via-portal-patrimonio\"><br \/>\nTransfer\u00eancia Patrimonial<br \/>\n<\/a><\/p>\n","protected":false},"excerpt":{"rendered":"<p>De acordo com a Resolu\u00e7\u00e3o UFSM N. 150 de 18 de dezembro de 2023: Art. 57. S\u00e3o atribui\u00e7\u00f5es do (a) chefe da Subdivis\u00e3o de Patrim\u00f4nio, al\u00e9m das gerais correspondentes constantes no\u00a0Regimento Geral da UFSM, as especiais de: I &#8211; conferir os patrim\u00f4nios de responsabilidade direta da dire\u00e7\u00e3o da Unidade de Ensino (patrim\u00f4nios n\u00e3o vinculados a [&hellip;]<\/p>\n","protected":false},"author":118,"featured_media":0,"parent":0,"menu_order":0,"comment_status":"closed","ping_status":"closed","template":"","meta":{"footnotes":""},"categories":[],"tags":[],"class_list":["post-1155","page","type-page","status-publish","hentry"],"acf":[],"_links":{"self":[{"href":"https:\/\/www.ufsm.br\/unidades-universitarias\/cal\/wp-json\/wp\/v2\/pages\/1155","targetHints":{"allow":["GET"]}}],"collection":[{"href":"https:\/\/www.ufsm.br\/unidades-universitarias\/cal\/wp-json\/wp\/v2\/pages"}],"about":[{"href":"https:\/\/www.ufsm.br\/unidades-universitarias\/cal\/wp-json\/wp\/v2\/types\/page"}],"author":[{"embeddable":true,"href":"https:\/\/www.ufsm.br\/unidades-universitarias\/cal\/wp-json\/wp\/v2\/users\/118"}],"replies":[{"embeddable":true,"href":"https:\/\/www.ufsm.br\/unidades-universitarias\/cal\/wp-json\/wp\/v2\/comments?post=1155"}],"version-history":[{"count":0,"href":"https:\/\/www.ufsm.br\/unidades-universitarias\/cal\/wp-json\/wp\/v2\/pages\/1155\/revisions"}],"wp:attachment":[{"href":"https:\/\/www.ufsm.br\/unidades-universitarias\/cal\/wp-json\/wp\/v2\/media?parent=1155"}],"wp:term":[{"taxonomy":"category","embeddable":true,"href":"https:\/\/www.ufsm.br\/unidades-universitarias\/cal\/wp-json\/wp\/v2\/categories?post=1155"},{"taxonomy":"post_tag","embeddable":true,"href":"https:\/\/www.ufsm.br\/unidades-universitarias\/cal\/wp-json\/wp\/v2\/tags?post=1155"}],"curies":[{"name":"wp","href":"https:\/\/api.w.org\/{rel}","templated":true}]}}