{"id":14,"date":"2018-06-21T09:31:24","date_gmt":"2018-06-21T12:31:24","guid":{"rendered":"https:\/\/www.ufsm.br\/unidades-universitarias\/cal\/?page_id=14"},"modified":"2024-03-08T11:27:13","modified_gmt":"2024-03-08T14:27:13","slug":"comissoes-internas","status":"publish","type":"page","link":"https:\/\/www.ufsm.br\/unidades-universitarias\/cal\/comissoes-internas","title":{"rendered":"Comiss\u00f5es Internas"},"content":{"rendered":"\t\t<div data-elementor-type=\"wp-post\" data-elementor-id=\"14\" class=\"elementor elementor-14\">\n\t\t\t\t\t\t<section class=\"elementor-section elementor-top-section elementor-element elementor-element-5d6f972 elementor-section-boxed elementor-section-height-default elementor-section-height-default\" data-id=\"5d6f972\" data-element_type=\"section\">\n\t\t\t\t\t\t<div class=\"elementor-container elementor-column-gap-default\">\n\t\t\t\t\t<div class=\"elementor-column elementor-col-100 elementor-top-column elementor-element elementor-element-0c02d2a\" data-id=\"0c02d2a\" data-element_type=\"column\">\n\t\t\t<div class=\"elementor-widget-wrap elementor-element-populated\">\n\t\t\t\t\t\t<div class=\"elementor-element elementor-element-4d23cae elementor-widget elementor-widget-accordion\" data-id=\"4d23cae\" data-element_type=\"widget\" data-widget_type=\"accordion.default\">\n\t\t\t\t<div class=\"elementor-widget-container\">\n\t\t\t\t\t<div class=\"elementor-accordion\">\n\t\t\t\t\t\t\t<div class=\"elementor-accordion-item\">\n\t\t\t\t\t<div id=\"elementor-tab-title-8081\" class=\"elementor-tab-title\" data-tab=\"1\" role=\"button\" aria-controls=\"elementor-tab-content-8081\" aria-expanded=\"false\">\n\t\t\t\t\t\t\t\t\t\t\t\t\t<span class=\"elementor-accordion-icon elementor-accordion-icon-left\" aria-hidden=\"true\">\n\t\t\t\t\t\t\t\t\t\t\t\t\t\t\t<span class=\"elementor-accordion-icon-closed\"><i class=\"fas fa-caret-right\"><\/i><\/span>\n\t\t\t\t\t\t\t\t<span class=\"elementor-accordion-icon-opened\"><i class=\"fas fa-caret-up\"><\/i><\/span>\n\t\t\t\t\t\t\t\t\t\t\t\t\t\t<\/span>\n\t\t\t\t\t\t\t\t\t\t\t\t<a class=\"elementor-accordion-title\" tabindex=\"0\">Comiss\u00e3o Permanente de Ensino, Pesquisa e Extens\u00e3o do CAL (CEPE-CAL)<\/a>\n\t\t\t\t\t<\/div>\n\t\t\t\t\t<div id=\"elementor-tab-content-8081\" class=\"elementor-tab-content elementor-clearfix\" data-tab=\"1\" role=\"region\" aria-labelledby=\"elementor-tab-title-8081\"><p>&#8220;Art. 71. A Comiss\u00e3o Permanente de Ensino, Pesquisa e Extens\u00e3o do CAL (CEPE-CAL), \u00f3rg\u00e3o colegiado de car\u00e1ter consultivo, presta consulta ao Conselho do CAL em quest\u00f5es pol\u00edticas, acad\u00eamicas, did\u00e1tico-pedag\u00f3gicas e administrativas e a ela compete:<\/p><p>I &#8211; opinar sobre pol\u00edticas de ensino, pesquisa e extens\u00e3o para o CAL, resguardando sempre as peculiaridades do CAL;<\/p><p>II &#8211; manifestar-se sobre crit\u00e9rios para a montagem, instru\u00e7\u00e3o e acompanhamento de qualquer projeto e\/ou processo referente \u00e0s atividades de ensino, pesquisa e extens\u00e3o, no \u00e2mbito do CAL;<\/p><p>III &#8211; acompanhar a montagem e prestar assessoria na instru\u00e7\u00e3o dos projetos e\/ou processos a ela encaminhados para a aprova\u00e7\u00e3o;<\/p><p>IV &#8211; dar parecer sobre os projetos e\/ou processos devidamente encaminhados para a Dire\u00e7\u00e3o do CAL, que dever\u00e1 ou n\u00e3o submet\u00ea-lo ao referendo do Conselho do CAL;<\/p><p>V &#8211; manter a comunidade do CAL informada a respeito de crit\u00e9rios e prazos para apresenta\u00e7\u00e3o de projetos;<\/p><p>VI &#8211; apoiar e interagir com a Subdivis\u00e3o de Projetos do CAL, no que diz respeito a:<br \/>a) controle de pesquisas, de coordenadores de projetos e de grupos de pesquisa ativos;<br \/>b) registro dos projetos; e,<br \/>c) manuten\u00e7\u00e3o do n\u00edvel de produ\u00e7\u00e3o acad\u00eamico-cient\u00edfica do CAL a partir do registro e execu\u00e7\u00e3o dos<br \/>projetos.<\/p><p>VII &#8211; estabelecer e manter a pr\u00e1tica do registro de plano semestral e\/ou anual de atividades nas\/das diversas unidades e subunidades do CAL, para agilizar o planejamento geral de trabalho;<\/p><p>VIII &#8211; gerenciar as revistas do CAL convidando os elementos componentes do Conselhos Editoriais;<\/p><p>IX &#8211; assessorar e dar consultoria \u00e0 Comiss\u00e3o Permanente de Legisla\u00e7\u00e3o e Normas do CAL, no que diz respeito \u00e0s diretrizes que orientam os projetos e\/ou processos a elas encaminhados; e,<\/p><p>X &#8211; colaborar no trabalho de elabora\u00e7\u00e3o do or\u00e7amento geral do CAL, em conjunto com o N\u00facleo de Gest\u00e3o Or\u00e7ament\u00e1ria do CAL, assessorando a Dire\u00e7\u00e3o no que diz respeito \u00e0s prioridades e ao planejamento de cada docente, cada departamento e cada coordena\u00e7\u00e3o de Unidade de Ensino.&#8221;<\/p><p>&#8220;Art. 74. A CEPE-CAL \u00e9 constitu\u00edda por servidores (as) e discentes do CAL, de acordo com a seguinte distribui\u00e7\u00e3o:<\/p><p>I &#8211; o(a) Vice-Diretor(a), como seu presidente nato;<\/p><p>II &#8211; 01 (um) docente titular e 01 (um) representante docente suplente por departamento did\u00e1tico do CAL, indicado pelos respectivos colegiados;<\/p><p>III &#8211; 01 (um) representante docente titular e 01 (um) representante suplente de cada Programas\/Cursos de P\u00f3s-gradua\u00e7\u00e3o stricto sensu do CAL;<\/p><p>IV &#8211; 01 (um) representante dos (as) servidores (as) t\u00e9cnico-administrativos, com respectivo suplente; e<\/p><p>V &#8211; 02 (dois) representantes dos discentes, sendo 01 (um) dos cursos de gradua\u00e7\u00e3o e 01 (um) dos programas\/cursos de p\u00f3s-gradua\u00e7\u00e3o stricto sensu do CAL, indicados pelos cursos, com os respectivos suplentes.<\/p><p>\u00a71\u00b0 Os representantes da CEPE-CAL, contar\u00e3o com suplentes para substitu\u00ed-los em caso de impossibilidade de comparecimento, sendo o suplente nato da presid\u00eancia o(a) Diretor(a) do CAL.<\/p><p>\u00a72\u00b0 Na composi\u00e7\u00e3o da CEPE-CAL, \u00e9 assegurado o percentual de, no m\u00ednimo, 70% (setenta) por cento dos assentos aos (\u00e0s) servidores (as) docentes, o m\u00e1ximo de 15% (quinze por cento) de t\u00e9cnicos administrativos e 15% (quinze por cento) de discentes.<\/p><p>\u00a73\u00b0 Na aus\u00eancia do (a) presidente em uma reuni\u00e3o da CEPE-CAL, os membros presentes escolher\u00e3o um(a) presidente para a referida sess\u00e3o.<\/p><p>\u00a74\u00b0 Cada membro poder\u00e1 ser substitu\u00eddo em qualquer \u00e9poca, sempre que houver consenso da maioria,<br \/>por meio de uma solicita\u00e7\u00e3o escrita do respectivo segmento de representa\u00e7\u00e3o, ou se o pr\u00f3prio<br \/>representante assim o desejar.<\/p><p>\u00a75\u00b0 Os membros ter\u00e3o mandato de 1 (um) ano, podendo ser reconduzidos pelo mesmo per\u00edodo.&#8221;<\/p><\/div>\n\t\t\t\t<\/div>\n\t\t\t\t\t\t\t<div class=\"elementor-accordion-item\">\n\t\t\t\t\t<div id=\"elementor-tab-title-8082\" class=\"elementor-tab-title\" data-tab=\"2\" role=\"button\" aria-controls=\"elementor-tab-content-8082\" aria-expanded=\"false\">\n\t\t\t\t\t\t\t\t\t\t\t\t\t<span class=\"elementor-accordion-icon elementor-accordion-icon-left\" aria-hidden=\"true\">\n\t\t\t\t\t\t\t\t\t\t\t\t\t\t\t<span class=\"elementor-accordion-icon-closed\"><i class=\"fas fa-caret-right\"><\/i><\/span>\n\t\t\t\t\t\t\t\t<span class=\"elementor-accordion-icon-opened\"><i class=\"fas fa-caret-up\"><\/i><\/span>\n\t\t\t\t\t\t\t\t\t\t\t\t\t\t<\/span>\n\t\t\t\t\t\t\t\t\t\t\t\t<a class=\"elementor-accordion-title\" tabindex=\"0\">Comiss\u00e3o Permanente de Legisla\u00e7\u00e3o e Normas do CAL (CLN-CAL)<\/a>\n\t\t\t\t\t<\/div>\n\t\t\t\t\t<div id=\"elementor-tab-content-8082\" class=\"elementor-tab-content elementor-clearfix\" data-tab=\"2\" role=\"region\" aria-labelledby=\"elementor-tab-title-8082\"><p>&#8220;Art. 72. A Comiss\u00e3o Permanente de Legisla\u00e7\u00e3o e Normas do CAL (CLN-CAL), \u00f3rg\u00e3o colegiado de car\u00e1ter consultivo, compete:<\/p><p>I &#8211; analisar e dar parecer sobre todos os processos encaminhados ao Conselho que exijam parecer formal sob a luz de normas legais internas e externas a que est\u00e3o sujeitas as Institui\u00e7\u00f5es Federais de Ensino Superior; e,<br \/>II &#8211; pronunciar-se a respeito da viabilidade de propostas de modifica\u00e7\u00f5es da legisla\u00e7\u00e3o vigente, objetivando o encaminhamento \u00e0 inst\u00e2ncia superior.&#8221;<\/p><p>&#8220;Art. 75. A CLN-CAL \u00e9 constitu\u00edda de no m\u00ednimo 05 (cinco) servidores efetivos, com respectivos suplentes, pertencentes ao Conselho do Centro de Artes e Letras, indicados pelos seus pares e eleitos anualmente, na 1\u00aa (primeira) sess\u00e3o plen\u00e1ria do Conselho.<br \/>\u00a71\u00b0 O Presidente e o Secret\u00e1rio da Comiss\u00e3o ser\u00e3o eleitos pelos seus pares e dentre eles, na mesma sess\u00e3o do Conselho do Centro de Artes e Letras que deliberar sobre a sua constitui\u00e7\u00e3o.<br \/>\u00a72\u00b0 O per\u00edodo de mandato do Presidente e do Secret\u00e1rio \u00e9 de 1 (um) ano, podendo ser reconduzidos.<br \/>\u00a73\u00b0 O Corpo de Analistas Relatores da Comiss\u00e3o \u00e9 composto por todos os seus membros, inclusive pelo Presidente e Secret\u00e1rio.<br \/>\u00a74\u00b0 Cada membro poder\u00e1 ser substitu\u00eddo em qualquer \u00e9poca, sempre que houver consenso da maioria, por meio de uma solicita\u00e7\u00e3o escrita do respectivo segmento de representa\u00e7\u00e3o, ou se o pr\u00f3prio representante assim o desejar.&#8221;<\/p><\/div>\n\t\t\t\t<\/div>\n\t\t\t\t\t\t\t<div class=\"elementor-accordion-item\">\n\t\t\t\t\t<div id=\"elementor-tab-title-8083\" class=\"elementor-tab-title\" data-tab=\"3\" role=\"button\" aria-controls=\"elementor-tab-content-8083\" aria-expanded=\"false\">\n\t\t\t\t\t\t\t\t\t\t\t\t\t<span class=\"elementor-accordion-icon elementor-accordion-icon-left\" aria-hidden=\"true\">\n\t\t\t\t\t\t\t\t\t\t\t\t\t\t\t<span class=\"elementor-accordion-icon-closed\"><i class=\"fas fa-caret-right\"><\/i><\/span>\n\t\t\t\t\t\t\t\t<span class=\"elementor-accordion-icon-opened\"><i class=\"fas fa-caret-up\"><\/i><\/span>\n\t\t\t\t\t\t\t\t\t\t\t\t\t\t<\/span>\n\t\t\t\t\t\t\t\t\t\t\t\t<a class=\"elementor-accordion-title\" tabindex=\"0\">Comiss\u00e3o Permanente de Espa\u00e7o F\u00edsico do CAL (COEFI-CAL)<\/a>\n\t\t\t\t\t<\/div>\n\t\t\t\t\t<div id=\"elementor-tab-content-8083\" class=\"elementor-tab-content elementor-clearfix\" data-tab=\"3\" role=\"region\" aria-labelledby=\"elementor-tab-title-8083\"><p>&#8220;Art. 73. A Comiss\u00e3o de Espa\u00e7o F\u00edsico do Centro de Artes e Letras (COEFI\/CAL), de car\u00e1ter consultivo, atuar\u00e1 em quest\u00f5es relativas ao espa\u00e7o f\u00edsico do CAL, tendo como compet\u00eancias:<\/p><p>I &#8211; sugerir pol\u00edticas de uso dos espa\u00e7os acad\u00eamicos e administrativos do Centro, bem como par\u00e2metros para ced\u00eancia tempor\u00e1ria dos espa\u00e7os para outras unidades ou entidades externas \u00e0 UFSM;<\/p><p>II &#8211; emitir parecer das solicita\u00e7\u00f5es internas e externas de espa\u00e7o f\u00edsico; e,<\/p><p>III &#8211; propor normativas e crit\u00e9rios para uso dos espa\u00e7os pelos projetos de pesquisa, extens\u00e3o e ensino na unidade.&#8221;<\/p><p>&#8220;Art. 76. A Comiss\u00e3o de Espa\u00e7o F\u00edsico do Centro de Artes e Letras do CAL (COEFI\/CAL) ser\u00e1 constitu\u00edda pelos seguintes membros:<\/p><p>I &#8211; o (a) Diretor (a) como membro titular e (a) Vice-diretor (a) do Centro como membro suplente;<\/p><p>II &#8211; um (a) representante docente de cada departamento did\u00e1tico do Centro, indicados pelos respectivos colegiados;<\/p><p>III &#8211; um (a) representante dos (as) servidores (as) t\u00e9cnico-administrativos (as) em educa\u00e7\u00e3o; e,<\/p><p>IV &#8211; um (a) representante do corpo discente do Centro.<\/p><p>\u00a71\u00b0 Os representantes da COEFI\/CAL, contar\u00e3o com suplentes para substitu\u00ed-los em caso de impossibilidade de comparecimento.<\/p><p>\u00a72\u00b0 Na composi\u00e7\u00e3o da COEFI\/CAL, \u00e9 assegurado o percentual de, pelo menos, 70% (setenta por cento) dos assentos ao segmento docente.<\/p><p>\u00a73\u00b0 O (A) Presidente da Comiss\u00e3o de Espa\u00e7o F\u00edsico do Centro de Artes e Letras (COEFI\/CAL) ser\u00e1 eleito(a) dentre os seus pares:<\/p><p>I &#8211; Na aus\u00eancia do(a) presidente em uma reuni\u00e3o, a Comiss\u00e3o de Espa\u00e7o F\u00edsico do Centro de Artes e Letras (COEFI\/CAL) escolher\u00e1, entre os membros presentes, um (a) presidente para essa sess\u00e3o.<\/p><p>\u00a74\u00b0 Os membros ter\u00e3o mandato de 1 (um) ano, podendo ser reconduzidos pelo mesmo per\u00edodo.<\/p><p>\u00a75\u00b0 Os membros, titulares e suplentes, dos incisos II a IV ser\u00e3o indicados pelos seus pares, com aprova\u00e7\u00e3o do Conselho do Centro.<\/p><p>\u00a7 6\u00b0 Cada membro poder\u00e1 ser substitu\u00eddo em qualquer \u00e9poca, sempre que houver consenso da maioria, por meio de uma solicita\u00e7\u00e3o escrita do respectivo segmento de representa\u00e7\u00e3o, ou se o pr\u00f3prio representante assim o desejar.<\/p><\/div>\n\t\t\t\t<\/div>\n\t\t\t\t\t\t\t<div class=\"elementor-accordion-item\">\n\t\t\t\t\t<div id=\"elementor-tab-title-8084\" class=\"elementor-tab-title\" data-tab=\"4\" role=\"button\" aria-controls=\"elementor-tab-content-8084\" aria-expanded=\"false\">\n\t\t\t\t\t\t\t\t\t\t\t\t\t<span class=\"elementor-accordion-icon elementor-accordion-icon-left\" aria-hidden=\"true\">\n\t\t\t\t\t\t\t\t\t\t\t\t\t\t\t<span class=\"elementor-accordion-icon-closed\"><i class=\"fas fa-caret-right\"><\/i><\/span>\n\t\t\t\t\t\t\t\t<span class=\"elementor-accordion-icon-opened\"><i class=\"fas fa-caret-up\"><\/i><\/span>\n\t\t\t\t\t\t\t\t\t\t\t\t\t\t<\/span>\n\t\t\t\t\t\t\t\t\t\t\t\t<a class=\"elementor-accordion-title\" tabindex=\"0\">Comiss\u00e3o Permanente do Teatro Caixa Preta (CTCP)<\/a>\n\t\t\t\t\t<\/div>\n\t\t\t\t\t<div id=\"elementor-tab-content-8084\" class=\"elementor-tab-content elementor-clearfix\" data-tab=\"4\" role=\"region\" aria-labelledby=\"elementor-tab-title-8084\"><p>Art. 85. Caber\u00e1 a Comiss\u00e3o Permanente do Teatro Caixa Preta (CTCP), \u00f3rg\u00e3o consultivo e deliberativo:<\/p><p>I &#8211; autorizar atividades que condigam com os interesses das Artes e Letras;<\/p><p>II &#8211; organizar o cronograma anual de atividades; e,<\/p><p>III &#8211; zelar pelos bens e espa\u00e7o f\u00edsico.<\/p><p>Art. 86. A Comiss\u00e3o Permanente do Teatro Caixa Preta (CTCP) ser\u00e1 composta por:<\/p><p>I &#8211; 1 (um) representante docente de cada departamento did\u00e1tico do Centro de Artes e Letras e respectivos suplentes, indicados pelos colegiados departamentais;<\/p><p>II &#8211; 1 (um) representante dos T\u00e9cnico-Administrativos em Educa\u00e7\u00e3o e respectivo suplente; e,<\/p><p>III &#8211; 1 (um) representante dos discentes e respectivo suplente.<\/p><p>\u00a71\u00b0 A Comiss\u00e3o Permanente do Teatro Caixa Preta (CTCP) ter\u00e1 um presidente escolhido entre seus pares.<\/p><p>\u00a72\u00b0 Os membros ter\u00e3o mandato de 2 (dois) anos, podendo ser reconduzidos pelo mesmo per\u00edodo.<\/p><p>\u00a73\u00b0 Na composi\u00e7\u00e3o da CTCP, \u00e9 assegurado o percentual de, pelo menos, 70% (setenta por cento) dos assentos ao segmento docente.<\/p><p><br \/><br \/><br \/><br \/><br \/><\/p><\/div>\n\t\t\t\t<\/div>\n\t\t\t\t\t\t\t<div class=\"elementor-accordion-item\">\n\t\t\t\t\t<div id=\"elementor-tab-title-8085\" class=\"elementor-tab-title\" data-tab=\"5\" role=\"button\" aria-controls=\"elementor-tab-content-8085\" aria-expanded=\"false\">\n\t\t\t\t\t\t\t\t\t\t\t\t\t<span class=\"elementor-accordion-icon elementor-accordion-icon-left\" aria-hidden=\"true\">\n\t\t\t\t\t\t\t\t\t\t\t\t\t\t\t<span class=\"elementor-accordion-icon-closed\"><i class=\"fas fa-caret-right\"><\/i><\/span>\n\t\t\t\t\t\t\t\t<span class=\"elementor-accordion-icon-opened\"><i class=\"fas fa-caret-up\"><\/i><\/span>\n\t\t\t\t\t\t\t\t\t\t\t\t\t\t<\/span>\n\t\t\t\t\t\t\t\t\t\t\t\t<a class=\"elementor-accordion-title\" tabindex=\"0\">Comiss\u00e3o Permanente da Sala de Exposi\u00e7\u00f5es Cl\u00e1udio Carriconde (CSECC)<\/a>\n\t\t\t\t\t<\/div>\n\t\t\t\t\t<div id=\"elementor-tab-content-8085\" class=\"elementor-tab-content elementor-clearfix\" data-tab=\"5\" role=\"region\" aria-labelledby=\"elementor-tab-title-8085\"><p>Art. 83. Caber\u00e1 \u00e0 Comiss\u00e3o Permanente da Sala de Exposi\u00e7\u00f5es Cl\u00e1udio Carriconde (CSECC), um \u00f3rg\u00e3o consultivo e deliberativo:<\/p><p>I &#8211; elaborar a minuta de resolu\u00e7\u00e3o da Comiss\u00e3o Permanente da Sala;<\/p><p>II &#8211; conduzir as atividades da Sala deliberando sobre pautas relacionadas;<\/p><p>IV \u2013 viabilizar a manuten\u00e7\u00e3o de exposi\u00e7\u00f5es de trabalhos art\u00edsticos em espa\u00e7os virtuais da Sala.<\/p><p>Art. 84. A CSECC ser\u00e1 constitu\u00edda pelos seguintes membros:<\/p><p>I &#8211; 1 (um\/a) docente representante de cada departamento did\u00e1tico do CAL, indicados pelos respectivos colegiados;<\/p><p>II &#8211; 1 (um\/a) docente da P\u00f3s-Gradua\u00e7\u00e3o em Artes Visuais (PPGART) como representante das P\u00f3s-Gradua\u00e7\u00f5es do CAL;<\/p><p>III &#8211; 1 (um\/a) representante t\u00e9cnico-administrativo;<\/p><p>IV &#8211; 1 (um\/a) representante discente do Curso de Artes Visuais, indicado pelo Curso de Artes Visuais (licenciatura ou bacharelado); e,<\/p><p>V &#8211; 1 (um\/a) representante discente do PPGART, indicado pelo Curso.<\/p><p>\u00a7 1\u00ba O(a) presidente e o(a) vice-presidente da Comiss\u00e3o devem ser docentes do departamento de Artes Visuais.<\/p><\/div>\n\t\t\t\t<\/div>\n\t\t\t\t\t\t\t\t<\/div>\n\t\t\t\t<\/div>\n\t\t\t\t<\/div>\n\t\t\t\t\t<\/div>\n\t\t<\/div>\n\t\t\t\t\t<\/div>\n\t\t<\/section>\n\t\t\t\t<\/div>\n\t\t","protected":false},"excerpt":{"rendered":"<p>Comiss\u00e3o Permanente de Ensino, Pesquisa e Extens\u00e3o do CAL (CEPE-CAL) &#8220;Art. 71. A Comiss\u00e3o Permanente de Ensino, Pesquisa e Extens\u00e3o do CAL (CEPE-CAL), \u00f3rg\u00e3o colegiado de car\u00e1ter consultivo, presta consulta ao Conselho do CAL em quest\u00f5es pol\u00edticas, acad\u00eamicas, did\u00e1tico-pedag\u00f3gicas e administrativas e a ela compete: I &#8211; opinar sobre pol\u00edticas de ensino, pesquisa e extens\u00e3o [&hellip;]<\/p>\n","protected":false},"author":35,"featured_media":0,"parent":0,"menu_order":0,"comment_status":"closed","ping_status":"closed","template":"","meta":{"footnotes":""},"categories":[],"tags":[],"class_list":["post-14","page","type-page","status-publish","hentry"],"acf":[],"_links":{"self":[{"href":"https:\/\/www.ufsm.br\/unidades-universitarias\/cal\/wp-json\/wp\/v2\/pages\/14","targetHints":{"allow":["GET"]}}],"collection":[{"href":"https:\/\/www.ufsm.br\/unidades-universitarias\/cal\/wp-json\/wp\/v2\/pages"}],"about":[{"href":"https:\/\/www.ufsm.br\/unidades-universitarias\/cal\/wp-json\/wp\/v2\/types\/page"}],"author":[{"embeddable":true,"href":"https:\/\/www.ufsm.br\/unidades-universitarias\/cal\/wp-json\/wp\/v2\/users\/35"}],"replies":[{"embeddable":true,"href":"https:\/\/www.ufsm.br\/unidades-universitarias\/cal\/wp-json\/wp\/v2\/comments?post=14"}],"version-history":[{"count":0,"href":"https:\/\/www.ufsm.br\/unidades-universitarias\/cal\/wp-json\/wp\/v2\/pages\/14\/revisions"}],"wp:attachment":[{"href":"https:\/\/www.ufsm.br\/unidades-universitarias\/cal\/wp-json\/wp\/v2\/media?parent=14"}],"wp:term":[{"taxonomy":"category","embeddable":true,"href":"https:\/\/www.ufsm.br\/unidades-universitarias\/cal\/wp-json\/wp\/v2\/categories?post=14"},{"taxonomy":"post_tag","embeddable":true,"href":"https:\/\/www.ufsm.br\/unidades-universitarias\/cal\/wp-json\/wp\/v2\/tags?post=14"}],"curies":[{"name":"wp","href":"https:\/\/api.w.org\/{rel}","templated":true}]}}