{"id":1492,"date":"2019-04-26T13:42:51","date_gmt":"2019-04-26T16:42:51","guid":{"rendered":"https:\/\/www.ufsm.br\/unidades-universitarias\/cal\/?page_id=1492"},"modified":"2022-11-01T15:49:19","modified_gmt":"2022-11-01T18:49:19","slug":"cal-na-jai-na-praca","status":"publish","type":"page","link":"https:\/\/www.ufsm.br\/unidades-universitarias\/cal\/cal-na-jai-na-praca","title":{"rendered":"CAL na JAI"},"content":{"rendered":"\t\t<div data-elementor-type=\"wp-post\" data-elementor-id=\"1492\" class=\"elementor elementor-1492\">\n\t\t\t\t\t\t<section class=\"elementor-section elementor-top-section elementor-element elementor-element-ea02c98 elementor-section-boxed elementor-section-height-default elementor-section-height-default\" data-id=\"ea02c98\" data-element_type=\"section\">\n\t\t\t\t\t\t<div class=\"elementor-container elementor-column-gap-default\">\n\t\t\t\t\t<div class=\"elementor-column elementor-col-100 elementor-top-column elementor-element elementor-element-9b38c31\" data-id=\"9b38c31\" data-element_type=\"column\">\n\t\t\t<div class=\"elementor-widget-wrap elementor-element-populated\">\n\t\t\t\t\t\t<div class=\"elementor-element elementor-element-ba90484 elementor-widget elementor-widget-heading\" data-id=\"ba90484\" data-element_type=\"widget\" data-widget_type=\"heading.default\">\n\t\t\t\t<div class=\"elementor-widget-container\">\n\t\t\t<h5 class=\"elementor-heading-title elementor-size-default\">2022<\/h5>\t\t<\/div>\n\t\t\t\t<\/div>\n\t\t\t\t<div class=\"elementor-element elementor-element-fa17c10 elementor-widget elementor-widget-text-editor\" data-id=\"fa17c10\" data-element_type=\"widget\" data-widget_type=\"text-editor.default\">\n\t\t\t\t<div class=\"elementor-widget-container\">\n\t\t\t\t\t\t\t<h4>Apresenta\u00e7\u00f5es Orais<\/h4><table class=\"wp-block-table\"><tbody><tr><td><a href=\"https:\/\/www.ufsm.br\/app\/uploads\/sites\/345\/2022\/10\/ARTES-PLASTICAS-1_2.pdf\">LETRAS E ARTES \u2013 ARTES\/ARTES PL\u00c1STICAS 1 e 2<\/a><\/td><\/tr><tr><td><a href=\"https:\/\/www.ufsm.br\/app\/uploads\/sites\/345\/2022\/10\/ARTES-PLASTICAS-e-TEATRO-NOTURNOS.pdf\">LETRAS E ARTES \u2013 ARTES\/ARTES PL\u00c1STICAS e ARTES\/TEATRO (NOTURNOS)<\/a><\/td><\/tr><tr><td><a href=\"https:\/\/www.ufsm.br\/app\/uploads\/sites\/345\/2022\/10\/DANCA.pdf\">LETRAS E ARTES \u2013 ARTES\/DAN\u00c7A<\/a><\/td><\/tr><tr><td><a href=\"https:\/\/www.ufsm.br\/app\/uploads\/sites\/345\/2022\/10\/LETRAS-NOTURNO.pdf\">LETRAS E ARTES \u2013 LETRAS (NOTURNO)<\/a><\/td><\/tr><tr><td><a href=\"https:\/\/www.ufsm.br\/app\/uploads\/sites\/345\/2022\/10\/MUSICA.pdf\">LETRAS E ARTES \u2013 ARTES\/M\u00daSICA<\/a><\/td><\/tr><tr><td><a href=\"https:\/\/www.ufsm.br\/app\/uploads\/sites\/345\/2022\/10\/TEATRO.pdf\">LETRAS E ARTES \u2013 ARTES\/TEATRO<\/a><\/td><\/tr><tr><td><a href=\"https:\/\/www.ufsm.br\/app\/uploads\/sites\/345\/2022\/10\/LETRAS-1_2.pdf\">LETRAS E ARTES \u2013 LETRAS 1 e 2<\/a><\/td><\/tr><tr><td><a href=\"https:\/\/www.ufsm.br\/app\/uploads\/sites\/345\/2022\/10\/LINGUISTICA-1_2_3_4.pdf\">LETRAS E ARTES \u2013 LINGU\u00cdSTICA 1 a 4<\/a><\/td><\/tr><tr><td><p><a href=\"https:\/\/www.ufsm.br\/app\/uploads\/sites\/345\/2022\/10\/LINGUISTICA-NOTURNO.pdf\">LETRAS E ARTES \u2013 LINGU\u00cdSTICA (NOTURNO)<\/a><\/p><\/td><\/tr><\/tbody><\/table><hr \/><h4>15\u00ba Sal\u00e3o de Extens\u00e3o<\/h4><table style=\"border-collapse: collapse;width: 100%\"><tbody><tr><td style=\"width: 100%\"><a href=\"https:\/\/www.ufsm.br\/app\/uploads\/sites\/345\/2022\/10\/ORAIS-EXTENSAO-PARA-DIVULGACAO.pdf\">APRESENTA\u00c7\u00d5ES ORAIS DE EXTENS\u00c3O \u2013 PR\u00c9DIO 44<\/a><\/td><\/tr><\/tbody><\/table><hr \/><h4>Apresenta\u00e7\u00f5es Banners<\/h4><table class=\"wp-block-table\"><tbody><tr><td><a href=\"https:\/\/www.ufsm.br\/app\/uploads\/sites\/345\/2022\/10\/1_Artes_-artes-plasticas.pdf\">LETRAS E ARTES \u2013 ARTES\/ARTES PL\u00c1STICAS<\/a><\/td><\/tr><tr><td><a href=\"https:\/\/www.ufsm.br\/app\/uploads\/sites\/345\/2022\/10\/2_Artes_-danca.pdf\">LETRAS E ARTES \u2013 ARTES\/DAN\u00c7A<\/a><\/td><\/tr><tr><td><a href=\"https:\/\/www.ufsm.br\/app\/uploads\/sites\/345\/2022\/10\/3_Artes_-musica.pdf\">LETRAS E ARTES \u2013 ARTES\/M\u00daSICA<\/a><\/td><\/tr><tr><td><a href=\"https:\/\/www.ufsm.br\/app\/uploads\/sites\/681\/2022\/10\/ARTES_MUSICA-HALL-09_11-NOTURNO.pdf\">LETRAS E ARTES \u2013 ARTES\/M\u00daSICA (NOTURNO)<\/a><\/td><\/tr><tr><td><a href=\"https:\/\/www.ufsm.br\/app\/uploads\/sites\/345\/2022\/10\/4_Artes_-teatro.pdf\">LETRAS E ARTES \u2013 ARTES\/TEATRO<\/a><\/td><\/tr><tr><td><a href=\"https:\/\/www.ufsm.br\/app\/uploads\/sites\/345\/2022\/10\/5_Letras.pdf\">LETRAS E ARTES \u2013 LETRAS<\/a><\/td><\/tr><tr><td><a href=\"https:\/\/www.ufsm.br\/app\/uploads\/sites\/681\/2022\/10\/LETRAS-HALL-09_11-NOTURNO.pdf\">LETRAS E ARTES \u2013 LETRAS (NOTURNO)<\/a><\/td><\/tr><tr><td><a href=\"https:\/\/www.ufsm.br\/app\/uploads\/sites\/345\/2022\/10\/6_LINGUISTICA.pdf\">LETRAS E ARTES \u2013 LINGU\u00cdSTICA<\/a><\/td><\/tr><tr><td><a href=\"https:\/\/www.ufsm.br\/app\/uploads\/sites\/681\/2022\/10\/LINGUISTICA-HALL-09_11-NOTURNO.pdf\">LETRAS E ARTES \u2013 LINGUISTICA (NOTURNO)<\/a><\/td><\/tr><\/tbody><\/table><hr \/><h4>Apresenta\u00e7\u00f5es Performativas<\/h4><table style=\"border-collapse: collapse;width: 100%\"><tbody><tr><td style=\"width: 100%\"><a href=\"https:\/\/www.ufsm.br\/app\/uploads\/sites\/345\/2022\/10\/performativas-TEATRO-e-DANCA.pdf\">APRESENTA\u00c7\u00d5ES PERFORMATIVAS &#8211; PALCO CENTRO DE CONVEN\u00c7\u00d5ES<\/a><\/td><\/tr><\/tbody><\/table><hr \/>\t\t\t\t\t\t<\/div>\n\t\t\t\t<\/div>\n\t\t\t\t\t<\/div>\n\t\t<\/div>\n\t\t\t\t\t<\/div>\n\t\t<\/section>\n\t\t\t\t<section class=\"elementor-section elementor-top-section elementor-element elementor-element-db82eed elementor-section-boxed elementor-section-height-default elementor-section-height-default\" data-id=\"db82eed\" data-element_type=\"section\">\n\t\t\t\t\t\t<div class=\"elementor-container elementor-column-gap-default\">\n\t\t\t\t\t<div class=\"elementor-column elementor-col-100 elementor-top-column elementor-element elementor-element-b3ce224\" data-id=\"b3ce224\" data-element_type=\"column\">\n\t\t\t<div class=\"elementor-widget-wrap elementor-element-populated\">\n\t\t\t\t\t\t<div class=\"elementor-element elementor-element-6997f00 elementor-widget elementor-widget-wp-widget-custom_html\" data-id=\"6997f00\" data-element_type=\"widget\" data-widget_type=\"wp-widget-custom_html.default\">\n\t\t\t\t<div class=\"elementor-widget-container\">\n\t\t\t<h5>2014<\/h5><div class=\"textwidget custom-html-widget\"><iframe src=\"https:\/\/e.issuu.com\/embed.html?identifier=l1amzd99anxa&amp;embedType=script#0\/9843606\" height=\"600px\" allowfullscreen=\"\"><\/iframe> <\/div>\t\t<\/div>\n\t\t\t\t<\/div>\n\t\t\t\t\t<\/div>\n\t\t<\/div>\n\t\t\t\t\t<\/div>\n\t\t<\/section>\n\t\t\t\t<\/div>\n\t\t","protected":false},"excerpt":{"rendered":"<p>2022 Apresenta\u00e7\u00f5es Orais LETRAS E ARTES \u2013 ARTES\/ARTES PL\u00c1STICAS 1 e 2 LETRAS E ARTES \u2013 ARTES\/ARTES PL\u00c1STICAS e ARTES\/TEATRO (NOTURNOS) LETRAS E ARTES \u2013 ARTES\/DAN\u00c7A LETRAS E ARTES \u2013 LETRAS (NOTURNO) LETRAS E ARTES \u2013 ARTES\/M\u00daSICA LETRAS E ARTES \u2013 ARTES\/TEATRO LETRAS E ARTES \u2013 LETRAS 1 e 2 LETRAS E ARTES \u2013 LINGU\u00cdSTICA [&hellip;]<\/p>\n","protected":false},"author":117,"featured_media":0,"parent":0,"menu_order":0,"comment_status":"closed","ping_status":"closed","template":"","meta":{"footnotes":""},"categories":[],"tags":[],"class_list":["post-1492","page","type-page","status-publish","hentry"],"acf":[],"_links":{"self":[{"href":"https:\/\/www.ufsm.br\/unidades-universitarias\/cal\/wp-json\/wp\/v2\/pages\/1492","targetHints":{"allow":["GET"]}}],"collection":[{"href":"https:\/\/www.ufsm.br\/unidades-universitarias\/cal\/wp-json\/wp\/v2\/pages"}],"about":[{"href":"https:\/\/www.ufsm.br\/unidades-universitarias\/cal\/wp-json\/wp\/v2\/types\/page"}],"author":[{"embeddable":true,"href":"https:\/\/www.ufsm.br\/unidades-universitarias\/cal\/wp-json\/wp\/v2\/users\/117"}],"replies":[{"embeddable":true,"href":"https:\/\/www.ufsm.br\/unidades-universitarias\/cal\/wp-json\/wp\/v2\/comments?post=1492"}],"version-history":[{"count":0,"href":"https:\/\/www.ufsm.br\/unidades-universitarias\/cal\/wp-json\/wp\/v2\/pages\/1492\/revisions"}],"wp:attachment":[{"href":"https:\/\/www.ufsm.br\/unidades-universitarias\/cal\/wp-json\/wp\/v2\/media?parent=1492"}],"wp:term":[{"taxonomy":"category","embeddable":true,"href":"https:\/\/www.ufsm.br\/unidades-universitarias\/cal\/wp-json\/wp\/v2\/categories?post=1492"},{"taxonomy":"post_tag","embeddable":true,"href":"https:\/\/www.ufsm.br\/unidades-universitarias\/cal\/wp-json\/wp\/v2\/tags?post=1492"}],"curies":[{"name":"wp","href":"https:\/\/api.w.org\/{rel}","templated":true}]}}