{"id":3178,"date":"2023-02-09T10:09:25","date_gmt":"2023-02-09T13:09:25","guid":{"rendered":"https:\/\/www.ufsm.br\/unidades-universitarias\/cal\/?page_id=3178"},"modified":"2023-02-09T12:24:36","modified_gmt":"2023-02-09T15:24:36","slug":"seminario-de-pesquisa-do-cal","status":"publish","type":"page","link":"https:\/\/www.ufsm.br\/unidades-universitarias\/cal\/seminario-de-pesquisa-do-cal","title":{"rendered":"Semin\u00e1rio de Pesquisa do CAL"},"content":{"rendered":"\t\t<div data-elementor-type=\"wp-page\" data-elementor-id=\"3178\" class=\"elementor elementor-3178\">\n\t\t\t\t\t\t<section class=\"elementor-section elementor-top-section elementor-element elementor-element-385b5fe elementor-section-boxed elementor-section-height-default elementor-section-height-default\" data-id=\"385b5fe\" data-element_type=\"section\">\n\t\t\t\t\t\t<div class=\"elementor-container elementor-column-gap-default\">\n\t\t\t\t\t<div class=\"elementor-column elementor-col-100 elementor-top-column elementor-element elementor-element-a83471e\" data-id=\"a83471e\" data-element_type=\"column\">\n\t\t\t<div class=\"elementor-widget-wrap elementor-element-populated\">\n\t\t\t\t\t\t<div class=\"elementor-element elementor-element-bbe4dd4 elementor-widget elementor-widget-image\" data-id=\"bbe4dd4\" data-element_type=\"widget\" data-widget_type=\"image.default\">\n\t\t\t\t<div class=\"elementor-widget-container\">\n\t\t\t\t\t\t\t\t\t\t\t\t\t<img fetchpriority=\"high\" decoding=\"async\" width=\"1920\" height=\"375\" src=\"https:\/\/www.ufsm.br\/app\/uploads\/sites\/368\/2023\/02\/spcal_topo.jpg\" class=\"attachment-full size-full wp-image-3183\" alt=\"\" srcset=\"https:\/\/www.ufsm.br\/app\/uploads\/sites\/368\/2023\/02\/spcal_topo.jpg 1920w, https:\/\/www.ufsm.br\/app\/uploads\/sites\/368\/2023\/02\/spcal_topo-300x59.jpg 300w, https:\/\/www.ufsm.br\/app\/uploads\/sites\/368\/2023\/02\/spcal_topo-1024x200.jpg 1024w, https:\/\/www.ufsm.br\/app\/uploads\/sites\/368\/2023\/02\/spcal_topo-768x150.jpg 768w, https:\/\/www.ufsm.br\/app\/uploads\/sites\/368\/2023\/02\/spcal_topo-1536x300.jpg 1536w\" sizes=\"(max-width: 1920px) 100vw, 1920px\" \/>\t\t\t\t\t\t\t\t\t\t\t\t\t<\/div>\n\t\t\t\t<\/div>\n\t\t\t\t<div class=\"elementor-element elementor-element-f98dc5e elementor-widget elementor-widget-text-editor\" data-id=\"f98dc5e\" data-element_type=\"widget\" data-widget_type=\"text-editor.default\">\n\t\t\t\t<div class=\"elementor-widget-container\">\n\t\t\t\t\t\t\t<p><span id=\"m_-6096921543047888402gmail-OutFieldTag_U3t74T77GQIoiKhV\" aria-labelledby=\"OutFieldTag_U3t74T77GQIoiKhV_label\">O Semin\u00e1rio de Pesquisa do CAL \u00e9 um projeto de desenvolvimento institucional caracterizado pela realiza\u00e7\u00e3o de eventos e encontros com foco no desenvolvimento da pesquisa, a fim de incentivar, efetivar e prospectar a pesquisa no Centro de Artes e Letras. Os eventos anuais constar\u00e3o de palestras, mesas-redondas, rodas de conversa, oficinas, com vistas a dar uma ideia geral do panorama e das perspectivas e metas da pesquisa no Centro de Artes e Letras, considerando os tr\u00eas segmentos de sua composi\u00e7\u00e3o \u2013 docentes, t\u00e9cnicos e alunos. As atividades do projeto Semin\u00e1rio de Pesquisa do CAL s\u00e3o realizadas anualmente, com diagn\u00f3sticos, avalia\u00e7\u00f5es e prospec\u00e7\u00e3o de metas. Ele est\u00e1 registrado no projeto de n\u00famero <span id=\"m_-6096921543047888402gmail-OutFieldTag_ARjZwAXkZJriR96Z\" aria-labelledby=\"OutFieldTag_ARjZwAXkZJriR96Z_label\">059190<\/span>. <\/span><\/p>\t\t\t\t\t\t<\/div>\n\t\t\t\t<\/div>\n\t\t\t\t\t<\/div>\n\t\t<\/div>\n\t\t\t\t\t<\/div>\n\t\t<\/section>\n\t\t\t\t<section class=\"elementor-section elementor-top-section elementor-element elementor-element-731c7f2 elementor-section-boxed elementor-section-height-default elementor-section-height-default\" data-id=\"731c7f2\" data-element_type=\"section\">\n\t\t\t\t\t\t<div class=\"elementor-container elementor-column-gap-default\">\n\t\t\t\t\t<div class=\"elementor-column elementor-col-100 elementor-top-column elementor-element elementor-element-30b22f8\" data-id=\"30b22f8\" data-element_type=\"column\">\n\t\t\t<div class=\"elementor-widget-wrap elementor-element-populated\">\n\t\t\t\t\t\t<div class=\"elementor-element elementor-element-9dd0e96 elementor-widget elementor-widget-wp-widget-ufsm_noticias_widget\" data-id=\"9dd0e96\" data-element_type=\"widget\" data-widget_type=\"wp-widget-ufsm_noticias_widget.default\">\n\t\t\t\t<div class=\"elementor-widget-container\">\n\t\t\t<h5 class='titulo-conteudos'>Not\u00edcias<\/h5><p>Nenhuma not\u00edcia encontrada para esta se\u00e7\u00e3o.<\/p>\t\t<\/div>\n\t\t\t\t<\/div>\n\t\t\t\t\t<\/div>\n\t\t<\/div>\n\t\t\t\t\t<\/div>\n\t\t<\/section>\n\t\t\t\t<section class=\"elementor-section elementor-top-section elementor-element elementor-element-ec9fdb4 elementor-section-boxed elementor-section-height-default elementor-section-height-default\" data-id=\"ec9fdb4\" data-element_type=\"section\">\n\t\t\t\t\t\t<div class=\"elementor-container elementor-column-gap-default\">\n\t\t\t\t\t<div class=\"elementor-column elementor-col-100 elementor-top-column elementor-element elementor-element-20affa2\" data-id=\"20affa2\" data-element_type=\"column\">\n\t\t\t<div class=\"elementor-widget-wrap elementor-element-populated\">\n\t\t\t\t\t\t<div class=\"elementor-element elementor-element-be0ead7 elementor-widget elementor-widget-heading\" data-id=\"be0ead7\" data-element_type=\"widget\" data-widget_type=\"heading.default\">\n\t\t\t\t<div class=\"elementor-widget-container\">\n\t\t\t<h5 class=\"elementor-heading-title elementor-size-default\">Edi\u00e7\u00f5es anteriores<\/h5>\t\t<\/div>\n\t\t\t\t<\/div>\n\t\t\t\t\t<\/div>\n\t\t<\/div>\n\t\t\t\t\t<\/div>\n\t\t<\/section>\n\t\t\t\t<section class=\"elementor-section elementor-top-section elementor-element elementor-element-e678eba elementor-section-boxed elementor-section-height-default elementor-section-height-default\" data-id=\"e678eba\" data-element_type=\"section\">\n\t\t\t\t\t\t<div class=\"elementor-container elementor-column-gap-default\">\n\t\t\t\t\t<div class=\"elementor-column elementor-col-50 elementor-top-column elementor-element elementor-element-904638c\" data-id=\"904638c\" data-element_type=\"column\">\n\t\t\t<div class=\"elementor-widget-wrap elementor-element-populated\">\n\t\t\t\t\t\t<div class=\"elementor-element elementor-element-6765cc4 elementor-widget elementor-widget-image\" data-id=\"6765cc4\" data-element_type=\"widget\" data-widget_type=\"image.default\">\n\t\t\t\t<div class=\"elementor-widget-container\">\n\t\t\t\t\t\t\t\t\t\t\t\t\t\t<a href=\"https:\/\/www.ufsm.br\/unidades-universitarias\/cal\/eventos\/1-spcal\" target=\"_blank\">\n\t\t\t\t\t\t\t<img decoding=\"async\" width=\"600\" height=\"200\" src=\"https:\/\/www.ufsm.br\/app\/uploads\/sites\/368\/2023\/02\/post_1spcal-04-1.jpg\" class=\"attachment-full size-full wp-image-3182\" alt=\"\" srcset=\"https:\/\/www.ufsm.br\/app\/uploads\/sites\/368\/2023\/02\/post_1spcal-04-1.jpg 600w, https:\/\/www.ufsm.br\/app\/uploads\/sites\/368\/2023\/02\/post_1spcal-04-1-300x100.jpg 300w\" sizes=\"(max-width: 600px) 100vw, 600px\" \/>\t\t\t\t\t\t\t\t<\/a>\n\t\t\t\t\t\t\t\t\t\t\t\t\t<\/div>\n\t\t\t\t<\/div>\n\t\t\t\t\t<\/div>\n\t\t<\/div>\n\t\t\t\t<div class=\"elementor-column elementor-col-50 elementor-top-column elementor-element elementor-element-cc28592\" data-id=\"cc28592\" data-element_type=\"column\">\n\t\t\t<div class=\"elementor-widget-wrap elementor-element-populated\">\n\t\t\t\t\t\t<div class=\"elementor-element elementor-element-310bd4b elementor-align-justify elementor-widget elementor-widget-button\" data-id=\"310bd4b\" data-element_type=\"widget\" data-widget_type=\"button.default\">\n\t\t\t\t<div class=\"elementor-widget-container\">\n\t\t\t\t\t\t\t<div class=\"elementor-button-wrapper\">\n\t\t\t\t\t<a class=\"elementor-button elementor-button-link elementor-size-xl\" href=\"https:\/\/portal.ufsm.br\/certificados\/mainMenu.html\" target=\"_blank\">\n\t\t\t\t\t\t<span class=\"elementor-button-content-wrapper\">\n\t\t\t\t\t\t<span class=\"elementor-button-icon\">\n\t\t\t\t<i aria-hidden=\"true\" class=\"far fa-file\"><\/i>\t\t\t<\/span>\n\t\t\t\t\t\t\t\t\t<span class=\"elementor-button-text\">Certificados<\/span>\n\t\t\t\t\t<\/span>\n\t\t\t\t\t<\/a>\n\t\t\t\t<\/div>\n\t\t\t\t\t\t<\/div>\n\t\t\t\t<\/div>\n\t\t\t\t\t<\/div>\n\t\t<\/div>\n\t\t\t\t\t<\/div>\n\t\t<\/section>\n\t\t\t\t<\/div>\n\t\t","protected":false},"excerpt":{"rendered":"<p>O Semin\u00e1rio de Pesquisa do CAL \u00e9 um projeto de desenvolvimento institucional caracterizado pela realiza\u00e7\u00e3o de eventos e encontros com foco no desenvolvimento da pesquisa, a fim de incentivar, efetivar e prospectar a pesquisa no Centro de Artes e Letras. Os eventos anuais constar\u00e3o de palestras, mesas-redondas, rodas de conversa, oficinas, com vistas a dar [&hellip;]<\/p>\n","protected":false},"author":243,"featured_media":0,"parent":0,"menu_order":0,"comment_status":"closed","ping_status":"closed","template":"","meta":{"footnotes":""},"categories":[],"tags":[],"class_list":["post-3178","page","type-page","status-publish","hentry"],"acf":[],"_links":{"self":[{"href":"https:\/\/www.ufsm.br\/unidades-universitarias\/cal\/wp-json\/wp\/v2\/pages\/3178","targetHints":{"allow":["GET"]}}],"collection":[{"href":"https:\/\/www.ufsm.br\/unidades-universitarias\/cal\/wp-json\/wp\/v2\/pages"}],"about":[{"href":"https:\/\/www.ufsm.br\/unidades-universitarias\/cal\/wp-json\/wp\/v2\/types\/page"}],"author":[{"embeddable":true,"href":"https:\/\/www.ufsm.br\/unidades-universitarias\/cal\/wp-json\/wp\/v2\/users\/243"}],"replies":[{"embeddable":true,"href":"https:\/\/www.ufsm.br\/unidades-universitarias\/cal\/wp-json\/wp\/v2\/comments?post=3178"}],"version-history":[{"count":0,"href":"https:\/\/www.ufsm.br\/unidades-universitarias\/cal\/wp-json\/wp\/v2\/pages\/3178\/revisions"}],"wp:attachment":[{"href":"https:\/\/www.ufsm.br\/unidades-universitarias\/cal\/wp-json\/wp\/v2\/media?parent=3178"}],"wp:term":[{"taxonomy":"category","embeddable":true,"href":"https:\/\/www.ufsm.br\/unidades-universitarias\/cal\/wp-json\/wp\/v2\/categories?post=3178"},{"taxonomy":"post_tag","embeddable":true,"href":"https:\/\/www.ufsm.br\/unidades-universitarias\/cal\/wp-json\/wp\/v2\/tags?post=3178"}],"curies":[{"name":"wp","href":"https:\/\/api.w.org\/{rel}","templated":true}]}}