{"id":3185,"date":"2023-02-09T11:40:21","date_gmt":"2023-02-09T14:40:21","guid":{"rendered":"https:\/\/www.ufsm.br\/unidades-universitarias\/cal\/?page_id=3185"},"modified":"2023-02-09T12:10:06","modified_gmt":"2023-02-09T15:10:06","slug":"vagas-para-bolsas","status":"publish","type":"page","link":"https:\/\/www.ufsm.br\/unidades-universitarias\/cal\/vagas-para-bolsas","title":{"rendered":"Vagas para bolsas"},"content":{"rendered":"\t\t<div data-elementor-type=\"wp-page\" data-elementor-id=\"3185\" class=\"elementor elementor-3185\">\n\t\t\t\t\t\t<section class=\"elementor-section elementor-top-section elementor-element elementor-element-8c995b4 elementor-section-boxed elementor-section-height-default elementor-section-height-default\" data-id=\"8c995b4\" data-element_type=\"section\">\n\t\t\t\t\t\t<div class=\"elementor-container elementor-column-gap-default\">\n\t\t\t\t\t<div class=\"elementor-column elementor-col-100 elementor-top-column elementor-element elementor-element-6817a37\" data-id=\"6817a37\" data-element_type=\"column\">\n\t\t\t<div class=\"elementor-widget-wrap elementor-element-populated\">\n\t\t\t\t\t\t<div class=\"elementor-element elementor-element-c24043c elementor-widget elementor-widget-text-editor\" data-id=\"c24043c\" data-element_type=\"widget\" data-widget_type=\"text-editor.default\">\n\t\t\t\t<div class=\"elementor-widget-container\">\n\t\t\t\t\t\t\t<p> Este espa\u00e7o destina-se \u00e0 divulga\u00e7\u00e3o de oportunidades de bolsas para os acad\u00eamicos vinculados ao Centro de Artes e Letras.<\/p>\t\t\t\t\t\t<\/div>\n\t\t\t\t<\/div>\n\t\t\t\t\t<\/div>\n\t\t<\/div>\n\t\t\t\t\t<\/div>\n\t\t<\/section>\n\t\t\t\t<section class=\"elementor-section elementor-top-section elementor-element elementor-element-da9a245 elementor-section-boxed elementor-section-height-default elementor-section-height-default\" data-id=\"da9a245\" data-element_type=\"section\">\n\t\t\t\t\t\t<div class=\"elementor-container elementor-column-gap-default\">\n\t\t\t\t\t<div class=\"elementor-column elementor-col-50 elementor-top-column elementor-element elementor-element-b6c805a\" data-id=\"b6c805a\" data-element_type=\"column\">\n\t\t\t<div class=\"elementor-widget-wrap elementor-element-populated\">\n\t\t\t\t\t\t<div class=\"elementor-element elementor-element-a13cd83 elementor-widget elementor-widget-wp-widget-ufsm_noticias_widget\" data-id=\"a13cd83\" data-element_type=\"widget\" data-widget_type=\"wp-widget-ufsm_noticias_widget.default\">\n\t\t\t\t<div class=\"elementor-widget-container\">\n\t\t\t<h5 class='titulo-conteudos'>Not\u00edcias<\/h5><div class='widget-noticias-inside'>\n                        <div class=\"row\">\n                                    <div class=\"col-12 col-lg-12 pb-4\">\n                                        \n                                        \n                    \n                    <a class=\"noticias-widget-title d-block \"  title=\"RESULTADO &#8211; Sele\u00e7\u00e3o de Bolsistas para o 34\u00ba FIIUFSM\" href=\"https:\/\/www.ufsm.br\/unidades-universitarias\/cal\/2019\/07\/09\/resultado-selecao-de-bolsistas-para-o-34o-fiiufsm\">\n                                                RESULTADO &#8211; Sele\u00e7\u00e3o de Bolsistas para o 34\u00ba FIIUFSM                    <\/a>\n                    \n                    \n                                        \n                                        \n                                        <\/div>\n                            <\/div>\n                    <div class=\"row\">\n                                    <div class=\"col-12 col-lg-12 pb-4\">\n                                        \n                                        \n                    \n                    <a class=\"noticias-widget-title d-block \"  title=\"Sele\u00e7\u00e3o de Bolsistas para o 34\u00ba FIIUFSM\" href=\"https:\/\/www.ufsm.br\/unidades-universitarias\/cal\/2019\/06\/24\/selecao-de-bolsistas-para-o-34o-fiiufsm\">\n                                                Sele\u00e7\u00e3o de Bolsistas para o 34\u00ba FIIUFSM                    <\/a>\n                    \n                    \n                                        \n                                        \n                                        <\/div>\n                            <\/div>\n            <\/div>\n\t\t<\/div>\n\t\t\t\t<\/div>\n\t\t\t\t\t<\/div>\n\t\t<\/div>\n\t\t\t\t<div class=\"elementor-column elementor-col-50 elementor-top-column elementor-element elementor-element-0a3efb5\" data-id=\"0a3efb5\" data-element_type=\"column\">\n\t\t\t<div class=\"elementor-widget-wrap elementor-element-populated\">\n\t\t\t\t\t\t<div class=\"elementor-element elementor-element-766581a elementor-widget elementor-widget-wp-widget-ufsm_editais_widget\" data-id=\"766581a\" data-element_type=\"widget\" data-widget_type=\"wp-widget-ufsm_editais_widget.default\">\n\t\t\t\t<div class=\"elementor-widget-container\">\n\t\t\t<h2 class='titulo-conteudos'>Editais<\/h2><div class='row'>\n            <div class=\"col-lg-12 px-3 pb-3\">\n            \n                        \n            <a title=\"3\/2023 - EDITAL DE SELE\u00c7\u00c3O DE BOLSISTAS PARA O TEATRO CAIXA PRETA\" href=\"https:\/\/www.ufsm.br\/unidades-universitarias\/cal\/editais\/003-2023-4\">\n                <span class=\"titulo-publicacao-widget\">3\/2023 - EDITAL DE SELE\u00c7\u00c3O DE BOLSISTAS PARA O TEATRO CAIXA PRETA<\/span>\n                <br>\n            <\/a>\n\n                        \n                \n        <\/div>\n            <div class=\"col-lg-12 px-3 pb-3\">\n            \n                        \n            <a title=\"47\/2023 - Sele\u00e7\u00e3o de bolsistas para o 1\u00b0 ENCONTRA - Encontro de Contrabaixos da UFSM\" href=\"https:\/\/www.ufsm.br\/unidades-universitarias\/cal\/editais\/047-2023-2\">\n                <span class=\"titulo-publicacao-widget\">47\/2023 - Sele\u00e7\u00e3o de bolsistas para o 1\u00b0 ENCONTRA - Encontro de Contrabaixos da UFSM<\/span>\n                <br>\n            <\/a>\n\n                        \n                \n        <\/div>\n            <div class=\"col-lg-12 px-3 pb-3\">\n            \n                        \n            <a title=\"1\/2023 - SELE\u00c7\u00c3O DE ESTUDANTES PARA ATUAREM COMO COLABORADORES NO DESCUBRA UFSM 2023 \/ RUA DAS ARTES - TEATRO \/ARTES C\u00caNICAS\" href=\"https:\/\/www.ufsm.br\/unidades-universitarias\/cal\/editais\/001-2023-38\">\n                <span class=\"titulo-publicacao-widget\">1\/2023 - SELE\u00c7\u00c3O DE ESTUDANTES PARA ATUAREM COMO COLABORADORES NO DESCUBRA UFSM 2023 \/ RUA DAS ARTES - TEATRO \/ARTES C\u00caNICAS<\/span>\n                <br>\n            <\/a>\n\n                        \n                \n        <\/div>\n            <div class=\"col-lg-12 px-3 pb-3\">\n            \n                        \n            <a title=\"1\/2023 - EDITAL DE SELE\u00c7\u00c3O DE BOLSA - FORMA\u00c7\u00c3O ESTUDANTIL\" href=\"https:\/\/www.ufsm.br\/unidades-universitarias\/cal\/editais\/001-2023-37\">\n                <span class=\"titulo-publicacao-widget\">1\/2023 - EDITAL DE SELE\u00c7\u00c3O DE BOLSA - FORMA\u00c7\u00c3O ESTUDANTIL<\/span>\n                <br>\n            <\/a>\n\n                        \n                \n        <\/div>\n            <div class=\"col-lg-12 px-3 pb-3\">\n            \n                        \n            <a title=\"3\/2023 - RESULTADO DA SELE\u00c7\u00c3O DE BOLSISTA DESCUBRA ARTES VISUAIS 2023\" href=\"https:\/\/www.ufsm.br\/unidades-universitarias\/cal\/editais\/003-2023-3\">\n                <span class=\"titulo-publicacao-widget\">3\/2023 - RESULTADO DA SELE\u00c7\u00c3O DE BOLSISTA DESCUBRA ARTES VISUAIS 2023<\/span>\n                <br>\n            <\/a>\n\n                        \n                \n        <\/div>\n    <\/div>\n\t\t<\/div>\n\t\t\t\t<\/div>\n\t\t\t\t\t<\/div>\n\t\t<\/div>\n\t\t\t\t\t<\/div>\n\t\t<\/section>\n\t\t\t\t<\/div>\n\t\t","protected":false},"excerpt":{"rendered":"<p>Este espa\u00e7o destina-se \u00e0 divulga\u00e7\u00e3o de oportunidades de bolsas para os acad\u00eamicos vinculados ao Centro de Artes e Letras.<\/p>\n","protected":false},"author":243,"featured_media":0,"parent":0,"menu_order":0,"comment_status":"closed","ping_status":"closed","template":"","meta":{"footnotes":""},"categories":[],"tags":[],"class_list":["post-3185","page","type-page","status-publish","hentry"],"acf":[],"_links":{"self":[{"href":"https:\/\/www.ufsm.br\/unidades-universitarias\/cal\/wp-json\/wp\/v2\/pages\/3185","targetHints":{"allow":["GET"]}}],"collection":[{"href":"https:\/\/www.ufsm.br\/unidades-universitarias\/cal\/wp-json\/wp\/v2\/pages"}],"about":[{"href":"https:\/\/www.ufsm.br\/unidades-universitarias\/cal\/wp-json\/wp\/v2\/types\/page"}],"author":[{"embeddable":true,"href":"https:\/\/www.ufsm.br\/unidades-universitarias\/cal\/wp-json\/wp\/v2\/users\/243"}],"replies":[{"embeddable":true,"href":"https:\/\/www.ufsm.br\/unidades-universitarias\/cal\/wp-json\/wp\/v2\/comments?post=3185"}],"version-history":[{"count":0,"href":"https:\/\/www.ufsm.br\/unidades-universitarias\/cal\/wp-json\/wp\/v2\/pages\/3185\/revisions"}],"wp:attachment":[{"href":"https:\/\/www.ufsm.br\/unidades-universitarias\/cal\/wp-json\/wp\/v2\/media?parent=3185"}],"wp:term":[{"taxonomy":"category","embeddable":true,"href":"https:\/\/www.ufsm.br\/unidades-universitarias\/cal\/wp-json\/wp\/v2\/categories?post=3185"},{"taxonomy":"post_tag","embeddable":true,"href":"https:\/\/www.ufsm.br\/unidades-universitarias\/cal\/wp-json\/wp\/v2\/tags?post=3185"}],"curies":[{"name":"wp","href":"https:\/\/api.w.org\/{rel}","templated":true}]}}