{"id":4112,"date":"2024-03-04T18:01:26","date_gmt":"2024-03-04T21:01:26","guid":{"rendered":"https:\/\/www.ufsm.br\/unidades-universitarias\/cal\/?page_id=4112"},"modified":"2024-03-06T13:14:36","modified_gmt":"2024-03-06T16:14:36","slug":"secretarias","status":"publish","type":"page","link":"https:\/\/www.ufsm.br\/unidades-universitarias\/cal\/secretarias","title":{"rendered":"Secretarias"},"content":{"rendered":"\t\t<div data-elementor-type=\"wp-page\" data-elementor-id=\"4112\" class=\"elementor elementor-4112\">\n\t\t\t\t\t\t<section class=\"elementor-section elementor-top-section elementor-element elementor-element-e1283f6 elementor-section-boxed elementor-section-height-default elementor-section-height-default\" data-id=\"e1283f6\" data-element_type=\"section\">\n\t\t\t\t\t\t<div class=\"elementor-container elementor-column-gap-default\">\n\t\t\t\t\t<div class=\"elementor-column elementor-col-100 elementor-top-column elementor-element elementor-element-03a5532\" data-id=\"03a5532\" data-element_type=\"column\">\n\t\t\t<div class=\"elementor-widget-wrap elementor-element-populated\">\n\t\t\t\t\t\t<div class=\"elementor-element elementor-element-0da86bf elementor-widget elementor-widget-heading\" data-id=\"0da86bf\" data-element_type=\"widget\" data-widget_type=\"heading.default\">\n\t\t\t\t<div class=\"elementor-widget-container\">\n\t\t\t<h4 class=\"elementor-heading-title elementor-size-default\"><span id=\"docs-internal-guid-4b9c4294-7fff-6e3d-3804-cf6a031d4c62\"><span style=\"font-size: 12pt;font-family: Calibri, sans-serif;background-color: transparent;font-weight: 700;vertical-align: baseline\">Secretaria Integrada de Cursos de Gradua\u00e7\u00e3o I<\/span><\/span><\/h4>\t\t<\/div>\n\t\t\t\t<\/div>\n\t\t\t\t<div class=\"elementor-element elementor-element-d31365b elementor-widget elementor-widget-text-editor\" data-id=\"d31365b\" data-element_type=\"widget\" data-widget_type=\"text-editor.default\">\n\t\t\t\t<div class=\"elementor-widget-container\">\n\t\t\t\t\t\t\t<p dir=\"ltr\" style=\"line-height: 1.3800000000000001;text-align: justify;margin-top: 0pt;margin-bottom: 10pt\"><span style=\"font-size: 12pt;font-family: Calibri,sans-serif;color: #000000;background-color: transparent;font-weight: 400;font-style: normal;font-variant: normal;text-decoration: none;vertical-align: baseline\">Atendimento aos acad\u00eamicos e coordena\u00e7\u00f5es dos Cursos de Artes C\u00eanicas, Artes Visuais, Dan\u00e7a (Bacharelado), Desenho Industrial e Licenciatura em Teatro.\u00a0<\/span><\/p><p dir=\"ltr\" style=\"line-height: 1.3800000000000001;text-align: justify;margin-top: 0pt;margin-bottom: 10pt\"><span style=\"font-size: 12pt;font-family: Calibri,sans-serif;color: #000000;background-color: transparent;font-weight: 400;font-style: normal;font-variant: normal;text-decoration: none;vertical-align: baseline\"><strong>Local: <\/strong>Sala 1123, pr\u00e9dio 40<br \/><strong>Telefone:<\/strong> (55) 3220-8223<br \/><strong>E-mail:<\/strong>\u00a0 <\/span><a style=\"text-decoration: none\" href=\"mailto:sig1.cal@ufsm.br\"><span style=\"font-size: 12pt;font-family: Calibri,sans-serif;color: #0000ff;background-color: transparent;font-weight: 400;font-style: normal;font-variant: normal;text-decoration: underline;vertical-align: baseline\">sig1.cal@ufsm.br<\/span><\/a><\/p><p dir=\"ltr\" style=\"line-height: 1.3800000000000001;text-align: justify;margin-top: 0pt;margin-bottom: 10pt\"><span style=\"font-size: 12pt;font-family: Calibri,sans-serif;color: #000000;background-color: transparent;font-weight: 400;font-style: normal;font-variant: normal;text-decoration: none;vertical-align: baseline\"><strong>Equipe:<\/strong> Cristiano Freire Zimmer (Chefe da Secretaria), Thiago Krusch Bello (Chefe Substituto), Carine Andr\u00e9ia Kochhan e Rosane Maria dos Santos Bittencourt.<\/span><\/p><p dir=\"ltr\" style=\"line-height: 1.3800000000000001;text-align: justify;margin-top: 0pt;margin-bottom: 10pt\"><span style=\"font-size: 12pt;font-family: Calibri,sans-serif;color: #000000;background-color: transparent;font-weight: 400;font-style: normal;font-variant: normal;text-decoration: none;vertical-align: baseline\"><strong>Hor\u00e1rios e dias de atendimento<\/strong> (n\u00e3o considerando o hor\u00e1rio especial de ver\u00e3o): das 8h \u00e0s 12h \u2013 das 14h \u00e0s 19h, de segunda a sexta.<\/span><\/p>\t\t\t\t\t\t<\/div>\n\t\t\t\t<\/div>\n\t\t\t\t\t<\/div>\n\t\t<\/div>\n\t\t\t\t\t<\/div>\n\t\t<\/section>\n\t\t\t\t<section class=\"elementor-section elementor-top-section elementor-element elementor-element-87bf946 elementor-section-boxed elementor-section-height-default elementor-section-height-default\" data-id=\"87bf946\" data-element_type=\"section\">\n\t\t\t\t\t\t<div class=\"elementor-container elementor-column-gap-default\">\n\t\t\t\t\t<div class=\"elementor-column elementor-col-100 elementor-top-column elementor-element elementor-element-eebacd0\" data-id=\"eebacd0\" data-element_type=\"column\">\n\t\t\t<div class=\"elementor-widget-wrap elementor-element-populated\">\n\t\t\t\t\t\t<div class=\"elementor-element elementor-element-a358eb9 elementor-widget elementor-widget-heading\" data-id=\"a358eb9\" data-element_type=\"widget\" data-widget_type=\"heading.default\">\n\t\t\t\t<div class=\"elementor-widget-container\">\n\t\t\t<h4 class=\"elementor-heading-title elementor-size-default\"><span id=\"docs-internal-guid-4b9c4294-7fff-6e3d-3804-cf6a031d4c62\"><span style=\"font-size: 12pt;font-family: Calibri, sans-serif;background-color: transparent;font-weight: 700;vertical-align: baseline\">Secretaria Integrada de Cursos de Gradua\u00e7\u00e3o II<\/span><\/span><\/h4>\t\t<\/div>\n\t\t\t\t<\/div>\n\t\t\t\t<div class=\"elementor-element elementor-element-ad303bc elementor-widget elementor-widget-text-editor\" data-id=\"ad303bc\" data-element_type=\"widget\" data-widget_type=\"text-editor.default\">\n\t\t\t\t<div class=\"elementor-widget-container\">\n\t\t\t\t\t\t\t<p dir=\"ltr\" style=\"line-height: 1.3800000000000001;text-align: justify;margin-top: 0pt;margin-bottom: 10pt\"><span style=\"font-size: 12pt;font-family: Calibri,sans-serif;color: #000000;background-color: transparent;font-weight: 400;font-style: normal;font-variant: normal;text-decoration: none;vertical-align: baseline\">Atendimento aos acad\u00eamicos e coordena\u00e7\u00f5es dos Cursos de Bacharelado em Letras, Letras, M\u00fasica e M\u00fasica e Tecnologia. <\/span><\/p><p dir=\"ltr\" style=\"line-height: 1.3800000000000001;text-align: justify;margin-top: 0pt;margin-bottom: 10pt\"><span style=\"font-size: 12pt;font-family: Calibri,sans-serif;color: #000000;background-color: transparent;font-weight: 400;font-style: normal;font-variant: normal;text-decoration: none;vertical-align: baseline\"><strong>Local: <\/strong>Sala 2200, pr\u00e9dio 40 A<br \/><strong>Telefone:<\/strong> (55) 3220-8267<br \/><strong>E-mail: <\/strong><\/span><a style=\"text-decoration: none\" href=\"mailto:sig2.cal@ufsm.br\"><span style=\"font-size: 12pt;font-family: Calibri,sans-serif;color: #0000ff;background-color: transparent;font-weight: 400;font-style: normal;font-variant: normal;text-decoration: underline;vertical-align: baseline\">sig2.cal@ufsm.br<\/span><\/a><span style=\"font-size: 12pt;font-family: Calibri,sans-serif;color: #000000;background-color: transparent;font-weight: 400;font-style: normal;font-variant: normal;text-decoration: none;vertical-align: baseline\">.\u00a0\u00a0<\/span><\/p><p dir=\"ltr\" style=\"line-height: 1.3800000000000001;text-align: justify;margin-top: 0pt;margin-bottom: 10pt\"><span style=\"font-size: 12pt;font-family: Calibri,sans-serif;color: #000000;background-color: transparent;font-weight: 400;font-style: normal;font-variant: normal;text-decoration: none;vertical-align: baseline\"><strong>Equipe:<\/strong> Augusto Elias Penna e Souza (Chefe da Secretaria), Jo\u00e3o Fidler Rios (Chefe Substituto), Evandro Bertol e Ata\u00edsa Ant\u00f4nia Perin.<\/span><\/p><p dir=\"ltr\" style=\"line-height: 1.3800000000000001;text-align: justify;margin-top: 0pt;margin-bottom: 10pt\"><span style=\"font-size: 12pt;font-family: Calibri,sans-serif;color: #000000;background-color: transparent;font-weight: 400;font-style: normal;font-variant: normal;text-decoration: none;vertical-align: baseline\"><strong>Hor\u00e1rios e dias de atendimento<\/strong> (n\u00e3o considerando o hor\u00e1rio especial de ver\u00e3o): das 8h \u00e0s 12h \u2013 das 13h30 \u00e0s 20h30, de segunda a sexta.<\/span><\/p>\t\t\t\t\t\t<\/div>\n\t\t\t\t<\/div>\n\t\t\t\t\t<\/div>\n\t\t<\/div>\n\t\t\t\t\t<\/div>\n\t\t<\/section>\n\t\t\t\t<section class=\"elementor-section elementor-top-section elementor-element elementor-element-6c3d246 elementor-section-boxed elementor-section-height-default elementor-section-height-default\" data-id=\"6c3d246\" data-element_type=\"section\">\n\t\t\t\t\t\t<div class=\"elementor-container elementor-column-gap-default\">\n\t\t\t\t\t<div class=\"elementor-column elementor-col-100 elementor-top-column elementor-element elementor-element-4d38321\" data-id=\"4d38321\" data-element_type=\"column\">\n\t\t\t<div class=\"elementor-widget-wrap elementor-element-populated\">\n\t\t\t\t\t\t<div class=\"elementor-element elementor-element-cdf1fdd elementor-widget elementor-widget-heading\" data-id=\"cdf1fdd\" data-element_type=\"widget\" data-widget_type=\"heading.default\">\n\t\t\t\t<div class=\"elementor-widget-container\">\n\t\t\t<h4 class=\"elementor-heading-title elementor-size-default\"><span style=\"font-weight:normal\" id=\"docs-internal-guid-2ec4646b-7fff-59c4-6835-8f2f441b42cc\"><span style=\"font-size: 12pt;font-family: Calibri, sans-serif;background-color: transparent;font-weight: 700;vertical-align: baseline\">Secretaria Integrada de Cursos de P\u00f3s-gradua\u00e7\u00e3o<\/span><\/span><\/h4>\t\t<\/div>\n\t\t\t\t<\/div>\n\t\t\t\t<div class=\"elementor-element elementor-element-65bb45c elementor-widget elementor-widget-text-editor\" data-id=\"65bb45c\" data-element_type=\"widget\" data-widget_type=\"text-editor.default\">\n\t\t\t\t<div class=\"elementor-widget-container\">\n\t\t\t\t\t\t\t<p dir=\"ltr\" style=\"line-height: 1.3800000000000001;text-align: justify;margin-top: 0pt;margin-bottom: 10pt\"><span style=\"font-size: 12pt;font-family: Calibri,sans-serif;color: #000000;background-color: transparent;font-weight: 400;font-style: normal;font-variant: normal;text-decoration: none;vertical-align: baseline\">Atendimento aos acad\u00eamicos e coordena\u00e7\u00f5es dos Cursos dos Programas de P\u00f3s-gradua\u00e7\u00e3o em Artes Visuais e de Letras e dos Cursos de P\u00f3s-gradua\u00e7\u00e3o (Especializa\u00e7\u00e3o) em Design de Superf\u00edcie e de M\u00fasica.\u00a0<\/span><\/p><p dir=\"ltr\" style=\"line-height: 1.3800000000000001;text-align: justify;margin-top: 0pt;margin-bottom: 10pt\"><span style=\"font-size: 12pt;font-family: Calibri,sans-serif;color: #000000;background-color: transparent;font-weight: 400;font-style: normal;font-variant: normal;text-decoration: none;vertical-align: baseline\"><strong>Local:<\/strong> Sala 1324, pr\u00e9dio 40, <strong>telefone:<\/strong> (55) 3220-9484 \/ Sala 3222, pr\u00e9dio 16, <strong>telefone:<\/strong> 3220-8359 <br \/><strong>E-mail:<\/strong>\u00a0 \u00a0 <\/span><a style=\"text-decoration: none\" href=\"mailto:sipog.cal@ufsm.br\"><span style=\"font-size: 12pt;font-family: Calibri,sans-serif;color: #0000ff;background-color: transparent;font-weight: 400;font-style: normal;font-variant: normal;text-decoration: underline;vertical-align: baseline\">sipog.cal@ufsm.br<\/span><\/a><span style=\"font-size: 12pt;font-family: Calibri,sans-serif;color: #000000;background-color: transparent;font-weight: 400;font-style: normal;font-variant: normal;text-decoration: none;vertical-align: baseline\">\u00a0\u00a0\u00a0\u00a0<\/span><\/p><p dir=\"ltr\" style=\"line-height: 1.3800000000000001;text-align: justify;margin-top: 0pt;margin-bottom: 10pt\"><span style=\"font-size: 12pt;font-family: Calibri,sans-serif;color: #000000;background-color: transparent;font-weight: 400;font-style: normal;font-variant: normal;text-decoration: none;vertical-align: baseline\"><strong>Equipe:<\/strong> Daiani Saul da Luz (Chefe Da Secretaria), Camila Linhati Bitencourt (Chefe Substituta), Felipe Dias Feltrin e Mariza Gorette Seeger.<\/span><\/p><p dir=\"ltr\" style=\"line-height: 1.3800000000000001;text-align: justify;margin-top: 0pt;margin-bottom: 10pt\"><span style=\"font-size: 12pt;font-family: Calibri,sans-serif;color: #000000;background-color: transparent;font-weight: 400;font-style: normal;font-variant: normal;text-decoration: none;vertical-align: baseline\"><strong>Hor\u00e1rios e dias de atendimento<\/strong> (n\u00e3o considerando o hor\u00e1rio especial de ver\u00e3o): das 8h \u00e0s 12h \u2013 das 13h \u00e0s 17h, de segunda a sexta, em ambas as salas.<\/span><\/p>\t\t\t\t\t\t<\/div>\n\t\t\t\t<\/div>\n\t\t\t\t\t<\/div>\n\t\t<\/div>\n\t\t\t\t\t<\/div>\n\t\t<\/section>\n\t\t\t\t<section class=\"elementor-section elementor-top-section elementor-element elementor-element-3f7705d elementor-section-boxed elementor-section-height-default elementor-section-height-default\" data-id=\"3f7705d\" data-element_type=\"section\">\n\t\t\t\t\t\t<div class=\"elementor-container elementor-column-gap-default\">\n\t\t\t\t\t<div class=\"elementor-column elementor-col-100 elementor-top-column elementor-element elementor-element-77b787f\" data-id=\"77b787f\" data-element_type=\"column\">\n\t\t\t<div class=\"elementor-widget-wrap elementor-element-populated\">\n\t\t\t\t\t\t<div class=\"elementor-element elementor-element-92e2efb elementor-widget elementor-widget-heading\" data-id=\"92e2efb\" data-element_type=\"widget\" data-widget_type=\"heading.default\">\n\t\t\t\t<div class=\"elementor-widget-container\">\n\t\t\t<h4 class=\"elementor-heading-title elementor-size-default\"><span style=\"font-weight:normal\" id=\"docs-internal-guid-3f01dc6b-7fff-115d-9774-c83bd37a175e\"><span style=\"font-size: 12pt;font-family: Calibri, sans-serif;background-color: transparent;font-weight: 700;vertical-align: baseline\">Secretaria Integrada de Departamentos<\/span><\/span><\/h4>\t\t<\/div>\n\t\t\t\t<\/div>\n\t\t\t\t<div class=\"elementor-element elementor-element-2378078 elementor-widget elementor-widget-text-editor\" data-id=\"2378078\" data-element_type=\"widget\" data-widget_type=\"text-editor.default\">\n\t\t\t\t<div class=\"elementor-widget-container\">\n\t\t\t\t\t\t\t<p dir=\"ltr\" style=\"line-height: 1.3800000000000001;text-align: justify;margin-top: 0pt;margin-bottom: 10pt\"><span style=\"font-size: 12pt;font-family: Calibri,sans-serif;color: #000000;background-color: transparent;font-weight: 400;font-style: normal;font-variant: normal;text-decoration: none;vertical-align: baseline\">Atendimento aos docentes e chefias dos departamentos de Artes C\u00eanicas, Artes Visuais, Desenho Industrial, Letras Vern\u00e1culas, Letras Cl\u00e1ssicas e Lingu\u00edstica, Letras Estrangeiras Modernas e M\u00fasica.\u00a0<\/span><\/p><p dir=\"ltr\" style=\"line-height: 1.3800000000000001;text-align: justify;margin-top: 0pt;margin-bottom: 10pt\"><span style=\"font-size: 12pt;font-family: Calibri,sans-serif;color: #000000;background-color: transparent;font-weight: 400;font-style: normal;font-variant: normal;text-decoration: none;vertical-align: baseline\"><strong>Local:<\/strong> Sala 1123, pr\u00e9dio 40 A <br \/><strong>Telefone:<\/strong> (55)3220-8087 <br \/><strong>E-mail: <\/strong><\/span><a style=\"text-decoration: none\" href=\"mailto:sideptos.cal@ufsm.br\"><span style=\"font-size: 12pt;font-family: Calibri,sans-serif;color: #0000ff;background-color: transparent;font-weight: 400;font-style: normal;font-variant: normal;text-decoration: underline;vertical-align: baseline\">sideptos.cal@ufsm.br<\/span><\/a><span style=\"font-size: 12pt;font-family: Calibri,sans-serif;color: #000000;background-color: transparent;font-weight: 400;font-style: normal;font-variant: normal;text-decoration: none;vertical-align: baseline\">.\u00a0\u00a0<\/span><\/p><p dir=\"ltr\" style=\"line-height: 1.3800000000000001;text-align: justify;margin-top: 0pt;margin-bottom: 10pt\"><span style=\"font-size: 12pt;font-family: Calibri,sans-serif;color: #000000;background-color: transparent;font-weight: 400;font-style: normal;font-variant: normal;text-decoration: none;vertical-align: baseline\"><strong>Equipe:<\/strong> Denilson do Amaral Corr\u00eaa (Chefe da Secretaria), Em\u00edlia Lorentz de Carvalho Leit\u00e3o (Chefe Substituta), Geovane Brasilei Moro Pereira, Fabr\u00edcio Gomes Soares Coelho e Gustavo Balin de Abreu.<\/span><\/p><p dir=\"ltr\" style=\"line-height: 1.3800000000000001;text-align: justify;margin-top: 0pt;margin-bottom: 10pt\"><span style=\"font-size: 12pt;font-family: Calibri,sans-serif;color: #000000;background-color: transparent;font-weight: 400;font-style: normal;font-variant: normal;text-decoration: none;vertical-align: baseline\"><strong>Hor\u00e1rios e dias de atendimento<\/strong> (n\u00e3o considerando o hor\u00e1rio especial de ver\u00e3o): das 8h \u00e0s 12h \u2013 das 14h \u00e0s 17h, de segunda a sexta.<\/span><\/p>\t\t\t\t\t\t<\/div>\n\t\t\t\t<\/div>\n\t\t\t\t\t<\/div>\n\t\t<\/div>\n\t\t\t\t\t<\/div>\n\t\t<\/section>\n\t\t\t\t<\/div>\n\t\t","protected":false},"excerpt":{"rendered":"<p>Secretaria Integrada de Cursos de Gradua\u00e7\u00e3o I Atendimento aos acad\u00eamicos e coordena\u00e7\u00f5es dos Cursos de Artes C\u00eanicas, Artes Visuais, Dan\u00e7a (Bacharelado), Desenho Industrial e Licenciatura em Teatro.\u00a0 Local: Sala 1123, pr\u00e9dio 40Telefone: (55) 3220-8223E-mail:\u00a0 sig1.cal@ufsm.br Equipe: Cristiano Freire Zimmer (Chefe da Secretaria), Thiago Krusch Bello (Chefe Substituto), Carine Andr\u00e9ia Kochhan e Rosane Maria dos Santos [&hellip;]<\/p>\n","protected":false},"author":7540,"featured_media":0,"parent":0,"menu_order":0,"comment_status":"closed","ping_status":"closed","template":"","meta":{"footnotes":""},"categories":[],"tags":[],"class_list":["post-4112","page","type-page","status-publish","hentry"],"acf":[],"_links":{"self":[{"href":"https:\/\/www.ufsm.br\/unidades-universitarias\/cal\/wp-json\/wp\/v2\/pages\/4112","targetHints":{"allow":["GET"]}}],"collection":[{"href":"https:\/\/www.ufsm.br\/unidades-universitarias\/cal\/wp-json\/wp\/v2\/pages"}],"about":[{"href":"https:\/\/www.ufsm.br\/unidades-universitarias\/cal\/wp-json\/wp\/v2\/types\/page"}],"author":[{"embeddable":true,"href":"https:\/\/www.ufsm.br\/unidades-universitarias\/cal\/wp-json\/wp\/v2\/users\/7540"}],"replies":[{"embeddable":true,"href":"https:\/\/www.ufsm.br\/unidades-universitarias\/cal\/wp-json\/wp\/v2\/comments?post=4112"}],"version-history":[{"count":0,"href":"https:\/\/www.ufsm.br\/unidades-universitarias\/cal\/wp-json\/wp\/v2\/pages\/4112\/revisions"}],"wp:attachment":[{"href":"https:\/\/www.ufsm.br\/unidades-universitarias\/cal\/wp-json\/wp\/v2\/media?parent=4112"}],"wp:term":[{"taxonomy":"category","embeddable":true,"href":"https:\/\/www.ufsm.br\/unidades-universitarias\/cal\/wp-json\/wp\/v2\/categories?post=4112"},{"taxonomy":"post_tag","embeddable":true,"href":"https:\/\/www.ufsm.br\/unidades-universitarias\/cal\/wp-json\/wp\/v2\/tags?post=4112"}],"curies":[{"name":"wp","href":"https:\/\/api.w.org\/{rel}","templated":true}]}}