{"id":4124,"date":"2024-03-06T14:47:26","date_gmt":"2024-03-06T17:47:26","guid":{"rendered":"https:\/\/www.ufsm.br\/unidades-universitarias\/cal\/?page_id=4124"},"modified":"2025-03-18T15:31:59","modified_gmt":"2025-03-18T18:31:59","slug":"secretaria-integrada-de-cursos-de-graduacao-i","status":"publish","type":"page","link":"https:\/\/www.ufsm.br\/unidades-universitarias\/cal\/secretaria-integrada-de-cursos-de-graduacao-i","title":{"rendered":"Secretaria Integrada de Cursos de Gradua\u00e7\u00e3o I"},"content":{"rendered":"\t\t<div data-elementor-type=\"wp-page\" data-elementor-id=\"4124\" class=\"elementor elementor-4124\">\n\t\t\t\t\t\t<section class=\"elementor-section elementor-top-section elementor-element elementor-element-68fdd4c elementor-section-boxed elementor-section-height-default elementor-section-height-default\" data-id=\"68fdd4c\" data-element_type=\"section\">\n\t\t\t\t\t\t<div class=\"elementor-container elementor-column-gap-default\">\n\t\t\t\t\t<div class=\"elementor-column elementor-col-100 elementor-top-column elementor-element elementor-element-ea50d0a\" data-id=\"ea50d0a\" data-element_type=\"column\">\n\t\t\t<div class=\"elementor-widget-wrap elementor-element-populated\">\n\t\t\t\t\t\t<div class=\"elementor-element elementor-element-9ea24c0 elementor-widget elementor-widget-text-editor\" data-id=\"9ea24c0\" data-element_type=\"widget\" data-widget_type=\"text-editor.default\">\n\t\t\t\t<div class=\"elementor-widget-container\">\n\t\t\t\t\t\t\t<p><span style=\"font-size: 12pt\">Atendimento aos acad\u00eamicos e coordena\u00e7\u00f5es dos Cursos de:<\/span><\/p><ul><li><span style=\"font-size: 12pt\">Artes C\u00eanicas;<\/span><\/li><li><span style=\"font-size: 12pt\">Artes Visuais (Bacharelado e Licenciatura);<\/span><\/li><li><span style=\"font-size: 12pt\">Dan\u00e7a (Bacharelado e Licenciatura);<\/span><\/li><li><span style=\"font-size: 12pt\">Desenho Industrial;<\/span><\/li><li><span style=\"font-size: 12pt\">Licenciatura em Teatro.<\/span><\/li><\/ul><h5><span style=\"font-size: 12pt\">Equipe:<\/span><\/h5><p><span style=\"font-size: 12pt\">Cristiano Freire Zimmer &#8211; Chefe da Secretaria<\/span><\/p><p><span style=\"font-size: 12pt\">Thiago Krusch Bello &#8211; Chefe substituto<\/span><\/p><p>Carine Andr\u00e9ia Kochhan<\/p><p>Rosane Maria dos Santos Bittencourt<\/p><h5><span style=\"font-size: 12pt\">Contato:<\/span><\/h5><div><span style=\"font-size: 12pt\">E-mail: sig1.cal@ufsm.br<\/span><\/div><div><span style=\"font-size: 12pt\">Telefone\/WhatsApp: (55) 3220-8223<\/span><\/div><div>\u00a0<\/div><h5><span style=\"font-size: 12pt\">Localiza\u00e7\u00e3o: <\/span><\/h5><div><span style=\"font-size: 12pt\">Sala 1130, pr\u00e9dio 40.<\/span><\/div>\t\t\t\t\t\t<\/div>\n\t\t\t\t<\/div>\n\t\t\t\t\t<\/div>\n\t\t<\/div>\n\t\t\t\t\t<\/div>\n\t\t<\/section>\n\t\t\t\t<\/div>\n\t\t","protected":false},"excerpt":{"rendered":"<p>Atendimento aos acad\u00eamicos e coordena\u00e7\u00f5es dos Cursos de: Artes C\u00eanicas; Artes Visuais (Bacharelado e Licenciatura); Dan\u00e7a (Bacharelado e Licenciatura); Desenho Industrial; Licenciatura em Teatro. Equipe: Cristiano Freire Zimmer &#8211; Chefe da Secretaria Thiago Krusch Bello &#8211; Chefe substituto Carine Andr\u00e9ia Kochhan Rosane Maria dos Santos Bittencourt Contato: E-mail: sig1.cal@ufsm.brTelefone\/WhatsApp: (55) 3220-8223\u00a0 Localiza\u00e7\u00e3o: Sala 1130, pr\u00e9dio [&hellip;]<\/p>\n","protected":false},"author":969,"featured_media":0,"parent":0,"menu_order":0,"comment_status":"closed","ping_status":"closed","template":"","meta":{"footnotes":""},"categories":[],"tags":[],"class_list":["post-4124","page","type-page","status-publish","hentry"],"acf":[],"_links":{"self":[{"href":"https:\/\/www.ufsm.br\/unidades-universitarias\/cal\/wp-json\/wp\/v2\/pages\/4124","targetHints":{"allow":["GET"]}}],"collection":[{"href":"https:\/\/www.ufsm.br\/unidades-universitarias\/cal\/wp-json\/wp\/v2\/pages"}],"about":[{"href":"https:\/\/www.ufsm.br\/unidades-universitarias\/cal\/wp-json\/wp\/v2\/types\/page"}],"author":[{"embeddable":true,"href":"https:\/\/www.ufsm.br\/unidades-universitarias\/cal\/wp-json\/wp\/v2\/users\/969"}],"replies":[{"embeddable":true,"href":"https:\/\/www.ufsm.br\/unidades-universitarias\/cal\/wp-json\/wp\/v2\/comments?post=4124"}],"version-history":[{"count":0,"href":"https:\/\/www.ufsm.br\/unidades-universitarias\/cal\/wp-json\/wp\/v2\/pages\/4124\/revisions"}],"wp:attachment":[{"href":"https:\/\/www.ufsm.br\/unidades-universitarias\/cal\/wp-json\/wp\/v2\/media?parent=4124"}],"wp:term":[{"taxonomy":"category","embeddable":true,"href":"https:\/\/www.ufsm.br\/unidades-universitarias\/cal\/wp-json\/wp\/v2\/categories?post=4124"},{"taxonomy":"post_tag","embeddable":true,"href":"https:\/\/www.ufsm.br\/unidades-universitarias\/cal\/wp-json\/wp\/v2\/tags?post=4124"}],"curies":[{"name":"wp","href":"https:\/\/api.w.org\/{rel}","templated":true}]}}