{"id":4140,"date":"2024-03-06T17:12:14","date_gmt":"2024-03-06T20:12:14","guid":{"rendered":"https:\/\/www.ufsm.br\/unidades-universitarias\/cal\/?page_id=4140"},"modified":"2025-04-29T12:32:02","modified_gmt":"2025-04-29T15:32:02","slug":"secretaria-integrada-de-departamentos","status":"publish","type":"page","link":"https:\/\/www.ufsm.br\/unidades-universitarias\/cal\/secretaria-integrada-de-departamentos","title":{"rendered":"Secretaria Integrada de Departamentos"},"content":{"rendered":"\t\t<div data-elementor-type=\"wp-page\" data-elementor-id=\"4140\" class=\"elementor elementor-4140\">\n\t\t\t\t\t\t<section class=\"elementor-section elementor-top-section elementor-element elementor-element-ace8d04 elementor-section-boxed elementor-section-height-default elementor-section-height-default\" data-id=\"ace8d04\" data-element_type=\"section\">\n\t\t\t\t\t\t<div class=\"elementor-container elementor-column-gap-default\">\n\t\t\t\t\t<div class=\"elementor-column elementor-col-100 elementor-top-column elementor-element elementor-element-0e4650b\" data-id=\"0e4650b\" data-element_type=\"column\">\n\t\t\t<div class=\"elementor-widget-wrap elementor-element-populated\">\n\t\t\t\t\t\t<div class=\"elementor-element elementor-element-9dd0caa elementor-widget elementor-widget-text-editor\" data-id=\"9dd0caa\" data-element_type=\"widget\" data-widget_type=\"text-editor.default\">\n\t\t\t\t<div class=\"elementor-widget-container\">\n\t\t\t\t\t\t\t<p>Atendimento aos docentes e chefias dos Departamentos de:<\/p>\n<ul>\n<li>Artes C\u00eanicas;<\/li>\n<li>Artes Visuais ;<\/li>\n<li>Desenho Industrial;<\/li>\n<li>Letras Vern\u00e1culas;<\/li>\n<li>Letras Cl\u00e1ssicas e Lingu\u00edstica;<\/li>\n<li>Letras Estrangeiras Modernas;<\/li>\n<li>M\u00fasica.<\/li>\n<\/ul>\n<h5>Equipe:<\/h5>\n<p>Denilson do Amaral Corr\u00eaa &#8211; Chefe da Secretaria<\/p>\n<p>Em\u00edlia Lorentz de Carvalho Leit\u00e3o &#8211; Chefe substituta<\/p>\n<p>Geovane Brasilei Moro Pereira<\/p>\n<p>Fabr\u00edcio Gomes Soares Coelho<\/p>\n<p>Gustavo Balin de Abreu<\/p>\n<h5>Rotinas Administrativas:<\/h5>\n<p><a href=\"https:\/\/acrobat.adobe.com\/id\/urn:aaid:sc:VA6C2:8d2e7ed6-cf40-47b9-b9f5-ef820c11b97b\">Link de acesso ao PDF&nbsp;<\/a><\/p>\n<h5>Contato:<\/h5>\n<p>E-mail: sideptos.cal@ufsm.br<\/p>\n<p>Telefone\/WhatsApp: (55) 3220-8087<\/p>\n<h5>Localiza\u00e7\u00e3o:<\/h5>\n<p>Sala 1123, pr\u00e9dio 40<\/p>\t\t\t\t\t\t<\/div>\n\t\t\t\t<\/div>\n\t\t\t\t\t<\/div>\n\t\t<\/div>\n\t\t\t\t\t<\/div>\n\t\t<\/section>\n\t\t\t\t<\/div>\n\t\t","protected":false},"excerpt":{"rendered":"<p>Atendimento aos docentes e chefias dos Departamentos de: Artes C\u00eanicas; Artes Visuais ; Desenho Industrial; Letras Vern\u00e1culas; Letras Cl\u00e1ssicas e Lingu\u00edstica; Letras Estrangeiras Modernas; M\u00fasica. Equipe: Denilson do Amaral Corr\u00eaa &#8211; Chefe da Secretaria Em\u00edlia Lorentz de Carvalho Leit\u00e3o &#8211; Chefe substituta Geovane Brasilei Moro Pereira Fabr\u00edcio Gomes Soares Coelho Gustavo Balin de Abreu Rotinas [&hellip;]<\/p>\n","protected":false},"author":969,"featured_media":0,"parent":0,"menu_order":0,"comment_status":"closed","ping_status":"closed","template":"","meta":{"footnotes":""},"categories":[],"tags":[],"class_list":["post-4140","page","type-page","status-publish","hentry"],"acf":[],"_links":{"self":[{"href":"https:\/\/www.ufsm.br\/unidades-universitarias\/cal\/wp-json\/wp\/v2\/pages\/4140","targetHints":{"allow":["GET"]}}],"collection":[{"href":"https:\/\/www.ufsm.br\/unidades-universitarias\/cal\/wp-json\/wp\/v2\/pages"}],"about":[{"href":"https:\/\/www.ufsm.br\/unidades-universitarias\/cal\/wp-json\/wp\/v2\/types\/page"}],"author":[{"embeddable":true,"href":"https:\/\/www.ufsm.br\/unidades-universitarias\/cal\/wp-json\/wp\/v2\/users\/969"}],"replies":[{"embeddable":true,"href":"https:\/\/www.ufsm.br\/unidades-universitarias\/cal\/wp-json\/wp\/v2\/comments?post=4140"}],"version-history":[{"count":0,"href":"https:\/\/www.ufsm.br\/unidades-universitarias\/cal\/wp-json\/wp\/v2\/pages\/4140\/revisions"}],"wp:attachment":[{"href":"https:\/\/www.ufsm.br\/unidades-universitarias\/cal\/wp-json\/wp\/v2\/media?parent=4140"}],"wp:term":[{"taxonomy":"category","embeddable":true,"href":"https:\/\/www.ufsm.br\/unidades-universitarias\/cal\/wp-json\/wp\/v2\/categories?post=4140"},{"taxonomy":"post_tag","embeddable":true,"href":"https:\/\/www.ufsm.br\/unidades-universitarias\/cal\/wp-json\/wp\/v2\/tags?post=4140"}],"curies":[{"name":"wp","href":"https:\/\/api.w.org\/{rel}","templated":true}]}}