{"id":5276,"date":"2025-03-10T15:22:19","date_gmt":"2025-03-10T18:22:19","guid":{"rendered":"https:\/\/www.ufsm.br\/unidades-universitarias\/cal\/?page_id=5276"},"modified":"2026-04-02T11:04:03","modified_gmt":"2026-04-02T14:04:03","slug":"5276-2","status":"publish","type":"page","link":"https:\/\/www.ufsm.br\/unidades-universitarias\/cal\/5276-2","title":{"rendered":"Procedimentos para solicita\u00e7\u00f5es de bolsas monitoria\/assist\u00eancia ao estudante"},"content":{"rendered":"\n<p><strong>Links para os modelos de editais: <\/strong><\/p>\n<p>*Aten\u00e7\u00e3o! N\u00e3o editar o link diretamente no drive. Baixar o arquivo antes da edi\u00e7\u00e3o.<\/p>\n<p><a href=\"https:\/\/docs.google.com\/document\/d\/10MJZmzXlrQaeAh_HE3FY0IS_FijjVHP5\/edit?usp=sharing_eil&amp;rtpof=true&amp;sd=true&amp;ts=66e9caad\">Link para o edital de bolsa monitoria<\/a><\/p>\n<p><a href=\"https:\/\/docs.google.com\/document\/d\/1OCgsmY2lyXZ3RHscYxyuO3bnVN-9GGzi\/edit?usp=sharing_eil&amp;rtpof=true&amp;sd=true&amp;ts=66e9c998\">Link para o edital de bolsa assist\u00eancia ao estudante<\/a><\/p>\n<p><strong>Links para PLANO DE TRABALHO e RELAT\u00d3RIO DE BOLSA:<\/strong><\/p>\n<p><a href=\"https:\/\/docs.google.com\/document\/d\/1i0TzmdCSOXDcYPhfY0xe-VMQCfQiATru\/copy?usp=sharing&amp;ouid=118003712576630788346&amp;rtpof=true&amp;sd=true\">Link para o Plano de Trabalho<\/a><\/p>\n<p>\u00a0<\/p>\n<p><strong>Instru\u00e7\u00e3o para abertura do PEN:<\/strong><\/p>\n<p>Abrir o PEN com o seguinte tipo documental<\/p>\n<p><img decoding=\"async\" class=\"alignnone  wp-image-6247\" src=\"https:\/\/www.ufsm.br\/app\/uploads\/sites\/368\/2026\/03\/homolog-300x17.png\" alt=\"\" width=\"935\" height=\"53\" srcset=\"https:\/\/www.ufsm.br\/app\/uploads\/sites\/368\/2026\/03\/homolog-300x17.png 300w, https:\/\/www.ufsm.br\/app\/uploads\/sites\/368\/2026\/03\/homolog.png 1143w\" sizes=\"(max-width: 935px) 100vw, 935px\" \/><\/p>\n<p>Tramita\u00e7\u00e3o com destino inicial para<\/p>\n<p>\u00a0 \u00a0 <img decoding=\"async\" class=\"alignnone  wp-image-6248\" src=\"https:\/\/www.ufsm.br\/app\/uploads\/sites\/368\/2026\/03\/destino-300x16.png\" alt=\"\" width=\"956\" height=\"51\" srcset=\"https:\/\/www.ufsm.br\/app\/uploads\/sites\/368\/2026\/03\/destino-300x16.png 300w, https:\/\/www.ufsm.br\/app\/uploads\/sites\/368\/2026\/03\/destino-1024x54.png 1024w, https:\/\/www.ufsm.br\/app\/uploads\/sites\/368\/2026\/03\/destino-768x41.png 768w, https:\/\/www.ufsm.br\/app\/uploads\/sites\/368\/2026\/03\/destino.png 1208w\" sizes=\"(max-width: 956px) 100vw, 956px\" \/><\/p>\n<p>Usar o despacho padr\u00e3o: &#8220;Para publica\u00e7\u00e3o do edital de xxx (monitoria ou trabalho) n\u00ba xxx do Departamento de xxx&#8221;\u00a0<\/p>\n<p><a href=\"https:\/\/portal.ufsm.br\/documentos\/login.html\">Link para o PEN-SIE<\/a><\/p>\n<p>Informamos que durante o per\u00edodo de greve dos TAE, o cadastro de bolsistas ser\u00e1 realizado pelo N\u00facleo de Gest\u00e3o Or\u00e7ament\u00e1ria do CAL e n\u00e3o pela Secretaria dos Departamentos. Esta tramita\u00e7\u00e3o ser\u00e1 informada via despacho nos processos de bolsa.<\/p>\n<p>\u00a0<\/p>\n\n\n\n<div data-wp-interactive=\"core\/file\" class=\"wp-block-file\"><object data-wp-bind--hidden=\"!state.hasPdfPreview\" hidden class=\"wp-block-file__embed\" data=\"https:\/\/www.ufsm.br\/app\/uploads\/sites\/368\/2025\/03\/Fluxo-de-editais-2.pdf\" type=\"application\/pdf\" style=\"width:100%;height:600px\" aria-label=\"Incorporado de Fluxo de editais.\"><\/object><a id=\"wp-block-file--media-51100cae-34fa-4850-9c42-ecfa5712eba9\" href=\"https:\/\/www.ufsm.br\/app\/uploads\/sites\/368\/2025\/03\/Fluxo-de-editais-2.pdf\">Fluxo de editais<\/a><a href=\"https:\/\/www.ufsm.br\/app\/uploads\/sites\/368\/2025\/03\/Fluxo-de-editais-2.pdf\" class=\"wp-block-file__button wp-element-button\" download aria-describedby=\"wp-block-file--media-51100cae-34fa-4850-9c42-ecfa5712eba9\">Baixar<\/a><\/div>\n\n\n\n\n\n<h3 data-path-to-node=\"2\"><b data-path-to-node=\"2\" data-index-in-node=\"0\">Instru\u00e7\u00f5es para Cadastro de Bolsistas (Novo Fluxo)<\/b><\/h3>\n<p data-path-to-node=\"3\">Para a formaliza\u00e7\u00e3o e o cadastro de bolsistas, o servidor (TAE ou Docente) orientador da bolsa dever\u00e1 proceder com a abertura de um processo eletr\u00f4nico no sistema <b data-path-to-node=\"3\" data-index-in-node=\"163\">PEN<\/b>, observando rigorosamente as seguintes diretrizes:<\/p>\n<p data-path-to-node=\"4\"><b data-path-to-node=\"4\" data-index-in-node=\"0\">Configura\u00e7\u00f5es de Abertura do Processo:<\/b><\/p>\n<ul data-path-to-node=\"5\">\n<li>\n<p data-path-to-node=\"5,0,0\"><b data-path-to-node=\"5,0,0\" data-index-in-node=\"0\">Tipo Documental:<\/b> Conforme a natureza espec\u00edfica da bolsa\u00a0<\/p>\n<\/li>\n<\/ul>\n<p><img fetchpriority=\"high\" decoding=\"async\" class=\"alignnone  wp-image-6245\" src=\"https:\/\/www.ufsm.br\/app\/uploads\/sites\/368\/2026\/03\/tipo-documental-monit-1-300x15.png\" alt=\"\" width=\"1080\" height=\"54\" srcset=\"https:\/\/www.ufsm.br\/app\/uploads\/sites\/368\/2026\/03\/tipo-documental-monit-1-300x15.png 300w, https:\/\/www.ufsm.br\/app\/uploads\/sites\/368\/2026\/03\/tipo-documental-monit-1-1024x51.png 1024w, https:\/\/www.ufsm.br\/app\/uploads\/sites\/368\/2026\/03\/tipo-documental-monit-1-768x38.png 768w, https:\/\/www.ufsm.br\/app\/uploads\/sites\/368\/2026\/03\/tipo-documental-monit-1.png 1149w\" sizes=\"(max-width: 1080px) 100vw, 1080px\" \/>\u00a0 \u00a0 \u00a0 <img loading=\"lazy\" decoding=\"async\" class=\"alignnone  wp-image-6246\" src=\"https:\/\/www.ufsm.br\/app\/uploads\/sites\/368\/2026\/03\/tipo-documental-BAE-2-300x16.png\" alt=\"\" width=\"1069\" height=\"57\" srcset=\"https:\/\/www.ufsm.br\/app\/uploads\/sites\/368\/2026\/03\/tipo-documental-BAE-2-300x16.png 300w, https:\/\/www.ufsm.br\/app\/uploads\/sites\/368\/2026\/03\/tipo-documental-BAE-2-1024x55.png 1024w, https:\/\/www.ufsm.br\/app\/uploads\/sites\/368\/2026\/03\/tipo-documental-BAE-2-768x41.png 768w, https:\/\/www.ufsm.br\/app\/uploads\/sites\/368\/2026\/03\/tipo-documental-BAE-2.png 1136w\" sizes=\"(max-width: 1069px) 100vw, 1069px\" \/><\/p>\n<ul data-path-to-node=\"5\">\n<li>\n<p data-path-to-node=\"5,1,0\"><b data-path-to-node=\"5,1,0\" data-index-in-node=\"0\">Interessado:<\/b> Aluno bolsista e seu Orientador (os dois nomes <strong>devem<\/strong> <strong>OBRIGATORIAMENTE<\/strong> constar no campo de interessados).<\/p>\n<\/li>\n<li>\n<p data-path-to-node=\"5,2,0\"><b data-path-to-node=\"5,2,0\" data-index-in-node=\"0\">Autor e Proced\u00eancia:<\/b> Servidor orientador (Docente ou TAE).<\/p>\n<\/li>\n<\/ul>\n<p data-path-to-node=\"6\"><b data-path-to-node=\"6\" data-index-in-node=\"0\">Documenta\u00e7\u00e3o e Tr\u00e2mite:<\/b> Embora o sistema apresente uma lista autom\u00e1tica de documentos ao abrir o processo, neste momento dever\u00e1 ser inclu\u00eddo <b data-path-to-node=\"6\" data-index-in-node=\"141\">APENAS o Plano de Trabalho\/Atividades do Bolsista e o Comprovante de matr\u00edcula do semestre vigente<\/b>. Este documento j\u00e1 deve ser anexado com a assinatura do orientador e, em seguida, encaminhado ao aluno para que ele assine e devolva \u00e0 subunidade de origem da bolsa (o fluxo do tr\u00e2mite \u00e9 fechado entre essas partes).<\/p>\n<p data-path-to-node=\"7\"><b data-path-to-node=\"7\" data-index-in-node=\"0\">Confer\u00eancia e Finaliza\u00e7\u00e3o:<\/b> Ap\u00f3s a devolu\u00e7\u00e3o pelo aluno, a subunidade confere as assinaturas e encaminha o processo ao <b data-path-to-node=\"7\" data-index-in-node=\"118\">N\u00facleo de Gest\u00e3o Or\u00e7ament\u00e1ria<\/b> para as devidas provid\u00eancias de cadastro.<\/p>\n<p data-path-to-node=\"8\"><b data-path-to-node=\"8\" data-index-in-node=\"0\">Manuten\u00e7\u00e3o e Encerramento:<\/b> A subunidade de origem ficar\u00e1 com a guarda do processo at\u00e9 o t\u00e9rmino da vig\u00eancia da bolsa. Ao final do per\u00edodo, dever\u00e3o ser anexados obrigatoriamente:<\/p>\n<ol start=\"1\" data-path-to-node=\"9\">\n<li>\n<p data-path-to-node=\"9,0,0\">Documentos de frequ\u00eancia;<\/p>\n<\/li>\n<li>\n<p data-path-to-node=\"9,1,0\">Certificado do aluno bolsista;<\/p>\n<\/li>\n<li>\n<p data-path-to-node=\"9,2,0\"><b data-path-to-node=\"9,2,0\" data-index-in-node=\"0\">Relat\u00f3rio de Atividades<\/b> (documento obrigat\u00f3rio, que tamb\u00e9m deve ser enviado por e-mail para <b data-path-to-node=\"9,2,0\" data-index-in-node=\"92\">necocal@ufsm.br<\/b> para fins de presta\u00e7\u00e3o de contas).<\/p>\n<\/li>\n<\/ol>\n<p data-path-to-node=\"10\">Todos os documentos finais devem conter as assinaturas do aluno e do orientador. Ap\u00f3s a inclus\u00e3o destes itens e o encerramento das atividades, o processo poder\u00e1 ser arquivado pela pr\u00f3pria subunidade.<\/p>\n\n\n\n<div data-wp-interactive=\"core\/file\" class=\"wp-block-file\"><object data-wp-bind--hidden=\"!state.hasPdfPreview\" hidden class=\"wp-block-file__embed\" data=\"https:\/\/www.ufsm.br\/app\/uploads\/sites\/368\/2026\/03\/Organization-Map-Brainstorm-Whiteboard-in-Orange-Purple-Modern-Professional-Style-9.pdf\" type=\"application\/pdf\" style=\"width:100%;height:600px\" aria-label=\"Incorporado de Organization Map Brainstorm Whiteboard in Orange Purple Modern Professional Style.\"><\/object><a id=\"wp-block-file--media-206e2401-f236-4170-90b6-7cce6555c994\" href=\"https:\/\/www.ufsm.br\/app\/uploads\/sites\/368\/2026\/03\/Organization-Map-Brainstorm-Whiteboard-in-Orange-Purple-Modern-Professional-Style-9.pdf\">Organization Map Brainstorm Whiteboard in Orange Purple Modern Professional Style<\/a><a href=\"https:\/\/www.ufsm.br\/app\/uploads\/sites\/368\/2026\/03\/Organization-Map-Brainstorm-Whiteboard-in-Orange-Purple-Modern-Professional-Style-9.pdf\" class=\"wp-block-file__button wp-element-button\" download aria-describedby=\"wp-block-file--media-206e2401-f236-4170-90b6-7cce6555c994\">Baixar<\/a><\/div>\n","protected":false},"excerpt":{"rendered":"<p>Links para os modelos de editais: *Aten\u00e7\u00e3o! N\u00e3o editar o link diretamente no drive. Baixar o arquivo antes da edi\u00e7\u00e3o. Link para o edital de bolsa monitoria Link para o edital de bolsa assist\u00eancia ao estudante Links para PLANO DE TRABALHO e RELAT\u00d3RIO DE BOLSA: Link para o Plano de Trabalho \u00a0 Instru\u00e7\u00e3o para abertura [&hellip;]<\/p>\n","protected":false},"author":7764,"featured_media":0,"parent":0,"menu_order":0,"comment_status":"closed","ping_status":"closed","template":"","meta":{"footnotes":""},"categories":[],"tags":[],"class_list":["post-5276","page","type-page","status-publish","hentry"],"acf":[],"_links":{"self":[{"href":"https:\/\/www.ufsm.br\/unidades-universitarias\/cal\/wp-json\/wp\/v2\/pages\/5276","targetHints":{"allow":["GET"]}}],"collection":[{"href":"https:\/\/www.ufsm.br\/unidades-universitarias\/cal\/wp-json\/wp\/v2\/pages"}],"about":[{"href":"https:\/\/www.ufsm.br\/unidades-universitarias\/cal\/wp-json\/wp\/v2\/types\/page"}],"author":[{"embeddable":true,"href":"https:\/\/www.ufsm.br\/unidades-universitarias\/cal\/wp-json\/wp\/v2\/users\/7764"}],"replies":[{"embeddable":true,"href":"https:\/\/www.ufsm.br\/unidades-universitarias\/cal\/wp-json\/wp\/v2\/comments?post=5276"}],"version-history":[{"count":0,"href":"https:\/\/www.ufsm.br\/unidades-universitarias\/cal\/wp-json\/wp\/v2\/pages\/5276\/revisions"}],"wp:attachment":[{"href":"https:\/\/www.ufsm.br\/unidades-universitarias\/cal\/wp-json\/wp\/v2\/media?parent=5276"}],"wp:term":[{"taxonomy":"category","embeddable":true,"href":"https:\/\/www.ufsm.br\/unidades-universitarias\/cal\/wp-json\/wp\/v2\/categories?post=5276"},{"taxonomy":"post_tag","embeddable":true,"href":"https:\/\/www.ufsm.br\/unidades-universitarias\/cal\/wp-json\/wp\/v2\/tags?post=5276"}],"curies":[{"name":"wp","href":"https:\/\/api.w.org\/{rel}","templated":true}]}}