{"id":54,"date":"2018-06-21T10:26:58","date_gmt":"2018-06-21T13:26:58","guid":{"rendered":"https:\/\/www.ufsm.br\/unidades-universitarias\/cal\/?page_id=54"},"modified":"2023-09-11T16:59:24","modified_gmt":"2023-09-11T19:59:24","slug":"identidade-visual","status":"publish","type":"page","link":"https:\/\/www.ufsm.br\/unidades-universitarias\/cal\/identidade-visual","title":{"rendered":"Identidade Visual"},"content":{"rendered":"\t\t<div data-elementor-type=\"wp-page\" data-elementor-id=\"54\" class=\"elementor elementor-54\">\n\t\t\t\t\t\t<section class=\"elementor-section elementor-top-section elementor-element elementor-element-15a7aea4 elementor-section-boxed elementor-section-height-default elementor-section-height-default\" data-id=\"15a7aea4\" data-element_type=\"section\">\n\t\t\t\t\t\t<div class=\"elementor-container elementor-column-gap-default\">\n\t\t\t\t\t<div class=\"elementor-column elementor-col-100 elementor-top-column elementor-element elementor-element-409480f2\" data-id=\"409480f2\" data-element_type=\"column\">\n\t\t\t<div class=\"elementor-widget-wrap elementor-element-populated\">\n\t\t\t\t\t\t<div class=\"elementor-element elementor-element-472a2aa8 elementor-widget elementor-widget-text-editor\" data-id=\"472a2aa8\" data-element_type=\"widget\" data-widget_type=\"text-editor.default\">\n\t\t\t\t<div class=\"elementor-widget-container\">\n\t\t\t\t\t\t\t<p><a href=\"https:\/\/www.ufsm.br\/unidades-universitarias\/cal\/wp-content\/uploads\/sites\/368\/2018\/06\/001.jpg\"><img fetchpriority=\"high\" decoding=\"async\" class=\"alignnone size-full wp-image-50\" src=\"https:\/\/www.ufsm.br\/unidades-universitarias\/cal\/wp-content\/uploads\/sites\/368\/2018\/06\/001.jpg\" alt=\"\" width=\"750\" height=\"266\" srcset=\"https:\/\/www.ufsm.br\/app\/uploads\/sites\/368\/2018\/06\/001.jpg 750w, https:\/\/www.ufsm.br\/app\/uploads\/sites\/368\/2018\/06\/001-300x106.jpg 300w\" sizes=\"(max-width: 750px) 100vw, 750px\" \/><\/a><\/p>\n<p>A nova marca do Centro de Artes e Letras (CAL) \u00e9 composta por s\u00edmbolo e logotipo e trata-se de um redesenho da marca desenvolvida por Joaquin da Fonseca.<\/p>\n<p>No redesenho da marca do CAL foram buscados maior clareza, harmonia, legibilidade, suavidade, dinamismo e modernidade, isso tudo sem fugir do elemento cl\u00e1ssico; outro fator importante que norteou o redesenho foi a necessidade de representar na marca o que o CAL \u00e9 e representa.<\/p>\n<p>Para tanto primeiramente foi retirado o ret\u00e2ngulo que circundava a antiga marca permitindo assim arejamento e soltura ao redesenho.<\/p>\n<p>As propor\u00e7\u00f5es do s\u00edmbolo foram modificadas tornando-o mais harm\u00f4nico e equilibrado. As linhas receberam uma diferencia\u00e7\u00e3o de espessura ao decorrer do desenho, trazendo, assim, um maior dinamismo \u00e0 forma, al\u00e9m de suaviz\u00e1-la.<\/p>\n<p>As mudan\u00e7as nas linhas e propor\u00e7\u00e3o permitiram uma compacta\u00e7\u00e3o na marca, o que anteriormente era feita pelo ret\u00e2ngulo.<\/p>\n<p>A Tipografia utilizada foi a Humanist 521 por ser a <a href=\"http:\/\/site.ufsm.br\/servicos\/identidade-visual\">tipografia padr\u00e3o da Universidade Federal de Santa Maria<\/a>.<\/p>\n<p>A cor escolhida foi um tom de dourado o que remete ao cl\u00e1ssico, \u00e0 antiguidade, realeza, sabedoria, riqueza, ao belo, ou seja, tudo o que o Centro de Artes e Letras representa e \u00e9.<\/p>\n<p>Abaixo pode ser feito o download das vers\u00f5es da marca para uso.<\/p>\n<p>&#8211; <a href=\"https:\/\/www.ufsm.br\/app\/uploads\/sites\/368\/2021\/05\/marcasCAL_PNG.zip\" target=\"_blank\" rel=\"noopener\">vers\u00f5es em bitmap com fundo transparente (PNG)<\/a><\/p>\n<p>&#8211; <a href=\"https:\/\/www.ufsm.br\/app\/uploads\/sites\/368\/2021\/05\/marcasCAL_EPS.zip\" target=\"_blank\" rel=\"noopener\">vers\u00f5es vetoriais &#8211; COREL e Illustrator (EPS)<\/a><\/p>\n<p>&#8211; <a href=\"https:\/\/www.ufsm.br\/app\/uploads\/sites\/368\/2021\/05\/CAL_infos.pdf\" target=\"_blank\" rel=\"noopener\">mini guia com informa\u00e7\u00f5es da marca (pdf)<\/a><\/p>\n<!-- wp:tadv\/classic-paragraph \/-->\t\t\t\t\t\t<\/div>\n\t\t\t\t<\/div>\n\t\t\t\t\t<\/div>\n\t\t<\/div>\n\t\t\t\t\t<\/div>\n\t\t<\/section>\n\t\t\t\t<section class=\"elementor-section elementor-top-section elementor-element elementor-element-aa67abd elementor-section-boxed elementor-section-height-default elementor-section-height-default\" data-id=\"aa67abd\" data-element_type=\"section\">\n\t\t\t\t\t\t<div class=\"elementor-container elementor-column-gap-default\">\n\t\t\t\t\t<div class=\"elementor-column elementor-col-100 elementor-top-column elementor-element elementor-element-44337b1\" data-id=\"44337b1\" data-element_type=\"column\">\n\t\t\t<div class=\"elementor-widget-wrap elementor-element-populated\">\n\t\t\t\t\t\t<div class=\"elementor-element elementor-element-234640d elementor-widget elementor-widget-heading\" data-id=\"234640d\" data-element_type=\"widget\" data-widget_type=\"heading.default\">\n\t\t\t\t<div class=\"elementor-widget-container\">\n\t\t\t<h2 class=\"elementor-heading-title elementor-size-default\">60 Anos do CAL<\/h2>\t\t<\/div>\n\t\t\t\t<\/div>\n\t\t\t\t<div class=\"elementor-element elementor-element-a436278 elementor-widget elementor-widget-text-editor\" data-id=\"a436278\" data-element_type=\"widget\" data-widget_type=\"text-editor.default\">\n\t\t\t\t<div class=\"elementor-widget-container\">\n\t\t\t\t\t\t\t<p><img decoding=\"async\" class=\"alignnone wp-image-3528 size-large\" src=\"https:\/\/www.ufsm.br\/app\/uploads\/sites\/368\/2023\/09\/Sem-titulo-1-1024x359.jpg\" alt=\"\" width=\"1024\" height=\"359\" srcset=\"https:\/\/www.ufsm.br\/app\/uploads\/sites\/368\/2023\/09\/Sem-titulo-1-1024x359.jpg 1024w, https:\/\/www.ufsm.br\/app\/uploads\/sites\/368\/2023\/09\/Sem-titulo-1-300x105.jpg 300w, https:\/\/www.ufsm.br\/app\/uploads\/sites\/368\/2023\/09\/Sem-titulo-1-768x270.jpg 768w, https:\/\/www.ufsm.br\/app\/uploads\/sites\/368\/2023\/09\/Sem-titulo-1-1536x539.jpg 1536w, https:\/\/www.ufsm.br\/app\/uploads\/sites\/368\/2023\/09\/Sem-titulo-1.jpg 1920w\" sizes=\"(max-width: 1024px) 100vw, 1024px\" \/><\/p>\n<p><span class=\"selectable-text copyable-text\">Este ano, comemorando os 60 anos do Centro de Artes e Letras ser\u00e1 adotado a identidade visual comemorativa.<\/span><\/p>\n<p>&#8211; <a href=\"https:\/\/www.ufsm.br\/app\/uploads\/sites\/368\/2023\/09\/CAL60.zip\">Vers\u00e3o em PNG (bitmap com fundo transparente)<\/a><\/p>\n<p>&#8211; <a href=\"https:\/\/www.ufsm.br\/app\/uploads\/sites\/368\/2023\/09\/CAL-60.zip\">Vers\u00e3o em EPS (vetorial)<\/a><\/p>\t\t\t\t\t\t<\/div>\n\t\t\t\t<\/div>\n\t\t\t\t\t<\/div>\n\t\t<\/div>\n\t\t\t\t\t<\/div>\n\t\t<\/section>\n\t\t\t\t<\/div>\n\t\t","protected":false},"excerpt":{"rendered":"<p>A nova marca do Centro de Artes e Letras (CAL) \u00e9 composta por s\u00edmbolo e logotipo e trata-se de um redesenho da marca desenvolvida por Joaquin da Fonseca. No redesenho da marca do CAL foram buscados maior clareza, harmonia, legibilidade, suavidade, dinamismo e modernidade, isso tudo sem fugir do elemento cl\u00e1ssico; outro fator importante que [&hellip;]<\/p>\n","protected":false},"author":35,"featured_media":0,"parent":0,"menu_order":0,"comment_status":"closed","ping_status":"closed","template":"","meta":{"footnotes":""},"categories":[],"tags":[],"class_list":["post-54","page","type-page","status-publish","hentry"],"acf":[],"_links":{"self":[{"href":"https:\/\/www.ufsm.br\/unidades-universitarias\/cal\/wp-json\/wp\/v2\/pages\/54","targetHints":{"allow":["GET"]}}],"collection":[{"href":"https:\/\/www.ufsm.br\/unidades-universitarias\/cal\/wp-json\/wp\/v2\/pages"}],"about":[{"href":"https:\/\/www.ufsm.br\/unidades-universitarias\/cal\/wp-json\/wp\/v2\/types\/page"}],"author":[{"embeddable":true,"href":"https:\/\/www.ufsm.br\/unidades-universitarias\/cal\/wp-json\/wp\/v2\/users\/35"}],"replies":[{"embeddable":true,"href":"https:\/\/www.ufsm.br\/unidades-universitarias\/cal\/wp-json\/wp\/v2\/comments?post=54"}],"version-history":[{"count":0,"href":"https:\/\/www.ufsm.br\/unidades-universitarias\/cal\/wp-json\/wp\/v2\/pages\/54\/revisions"}],"wp:attachment":[{"href":"https:\/\/www.ufsm.br\/unidades-universitarias\/cal\/wp-json\/wp\/v2\/media?parent=54"}],"wp:term":[{"taxonomy":"category","embeddable":true,"href":"https:\/\/www.ufsm.br\/unidades-universitarias\/cal\/wp-json\/wp\/v2\/categories?post=54"},{"taxonomy":"post_tag","embeddable":true,"href":"https:\/\/www.ufsm.br\/unidades-universitarias\/cal\/wp-json\/wp\/v2\/tags?post=54"}],"curies":[{"name":"wp","href":"https:\/\/api.w.org\/{rel}","templated":true}]}}