{"id":59,"date":"2018-06-21T10:54:24","date_gmt":"2018-06-21T13:54:24","guid":{"rendered":"https:\/\/www.ufsm.br\/unidades-universitarias\/cal\/?page_id=59"},"modified":"2023-08-24T15:42:56","modified_gmt":"2023-08-24T18:42:56","slug":"transparencia-publica","status":"publish","type":"page","link":"https:\/\/www.ufsm.br\/unidades-universitarias\/cal\/transparencia-publica","title":{"rendered":"Transpar\u00eancia P\u00fablica"},"content":{"rendered":"<div dir=\"ltr\">Acompanhe a execu\u00e7\u00e3o or\u00e7ament\u00e1ria do Centro de Artes e Letras para o exerc\u00edcio financeiro &#8211;\u00a0 2023.<\/div>\n<div dir=\"ltr\"><\/div>\n<hr \/>\n<p><iframe src=\"https:\/\/app.powerbi.com\/view?r=eyJrIjoiMGQxMTU3ZTAtZDlhZS00NjUzLTg3YmEtZWJkNWNlYmUyOGVkIiwidCI6Ijk3OTAyMGQ1LTQ5NTAtNGY0My1hOTk0LTg4ZDY4M2VhYjQ3MyJ9\" width=\"1200\" height=\"743\" frameborder=\"0\" allowfullscreen=\"allowfullscreen\"><\/iframe><\/p>\n<p><code><\/code><\/p>\n","protected":false},"excerpt":{"rendered":"<p>Acompanhe a execu\u00e7\u00e3o or\u00e7ament\u00e1ria do Centro de Artes e Letras para o exerc\u00edcio financeiro &#8211;\u00a0 2023.<\/p>\n","protected":false},"author":35,"featured_media":0,"parent":0,"menu_order":0,"comment_status":"closed","ping_status":"closed","template":"","meta":{"footnotes":""},"categories":[],"tags":[],"class_list":["post-59","page","type-page","status-publish","hentry"],"acf":[],"_links":{"self":[{"href":"https:\/\/www.ufsm.br\/unidades-universitarias\/cal\/wp-json\/wp\/v2\/pages\/59","targetHints":{"allow":["GET"]}}],"collection":[{"href":"https:\/\/www.ufsm.br\/unidades-universitarias\/cal\/wp-json\/wp\/v2\/pages"}],"about":[{"href":"https:\/\/www.ufsm.br\/unidades-universitarias\/cal\/wp-json\/wp\/v2\/types\/page"}],"author":[{"embeddable":true,"href":"https:\/\/www.ufsm.br\/unidades-universitarias\/cal\/wp-json\/wp\/v2\/users\/35"}],"replies":[{"embeddable":true,"href":"https:\/\/www.ufsm.br\/unidades-universitarias\/cal\/wp-json\/wp\/v2\/comments?post=59"}],"version-history":[{"count":0,"href":"https:\/\/www.ufsm.br\/unidades-universitarias\/cal\/wp-json\/wp\/v2\/pages\/59\/revisions"}],"wp:attachment":[{"href":"https:\/\/www.ufsm.br\/unidades-universitarias\/cal\/wp-json\/wp\/v2\/media?parent=59"}],"wp:term":[{"taxonomy":"category","embeddable":true,"href":"https:\/\/www.ufsm.br\/unidades-universitarias\/cal\/wp-json\/wp\/v2\/categories?post=59"},{"taxonomy":"post_tag","embeddable":true,"href":"https:\/\/www.ufsm.br\/unidades-universitarias\/cal\/wp-json\/wp\/v2\/tags?post=59"}],"curies":[{"name":"wp","href":"https:\/\/api.w.org\/{rel}","templated":true}]}}